{"id":1356,"date":"2026-02-02T13:17:06","date_gmt":"2026-02-02T16:17:06","guid":{"rendered":"https:\/\/www.medcoll.com.br\/?post_type=product&#038;p=1356"},"modified":"2026-02-02T13:26:23","modified_gmt":"2026-02-02T16:26:23","slug":"andador-de-aluminio-fixo-movel-e-articulado-3-em-1-d10-dellamed","status":"publish","type":"product","link":"https:\/\/www.medcoll.com.br\/en\/product\/andador-de-aluminio-fixo-movel-e-articulado-3-em-1-d10-dellamed\/","title":{"rendered":"Andador de Alum\u00ednio Fixo M\u00f3vel e Articulado 3 em 1 D10 Dellamed"},"content":{"rendered":"<div id=\"ProdAbas\" class=\"abasProduto\">\n<p><strong style=\"font-size: 2em;\">Vers\u00e1til, leve e confort\u00e1vel<\/strong><\/p>\n<\/div>\n<div id=\"descricao\" class=\"prodBox product__description\">\n<div class=\"product__board\">\n<p>&nbsp;<\/p>\n<p>O Andador\u00a0D10 Dellamed\u00a0foi especialmente projetado para oferecer suporte a adultos e\u00a0idosos com dificuldades de locomo\u00e7\u00e3o. Este modelo vers\u00e1til permite ao usu\u00e1rio escolher entre uma marcha fixa, m\u00f3vel ou articulada, proporcionando maior liberdade de movimento.<\/p>\n<p>Compacto e dobr\u00e1vel, \u00e9 f\u00e1cil de armazenar e transportar, sendo tamb\u00e9m ajust\u00e1vel em at\u00e9 8 n\u00edveis de altura, garantindo uma postura ergon\u00f4mica adequada. Com estrutura refor\u00e7ada e leve, suporta at\u00e9 150 Kg de forma firme e resistente. Seus apoios de m\u00e3os ortop\u00e9dicos s\u00e3o emborrachados para maior conforto e seguran\u00e7a, enquanto as ponteiras de borracha asseguram uma ader\u00eancia s\u00f3lida ao solo, promovendo uma caminhada est\u00e1vel e silenciosa.<\/p>\n<p>&nbsp;<\/p>\n<p>&nbsp;<\/p>\n<h3><strong>Diferenciais<\/strong><\/h3>\n<p>&nbsp;<\/p>\n<ul>\n<li>Suporta at\u00e9 150kg;<\/li>\n<li>F\u00e1cil de manusear devido ao baixo peso: pesa menos de 2,6kg;<\/li>\n<li>Estrutura em liga de alum\u00ednio antiferrugem;<\/li>\n<li>Oito n\u00edveis de regulagem de altura;<\/li>\n<li>Marcha com baixo ru\u00eddo;<\/li>\n<li>Regulagem de altura f\u00e1cil e r\u00e1pida, sem precisar desmontar.<\/li>\n<\/ul>\n<h3><strong>Caracter\u00edsticas<\/strong><\/h3>\n<p>&nbsp;<\/p>\n<ul>\n<li>3 em 1: Andador fixo, articulado e m\u00f3vel;<\/li>\n<li>Dobr\u00e1vel, f\u00e1cil de guardar e transportar;<\/li>\n<li>F\u00e1cil manuseio: sistema pino-click\u00a0com engate r\u00e1pido para abrir e fechar;<\/li>\n<li>8 n\u00edveis de regulagem de altura;<\/li>\n<li>Apoio de m\u00e3o emborrachado, macio e anat\u00f4mico, de f\u00e1cil limpeza ou substitui\u00e7\u00e3o;<\/li>\n<li>Pode ser usado com par de rodas, acess\u00f3rio opcional (comprado separadamente), que auxiliam na locomo\u00e7\u00e3o;<\/li>\n<li>Silencioso e seguro: p\u00e9s de borracha que auxiliam na ader\u00eancia ao solo;<\/li>\n<li>Duas barras de a\u00e7o carbono para maior resist\u00eancia com dispositivo antiesmagamento;<\/li>\n<li>Marcha perfeita: sistema articulado;<\/li>\n<li>Ponteira emborrachada com anel de a\u00e7o interno (28 mm) para melhor ader\u00eancia.<\/li>\n<\/ul>\n<p>&nbsp;<\/p>\n<p>&nbsp;<\/p>\n<h3><strong>Especifica\u00e7\u00f5es T\u00e9cnicas<\/strong>:<\/h3>\n<p>&nbsp;<\/p>\n<ul>\n<li>Medidas do andador montado:<\/li>\n<li>&#8211; Altura: 75cm na regulagem m\u00ednima e 93cm na regulagem m\u00e1xima;<\/li>\n<li>&#8211; Largura: 54cm;<\/li>\n<li>&#8211; Comprimento: 47cm;<\/li>\n<li>Medidas do andador dobrado: 78cm x 54cm x 10cm;<\/li>\n<li>Peso: 2,5kg;<\/li>\n<li>Capacidade: 150kg;<\/li>\n<li>Registro Anvisa:\u00a080795950046;<\/li>\n<li>Medidas embalado (C x L x A): 55 x 11 x 79cm;<\/li>\n<li>Peso bruto embalado: 2,6kg.<\/li>\n<li>Cor: Fosco Anodizado.<\/li>\n<\/ul>\n<p>&nbsp;<\/p>\n<p>&nbsp;<\/p>\n<h3><strong>Conte\u00fado da Embalagem<\/strong><\/h3>\n<p>&nbsp;<\/p>\n<ul>\n<li>1 andador D10;<\/li>\n<li>4 ponteiras;<\/li>\n<li>Manual de instru\u00e7\u00f5es.<\/li>\n<\/ul>\n<p>&nbsp;<\/p>\n<p>&nbsp;<\/p>\n<h3><strong>Garantia<\/strong><\/h3>\n<ul>\n<li>6 meses (incluso os 3 meses de garantia legal).<\/li>\n<\/ul>\n<\/div>\n<\/div>","protected":false},"excerpt":{"rendered":"<div id=\"ProdAbas\" class=\"abasProduto\"><\/div>\n<div id=\"descricao\" class=\"prodBox product__description\">\n<div class=\"product__board\">\n<p>O Andador\u00a0D10 Dellamed\u00a0foi especialmente projetado para oferecer suporte a adultos e\u00a0idosos com dificuldades de locomo\u00e7\u00e3o. Este modelo vers\u00e1til permite ao usu\u00e1rio escolher entre uma marcha fixa, m\u00f3vel ou articulada, proporcionando maior liberdade de movimento.<\/p>\n<p>&nbsp;<\/p>\n<\/div>\n<\/div>","protected":false},"featured_media":1358,"comment_status":"open","ping_status":"closed","template":"","meta":{"site-sidebar-layout":"default","site-content-layout":"","ast-site-content-layout":"default","site-content-style":"default","site-sidebar-style":"default","ast-global-header-display":"","ast-banner-title-visibility":"","ast-main-header-display":"","ast-hfb-above-header-display":"","ast-hfb-below-header-display":"","ast-hfb-mobile-header-display":"","site-post-title":"","ast-breadcrumbs-content":"","ast-featured-img":"","footer-sml-layout":"","ast-disable-related-posts":"","theme-transparent-header-meta":"default","adv-header-id-meta":"","stick-header-meta":"","header-above-stick-meta":"","header-main-stick-meta":"","header-below-stick-meta":"","astra-migrate-meta-layouts":"set","ast-page-background-enabled":"default","ast-page-background-meta":{"desktop":{"background-color":"var(--ast-global-color-4)","background-image":"","background-repeat":"repeat","background-position":"center center","background-size":"auto","background-attachment":"scroll","background-type":"","background-media":"","overlay-type":"","overlay-color":"","overlay-opacity":"","overlay-gradient":""},"tablet":{"background-color":"","background-image":"","background-repeat":"repeat","background-position":"center center","background-size":"auto","background-attachment":"scroll","background-type":"","background-media":"","overlay-type":"","overlay-color":"","overlay-opacity":"","overlay-gradient":""},"mobile":{"background-color":"","background-image":"","background-repeat":"repeat","background-position":"center center","background-size":"auto","background-attachment":"scroll","background-type":"","background-media":"","overlay-type":"","overlay-color":"","overlay-opacity":"","overlay-gradient":""}},"ast-content-background-meta":{"desktop":{"background-color":"var(--ast-global-color-5)","background-image":"","background-repeat":"repeat","background-position":"center center","background-size":"auto","background-attachment":"scroll","background-type":"","background-media":"","overlay-type":"","overlay-color":"","overlay-opacity":"","overlay-gradient":""},"tablet":{"background-color":"var(--ast-global-color-5)","background-image":"","background-repeat":"repeat","background-position":"center center","background-size":"auto","background-attachment":"scroll","background-type":"","background-media":"","overlay-type":"","overlay-color":"","overlay-opacity":"","overlay-gradient":""},"mobile":{"background-color":"var(--ast-global-color-5)","background-image":"","background-repeat":"repeat","background-position":"center center","background-size":"auto","background-attachment":"scroll","background-type":"","background-media":"","overlay-type":"","overlay-color":"","overlay-opacity":"","overlay-gradient":""}}},"product_brand":[],"product_cat":[140,159,138],"product_tag":[],"class_list":{"0":"post-1356","1":"product","2":"type-product","3":"status-publish","4":"has-post-thumbnail","6":"product_cat-andadores","7":"product_cat-destaques","8":"product_cat-mobilidade","9":"desktop-align-left","10":"tablet-align-left","11":"mobile-align-left","13":"first","14":"instock","15":"taxable","16":"shipping-taxable","17":"purchasable","18":"product-type-simple"},"_links":{"self":[{"href":"https:\/\/www.medcoll.com.br\/en\/wp-json\/wp\/v2\/product\/1356","targetHints":{"allow":["GET"]}}],"collection":[{"href":"https:\/\/www.medcoll.com.br\/en\/wp-json\/wp\/v2\/product"}],"about":[{"href":"https:\/\/www.medcoll.com.br\/en\/wp-json\/wp\/v2\/types\/product"}],"replies":[{"embeddable":true,"href":"https:\/\/www.medcoll.com.br\/en\/wp-json\/wp\/v2\/comments?post=1356"}],"version-history":[{"count":2,"href":"https:\/\/www.medcoll.com.br\/en\/wp-json\/wp\/v2\/product\/1356\/revisions"}],"predecessor-version":[{"id":1363,"href":"https:\/\/www.medcoll.com.br\/en\/wp-json\/wp\/v2\/product\/1356\/revisions\/1363"}],"wp:featuredmedia":[{"embeddable":true,"href":"https:\/\/www.medcoll.com.br\/en\/wp-json\/wp\/v2\/media\/1358"}],"wp:attachment":[{"href":"https:\/\/www.medcoll.com.br\/en\/wp-json\/wp\/v2\/media?parent=1356"}],"wp:term":[{"taxonomy":"product_brand","embeddable":true,"href":"https:\/\/www.medcoll.com.br\/en\/wp-json\/wp\/v2\/product_brand?post=1356"},{"taxonomy":"product_cat","embeddable":true,"href":"https:\/\/www.medcoll.com.br\/en\/wp-json\/wp\/v2\/product_cat?post=1356"},{"taxonomy":"product_tag","embeddable":true,"href":"https:\/\/www.medcoll.com.br\/en\/wp-json\/wp\/v2\/product_tag?post=1356"}],"curies":[{"name":"wp","href":"https:\/\/api.w.org\/{rel}","templated":true}]}}