{"id":1364,"date":"2026-02-02T14:02:42","date_gmt":"2026-02-02T17:02:42","guid":{"rendered":"https:\/\/www.medcoll.com.br\/?post_type=product&#038;p=1364"},"modified":"2026-02-02T14:02:42","modified_gmt":"2026-02-02T17:02:42","slug":"andador-de-aluminio-compacto-4-rodas-ate-135-kg-d14-dellamed","status":"publish","type":"product","link":"https:\/\/www.medcoll.com.br\/en\/product\/andador-de-aluminio-compacto-4-rodas-ate-135-kg-d14-dellamed\/","title":{"rendered":"Andador de Alum\u00ednio Compacto 4 Rodas at\u00e9 135 Kg D14 Dellamed"},"content":{"rendered":"<h2><strong>Leve, resistente e compacto<\/strong><\/h2>\n<p>&nbsp;<\/p>\n<p>O\u00a0Andador de Alum\u00ednio Compacto 4 Rodas D14 Dellamed\u00a0\u00e9 a op\u00e7\u00e3o\u00a0ideal para adultos e idosos\u00a0que necessitam de aux\u00edlio na\u00a0mobilidade. Este modelo de andador \u00e9 extremamente leve, resistente e dobr\u00e1vel, facilitando o transporte.<\/p>\n<p>O D14 \u00e9 um andador ortop\u00e9dico refor\u00e7ado que suporta at\u00e9\u00a0135 Kg\u00a0e possui\u00a08 n\u00edveis de regulagem de altura. Al\u00e9m disso, \u00e9\u00a0ergon\u00f4mico, firme e confort\u00e1vel. Suas\u00a0rodas s\u00e3o silenciosas e possuem freios individuais, tornando o produto mais pr\u00e1tico e seguro para o uso.<\/p>\n<p>&nbsp;<\/p>\n<p>&nbsp;<\/p>\n<h3><strong>Diferenciais:<\/strong><\/h3>\n<p>&nbsp;<\/p>\n<ul>\n<li>Suporta at\u00e9 135kg;<\/li>\n<li>F\u00e1cil de transportar: cabe em qualquer porta-malas;<\/li>\n<li>Estrutura em liga de alum\u00ednio antiferrugem;<\/li>\n<li>Design mais arrojado da categoria;<\/li>\n<li>Pode ser utilizado como cadeira de descanso durante o percurso do usu\u00e1rio;<\/li>\n<li>Rodas de PVC que reduzem o ru\u00eddo durante o uso;<\/li>\n<li>Assento e encosto acolchoado.<\/li>\n<\/ul>\n<p>&nbsp;<\/p>\n<p>&nbsp;<\/p>\n<h3><strong>Caracter\u00edsticas:<\/strong><\/h3>\n<p>&nbsp;<\/p>\n<ul>\n<li>Auxilia em altera\u00e7\u00f5es de equil\u00edbrio e de locomo\u00e7\u00e3o, oferecendo apoio e suporte ao usu\u00e1rio;<\/li>\n<li>Dobr\u00e1vel, desmont\u00e1vel e f\u00e1cil de montar;<\/li>\n<li>Possui suporte de bengala ou guarda-chuva;<\/li>\n<li>Altura ajust\u00e1vel em 7 n\u00edveis com pino click;<\/li>\n<li>Bolsa porta-objetos com capacidade de at\u00e9 5 kg;<\/li>\n<li>Freios individuais nas rodas traseiras;<\/li>\n<li>Seguran\u00e7a: com faixa reflexiva, olho de gato e freios de servi\u00e7o e de estacionamento;<\/li>\n<li>Mais conforto: assento acolchoado e manoplas ergon\u00f4micas;<\/li>\n<li>Rodas silenciosas que aumentam o conforto no andar.<\/li>\n<\/ul>\n<p>&nbsp;<\/p>\n<p>&nbsp;<\/p>\n<h3><strong>Especifica\u00e7\u00f5es t\u00e9cnicas:<\/strong><\/h3>\n<p>&nbsp;<\/p>\n<ul>\n<li>Estrutura em alum\u00ednio, n\u00e3o enferruja;<\/li>\n<li>4 rodas de 8&#8243; em PVC;<\/li>\n<li>Dimens\u00f5es do produto aberto: Largura: 67 cm | Comprimento: 66 cm | Altura (m\u00edn. e m\u00e1x.): 78 a 95,5 cm;<\/li>\n<li>Dimens\u00f5es do produto dobrado: Largura: 27 cm | Comprimento: 60 cm | Altura: 36 cm;<\/li>\n<li>Assento: Nylon, com dimens\u00f5es de 46 cm de largura x 25 cm de comprimento;<\/li>\n<li>Peso do produto: 8,100\u00a0Kg;<\/li>\n<li>Peso que a bolsa suporta: 5 Kg;<\/li>\n<li>Certifica\u00e7\u00e3o Anvisa: 80795950034;<\/li>\n<li>Medidas embalado (C x L x A): 64 x 27 x 35 cm;<\/li>\n<li>Peso bruto embalado: 8,8 kg.<\/li>\n<\/ul>\n<p>&nbsp;<\/p>\n<p>&nbsp;<\/p>\n<h3><strong>Conte\u00fado da Embalagem:<\/strong><\/h3>\n<p>&nbsp;<\/p>\n<ul dir=\"ltr\">\n<li>1 Andador D14;<\/li>\n<li>1 Manual de instru\u00e7\u00f5es.<\/li>\n<\/ul>\n<p>&nbsp;<\/p>\n<p>&nbsp;<\/p>\n<h3><strong>Garantia:<\/strong><\/h3>\n<p>&nbsp;<\/p>\n<ul>\n<li>12 meses\u00a0(incluso os\u00a03 meses de garantia legal).<\/li>\n<\/ul>","protected":false},"excerpt":{"rendered":"<p>O Andador de Alum\u00ednio Compacto 4 Rodas D14 Dellamed \u00e9 a op\u00e7\u00e3o ideal para adultos e idosos que necessitam de aux\u00edlio na mobilidade. Este modelo de andador \u00e9 extremamente leve, resistente e dobr\u00e1vel, facilitando o transporte.<\/p>","protected":false},"featured_media":1365,"comment_status":"open","ping_status":"closed","template":"","meta":{"site-sidebar-layout":"default","site-content-layout":"","ast-site-content-layout":"default","site-content-style":"default","site-sidebar-style":"default","ast-global-header-display":"","ast-banner-title-visibility":"","ast-main-header-display":"","ast-hfb-above-header-display":"","ast-hfb-below-header-display":"","ast-hfb-mobile-header-display":"","site-post-title":"","ast-breadcrumbs-content":"","ast-featured-img":"","footer-sml-layout":"","ast-disable-related-posts":"","theme-transparent-header-meta":"default","adv-header-id-meta":"","stick-header-meta":"","header-above-stick-meta":"","header-main-stick-meta":"","header-below-stick-meta":"","astra-migrate-meta-layouts":"set","ast-page-background-enabled":"default","ast-page-background-meta":{"desktop":{"background-color":"var(--ast-global-color-4)","background-image":"","background-repeat":"repeat","background-position":"center center","background-size":"auto","background-attachment":"scroll","background-type":"","background-media":"","overlay-type":"","overlay-color":"","overlay-opacity":"","overlay-gradient":""},"tablet":{"background-color":"","background-image":"","background-repeat":"repeat","background-position":"center center","background-size":"auto","background-attachment":"scroll","background-type":"","background-media":"","overlay-type":"","overlay-color":"","overlay-opacity":"","overlay-gradient":""},"mobile":{"background-color":"","background-image":"","background-repeat":"repeat","background-position":"center center","background-size":"auto","background-attachment":"scroll","background-type":"","background-media":"","overlay-type":"","overlay-color":"","overlay-opacity":"","overlay-gradient":""}},"ast-content-background-meta":{"desktop":{"background-color":"var(--ast-global-color-5)","background-image":"","background-repeat":"repeat","background-position":"center center","background-size":"auto","background-attachment":"scroll","background-type":"","background-media":"","overlay-type":"","overlay-color":"","overlay-opacity":"","overlay-gradient":""},"tablet":{"background-color":"var(--ast-global-color-5)","background-image":"","background-repeat":"repeat","background-position":"center center","background-size":"auto","background-attachment":"scroll","background-type":"","background-media":"","overlay-type":"","overlay-color":"","overlay-opacity":"","overlay-gradient":""},"mobile":{"background-color":"var(--ast-global-color-5)","background-image":"","background-repeat":"repeat","background-position":"center center","background-size":"auto","background-attachment":"scroll","background-type":"","background-media":"","overlay-type":"","overlay-color":"","overlay-opacity":"","overlay-gradient":""}}},"product_brand":[],"product_cat":[140,159,138],"product_tag":[],"class_list":{"0":"post-1364","1":"product","2":"type-product","3":"status-publish","4":"has-post-thumbnail","6":"product_cat-andadores","7":"product_cat-destaques","8":"product_cat-mobilidade","9":"desktop-align-left","10":"tablet-align-left","11":"mobile-align-left","13":"first","14":"instock","15":"taxable","16":"shipping-taxable","17":"product-type-simple"},"_links":{"self":[{"href":"https:\/\/www.medcoll.com.br\/en\/wp-json\/wp\/v2\/product\/1364","targetHints":{"allow":["GET"]}}],"collection":[{"href":"https:\/\/www.medcoll.com.br\/en\/wp-json\/wp\/v2\/product"}],"about":[{"href":"https:\/\/www.medcoll.com.br\/en\/wp-json\/wp\/v2\/types\/product"}],"replies":[{"embeddable":true,"href":"https:\/\/www.medcoll.com.br\/en\/wp-json\/wp\/v2\/comments?post=1364"}],"version-history":[{"count":1,"href":"https:\/\/www.medcoll.com.br\/en\/wp-json\/wp\/v2\/product\/1364\/revisions"}],"predecessor-version":[{"id":1374,"href":"https:\/\/www.medcoll.com.br\/en\/wp-json\/wp\/v2\/product\/1364\/revisions\/1374"}],"wp:featuredmedia":[{"embeddable":true,"href":"https:\/\/www.medcoll.com.br\/en\/wp-json\/wp\/v2\/media\/1365"}],"wp:attachment":[{"href":"https:\/\/www.medcoll.com.br\/en\/wp-json\/wp\/v2\/media?parent=1364"}],"wp:term":[{"taxonomy":"product_brand","embeddable":true,"href":"https:\/\/www.medcoll.com.br\/en\/wp-json\/wp\/v2\/product_brand?post=1364"},{"taxonomy":"product_cat","embeddable":true,"href":"https:\/\/www.medcoll.com.br\/en\/wp-json\/wp\/v2\/product_cat?post=1364"},{"taxonomy":"product_tag","embeddable":true,"href":"https:\/\/www.medcoll.com.br\/en\/wp-json\/wp\/v2\/product_tag?post=1364"}],"curies":[{"name":"wp","href":"https:\/\/api.w.org\/{rel}","templated":true}]}}