{"id":1375,"date":"2026-02-02T14:15:11","date_gmt":"2026-02-02T17:15:11","guid":{"rendered":"https:\/\/www.medcoll.com.br\/?post_type=product&#038;p=1375"},"modified":"2026-02-02T18:56:59","modified_gmt":"2026-02-02T21:56:59","slug":"cadeira-de-banho-higienica-dobravel-ate-100-kg-d30-dellamed","status":"publish","type":"product","link":"https:\/\/www.medcoll.com.br\/en\/product\/cadeira-de-banho-higienica-dobravel-ate-100-kg-d30-dellamed\/","title":{"rendered":"Cadeira de Banho Higi\u00eanica Dobr\u00e1vel at\u00e9 100 Kg D30 Dellamed"},"content":{"rendered":"<p><strong>Vers\u00e1til, segura e confort\u00e1vel<\/strong><\/p>\n<p>&nbsp;<\/p>\n<p>A Cadeira de Banho\u00a0D30 Dellamed \u00e9 uma solu\u00e7\u00e3o inovadora, especialmente projetada para atender \u00e0s necessidades de\u00a0pessoas com mobilidade reduzida, como\u00a0idosos e cadeirantes. Sua versatilidade 2 em 1 oferece tanto a funcionalidade de cadeira de banho para uso no chuveiro,\u00a0quanto de cadeira sanit\u00e1ria sobre o vaso, proporcionando praticidade e conforto em um \u00fanico produto.<\/p>\n<p>Equipada com 2 rod\u00edzios\u00a0blindados\u00a0com trava dupla, a D30 possibilita mobilidade total em espa\u00e7os reduzidos, facilitando a locomo\u00e7\u00e3o do usu\u00e1rio.\u00a0Sua estrutura refor\u00e7ada e desmont\u00e1vel, aliada ao encosto em corino de alta resist\u00eancia, garantem durabilidade e seguran\u00e7a durante o uso.\u00a0Al\u00e9m disso, sua f\u00e1cil montagem e pintura ep\u00f3xi de alta resist\u00eancia asseguram uma cadeira geri\u00e1trica de de excelente custo-benef\u00edcio.<\/p>\n<p>&nbsp;<\/p>\n<p>&nbsp;<\/p>\n<h3><strong>Diferenciais<\/strong><\/h3>\n<p>&nbsp;<\/p>\n<ul>\n<li>Suporta at\u00e9 100kg;<\/li>\n<li>Dois em um: banho e sobrevaso;<\/li>\n<li>Estrutura em a\u00e7o carbono, oferecendo maior robustez e durabilidade;<\/li>\n<li>Rod\u00edzios 360\u00ba permitem mobilidade total em ambientes com espa\u00e7o reduzido;<\/li>\n<li>Largura do assento de 38cm;<\/li>\n<li>Estrutura inferior soldada para maior resist\u00eancia e estabilidade;<\/li>\n<li>Melhor custo-benef\u00edcio.<\/li>\n<\/ul>\n<p>&nbsp;<\/p>\n<p>&nbsp;<\/p>\n<h3><strong>Caracter\u00edsticas<\/strong><\/h3>\n<p>&nbsp;<\/p>\n<ul>\n<li><span style=\"font-family: arial, helvetica, sans-serif;\">F\u00e1cil montagem;<\/span><\/li>\n<li><span style=\"font-family: arial, helvetica, sans-serif;\">Dobr\u00e1vel e desmont\u00e1vel;<\/span><\/li>\n<li><span style=\"font-family: arial, helvetica, sans-serif;\">Apoios ergon\u00f4micos para os bra\u00e7os;<\/span><\/li>\n<li><span style=\"font-family: arial, helvetica, sans-serif;\">Pintura ep\u00f3xi de alta resist\u00eancia;<\/span><\/li>\n<li><span style=\"font-family: arial, helvetica, sans-serif;\">Possui suporte para comadre.<\/span><\/li>\n<\/ul>\n<p>&nbsp;<\/p>\n<p>&nbsp;<\/p>\n<h3><strong>Especifica\u00e7\u00f5es T\u00e9cnicas<\/strong>:<\/h3>\n<p>&nbsp;<\/p>\n<ul>\n<li>Medidas: 90,5 x 51\u00a0x 65cm (altura x largura x comprimento);<\/li>\n<li>Altura do assento: 51cm;<\/li>\n<li>Profundidade x largura do assento: 40 x 38cm<\/li>\n<li>Peso: 5,6kg.<\/li>\n<li>Capacidade: 100kg;<\/li>\n<li>Registro Anvisa:\u00a080795950045;<\/li>\n<li>Medidas embalado (C x L x A):\u00a052 X 18 X 41 cm;<\/li>\n<li>Peso bruto embalado:\u00a06 kg.<\/li>\n<li>Medidas da Caixa Unit\u00e1ria (C x L x A): 51 x 17 x 42,5 cm.<\/li>\n<\/ul>\n<p>&nbsp;<\/p>\n<p>&nbsp;<\/p>\n<h3><strong>Conte\u00fado da Embalagem<\/strong><\/h3>\n<p>&nbsp;<\/p>\n<ul>\n<li>1 cadeira de banho D30;<\/li>\n<li>Manual de instru\u00e7\u00f5es.<\/li>\n<\/ul>\n<p>&nbsp;<\/p>\n<p>&nbsp;<\/p>\n<h3><strong>Garantia<\/strong><\/h3>\n<ul>\n<li>6 meses para a estrutura e 3 meses de garantia legal para os demais componentes.<\/li>\n<\/ul>","protected":false},"excerpt":{"rendered":"<p>Cadeira de Banho\u00a0D30 Dellamed \u00e9 uma solu\u00e7\u00e3o inovadora, especialmente projetada para atender \u00e0s necessidades de\u00a0pessoas com mobilidade reduzida, como\u00a0idosos e cadeirantes. Sua versatilidade 2 em 1 oferece tanto a funcionalidade de cadeira de banho para uso no chuveiro,\u00a0quanto de cadeira sanit\u00e1ria sobre o vaso, proporcionando praticidade e conforto em um \u00fanico produto.<\/p>","protected":false},"featured_media":1376,"comment_status":"open","ping_status":"closed","template":"","meta":{"site-sidebar-layout":"default","site-content-layout":"","ast-site-content-layout":"default","site-content-style":"default","site-sidebar-style":"default","ast-global-header-display":"","ast-banner-title-visibility":"","ast-main-header-display":"","ast-hfb-above-header-display":"","ast-hfb-below-header-display":"","ast-hfb-mobile-header-display":"","site-post-title":"","ast-breadcrumbs-content":"","ast-featured-img":"","footer-sml-layout":"","ast-disable-related-posts":"","theme-transparent-header-meta":"default","adv-header-id-meta":"","stick-header-meta":"","header-above-stick-meta":"","header-main-stick-meta":"","header-below-stick-meta":"","astra-migrate-meta-layouts":"set","ast-page-background-enabled":"default","ast-page-background-meta":{"desktop":{"background-color":"var(--ast-global-color-4)","background-image":"","background-repeat":"repeat","background-position":"center center","background-size":"auto","background-attachment":"scroll","background-type":"","background-media":"","overlay-type":"","overlay-color":"","overlay-opacity":"","overlay-gradient":""},"tablet":{"background-color":"","background-image":"","background-repeat":"repeat","background-position":"center center","background-size":"auto","background-attachment":"scroll","background-type":"","background-media":"","overlay-type":"","overlay-color":"","overlay-opacity":"","overlay-gradient":""},"mobile":{"background-color":"","background-image":"","background-repeat":"repeat","background-position":"center center","background-size":"auto","background-attachment":"scroll","background-type":"","background-media":"","overlay-type":"","overlay-color":"","overlay-opacity":"","overlay-gradient":""}},"ast-content-background-meta":{"desktop":{"background-color":"var(--ast-global-color-5)","background-image":"","background-repeat":"repeat","background-position":"center center","background-size":"auto","background-attachment":"scroll","background-type":"","background-media":"","overlay-type":"","overlay-color":"","overlay-opacity":"","overlay-gradient":""},"tablet":{"background-color":"var(--ast-global-color-5)","background-image":"","background-repeat":"repeat","background-position":"center center","background-size":"auto","background-attachment":"scroll","background-type":"","background-media":"","overlay-type":"","overlay-color":"","overlay-opacity":"","overlay-gradient":""},"mobile":{"background-color":"var(--ast-global-color-5)","background-image":"","background-repeat":"repeat","background-position":"center center","background-size":"auto","background-attachment":"scroll","background-type":"","background-media":"","overlay-type":"","overlay-color":"","overlay-opacity":"","overlay-gradient":""}}},"product_brand":[],"product_cat":[144,142,160,159],"product_tag":[],"class_list":{"0":"post-1375","1":"product","2":"type-product","3":"status-publish","4":"has-post-thumbnail","6":"product_cat-cadeira-de-banho","7":"product_cat-cadeiras","8":"product_cat-dellamed","9":"product_cat-destaques","10":"desktop-align-left","11":"tablet-align-left","12":"mobile-align-left","14":"first","15":"instock","16":"taxable","17":"shipping-taxable","18":"product-type-simple"},"_links":{"self":[{"href":"https:\/\/www.medcoll.com.br\/en\/wp-json\/wp\/v2\/product\/1375","targetHints":{"allow":["GET"]}}],"collection":[{"href":"https:\/\/www.medcoll.com.br\/en\/wp-json\/wp\/v2\/product"}],"about":[{"href":"https:\/\/www.medcoll.com.br\/en\/wp-json\/wp\/v2\/types\/product"}],"replies":[{"embeddable":true,"href":"https:\/\/www.medcoll.com.br\/en\/wp-json\/wp\/v2\/comments?post=1375"}],"version-history":[{"count":1,"href":"https:\/\/www.medcoll.com.br\/en\/wp-json\/wp\/v2\/product\/1375\/revisions"}],"predecessor-version":[{"id":1379,"href":"https:\/\/www.medcoll.com.br\/en\/wp-json\/wp\/v2\/product\/1375\/revisions\/1379"}],"wp:featuredmedia":[{"embeddable":true,"href":"https:\/\/www.medcoll.com.br\/en\/wp-json\/wp\/v2\/media\/1376"}],"wp:attachment":[{"href":"https:\/\/www.medcoll.com.br\/en\/wp-json\/wp\/v2\/media?parent=1375"}],"wp:term":[{"taxonomy":"product_brand","embeddable":true,"href":"https:\/\/www.medcoll.com.br\/en\/wp-json\/wp\/v2\/product_brand?post=1375"},{"taxonomy":"product_cat","embeddable":true,"href":"https:\/\/www.medcoll.com.br\/en\/wp-json\/wp\/v2\/product_cat?post=1375"},{"taxonomy":"product_tag","embeddable":true,"href":"https:\/\/www.medcoll.com.br\/en\/wp-json\/wp\/v2\/product_tag?post=1375"}],"curies":[{"name":"wp","href":"https:\/\/api.w.org\/{rel}","templated":true}]}}