{"id":1380,"date":"2026-02-02T15:15:14","date_gmt":"2026-02-02T18:15:14","guid":{"rendered":"https:\/\/www.medcoll.com.br\/?post_type=product&#038;p=1380"},"modified":"2026-02-02T18:56:18","modified_gmt":"2026-02-02T21:56:18","slug":"banqueta-para-banho-em-aluminio-ate-135-kg-d1-dellamed","status":"publish","type":"product","link":"https:\/\/www.medcoll.com.br\/en\/product\/banqueta-para-banho-em-aluminio-ate-135-kg-d1-dellamed\/","title":{"rendered":"Banqueta Para Banho em Alum\u00ednio at\u00e9 135 Kg D1 Dellamed"},"content":{"rendered":"<div><strong>Anat\u00f4mico, leve e regul\u00e1vel<\/strong><\/div>\n<div>\n<p>O Banco para Banho\u00a0D1 Dellamed possui corpo de alum\u00ednio anodizado e assento curvo ergon\u00f4mico com encaixe de m\u00e3os e aberturas para escoar a \u00e1gua. Tamb\u00e9m conta com ponteiras de borrachas com ventosas para fixa\u00e7\u00e3o no ch\u00e3o, al\u00e9m de sete\u00a0n\u00edveis de regulagem de altura de engate r\u00e1pido por pino click, proporcionando um ajuste de 39 a 54 cm de altura.<br \/>\nIdeal para adultos e idosos com limita\u00e7\u00f5es de movimentos e que necessitam de seguran\u00e7a no banho.<\/p>\n<p>&nbsp;<\/p>\n<p>&nbsp;<\/p>\n<h3><strong>Diferenciais<\/strong><\/h3>\n<ul>\n<li>Suporta at\u00e9 135kg<\/li>\n<li>F\u00e1cil de manusear devido ao baixo peso, pesa menos de 2kg<\/li>\n<li>Ponteiras de borracha com ventosas para maior fixa\u00e7\u00e3o e seguran\u00e7a<\/li>\n<li>Sete n\u00edveis de regulagem de altura<\/li>\n<li>Estrutura em liga de alum\u00ednio antiferrugem<\/li>\n<li>Regulagem de altura f\u00e1cil e r\u00e1pida, sem precisar desmontar<\/li>\n<\/ul>\n<p>&nbsp;<\/p>\n<p>&nbsp;<\/p>\n<h3><strong>Caracter\u00edsticas<\/strong><\/h3>\n<ul>\n<li>Assento curvo ergon\u00f4mico<\/li>\n<li>Textura no assento para maior ader\u00eancia<\/li>\n<li>Aberturas no assento para escoar \u00e1gua<\/li>\n<li>Encaixe de m\u00e3o no assento<\/li>\n<li>Regulagem de altura f\u00e1cil com pino click<\/li>\n<li>F\u00e1cil higieniza\u00e7\u00e3o<\/li>\n<li>N\u00e3o \u00e9 poss\u00edvel acrescentar encosto neste produto<\/li>\n<li>Sete n\u00edveis de regulagem de altura<\/li>\n<li>Cabe em qualquer box de banheiro<\/li>\n<\/ul>\n<p>&nbsp;<\/p>\n<p>&nbsp;<\/p>\n<h3><strong>Especifica\u00e7\u00f5es T\u00e9cnicas<\/strong>:<\/h3>\n<ul>\n<li>Medidas do banco montado<\/li>\n<li>Altura total: 39 cm na regulagem m\u00ednima e 49cm na regulagem m\u00e1xima<\/li>\n<li>Largura: 49 cm<\/li>\n<li>Comprimento: 41 cm<\/li>\n<li>Peso l\u00edquido: 1,9 kg<\/li>\n<li>Suporta at\u00e9\u00a0135 kg<\/li>\n<li>Registro Anvisa:\u00a080795950031<\/li>\n<li>Medidas da caixa unit\u00e1ria: (C x L x A):\u00a057 x 11 x 33,5 cm<\/li>\n<li>Peso bruto:\u00a02,3 kg<\/li>\n<\/ul>\n<p>&nbsp;<\/p>\n<p>&nbsp;<\/p>\n<h3><strong>Conte\u00fado da Embalagem<\/strong><\/h3>\n<ul>\n<li>1 banco D1<\/li>\n<li>Manual de instru\u00e7\u00f5es<\/li>\n<\/ul>\n<p>&nbsp;<\/p>\n<p>&nbsp;<\/p>\n<h3><strong>Garantia<\/strong><\/h3>\n<ul>\n<li>3 meses de garantia legal<\/li>\n<\/ul>\n<\/div>","protected":false},"excerpt":{"rendered":"<p>O Banco para Banho\u00a0D1 Dellamed possui corpo de alum\u00ednio anodizado e assento curvo ergon\u00f4mico com encaixe de m\u00e3os e aberturas para escoar a \u00e1gua. Tamb\u00e9m conta com ponteiras de borrachas com ventosas para fixa\u00e7\u00e3o no ch\u00e3o, al\u00e9m de sete\u00a0n\u00edveis de regulagem de altura de engate r\u00e1pido por pino click, proporcionando um ajuste de 39 a 54 cm de altura.<\/p>","protected":false},"featured_media":1381,"comment_status":"open","ping_status":"closed","template":"","meta":{"site-sidebar-layout":"default","site-content-layout":"","ast-site-content-layout":"default","site-content-style":"default","site-sidebar-style":"default","ast-global-header-display":"","ast-banner-title-visibility":"","ast-main-header-display":"","ast-hfb-above-header-display":"","ast-hfb-below-header-display":"","ast-hfb-mobile-header-display":"","site-post-title":"","ast-breadcrumbs-content":"","ast-featured-img":"","footer-sml-layout":"","ast-disable-related-posts":"","theme-transparent-header-meta":"default","adv-header-id-meta":"","stick-header-meta":"","header-above-stick-meta":"","header-main-stick-meta":"","header-below-stick-meta":"","astra-migrate-meta-layouts":"set","ast-page-background-enabled":"default","ast-page-background-meta":{"desktop":{"background-color":"var(--ast-global-color-4)","background-image":"","background-repeat":"repeat","background-position":"center center","background-size":"auto","background-attachment":"scroll","background-type":"","background-media":"","overlay-type":"","overlay-color":"","overlay-opacity":"","overlay-gradient":""},"tablet":{"background-color":"","background-image":"","background-repeat":"repeat","background-position":"center center","background-size":"auto","background-attachment":"scroll","background-type":"","background-media":"","overlay-type":"","overlay-color":"","overlay-opacity":"","overlay-gradient":""},"mobile":{"background-color":"","background-image":"","background-repeat":"repeat","background-position":"center center","background-size":"auto","background-attachment":"scroll","background-type":"","background-media":"","overlay-type":"","overlay-color":"","overlay-opacity":"","overlay-gradient":""}},"ast-content-background-meta":{"desktop":{"background-color":"var(--ast-global-color-5)","background-image":"","background-repeat":"repeat","background-position":"center center","background-size":"auto","background-attachment":"scroll","background-type":"","background-media":"","overlay-type":"","overlay-color":"","overlay-opacity":"","overlay-gradient":""},"tablet":{"background-color":"var(--ast-global-color-5)","background-image":"","background-repeat":"repeat","background-position":"center center","background-size":"auto","background-attachment":"scroll","background-type":"","background-media":"","overlay-type":"","overlay-color":"","overlay-opacity":"","overlay-gradient":""},"mobile":{"background-color":"var(--ast-global-color-5)","background-image":"","background-repeat":"repeat","background-position":"center center","background-size":"auto","background-attachment":"scroll","background-type":"","background-media":"","overlay-type":"","overlay-color":"","overlay-opacity":"","overlay-gradient":""}}},"product_brand":[],"product_cat":[161],"product_tag":[],"class_list":{"0":"post-1380","1":"product","2":"type-product","3":"status-publish","4":"has-post-thumbnail","6":"product_cat-bancos-de-banho","7":"desktop-align-left","8":"tablet-align-left","9":"mobile-align-left","11":"first","12":"instock","13":"taxable","14":"shipping-taxable","15":"product-type-simple"},"_links":{"self":[{"href":"https:\/\/www.medcoll.com.br\/en\/wp-json\/wp\/v2\/product\/1380","targetHints":{"allow":["GET"]}}],"collection":[{"href":"https:\/\/www.medcoll.com.br\/en\/wp-json\/wp\/v2\/product"}],"about":[{"href":"https:\/\/www.medcoll.com.br\/en\/wp-json\/wp\/v2\/types\/product"}],"replies":[{"embeddable":true,"href":"https:\/\/www.medcoll.com.br\/en\/wp-json\/wp\/v2\/comments?post=1380"}],"version-history":[{"count":1,"href":"https:\/\/www.medcoll.com.br\/en\/wp-json\/wp\/v2\/product\/1380\/revisions"}],"predecessor-version":[{"id":1385,"href":"https:\/\/www.medcoll.com.br\/en\/wp-json\/wp\/v2\/product\/1380\/revisions\/1385"}],"wp:featuredmedia":[{"embeddable":true,"href":"https:\/\/www.medcoll.com.br\/en\/wp-json\/wp\/v2\/media\/1381"}],"wp:attachment":[{"href":"https:\/\/www.medcoll.com.br\/en\/wp-json\/wp\/v2\/media?parent=1380"}],"wp:term":[{"taxonomy":"product_brand","embeddable":true,"href":"https:\/\/www.medcoll.com.br\/en\/wp-json\/wp\/v2\/product_brand?post=1380"},{"taxonomy":"product_cat","embeddable":true,"href":"https:\/\/www.medcoll.com.br\/en\/wp-json\/wp\/v2\/product_cat?post=1380"},{"taxonomy":"product_tag","embeddable":true,"href":"https:\/\/www.medcoll.com.br\/en\/wp-json\/wp\/v2\/product_tag?post=1380"}],"curies":[{"name":"wp","href":"https:\/\/api.w.org\/{rel}","templated":true}]}}