{"id":1433,"date":"2026-02-02T18:18:35","date_gmt":"2026-02-02T21:18:35","guid":{"rendered":"https:\/\/www.medcoll.com.br\/?post_type=product&#038;p=1433"},"modified":"2026-02-02T18:18:35","modified_gmt":"2026-02-02T21:18:35","slug":"cadeira-de-banho-higienica-desmontavel-ate-150-kg-assento-43-cm-d50-dellamed","status":"publish","type":"product","link":"https:\/\/www.medcoll.com.br\/en\/product\/cadeira-de-banho-higienica-desmontavel-ate-150-kg-assento-43-cm-d50-dellamed\/","title":{"rendered":"Cadeira de Banho Higi\u00eanica Desmont\u00e1vel at\u00e9 150 Kg Assento 43 cm D50 Dellamed"},"content":{"rendered":"<p><strong>Confort\u00e1vel, segura e vers\u00e1til<\/strong><\/p>\n<p>&nbsp;<\/p>\n<p>A Cadeira de Banho\u00a0D50 da Dellamed foi concebida para oferecer suporte a adultos e\u00a0idosos com dificuldades de mobilidade e que precisam de assist\u00eancia durante o banho e para realizar suas necessidades fisiol\u00f3gicas. Esta cadeira geri\u00e1trica\u00a0\u00e9 vers\u00e1til: pode ser usada como cadeira sanit\u00e1ria sobre o vaso, para o banho e para se locomover dentro de casa, contando com 4 rod\u00edzios\u00a0com travas que facilitam o transporte interno mesmo em espa\u00e7os reduzidos.<\/p>\n<p>A D50 possui estrutura em a\u00e7o, garantindo seguran\u00e7a e robustez.\u00a0Tamb\u00e9m \u00e9 desmont\u00e1vel e vem equipada com uma comadre com tampa, apoios de bra\u00e7os ergon\u00f4micos, encosto revestido em material sint\u00e9tico, apoio de p\u00e9s rebat\u00edvel com sistema antitombo, assento e almofada imperme\u00e1vel.<\/p>\n<p>&nbsp;<\/p>\n<p>&nbsp;<\/p>\n<h3><strong>Diferenciais<\/strong><\/h3>\n<p>&nbsp;<\/p>\n<ul>\n<li>Suporta at\u00e9 150kg;<\/li>\n<li>4 em 1: transporte interno, banho, sobrevaso e higiene;<\/li>\n<li>Estrutura em a\u00e7o carbono, oferecendo maior robustez e durabilidade;<\/li>\n<li>Rod\u00edzios 360\u00ba permitem mobilidade total em ambientes com espa\u00e7o reduzido;<\/li>\n<li>Largura do assento de 43 cm;<\/li>\n<li>Estrutura dobr\u00e1vel com montagem pr\u00e1tica .<\/li>\n<\/ul>\n<p>&nbsp;<\/p>\n<p>&nbsp;<\/p>\n<h3><strong>Caracter\u00edsticas<\/strong><\/h3>\n<p>&nbsp;<\/p>\n<ul>\n<li>Pintura ep\u00f3xi garante maior durabilidade contra ferrugem;<\/li>\n<li>Acompanha comadre com tampa;<\/li>\n<li>Inclui almofada desenvolvida para locomo\u00e7\u00e3o interna. N\u00e3o indicada para contato com \u00e1gua.<\/li>\n<li>Apoio de p\u00e9s rebat\u00edvel;<\/li>\n<li>Freios com trava dupla nas duas rodas traseiras;<\/li>\n<\/ul>\n<p>&nbsp;<\/p>\n<p>&nbsp;<\/p>\n<h3><strong>Especifica\u00e7\u00f5es T\u00e9cnicas<\/strong>:<\/h3>\n<p>&nbsp;<\/p>\n<ul>\n<li>Medidas: 71 x 56 x 114\u00a0(C x L x A);<\/li>\n<li>Tamanho do assento: 43 x 43cm;<\/li>\n<li>Tamanho do encosto: 52 x 17cm<\/li>\n<li>Peso: 9,9kg;<\/li>\n<li>Capacidade: 150kg;<\/li>\n<li>Dist\u00e2ncia interna entre os bra\u00e7os: 46cm;<\/li>\n<li>Altura do piso \u00e0 parte inferior do assento: 42,5cm;<\/li>\n<li>Registro Anvisa:\u00a080795950045;<\/li>\n<li>Medidas embalado (C x L x A):\u00a070,5 x 20,5 x 56cm;<\/li>\n<li>Peso bruto embalado:\u00a09,9 kg.<\/li>\n<\/ul>\n<p>&nbsp;<\/p>\n<p>&nbsp;<\/p>\n<h3><strong>Conte\u00fado da Embalagem<\/strong><\/h3>\n<p>&nbsp;<\/p>\n<ul>\n<li>1 cadeira de banho D50;<\/li>\n<li>Manual de instru\u00e7\u00f5es.<\/li>\n<\/ul>\n<p>&nbsp;<\/p>\n<p>&nbsp;<\/p>\n<h3><strong>Garantia<\/strong><\/h3>\n<ul>\n<li>12 meses para a estrutura e 3 meses de garantia legal para os componentes.<\/li>\n<\/ul>","protected":false},"excerpt":{"rendered":"<p>A Cadeira de Banho\u00a0D50 da Dellamed foi concebida para oferecer suporte a adultos e\u00a0idosos com dificuldades de mobilidade e que precisam de assist\u00eancia durante o banho e para realizar suas necessidades fisiol\u00f3gicas. Esta cadeira geri\u00e1trica\u00a0\u00e9 vers\u00e1til: pode ser usada como cadeira sanit\u00e1ria sobre o vaso, para o banho e para se locomover dentro de casa, contando com 4 rod\u00edzios\u00a0com travas que facilitam o transporte interno mesmo em espa\u00e7os reduzidos.<\/p>","protected":false},"featured_media":1434,"comment_status":"open","ping_status":"closed","template":"","meta":{"site-sidebar-layout":"default","site-content-layout":"","ast-site-content-layout":"default","site-content-style":"default","site-sidebar-style":"default","ast-global-header-display":"","ast-banner-title-visibility":"","ast-main-header-display":"","ast-hfb-above-header-display":"","ast-hfb-below-header-display":"","ast-hfb-mobile-header-display":"","site-post-title":"","ast-breadcrumbs-content":"","ast-featured-img":"","footer-sml-layout":"","ast-disable-related-posts":"","theme-transparent-header-meta":"default","adv-header-id-meta":"","stick-header-meta":"","header-above-stick-meta":"","header-main-stick-meta":"","header-below-stick-meta":"","astra-migrate-meta-layouts":"set","ast-page-background-enabled":"default","ast-page-background-meta":{"desktop":{"background-color":"var(--ast-global-color-4)","background-image":"","background-repeat":"repeat","background-position":"center center","background-size":"auto","background-attachment":"scroll","background-type":"","background-media":"","overlay-type":"","overlay-color":"","overlay-opacity":"","overlay-gradient":""},"tablet":{"background-color":"","background-image":"","background-repeat":"repeat","background-position":"center center","background-size":"auto","background-attachment":"scroll","background-type":"","background-media":"","overlay-type":"","overlay-color":"","overlay-opacity":"","overlay-gradient":""},"mobile":{"background-color":"","background-image":"","background-repeat":"repeat","background-position":"center center","background-size":"auto","background-attachment":"scroll","background-type":"","background-media":"","overlay-type":"","overlay-color":"","overlay-opacity":"","overlay-gradient":""}},"ast-content-background-meta":{"desktop":{"background-color":"var(--ast-global-color-5)","background-image":"","background-repeat":"repeat","background-position":"center center","background-size":"auto","background-attachment":"scroll","background-type":"","background-media":"","overlay-type":"","overlay-color":"","overlay-opacity":"","overlay-gradient":""},"tablet":{"background-color":"var(--ast-global-color-5)","background-image":"","background-repeat":"repeat","background-position":"center center","background-size":"auto","background-attachment":"scroll","background-type":"","background-media":"","overlay-type":"","overlay-color":"","overlay-opacity":"","overlay-gradient":""},"mobile":{"background-color":"var(--ast-global-color-5)","background-image":"","background-repeat":"repeat","background-position":"center center","background-size":"auto","background-attachment":"scroll","background-type":"","background-media":"","overlay-type":"","overlay-color":"","overlay-opacity":"","overlay-gradient":""}}},"product_brand":[],"product_cat":[144,142,160],"product_tag":[],"class_list":{"0":"post-1433","1":"product","2":"type-product","3":"status-publish","4":"has-post-thumbnail","6":"product_cat-cadeira-de-banho","7":"product_cat-cadeiras","8":"product_cat-dellamed","9":"desktop-align-left","10":"tablet-align-left","11":"mobile-align-left","13":"first","14":"instock","15":"taxable","16":"shipping-taxable","17":"product-type-simple"},"_links":{"self":[{"href":"https:\/\/www.medcoll.com.br\/en\/wp-json\/wp\/v2\/product\/1433","targetHints":{"allow":["GET"]}}],"collection":[{"href":"https:\/\/www.medcoll.com.br\/en\/wp-json\/wp\/v2\/product"}],"about":[{"href":"https:\/\/www.medcoll.com.br\/en\/wp-json\/wp\/v2\/types\/product"}],"replies":[{"embeddable":true,"href":"https:\/\/www.medcoll.com.br\/en\/wp-json\/wp\/v2\/comments?post=1433"}],"version-history":[{"count":1,"href":"https:\/\/www.medcoll.com.br\/en\/wp-json\/wp\/v2\/product\/1433\/revisions"}],"predecessor-version":[{"id":1440,"href":"https:\/\/www.medcoll.com.br\/en\/wp-json\/wp\/v2\/product\/1433\/revisions\/1440"}],"wp:featuredmedia":[{"embeddable":true,"href":"https:\/\/www.medcoll.com.br\/en\/wp-json\/wp\/v2\/media\/1434"}],"wp:attachment":[{"href":"https:\/\/www.medcoll.com.br\/en\/wp-json\/wp\/v2\/media?parent=1433"}],"wp:term":[{"taxonomy":"product_brand","embeddable":true,"href":"https:\/\/www.medcoll.com.br\/en\/wp-json\/wp\/v2\/product_brand?post=1433"},{"taxonomy":"product_cat","embeddable":true,"href":"https:\/\/www.medcoll.com.br\/en\/wp-json\/wp\/v2\/product_cat?post=1433"},{"taxonomy":"product_tag","embeddable":true,"href":"https:\/\/www.medcoll.com.br\/en\/wp-json\/wp\/v2\/product_tag?post=1433"}],"curies":[{"name":"wp","href":"https:\/\/api.w.org\/{rel}","templated":true}]}}