{"id":1449,"date":"2026-02-02T19:49:25","date_gmt":"2026-02-02T22:49:25","guid":{"rendered":"https:\/\/www.medcoll.com.br\/?post_type=product&#038;p=1449"},"modified":"2026-02-02T19:49:25","modified_gmt":"2026-02-02T22:49:25","slug":"cadeira-de-banho-d55-ultraleve-4-em-1-ate-135kg-dellamed","status":"publish","type":"product","link":"https:\/\/www.medcoll.com.br\/en\/product\/cadeira-de-banho-d55-ultraleve-4-em-1-ate-135kg-dellamed\/","title":{"rendered":"Cadeira de Banho D55 Ultraleve 4 em 1 at\u00e9 135kg Dellamed"},"content":{"rendered":"<h2><strong>A mais leve do mercado, pr\u00e1tica e inovadora<\/strong><\/h2>\n<p>A Cadeira de Banho D55 Dellamed oferece conforto, praticidade e seguran\u00e7a para o banho. Fabricada com estrutura em alum\u00ednio, \u00e9 resistente \u00e0 corros\u00e3o, garantindo durabilidade. Seu design \u00e9 leve e dobr\u00e1vel, o que facilita o armazenamento e o transporte, al\u00e9m de contar com rod\u00edzios 360\u00b0 que oferecem mobilidade em espa\u00e7os reduzidos. A Cadeira de Banho D55 conta com encosto e assento remov\u00edveis, al\u00e9m de rodas com freio, proporcionando maior controle e estabilidade durante o uso.<\/p>\n<h3><\/h3>\n<p>&nbsp;<\/p>\n<p>&nbsp;<\/p>\n<h2><strong>Diferenciais<\/strong><\/h2>\n<p>&nbsp;<\/p>\n<ul>\n<li>Pesa apenas 4,9 kg: a mais leve do mercado<\/li>\n<li>4 em 1: transporte interno, banho, sobrevaso e higiene<\/li>\n<li>Estrutura em Alum\u00ednio Anodizado: Leve e resistente \u00e0 corros\u00e3o, garantindo durabilidade<\/li>\n<li>Rodas com Freio: Aumentam a seguran\u00e7a e estabilidade<\/li>\n<li>Trava de Assento: Sistema de travamento adicional para maior seguran\u00e7a, evitando movimentos indesejados durante o uso<\/li>\n<li>Assento e Encosto Remov\u00edveis: Facilidade de limpeza e manuten\u00e7\u00e3o<\/li>\n<li>Design Ergon\u00f4mico e Confort\u00e1vel: Proporciona maior conforto e apoio ao usu\u00e1rio<\/li>\n<li>Capacidade de Suporte: Suporta at\u00e9 135 kg, ideal para usu\u00e1rios de diferentes perfis.<\/li>\n<li>Estrutura Dobr\u00e1vel e Desmont\u00e1vel: Facilita o armazenamento e transporte.<\/li>\n<\/ul>\n<p>&nbsp;<\/p>\n<p>&nbsp;<\/p>\n<p>&nbsp;<\/p>\n<h2><strong>Caracter\u00edsticas<\/strong><\/h2>\n<p>&nbsp;<\/p>\n<ul>\n<li>Possui estrutura em alum\u00ednio, que combina leveza e resist\u00eancia, tornando o equipamento ideal para locomo\u00e7\u00e3o facilitada, al\u00e9m de ser antiferrugem e altamente dur\u00e1vel;<\/li>\n<li>Inclui apoios de bra\u00e7os escamote\u00e1veis (retr\u00e1til), que oferecem praticidade para o uso e conforto para o paciente;<\/li>\n<li>Conta com apoio de p\u00e9s rebat\u00edveis, proporcionando maior funcionalidade no dia a dia e facilidade na movimenta\u00e7\u00e3o;<\/li>\n<li>Equipado com um sistema anti-tombo, garantindo seguran\u00e7a extra durante a utiliza\u00e7\u00e3o;<\/li>\n<li>Fornece conforto superior para pacientes e profissionais, facilitando e otimizando a execu\u00e7\u00e3o da higiene pessoal;<\/li>\n<li>Possui rodas que melhoram a mobilidade em curtas dist\u00e2ncias, permitindo um posicionamento eficiente do paciente;<\/li>\n<li>Suporte para comadre expans\u00edvel.<\/li>\n<\/ul>\n<p>&nbsp;<\/p>\n<p>&nbsp;<\/p>\n<p>&nbsp;<\/p>\n<h3><strong>Especifica\u00e7\u00f5es T\u00e9cnicas<\/strong><\/h3>\n<p>&nbsp;<\/p>\n<ul>\n<li>Medidas do produto (CXLXA): 62cm X 60cm X 95cm;<\/li>\n<li>Peso l\u00edquido: 4,9kg;<\/li>\n<li>Peso bruto: 6kg;<\/li>\n<li>Medidas Caixa Unit\u00e1ria (CxLxA): 63cm X 18,5cm X 51,5cm;<\/li>\n<li>Dist\u00e2ncia interna entre os bra\u00e7os: 49,5cm;<\/li>\n<li>Altura do ch\u00e3o at\u00e9 a parte interior do assento: 47cm;<\/li>\n<li>Altura e largura do encosto: 51,5cm X 15cm;<\/li>\n<li>Largura do assento: 40cm;<\/li>\n<li>Profundidade do assento: 41cm;<\/li>\n<li>Dist\u00e2ncia interna entre os bra\u00e7os: 49,5cm;<\/li>\n<li>Rodas dianteiras: 3&#8243; polegadas com trava;<\/li>\n<li>Rodas traseiras: 3&#8243; polegadas.<\/li>\n<\/ul>\n<p>&nbsp;<\/p>\n<p>&nbsp;<\/p>\n<p>&nbsp;<\/p>\n<h2><strong>Conte\u00fado da Embalagem\u00a0<\/strong><\/h2>\n<p>&nbsp;<\/p>\n<ul>\n<li>1 cadeira de banho D55 Dellamed;<\/li>\n<li>1 manual de instru\u00e7\u00f5es.<\/li>\n<\/ul>\n<p>&nbsp;<\/p>\n<p>&nbsp;<\/p>\n<p>&nbsp;<\/p>\n<p><strong>Garantia<\/strong><\/p>\n<p><span style=\"font-family: arial, helvetica, sans-serif;\">Total de 6 meses.<\/span><\/p>","protected":false},"excerpt":{"rendered":"<p>A Cadeira de Banho D55 Dellamed oferece conforto, praticidade e seguran\u00e7a para o banho. Fabricada com estrutura em alum\u00ednio, \u00e9 resistente \u00e0 corros\u00e3o, garantindo durabilidade. Seu design \u00e9 leve e dobr\u00e1vel, o que facilita o armazenamento e o transporte, al\u00e9m de contar com rod\u00edzios 360\u00b0 que oferecem mobilidade em espa\u00e7os reduzidos. A Cadeira de Banho D55 conta com encosto e assento remov\u00edveis, al\u00e9m de rodas com freio, proporcionando maior controle e estabilidade durante o uso.<\/p>","protected":false},"featured_media":1450,"comment_status":"open","ping_status":"closed","template":"","meta":{"site-sidebar-layout":"default","site-content-layout":"","ast-site-content-layout":"default","site-content-style":"default","site-sidebar-style":"default","ast-global-header-display":"","ast-banner-title-visibility":"","ast-main-header-display":"","ast-hfb-above-header-display":"","ast-hfb-below-header-display":"","ast-hfb-mobile-header-display":"","site-post-title":"","ast-breadcrumbs-content":"","ast-featured-img":"","footer-sml-layout":"","ast-disable-related-posts":"","theme-transparent-header-meta":"default","adv-header-id-meta":"","stick-header-meta":"","header-above-stick-meta":"","header-main-stick-meta":"","header-below-stick-meta":"","astra-migrate-meta-layouts":"set","ast-page-background-enabled":"default","ast-page-background-meta":{"desktop":{"background-color":"var(--ast-global-color-4)","background-image":"","background-repeat":"repeat","background-position":"center center","background-size":"auto","background-attachment":"scroll","background-type":"","background-media":"","overlay-type":"","overlay-color":"","overlay-opacity":"","overlay-gradient":""},"tablet":{"background-color":"","background-image":"","background-repeat":"repeat","background-position":"center center","background-size":"auto","background-attachment":"scroll","background-type":"","background-media":"","overlay-type":"","overlay-color":"","overlay-opacity":"","overlay-gradient":""},"mobile":{"background-color":"","background-image":"","background-repeat":"repeat","background-position":"center center","background-size":"auto","background-attachment":"scroll","background-type":"","background-media":"","overlay-type":"","overlay-color":"","overlay-opacity":"","overlay-gradient":""}},"ast-content-background-meta":{"desktop":{"background-color":"var(--ast-global-color-5)","background-image":"","background-repeat":"repeat","background-position":"center center","background-size":"auto","background-attachment":"scroll","background-type":"","background-media":"","overlay-type":"","overlay-color":"","overlay-opacity":"","overlay-gradient":""},"tablet":{"background-color":"var(--ast-global-color-5)","background-image":"","background-repeat":"repeat","background-position":"center center","background-size":"auto","background-attachment":"scroll","background-type":"","background-media":"","overlay-type":"","overlay-color":"","overlay-opacity":"","overlay-gradient":""},"mobile":{"background-color":"var(--ast-global-color-5)","background-image":"","background-repeat":"repeat","background-position":"center center","background-size":"auto","background-attachment":"scroll","background-type":"","background-media":"","overlay-type":"","overlay-color":"","overlay-opacity":"","overlay-gradient":""}}},"product_brand":[],"product_cat":[144,142,160],"product_tag":[],"class_list":{"0":"post-1449","1":"product","2":"type-product","3":"status-publish","4":"has-post-thumbnail","6":"product_cat-cadeira-de-banho","7":"product_cat-cadeiras","8":"product_cat-dellamed","9":"desktop-align-left","10":"tablet-align-left","11":"mobile-align-left","13":"first","14":"instock","15":"taxable","16":"shipping-taxable","17":"product-type-simple"},"_links":{"self":[{"href":"https:\/\/www.medcoll.com.br\/en\/wp-json\/wp\/v2\/product\/1449","targetHints":{"allow":["GET"]}}],"collection":[{"href":"https:\/\/www.medcoll.com.br\/en\/wp-json\/wp\/v2\/product"}],"about":[{"href":"https:\/\/www.medcoll.com.br\/en\/wp-json\/wp\/v2\/types\/product"}],"replies":[{"embeddable":true,"href":"https:\/\/www.medcoll.com.br\/en\/wp-json\/wp\/v2\/comments?post=1449"}],"version-history":[{"count":1,"href":"https:\/\/www.medcoll.com.br\/en\/wp-json\/wp\/v2\/product\/1449\/revisions"}],"predecessor-version":[{"id":1455,"href":"https:\/\/www.medcoll.com.br\/en\/wp-json\/wp\/v2\/product\/1449\/revisions\/1455"}],"wp:featuredmedia":[{"embeddable":true,"href":"https:\/\/www.medcoll.com.br\/en\/wp-json\/wp\/v2\/media\/1450"}],"wp:attachment":[{"href":"https:\/\/www.medcoll.com.br\/en\/wp-json\/wp\/v2\/media?parent=1449"}],"wp:term":[{"taxonomy":"product_brand","embeddable":true,"href":"https:\/\/www.medcoll.com.br\/en\/wp-json\/wp\/v2\/product_brand?post=1449"},{"taxonomy":"product_cat","embeddable":true,"href":"https:\/\/www.medcoll.com.br\/en\/wp-json\/wp\/v2\/product_cat?post=1449"},{"taxonomy":"product_tag","embeddable":true,"href":"https:\/\/www.medcoll.com.br\/en\/wp-json\/wp\/v2\/product_tag?post=1449"}],"curies":[{"name":"wp","href":"https:\/\/api.w.org\/{rel}","templated":true}]}}