{"id":1456,"date":"2026-02-02T19:51:52","date_gmt":"2026-02-02T22:51:52","guid":{"rendered":"https:\/\/www.medcoll.com.br\/?post_type=product&#038;p=1456"},"modified":"2026-02-02T19:51:52","modified_gmt":"2026-02-02T22:51:52","slug":"cadeira-de-banho-d65-em-aluminio-ate-120kg-assento-44-cm-dellamed","status":"publish","type":"product","link":"https:\/\/www.medcoll.com.br\/en\/product\/cadeira-de-banho-d65-em-aluminio-ate-120kg-assento-44-cm-dellamed\/","title":{"rendered":"Cadeira de Banho D65 em Alum\u00ednio at\u00e9 120kg Assento 44 cm Dellamed"},"content":{"rendered":"<h1><strong>Estrutura em Alum\u00ednio, 4 em 1, suporta at\u00e9 120 Kg<\/strong><\/h1>\n<p>A Cadeira de Banho D65 da Dellamed \u00e9 uma solu\u00e7\u00e3o ideal para oferecer conforto e mobilidade a pacientes durante o banho. Com estrutura robusta em alum\u00ednio e acabamentos em polipropileno, suporta at\u00e9 120 kg. O assento de 44 x 44 cm possui um meio vazado retr\u00e1til, facilitando o uso da comadre que acompanha o produto. Equipada com rodas traseiras de 24\u2019\u2019 polegadas com aro de propuls\u00e3o, garante excelente mobilidade. As rodas dianteiras de 6\u2019\u2019 polegadas complementam o design, proporcionando facilidade de movimenta\u00e7\u00e3o em diversos ambientes. A pintura ep\u00f3xi da estrutura oferece durabilidade e resist\u00eancia \u00e0 ferrugem, aumentando a vida \u00fatil da cadeira.<\/p>\n<p>&nbsp;<\/p>\n<p>&nbsp;<\/p>\n<p>&nbsp;<\/p>\n<h2><strong>Diferenciais:<\/strong><\/h2>\n<p>&nbsp;<\/p>\n<ul>\n<li>4 em 1: Transporte interno, banho, sobrevaso e higiene;<\/li>\n<li>Suporta at\u00e9 120 Kg;<\/li>\n<li><span style=\"font-family: arial, helvetica, sans-serif;\">74,5 cm de largura total da cadeira de banho;<\/span><\/li>\n<li>Rod\u00edzios 360\u00b0 que permitem mobilidade total em ambientes com espa\u00e7o reduzido.<\/li>\n<\/ul>\n<p>&nbsp;<\/p>\n<p>&nbsp;<\/p>\n<p>&nbsp;<\/p>\n<h2><strong>Caracter\u00edsticas:<\/strong><\/h2>\n<p>&nbsp;<\/p>\n<ul>\n<li>O produto conta com rodas com aro de propuls\u00e3o de 24\u2019\u2019 polegadas para maior mobilidade;<\/li>\n<li>Possui assento com meio vazado retr\u00e1til para facilitar a utiliza\u00e7\u00e3o da comadre que acompanha o produto;<\/li>\n<li>Sua estrutura acompanha um trilho que facilita a remo\u00e7\u00e3o da comadre;<\/li>\n<li>A pintura ep\u00f3xi garante maior durabilidade contra ferrugem e tem por finalidade aumentar a vida \u00fatil do produto;<\/li>\n<li>Capacidade: 120 Kg;<\/li>\n<li>Composi\u00e7\u00e3o: Alum\u00ednio e Polipropileno;<\/li>\n<li>Estrutura desmont\u00e1vel;<\/li>\n<li>Largura total de 74,5 cm;<\/li>\n<li>Estrutura cinza com acabamentos em azul;<\/li>\n<li>Apoio de bra\u00e7o escamote\u00e1vel (retr\u00e1til) e acolchoado: auxilia na transfer\u00eancia do usu\u00e1rio.<\/li>\n<\/ul>\n<p>&nbsp;<\/p>\n<p>&nbsp;<\/p>\n<p>&nbsp;<\/p>\n<h2><strong>Especifica\u00e7\u00f5es T\u00e9cnicas:<\/strong><\/h2>\n<p>&nbsp;<\/p>\n<ul>\n<li>Comprimento total do produto: 102,5\u00a0cm;<\/li>\n<li>Largura total do produto: 74,5 cm;<\/li>\n<li>Altura total do produto: 102 cm;<\/li>\n<li>Peso L\u00edquido: 12,5 Kg;<\/li>\n<li>Acabamento em azul e estrutura em cinza;<\/li>\n<li>Medidas da caixa unit\u00e1ria\u00a0C x L x A: 62\u00a0cm x 33\u00a0cm x 72\u00a0cm;<\/li>\n<li>Peso bruto : 14 Kg;<\/li>\n<li>Altura do piso a parte inferior do assento (H): 54 cm;<\/li>\n<li>Altura do piso a barra frontal (F): 48 cm;<\/li>\n<li>Dist\u00e2ncia interna entre os bra\u00e7os (D): 49 cm;<\/li>\n<li>Medida interna do anti-tombo 46cm.<\/li>\n<\/ul>\n<p>&nbsp;<\/p>\n<p><strong>Conte\u00fado da Embalagem:<\/strong><\/p>\n<p>&nbsp;<\/p>\n<ul>\n<li>1 cadeira de banho D65 Dellamed;<\/li>\n<li>1 manual.<\/li>\n<\/ul>\n<p>&nbsp;<\/p>\n<p>&nbsp;<\/p>\n<p>&nbsp;<\/p>\n<h2><strong>Garantia:<\/strong><\/h2>\n<p>&nbsp;<\/p>\n<ul>\n<li>12 meses para estrutura (incluso os 3 meses de garantia legal);<\/li>\n<li>3 meses de garantia legal\u00a0para os demais componentes.<\/li>\n<\/ul>","protected":false},"excerpt":{"rendered":"<p>A Cadeira de Banho D65 da Dellamed \u00e9 uma solu\u00e7\u00e3o ideal para oferecer conforto e mobilidade a pacientes durante o banho. Com estrutura robusta em alum\u00ednio e acabamentos em polipropileno, suporta at\u00e9 120 kg. O assento de 44 x 44 cm possui um meio vazado retr\u00e1til, facilitando o uso da comadre que acompanha o produto.<\/p>","protected":false},"featured_media":1457,"comment_status":"open","ping_status":"closed","template":"","meta":{"site-sidebar-layout":"default","site-content-layout":"","ast-site-content-layout":"default","site-content-style":"default","site-sidebar-style":"default","ast-global-header-display":"","ast-banner-title-visibility":"","ast-main-header-display":"","ast-hfb-above-header-display":"","ast-hfb-below-header-display":"","ast-hfb-mobile-header-display":"","site-post-title":"","ast-breadcrumbs-content":"","ast-featured-img":"","footer-sml-layout":"","ast-disable-related-posts":"","theme-transparent-header-meta":"default","adv-header-id-meta":"","stick-header-meta":"","header-above-stick-meta":"","header-main-stick-meta":"","header-below-stick-meta":"","astra-migrate-meta-layouts":"set","ast-page-background-enabled":"default","ast-page-background-meta":{"desktop":{"background-color":"var(--ast-global-color-4)","background-image":"","background-repeat":"repeat","background-position":"center center","background-size":"auto","background-attachment":"scroll","background-type":"","background-media":"","overlay-type":"","overlay-color":"","overlay-opacity":"","overlay-gradient":""},"tablet":{"background-color":"","background-image":"","background-repeat":"repeat","background-position":"center center","background-size":"auto","background-attachment":"scroll","background-type":"","background-media":"","overlay-type":"","overlay-color":"","overlay-opacity":"","overlay-gradient":""},"mobile":{"background-color":"","background-image":"","background-repeat":"repeat","background-position":"center center","background-size":"auto","background-attachment":"scroll","background-type":"","background-media":"","overlay-type":"","overlay-color":"","overlay-opacity":"","overlay-gradient":""}},"ast-content-background-meta":{"desktop":{"background-color":"var(--ast-global-color-5)","background-image":"","background-repeat":"repeat","background-position":"center center","background-size":"auto","background-attachment":"scroll","background-type":"","background-media":"","overlay-type":"","overlay-color":"","overlay-opacity":"","overlay-gradient":""},"tablet":{"background-color":"var(--ast-global-color-5)","background-image":"","background-repeat":"repeat","background-position":"center center","background-size":"auto","background-attachment":"scroll","background-type":"","background-media":"","overlay-type":"","overlay-color":"","overlay-opacity":"","overlay-gradient":""},"mobile":{"background-color":"var(--ast-global-color-5)","background-image":"","background-repeat":"repeat","background-position":"center center","background-size":"auto","background-attachment":"scroll","background-type":"","background-media":"","overlay-type":"","overlay-color":"","overlay-opacity":"","overlay-gradient":""}}},"product_brand":[],"product_cat":[144,142,160],"product_tag":[],"class_list":{"0":"post-1456","1":"product","2":"type-product","3":"status-publish","4":"has-post-thumbnail","6":"product_cat-cadeira-de-banho","7":"product_cat-cadeiras","8":"product_cat-dellamed","9":"desktop-align-left","10":"tablet-align-left","11":"mobile-align-left","13":"first","14":"instock","15":"taxable","16":"shipping-taxable","17":"product-type-simple"},"_links":{"self":[{"href":"https:\/\/www.medcoll.com.br\/en\/wp-json\/wp\/v2\/product\/1456","targetHints":{"allow":["GET"]}}],"collection":[{"href":"https:\/\/www.medcoll.com.br\/en\/wp-json\/wp\/v2\/product"}],"about":[{"href":"https:\/\/www.medcoll.com.br\/en\/wp-json\/wp\/v2\/types\/product"}],"replies":[{"embeddable":true,"href":"https:\/\/www.medcoll.com.br\/en\/wp-json\/wp\/v2\/comments?post=1456"}],"version-history":[{"count":2,"href":"https:\/\/www.medcoll.com.br\/en\/wp-json\/wp\/v2\/product\/1456\/revisions"}],"predecessor-version":[{"id":1463,"href":"https:\/\/www.medcoll.com.br\/en\/wp-json\/wp\/v2\/product\/1456\/revisions\/1463"}],"wp:featuredmedia":[{"embeddable":true,"href":"https:\/\/www.medcoll.com.br\/en\/wp-json\/wp\/v2\/media\/1457"}],"wp:attachment":[{"href":"https:\/\/www.medcoll.com.br\/en\/wp-json\/wp\/v2\/media?parent=1456"}],"wp:term":[{"taxonomy":"product_brand","embeddable":true,"href":"https:\/\/www.medcoll.com.br\/en\/wp-json\/wp\/v2\/product_brand?post=1456"},{"taxonomy":"product_cat","embeddable":true,"href":"https:\/\/www.medcoll.com.br\/en\/wp-json\/wp\/v2\/product_cat?post=1456"},{"taxonomy":"product_tag","embeddable":true,"href":"https:\/\/www.medcoll.com.br\/en\/wp-json\/wp\/v2\/product_tag?post=1456"}],"curies":[{"name":"wp","href":"https:\/\/api.w.org\/{rel}","templated":true}]}}