{"id":1464,"date":"2026-02-07T20:45:24","date_gmt":"2026-02-07T23:45:24","guid":{"rendered":"https:\/\/www.medcoll.com.br\/?post_type=product&#038;p=1464"},"modified":"2026-02-07T20:45:24","modified_gmt":"2026-02-07T23:45:24","slug":"cadeira-de-banho-em-aluminio-ate-150-kg-assento-42-cm-d60-dellamed","status":"publish","type":"product","link":"https:\/\/www.medcoll.com.br\/en\/product\/cadeira-de-banho-em-aluminio-ate-150-kg-assento-42-cm-d60-dellamed\/","title":{"rendered":"Cadeira de Banho em Alum\u00ednio at\u00e9 150 Kg Assento 42 cm D60 Dellamed"},"content":{"rendered":"<section id=\"ProdBlock\" class=\"product-tabs product-tabs--abas\">\n<div id=\"descricao\" class=\"prodBox product__description\">\n<div class=\"product__board\">\n<h2><strong>Completa, dobr\u00e1vel e confort\u00e1vel<\/strong><\/h2>\n<p>&nbsp;<\/p>\n<p>A Cadeira de Banho Higi\u00eanica de Alum\u00ednio D60 Dellamed \u00e9 um produto\u00a0multifuncional desenvolvido para atender \u00e0s necessidades de adultos e idosos que possuem restri\u00e7\u00f5es de mobilidade. A D60 pode ser usada sobre o vaso sanit\u00e1rio, no banho e para locomo\u00e7\u00e3o interna na casa. Al\u00e9m disso, possui assento frontal remov\u00edvel que facilita a higieniza\u00e7\u00e3o do usu\u00e1rio sentado. A cadeira possui 4 rodas com travas que facilitam o transporte interno mesmo em locais com espa\u00e7os reduzidos.<\/p>\n<p>A D60 \u00e9 dobr\u00e1vel,\u00a0possui encosto em pl\u00e1stico anat\u00f4mico refor\u00e7ado e apoio de bra\u00e7os escamote\u00e1veis com sistema de engate e desengate r\u00e1pido (pino click) para facilitar o acesso a lateral da cadeira. A cadeira vem equipada com assento acolchoado imperme\u00e1vel, comadre e apoio de p\u00e9s rebat\u00edvel com sistema anti-tombo.<\/p>\n<p>&nbsp;<\/p>\n<p>&nbsp;<\/p>\n<h3><strong>Diferenciais<\/strong><\/h3>\n<p>&nbsp;<\/p>\n<ul>\n<li><span style=\"font-family: arial, helvetica, sans-serif;\">Suporta at\u00e9 150kg;<\/span><\/li>\n<li><span style=\"font-family: arial, helvetica, sans-serif;\">4 em 1: transporte interno, banho, sobrevaso e higiene;<\/span><\/li>\n<li><span style=\"font-family: arial, helvetica, sans-serif;\">F\u00e1cil de manusear devido ao baixo peso;<\/span><\/li>\n<li><span style=\"font-family: arial, helvetica, sans-serif;\">Rod\u00edzios 360\u00ba permitem mobilidade total em ambientes com espa\u00e7o reduzido;<\/span><\/li>\n<li><span style=\"font-family: arial, helvetica, sans-serif;\">Largura do assento: 42cm;<\/span><\/li>\n<li>Conta com assento almofadado, imperme\u00e1vel e com tampa remov\u00edvel;<\/li>\n<li><span style=\"font-family: arial, helvetica, sans-serif;\">Acompanha comadre remov\u00edvel;<\/span><\/li>\n<li>\u00a0Dobr\u00e1vel: Mais praticidade e f\u00e1cil armazenamento.<\/li>\n<\/ul>\n<p>&nbsp;<\/p>\n<p>&nbsp;<\/p>\n<h3><strong>Caracter\u00edsticas<\/strong><\/h3>\n<p>&nbsp;<\/p>\n<ul>\n<li>Facilita a higieniza\u00e7\u00e3o do paciente sentado;<\/li>\n<li>Com sistema tip assist: assistente para desn\u00edveis;<\/li>\n<li>Confort\u00e1vel para transporte interno;<\/li>\n<li>Antiferrugem, chassis em alum\u00ednio;<\/li>\n<li>Sistema anti-tombo rebat\u00edvel;<\/li>\n<li>Encosto em pl\u00e1stico termo moldado resistente;<\/li>\n<li>Rodas girat\u00f3rias com travas;<\/li>\n<li>Alta resist\u00eancia a umidade, ideal para regi\u00f5es litor\u00e2neas;<\/li>\n<li>Apoio de m\u00e3os do condutor acolchoado;<\/li>\n<li>Cadeira desmont\u00e1vel, ocupa pouco espa\u00e7o;<\/li>\n<li>Bra\u00e7os escamote\u00e1veis com sistema de engate r\u00e1pido;<\/li>\n<li>Apoio de p\u00e9s\u00a0rebat\u00edvel e remov\u00edvel;<\/li>\n<\/ul>\n<p>&nbsp;<\/p>\n<p>&nbsp;<\/p>\n<h3><strong>Especifica\u00e7\u00f5es T\u00e9cnicas<\/strong>:<\/h3>\n<table border=\"1\" cellspacing=\"1\" cellpadding=\"1\">\n<tbody>\n<tr>\n<td><strong>Dimens\u00f5es (CxLxA)<\/strong><\/td>\n<td><strong>81 x 61 x 101 cm<\/strong><\/td>\n<\/tr>\n<tr>\n<td><strong>Altura do Assento at\u00e9 o Encosto<\/strong><\/td>\n<td><strong>48 cm<\/strong><\/td>\n<\/tr>\n<tr>\n<td><strong>Altura do Assento at\u00e9 o ch\u00e3o<\/strong><\/td>\n<td><strong>52 cm<\/strong><\/td>\n<\/tr>\n<tr>\n<td><strong>Profundidade x Largura do Assento<\/strong><\/td>\n<td><strong>44 x 42 cm<\/strong><\/td>\n<\/tr>\n<tr>\n<td><strong>Largura da Cadeira Dobrada<\/strong><\/td>\n<td><strong>20 x 77 x 72 cm<\/strong><\/td>\n<\/tr>\n<tr>\n<td><strong>Capacidade de Peso<\/strong><\/td>\n<td><strong>150 kg<\/strong><\/td>\n<\/tr>\n<tr>\n<td><strong>Peso l\u00edquido da Cadeira<\/strong><\/td>\n<td><strong>7,5 kg<\/strong><\/td>\n<\/tr>\n<tr>\n<td><strong>Dimens\u00f5es Caixa +\u00a0Peso Bruto<\/strong><\/td>\n<td><strong>59,5 x 25 x 55 cm +\u00a08,5 kg<\/strong><\/td>\n<\/tr>\n<\/tbody>\n<\/table>\n<p>&nbsp;<\/p>\n<h3><strong>Conte\u00fado da Embalagem<\/strong><\/h3>\n<p>&nbsp;<\/p>\n<ul>\n<li>1 cadeira de banho D60;<\/li>\n<li>Manual de instru\u00e7\u00f5es.<\/li>\n<\/ul>\n<p>&nbsp;<\/p>\n<p>&nbsp;<\/p>\n<h3><strong>Garantia<\/strong><\/h3>\n<ul>\n<li>12 meses para a estrutura e 3 meses de garantia legal para os demais componentes.<\/li>\n<\/ul>\n<p>&nbsp;<\/p>\n<p>&nbsp;<\/p>\n<\/div>\n<\/div>\n<\/section>\n<div id=\"prognoos_lsi\"><\/div>","protected":false},"excerpt":{"rendered":"<p>A Cadeira de Banho Higi\u00eanica de Alum\u00ednio D60 Dellamed \u00e9 um produto\u00a0multifuncional desenvolvido para atender \u00e0s necessidades de adultos e idosos que possuem restri\u00e7\u00f5es de mobilidade. A D60 pode ser usada sobre o vaso sanit\u00e1rio, no banho e para locomo\u00e7\u00e3o interna na casa. Al\u00e9m disso, possui assento frontal remov\u00edvel que facilita a higieniza\u00e7\u00e3o do usu\u00e1rio sentado. A cadeira possui 4 rodas com travas que facilitam o transporte interno mesmo em locais com espa\u00e7os reduzidos.<\/p>","protected":false},"featured_media":1468,"comment_status":"open","ping_status":"closed","template":"","meta":{"site-sidebar-layout":"default","site-content-layout":"","ast-site-content-layout":"default","site-content-style":"default","site-sidebar-style":"default","ast-global-header-display":"","ast-banner-title-visibility":"","ast-main-header-display":"","ast-hfb-above-header-display":"","ast-hfb-below-header-display":"","ast-hfb-mobile-header-display":"","site-post-title":"","ast-breadcrumbs-content":"","ast-featured-img":"","footer-sml-layout":"","ast-disable-related-posts":"","theme-transparent-header-meta":"default","adv-header-id-meta":"","stick-header-meta":"","header-above-stick-meta":"","header-main-stick-meta":"","header-below-stick-meta":"","astra-migrate-meta-layouts":"set","ast-page-background-enabled":"default","ast-page-background-meta":{"desktop":{"background-color":"var(--ast-global-color-4)","background-image":"","background-repeat":"repeat","background-position":"center center","background-size":"auto","background-attachment":"scroll","background-type":"","background-media":"","overlay-type":"","overlay-color":"","overlay-opacity":"","overlay-gradient":""},"tablet":{"background-color":"","background-image":"","background-repeat":"repeat","background-position":"center center","background-size":"auto","background-attachment":"scroll","background-type":"","background-media":"","overlay-type":"","overlay-color":"","overlay-opacity":"","overlay-gradient":""},"mobile":{"background-color":"","background-image":"","background-repeat":"repeat","background-position":"center center","background-size":"auto","background-attachment":"scroll","background-type":"","background-media":"","overlay-type":"","overlay-color":"","overlay-opacity":"","overlay-gradient":""}},"ast-content-background-meta":{"desktop":{"background-color":"var(--ast-global-color-5)","background-image":"","background-repeat":"repeat","background-position":"center center","background-size":"auto","background-attachment":"scroll","background-type":"","background-media":"","overlay-type":"","overlay-color":"","overlay-opacity":"","overlay-gradient":""},"tablet":{"background-color":"var(--ast-global-color-5)","background-image":"","background-repeat":"repeat","background-position":"center center","background-size":"auto","background-attachment":"scroll","background-type":"","background-media":"","overlay-type":"","overlay-color":"","overlay-opacity":"","overlay-gradient":""},"mobile":{"background-color":"var(--ast-global-color-5)","background-image":"","background-repeat":"repeat","background-position":"center center","background-size":"auto","background-attachment":"scroll","background-type":"","background-media":"","overlay-type":"","overlay-color":"","overlay-opacity":"","overlay-gradient":""}}},"product_brand":[],"product_cat":[144,142,160],"product_tag":[],"class_list":{"0":"post-1464","1":"product","2":"type-product","3":"status-publish","4":"has-post-thumbnail","6":"product_cat-cadeira-de-banho","7":"product_cat-cadeiras","8":"product_cat-dellamed","9":"desktop-align-left","10":"tablet-align-left","11":"mobile-align-left","13":"first","14":"instock","15":"taxable","16":"shipping-taxable","17":"product-type-simple"},"_links":{"self":[{"href":"https:\/\/www.medcoll.com.br\/en\/wp-json\/wp\/v2\/product\/1464","targetHints":{"allow":["GET"]}}],"collection":[{"href":"https:\/\/www.medcoll.com.br\/en\/wp-json\/wp\/v2\/product"}],"about":[{"href":"https:\/\/www.medcoll.com.br\/en\/wp-json\/wp\/v2\/types\/product"}],"replies":[{"embeddable":true,"href":"https:\/\/www.medcoll.com.br\/en\/wp-json\/wp\/v2\/comments?post=1464"}],"version-history":[{"count":1,"href":"https:\/\/www.medcoll.com.br\/en\/wp-json\/wp\/v2\/product\/1464\/revisions"}],"predecessor-version":[{"id":1469,"href":"https:\/\/www.medcoll.com.br\/en\/wp-json\/wp\/v2\/product\/1464\/revisions\/1469"}],"wp:featuredmedia":[{"embeddable":true,"href":"https:\/\/www.medcoll.com.br\/en\/wp-json\/wp\/v2\/media\/1468"}],"wp:attachment":[{"href":"https:\/\/www.medcoll.com.br\/en\/wp-json\/wp\/v2\/media?parent=1464"}],"wp:term":[{"taxonomy":"product_brand","embeddable":true,"href":"https:\/\/www.medcoll.com.br\/en\/wp-json\/wp\/v2\/product_brand?post=1464"},{"taxonomy":"product_cat","embeddable":true,"href":"https:\/\/www.medcoll.com.br\/en\/wp-json\/wp\/v2\/product_cat?post=1464"},{"taxonomy":"product_tag","embeddable":true,"href":"https:\/\/www.medcoll.com.br\/en\/wp-json\/wp\/v2\/product_tag?post=1464"}],"curies":[{"name":"wp","href":"https:\/\/api.w.org\/{rel}","templated":true}]}}