{"id":1470,"date":"2026-02-07T20:52:15","date_gmt":"2026-02-07T23:52:15","guid":{"rendered":"https:\/\/www.medcoll.com.br\/?post_type=product&#038;p=1470"},"modified":"2026-02-07T20:52:16","modified_gmt":"2026-02-07T23:52:16","slug":"cadeira-de-banho-higienica-dobravel-e-desmontavel-ate-120-kg-d40-dellamed","status":"publish","type":"product","link":"https:\/\/www.medcoll.com.br\/en\/product\/cadeira-de-banho-higienica-dobravel-e-desmontavel-ate-120-kg-d40-dellamed\/","title":{"rendered":"Cadeira de Banho Higi\u00eanica Dobr\u00e1vel e Desmont\u00e1vel at\u00e9 120 Kg D40 Dellamed"},"content":{"rendered":"<section id=\"ProdBlock\" class=\"product-tabs product-tabs--abas\">\n<div id=\"descricao\" class=\"prodBox product__description\">\n<div class=\"product__board\">\n<p><strong>Multifuncional, segura e confort\u00e1vel<\/strong><\/p>\n<p>A Cadeira de Banho D40 Dellamed \u00e9 uma solu\u00e7\u00e3o multifuncional projetada para atender \u00e0s necessidades de adultos e idosos com mobilidade reduzida. Al\u00e9m de oferecer conforto durante o banho, tamb\u00e9m pode ser utilizada como apoio sobre o vaso sanit\u00e1rio e possui suporte para comadre, garantindo praticidade e higiene.<\/p>\n<p>Equipada com 4 rodas, a D40 proporciona facilidade de locomo\u00e7\u00e3o, mesmo em espa\u00e7os internos compactos, tornando-a ideal para ambientes geri\u00e1tricos. Sua estrutura\u00a0dobr\u00e1vel e desmont\u00e1vel em a\u00e7o \u00e9 resistente, ao mesmo tempo em que facilita o armazenamento ap\u00f3s o uso. Com apoio de bra\u00e7os ergon\u00f4mico, bra\u00e7os escamote\u00e1veis, encosto em corino e apoio de p\u00e9s remov\u00edvel, a cadeira\u00a0sanit\u00e1ria\u00a0D40 oferece conforto e seguran\u00e7a em todas as suas funcionalidades.<\/p>\n<p>&nbsp;<\/p>\n<p>&nbsp;<\/p>\n<h3><strong>Diferenciais<\/strong><\/h3>\n<p>&nbsp;<\/p>\n<ul>\n<li>Suporta at\u00e9 120kg;<\/li>\n<li>Tr\u00eas em um: banho, suporte para comadre\u00a0e sobrevaso;<\/li>\n<li>Conta com bra\u00e7os ajust\u00e1veis para cima, facilitando a entrada e sa\u00edda do usu\u00e1rio, tornando o uso mais pr\u00e1tico e confort\u00e1vel;<\/li>\n<li>Estrutura em a\u00e7o carbono, oferecendo maior robustez e durabilidade;<\/li>\n<li>Rod\u00edzios 360\u00ba permitem mobilidade total em ambientes com espa\u00e7o reduzido;<\/li>\n<li>Excelente custo-benef\u00edcio.<\/li>\n<\/ul>\n<p>&nbsp;<\/p>\n<p>&nbsp;<\/p>\n<h3><strong>Caracter\u00edsticas<\/strong><\/h3>\n<p>&nbsp;<\/p>\n<ul>\n<li><span style=\"font-family: arial, helvetica, sans-serif;\">Dobr\u00e1vel e desmont\u00e1vel;<\/span><\/li>\n<li><span style=\"font-family: arial, helvetica, sans-serif;\">F\u00e1cil de montar;<\/span><\/li>\n<li><span style=\"font-family: arial, helvetica, sans-serif;\">Apoios ergon\u00f4micos para os bra\u00e7os;<\/span><\/li>\n<li><span style=\"font-family: arial, helvetica, sans-serif;\">Pintura ep\u00f3xi de alta resist\u00eancia;<\/span><\/li>\n<li><span style=\"font-family: arial, helvetica, sans-serif;\">Possui suporte para comadre.<\/span><\/li>\n<\/ul>\n<p>&nbsp;<\/p>\n<p>&nbsp;<\/p>\n<h3><strong>Especifica\u00e7\u00f5es T\u00e9cnicas<\/strong>:<\/h3>\n<table border=\"1\" cellspacing=\"1\" cellpadding=\"1\">\n<tbody>\n<tr>\n<td><strong>Dimens\u00f5es (CxLxA)<\/strong><\/td>\n<td><strong>93,5 x\u00a059,5 x\u00a066 cm<\/strong><\/td>\n<\/tr>\n<tr>\n<td><strong>Altura do Assento at\u00e9 o ch\u00e3o<\/strong><\/td>\n<td><strong>51,5 cm<\/strong><\/td>\n<\/tr>\n<tr>\n<td><strong>Espa\u00e7o interno entre os apoios de bra\u00e7o<\/strong><\/td>\n<td><strong>50 cm<\/strong><\/td>\n<\/tr>\n<tr>\n<td><strong>Profundidade x Largura do Assento<\/strong><\/td>\n<td><strong>39 x 38 cm<\/strong><\/td>\n<\/tr>\n<tr>\n<td><strong>Capacidade de Peso<\/strong><\/td>\n<td><strong>120 kg<\/strong><\/td>\n<\/tr>\n<tr>\n<td><strong>Peso l\u00edquido da Cadeira<\/strong><\/td>\n<td><strong>6,15 kg<\/strong><\/td>\n<\/tr>\n<tr>\n<td><strong>Dimens\u00f5es Caixa<\/strong><\/td>\n<td><strong>52 x 18 x 46 cm<\/strong><\/td>\n<\/tr>\n<tr>\n<td><strong>Peso Bruto da Caixa<\/strong><\/td>\n<td><strong>6,5 kg<\/strong><\/td>\n<\/tr>\n<\/tbody>\n<\/table>\n<h3><\/h3>\n<h3><strong>Conte\u00fado da Embalagem<\/strong><\/h3>\n<p>&nbsp;<\/p>\n<ul>\n<li>1 cadeira de banho D40;<\/li>\n<li>Manual de instru\u00e7\u00f5es.<\/li>\n<\/ul>\n<p>&nbsp;<\/p>\n<p>&nbsp;<\/p>\n<h3><strong>Garantia<\/strong><\/h3>\n<ul>\n<li>6 meses para a estrutura e 3 meses de garantia legal para os demais componentes.<\/li>\n<\/ul>\n<\/div>\n<\/div>\n<\/section>\n<div id=\"prognoos_lsi\"><\/div>","protected":false},"excerpt":{"rendered":"<p>A Cadeira de Banho D40 Dellamed \u00e9 uma solu\u00e7\u00e3o multifuncional projetada para atender \u00e0s necessidades de adultos e idosos com mobilidade reduzida. Al\u00e9m de oferecer conforto durante o banho, tamb\u00e9m pode ser utilizada como apoio sobre o vaso sanit\u00e1rio e possui suporte para comadre, garantindo praticidade e higiene.<\/p>","protected":false},"featured_media":1475,"comment_status":"open","ping_status":"closed","template":"","meta":{"site-sidebar-layout":"default","site-content-layout":"","ast-site-content-layout":"default","site-content-style":"default","site-sidebar-style":"default","ast-global-header-display":"","ast-banner-title-visibility":"","ast-main-header-display":"","ast-hfb-above-header-display":"","ast-hfb-below-header-display":"","ast-hfb-mobile-header-display":"","site-post-title":"","ast-breadcrumbs-content":"","ast-featured-img":"","footer-sml-layout":"","ast-disable-related-posts":"","theme-transparent-header-meta":"default","adv-header-id-meta":"","stick-header-meta":"","header-above-stick-meta":"","header-main-stick-meta":"","header-below-stick-meta":"","astra-migrate-meta-layouts":"set","ast-page-background-enabled":"default","ast-page-background-meta":{"desktop":{"background-color":"var(--ast-global-color-4)","background-image":"","background-repeat":"repeat","background-position":"center center","background-size":"auto","background-attachment":"scroll","background-type":"","background-media":"","overlay-type":"","overlay-color":"","overlay-opacity":"","overlay-gradient":""},"tablet":{"background-color":"","background-image":"","background-repeat":"repeat","background-position":"center center","background-size":"auto","background-attachment":"scroll","background-type":"","background-media":"","overlay-type":"","overlay-color":"","overlay-opacity":"","overlay-gradient":""},"mobile":{"background-color":"","background-image":"","background-repeat":"repeat","background-position":"center center","background-size":"auto","background-attachment":"scroll","background-type":"","background-media":"","overlay-type":"","overlay-color":"","overlay-opacity":"","overlay-gradient":""}},"ast-content-background-meta":{"desktop":{"background-color":"var(--ast-global-color-5)","background-image":"","background-repeat":"repeat","background-position":"center center","background-size":"auto","background-attachment":"scroll","background-type":"","background-media":"","overlay-type":"","overlay-color":"","overlay-opacity":"","overlay-gradient":""},"tablet":{"background-color":"var(--ast-global-color-5)","background-image":"","background-repeat":"repeat","background-position":"center center","background-size":"auto","background-attachment":"scroll","background-type":"","background-media":"","overlay-type":"","overlay-color":"","overlay-opacity":"","overlay-gradient":""},"mobile":{"background-color":"var(--ast-global-color-5)","background-image":"","background-repeat":"repeat","background-position":"center center","background-size":"auto","background-attachment":"scroll","background-type":"","background-media":"","overlay-type":"","overlay-color":"","overlay-opacity":"","overlay-gradient":""}}},"product_brand":[],"product_cat":[144,142,160],"product_tag":[],"class_list":{"0":"post-1470","1":"product","2":"type-product","3":"status-publish","4":"has-post-thumbnail","6":"product_cat-cadeira-de-banho","7":"product_cat-cadeiras","8":"product_cat-dellamed","9":"desktop-align-left","10":"tablet-align-left","11":"mobile-align-left","13":"first","14":"instock","15":"taxable","16":"shipping-taxable","17":"product-type-simple"},"_links":{"self":[{"href":"https:\/\/www.medcoll.com.br\/en\/wp-json\/wp\/v2\/product\/1470","targetHints":{"allow":["GET"]}}],"collection":[{"href":"https:\/\/www.medcoll.com.br\/en\/wp-json\/wp\/v2\/product"}],"about":[{"href":"https:\/\/www.medcoll.com.br\/en\/wp-json\/wp\/v2\/types\/product"}],"replies":[{"embeddable":true,"href":"https:\/\/www.medcoll.com.br\/en\/wp-json\/wp\/v2\/comments?post=1470"}],"version-history":[{"count":1,"href":"https:\/\/www.medcoll.com.br\/en\/wp-json\/wp\/v2\/product\/1470\/revisions"}],"predecessor-version":[{"id":1476,"href":"https:\/\/www.medcoll.com.br\/en\/wp-json\/wp\/v2\/product\/1470\/revisions\/1476"}],"wp:featuredmedia":[{"embeddable":true,"href":"https:\/\/www.medcoll.com.br\/en\/wp-json\/wp\/v2\/media\/1475"}],"wp:attachment":[{"href":"https:\/\/www.medcoll.com.br\/en\/wp-json\/wp\/v2\/media?parent=1470"}],"wp:term":[{"taxonomy":"product_brand","embeddable":true,"href":"https:\/\/www.medcoll.com.br\/en\/wp-json\/wp\/v2\/product_brand?post=1470"},{"taxonomy":"product_cat","embeddable":true,"href":"https:\/\/www.medcoll.com.br\/en\/wp-json\/wp\/v2\/product_cat?post=1470"},{"taxonomy":"product_tag","embeddable":true,"href":"https:\/\/www.medcoll.com.br\/en\/wp-json\/wp\/v2\/product_tag?post=1470"}],"curies":[{"name":"wp","href":"https:\/\/api.w.org\/{rel}","templated":true}]}}