{"id":1477,"date":"2026-02-07T21:01:41","date_gmt":"2026-02-08T00:01:41","guid":{"rendered":"https:\/\/www.medcoll.com.br\/?post_type=product&#038;p=1477"},"modified":"2026-02-07T21:01:41","modified_gmt":"2026-02-08T00:01:41","slug":"andador-em-aluminio-3-em-1-d10-pop-dellamed","status":"publish","type":"product","link":"https:\/\/www.medcoll.com.br\/en\/product\/andador-em-aluminio-3-em-1-d10-pop-dellamed\/","title":{"rendered":"Andador em Alum\u00ednio 3 em 1 D10 Pop Dellamed"},"content":{"rendered":"<p><strong>Seguran\u00e7a, mobilidade e praticidade no seu dia a dia<\/strong><\/p>\n<p data-end=\"638\" data-start=\"447\">O Andador 3 em 1 D10 Pop Novo Dellamed \u00e9 indicado para oferecer apoio seguro, estabilidade e praticidade na locomo\u00e7\u00e3o de usu\u00e1rios que necessitam de suporte para caminhar com mais confian\u00e7a. Este modelo oferece 3 modalidades de uso \u2014 fixo, articulado e m\u00f3vel \u2014 e conta com 8 n\u00edveis de regulagem de altura por pino click, permitindo ajuste preciso conforme a estatura do usu\u00e1rio. O sistema de barra frontal com clique facilita o processo de dobragem, tornando o andador pr\u00e1tico para guardar e transportar.<\/p>\n<p data-end=\"638\" data-start=\"447\">\n<p data-end=\"638\" data-start=\"447\">\n<p data-end=\"638\" data-start=\"447\">\n<p><strong data-end=\"1384\" data-start=\"1368\">Diferenciais<\/strong><\/p>\n<ul>\n<li data-end=\"1011\" data-start=\"949\">3 modos de uso: fixo, articulado e m\u00f3vel, em um \u00fanico produto.<\/li>\n<li data-end=\"1011\" data-start=\"949\">Sistema de barra frontal com clique para dobragem r\u00e1pida e pr\u00e1tica.<\/li>\n<li data-end=\"1011\" data-start=\"949\">Estrutura leve em alum\u00ednio e robusta com barra em a\u00e7o carbono.<\/li>\n<li data-end=\"1011\" data-start=\"949\">Manoplas anat\u00f4micas para maior conforto do usu\u00e1rio.<\/li>\n<li data-end=\"1011\" data-start=\"949\">Ponteiras em borracha que oferecem seguran\u00e7a e estabilidade.<\/li>\n<li data-end=\"1011\" data-start=\"949\">Compat\u00edvel com par de rodas opcional (vendido separadamente).<\/li>\n<\/ul>\n<p>&nbsp;<\/p>\n<p>&nbsp;<\/p>\n<p>&nbsp;<\/p>\n<p>&nbsp;<\/p>\n<p><strong>Caracter\u00edsticas<\/strong><\/p>\n<ul>\n<li data-end=\"1401\" data-start=\"1361\">Estrutura em alum\u00ednio fosco anodizado.<\/li>\n<li data-end=\"1401\" data-start=\"1361\">Barra dupla de conex\u00e3o e pernas em a\u00e7o carbono com pintura ep\u00f3xi cinza.<\/li>\n<li data-end=\"1401\" data-start=\"1361\">Manoplas em polipropileno.<\/li>\n<li data-end=\"1401\" data-start=\"1361\">Ponteiras em borracha.<\/li>\n<li data-end=\"1401\" data-start=\"1361\">Cor: cinza e alum\u00ednio fosco.<\/li>\n<li data-end=\"1401\" data-start=\"1361\">8 n\u00edveis de regulagem de altura com sistema pino click.<\/li>\n<li data-end=\"1401\" data-start=\"1361\">Produto dobr\u00e1vel para transporte e armazenamento f\u00e1cil.<\/li>\n<\/ul>\n<p>&nbsp;<\/p>\n<p>&nbsp;<\/p>\n<h3 data-end=\"1811\" data-start=\"1783\"><\/h3>\n<h3 data-end=\"1811\" data-start=\"1783\"><strong data-end=\"1811\" data-start=\"1787\">Informa\u00e7\u00f5es T\u00e9cnicas<\/strong><\/h3>\n<p data-end=\"1850\" data-start=\"1815\">\n<ul>\n<li data-end=\"1953\" data-start=\"1932\">Peso l\u00edquido: 2,5 kg<\/li>\n<li data-end=\"1953\" data-start=\"1932\">Capacidade de peso: suporta at\u00e9 130 kg<\/li>\n<li data-end=\"1953\" data-start=\"1932\">Dimens\u00f5es abertas (C x L x A): M\u00ednima 55 x 47,5 x 77 cm | M\u00e1xima 55 x 47,5 x 95 cm<\/li>\n<li data-end=\"1953\" data-start=\"1932\">Dimens\u00f5es dobrado (C x L x A): 48 x 10 x 95 cm<\/li>\n<li data-end=\"1953\" data-start=\"1932\">Medida do pacote individual: 59,5 x 53 x 11 cm<\/li>\n<li data-end=\"1953\" data-start=\"1932\">Modalidades: Fixo, articulado e m\u00f3vel<\/li>\n<li data-end=\"1953\" data-start=\"1932\">Altura m\u00ednima do andador: 77 cm<\/li>\n<li data-end=\"1953\" data-start=\"1932\">Altura m\u00e1xima do andador: 95 cm<\/li>\n<\/ul>\n<p>&nbsp;<\/p>\n<p>&nbsp;<\/p>\n<p>&nbsp;<\/p>\n<p><strong>Conte\u00fado da Embalagem<\/strong><\/p>\n<p>&nbsp;<\/p>\n<ul>\n<li>1 andador D10 POP Dellamed<\/li>\n<li>1 manual de instru\u00e7\u00f5es<\/li>\n<\/ul>\n<p>&nbsp;<\/p>\n<p>&nbsp;<\/p>\n<h3 data-end=\"3453\" data-start=\"3437\"><\/h3>\n<h3 data-end=\"3453\" data-start=\"3437\"><strong data-end=\"3453\" data-start=\"3441\">Garantia<\/strong><\/h3>\n<ul>\n<li data-end=\"3507\" data-start=\"3457\">Estrutura (alum\u00ednio e a\u00e7o carbono): 6 meses.<\/li>\n<li data-end=\"3507\" data-start=\"3457\">Componentes (ponteiras, manoplas e sistema de pino click fixo e m\u00f3vel): 3 meses.<\/li>\n<\/ul>\n<p>&nbsp;<\/p>","protected":false},"excerpt":{"rendered":"<p data-end=\"638\" data-start=\"447\">O Andador 3 em 1 D10 Pop Novo Dellamed \u00e9 indicado para oferecer apoio seguro, estabilidade e praticidade na locomo\u00e7\u00e3o de usu\u00e1rios que necessitam de suporte para caminhar com mais confian\u00e7a. Este modelo oferece 3 modalidades de uso \u2014 fixo, articulado e m\u00f3vel \u2014 e conta com 8 n\u00edveis de regulagem de altura por pino click, permitindo ajuste preciso conforme a estatura do usu\u00e1rio. O sistema de barra frontal com clique facilita o processo de dobragem, tornando o andador pr\u00e1tico para guardar e transportar.<\/p>\n<p data-end=\"638\" data-start=\"447\">","protected":false},"featured_media":1480,"comment_status":"open","ping_status":"closed","template":"","meta":{"site-sidebar-layout":"default","site-content-layout":"","ast-site-content-layout":"default","site-content-style":"default","site-sidebar-style":"default","ast-global-header-display":"","ast-banner-title-visibility":"","ast-main-header-display":"","ast-hfb-above-header-display":"","ast-hfb-below-header-display":"","ast-hfb-mobile-header-display":"","site-post-title":"","ast-breadcrumbs-content":"","ast-featured-img":"","footer-sml-layout":"","ast-disable-related-posts":"","theme-transparent-header-meta":"default","adv-header-id-meta":"","stick-header-meta":"","header-above-stick-meta":"","header-main-stick-meta":"","header-below-stick-meta":"","astra-migrate-meta-layouts":"set","ast-page-background-enabled":"default","ast-page-background-meta":{"desktop":{"background-color":"var(--ast-global-color-4)","background-image":"","background-repeat":"repeat","background-position":"center center","background-size":"auto","background-attachment":"scroll","background-type":"","background-media":"","overlay-type":"","overlay-color":"","overlay-opacity":"","overlay-gradient":""},"tablet":{"background-color":"","background-image":"","background-repeat":"repeat","background-position":"center center","background-size":"auto","background-attachment":"scroll","background-type":"","background-media":"","overlay-type":"","overlay-color":"","overlay-opacity":"","overlay-gradient":""},"mobile":{"background-color":"","background-image":"","background-repeat":"repeat","background-position":"center center","background-size":"auto","background-attachment":"scroll","background-type":"","background-media":"","overlay-type":"","overlay-color":"","overlay-opacity":"","overlay-gradient":""}},"ast-content-background-meta":{"desktop":{"background-color":"var(--ast-global-color-5)","background-image":"","background-repeat":"repeat","background-position":"center center","background-size":"auto","background-attachment":"scroll","background-type":"","background-media":"","overlay-type":"","overlay-color":"","overlay-opacity":"","overlay-gradient":""},"tablet":{"background-color":"var(--ast-global-color-5)","background-image":"","background-repeat":"repeat","background-position":"center center","background-size":"auto","background-attachment":"scroll","background-type":"","background-media":"","overlay-type":"","overlay-color":"","overlay-opacity":"","overlay-gradient":""},"mobile":{"background-color":"var(--ast-global-color-5)","background-image":"","background-repeat":"repeat","background-position":"center center","background-size":"auto","background-attachment":"scroll","background-type":"","background-media":"","overlay-type":"","overlay-color":"","overlay-opacity":"","overlay-gradient":""}}},"product_brand":[],"product_cat":[140,138],"product_tag":[],"class_list":{"0":"post-1477","1":"product","2":"type-product","3":"status-publish","4":"has-post-thumbnail","6":"product_cat-andadores","7":"product_cat-mobilidade","8":"desktop-align-left","9":"tablet-align-left","10":"mobile-align-left","12":"first","13":"instock","14":"taxable","15":"shipping-taxable","16":"product-type-simple"},"_links":{"self":[{"href":"https:\/\/www.medcoll.com.br\/en\/wp-json\/wp\/v2\/product\/1477","targetHints":{"allow":["GET"]}}],"collection":[{"href":"https:\/\/www.medcoll.com.br\/en\/wp-json\/wp\/v2\/product"}],"about":[{"href":"https:\/\/www.medcoll.com.br\/en\/wp-json\/wp\/v2\/types\/product"}],"replies":[{"embeddable":true,"href":"https:\/\/www.medcoll.com.br\/en\/wp-json\/wp\/v2\/comments?post=1477"}],"version-history":[{"count":1,"href":"https:\/\/www.medcoll.com.br\/en\/wp-json\/wp\/v2\/product\/1477\/revisions"}],"predecessor-version":[{"id":1482,"href":"https:\/\/www.medcoll.com.br\/en\/wp-json\/wp\/v2\/product\/1477\/revisions\/1482"}],"wp:featuredmedia":[{"embeddable":true,"href":"https:\/\/www.medcoll.com.br\/en\/wp-json\/wp\/v2\/media\/1480"}],"wp:attachment":[{"href":"https:\/\/www.medcoll.com.br\/en\/wp-json\/wp\/v2\/media?parent=1477"}],"wp:term":[{"taxonomy":"product_brand","embeddable":true,"href":"https:\/\/www.medcoll.com.br\/en\/wp-json\/wp\/v2\/product_brand?post=1477"},{"taxonomy":"product_cat","embeddable":true,"href":"https:\/\/www.medcoll.com.br\/en\/wp-json\/wp\/v2\/product_cat?post=1477"},{"taxonomy":"product_tag","embeddable":true,"href":"https:\/\/www.medcoll.com.br\/en\/wp-json\/wp\/v2\/product_tag?post=1477"}],"curies":[{"name":"wp","href":"https:\/\/api.w.org\/{rel}","templated":true}]}}