{"id":1483,"date":"2026-02-07T21:12:17","date_gmt":"2026-02-08T00:12:17","guid":{"rendered":"https:\/\/www.medcoll.com.br\/?post_type=product&#038;p=1483"},"modified":"2026-02-07T21:12:17","modified_gmt":"2026-02-08T00:12:17","slug":"colchao-pneumatico-para-tratamento-de-escaras-ate-135-kg-air-plus-dellamed","status":"publish","type":"product","link":"https:\/\/www.medcoll.com.br\/en\/product\/colchao-pneumatico-para-tratamento-de-escaras-ate-135-kg-air-plus-dellamed\/","title":{"rendered":"Colch\u00e3o Pneum\u00e1tico para Tratamento de Escaras at\u00e9 135 Kg Air Plus Dellamed"},"content":{"rendered":"<h2><strong>Preven\u00e7\u00e3o contra escaras, imperme\u00e1vel e baixo consumo de energia.<\/strong><\/h2>\n<h2>O Colch\u00e3o Pneum\u00e1tico Air Plus da Dellamed \u00e9 uma solu\u00e7\u00e3o avan\u00e7ada para a preven\u00e7\u00e3o e tratamento de les\u00f5es por press\u00e3o e escaras em pacientes acamados. Seu moderno sistema de al\u00edvio de press\u00e3o alternada sobre as \u00e1reas do corpo proporciona um cuidado superior. A tecnologia do colch\u00e3o pneum\u00e1tico Air Plus permite que diferentes \u00e1reas do corpo estejam em contato com c\u00e9lulas variadas do colch\u00e3o, alternando os graus de press\u00e3o e minimizando os picos de press\u00e3o, protegendo assim as zonas de risco nos pacientes. Fabricado com materiais que evitam odores, umidade e mofo, garante uma higieniza\u00e7\u00e3o eficaz. Al\u00e9m disso, \u00e9 imperme\u00e1vel, possui baixo consumo de energia e foi projetado para suportar o uso cont\u00ednuo 24 horas por dia. Este colch\u00e3o \u00e9 uma escolha ideal para ambientes hospitalares e domiciliares que requerem cuidados especializados para preven\u00e7\u00e3o de escaras e les\u00f5es por press\u00e3o.<\/h2>\n<p>&nbsp;<\/p>\n<p>&nbsp;<\/p>\n<h3><strong>Diferenciais<\/strong><\/h3>\n<ul>\n<li>Suporta at\u00e9 135 Kg<\/li>\n<li>Com tecnologia Super Clean, garante a melhor higieniza\u00e7\u00e3o. Livre de odores e umidade<\/li>\n<li>O mais silencioso da categoria<\/li>\n<li>N\u00e3o gera interfer\u00eancia el\u00e9trica em marca-passos<\/li>\n<li>Livre de restri\u00e7\u00f5es de sa\u00fade.<\/li>\n<li>Seu sistema reduz a press\u00e3o nas \u00e1reas do corpo, oferecendo mais conforto e cuidado.<\/li>\n<li>Menos de R$ 5,00 por m\u00eas no consumo energ\u00e9tico. Funciona conectado \u00e0 energia el\u00e9trica.<\/li>\n<\/ul>\n<p>&nbsp;<\/p>\n<p>&nbsp;<\/p>\n<h3><strong>Caracter\u00edsticas<\/strong><\/h3>\n<p>&nbsp;<\/p>\n<ul>\n<li>Sem interfer\u00eancia el\u00e9trica com marcapassos;<\/li>\n<li>Distribui\u00e7\u00e3o efetiva da press\u00e3o;<\/li>\n<li>Tempo inicial de 15 minutos para inflar;<\/li>\n<li>Ciclo total de 10-12 minutos, 5-6 minutos para inflar e 5-6 minutos para desinflar;<\/li>\n<li>130 c\u00e9lulas divididas em 2 grupos intercalados em fileiras, com ciclos diferentes de enchimento para cada grupo;<\/li>\n<li>Cor: Bege<\/li>\n<\/ul>\n<p>&nbsp;<\/p>\n<p>&nbsp;<\/p>\n<h3><strong>Especifica\u00e7\u00f5es T\u00e9cnicas<\/strong><\/h3>\n<table border=\"1\" cellspacing=\"1\" cellpadding=\"1\">\n<tbody>\n<tr>\n<td><strong>Dimens\u00f5es do Colch\u00e3o Inflado &#8211; CxLxA<\/strong><\/td>\n<td><strong>230 x 90 x 7 cm<\/strong><\/td>\n<\/tr>\n<tr>\n<td><strong>Peso l\u00edquido c\/ Compressor<\/strong><\/td>\n<td><strong>2,60 kg<\/strong><\/td>\n<\/tr>\n<tr>\n<td><strong>Press\u00e3o de sa\u00edda<\/strong><\/td>\n<td><strong>70 a 130mmHG<\/strong><\/td>\n<\/tr>\n<tr>\n<td><strong>Volume de ar<\/strong><\/td>\n<td><strong>6 &#8211; 7 L\/min<\/strong><\/td>\n<\/tr>\n<tr>\n<td><strong>Pot\u00eancia e Frequ\u00eancia do motor<\/strong><\/td>\n<td><strong>10 VA \/ 60 Hz<\/strong><\/td>\n<\/tr>\n<tr>\n<td><strong>Dimens\u00f5es Caixa<\/strong><\/td>\n<td><strong>25 x 17 x 16 cm<\/strong><\/td>\n<\/tr>\n<tr>\n<td><strong>Peso Bruto da Caixa<\/strong><\/td>\n<td><strong>2,8 kg<\/strong><\/td>\n<\/tr>\n<\/tbody>\n<\/table>\n<p>&nbsp;<\/p>\n<h3><strong>Conte\u00fado da Embalagem<\/strong><\/h3>\n<p>&nbsp;<\/p>\n<ul>\n<li>1 Motor\/bomba el\u00e9trica com unidade de controle integrada, com prote\u00e7\u00e3o\u00a0IP21 (contra condensa\u00e7\u00e3o), com al\u00e7a dupla para pendurar na cama ou apoiar\u00a0em bancada;<\/li>\n<li>1 Cabo de alimenta\u00e7\u00e3o de 1,5m;<\/li>\n<li>1 Colch\u00e3o de ar em PVC resistente, imperme\u00e1vel e de f\u00e1cil higieniza\u00e7\u00e3o;<\/li>\n<li>1 Mangueira dupla de conex\u00e3o motor\/colch\u00e3o;<\/li>\n<li>1 Kit de reparo do colch\u00e3o;<\/li>\n<\/ul>\n<p>&nbsp;<\/p>\n<p>&nbsp;<\/p>\n<h3><strong>Garantia<\/strong><\/h3>\n<p>&nbsp;<\/p>\n<p>6 meses no colch\u00e3o ( incluso os 3 meses de garantia legal)<\/p>\n<p>6 meses nos demais componentes ( incluso os 3 meses de garantia legal)<\/p>\n<p>24 meses para o motor ( incluso os 3 meses de garantia legal)<\/p>\n<p>&nbsp;<\/p>\n<p>&nbsp;<\/p>\n<p>&nbsp;<\/p>\n<p><strong>D\u00daVIDAS FREQUENTES<\/strong><\/p>\n<p>&nbsp;<\/p>\n<ul>\n<li><strong>Como funciona o Colch\u00e3o Pneum\u00e1tico Air Plus e quais cuidados devem ser seguidos antes do in\u00edcio do uso pelo paciente?<\/strong><\/li>\n<\/ul>\n<p>Assim que o produto for montado, antes do paciente come\u00e7ar a utiliz\u00e1-lo, \u00e9 importante seguir os seguintes passos:<\/p>\n<p>1. Ligue o motor e ajuste-o inicialmente para o n\u00edvel M\u00c1XIMO. Isso permitir\u00e1 que o colch\u00e3o infle completamente.<br \/>\n2. Ap\u00f3s estar totalmente inflado, ajuste o n\u00edvel de press\u00e3o de acordo com o peso e necessidade do paciente.<br \/>\n3. O colch\u00e3o ir\u00e1 funcionar em um ciclo autom\u00e1tico de infla\u00e7\u00e3o e desinfla\u00e7\u00e3o a cada 5 a 6 minutos, promovendo o al\u00edvio da press\u00e3o e maior conforto ao paciente.<\/p>\n<p>&nbsp;<\/p>\n<p>&nbsp;<\/p>\n<ul>\n<li><strong>Em qual dos n\u00edveis do motor devo deixar?<\/strong><\/li>\n<\/ul>\n<p>O motor do colch\u00e3o possui n\u00edveis de 1 a 5, que devem ser ajustados conforme o peso do paciente. Quanto maior o peso, maior deve ser o n\u00edvel selecionado, pois o colch\u00e3o precisar\u00e1 estar mais firme para garantir o suporte adequado.<\/p>\n<p>Use a tabela abaixo como refer\u00eancia:<\/p>\n<p>&#8211; N\u00edvel 01: 30 a 50 kg<br \/>\n&#8211; N\u00edvel 02: 50 a 70 kg<br \/>\n&#8211; N\u00edvel 03: 70 a 90 kg<br \/>\n&#8211; N\u00edvel 04: 90 a 110 kg<br \/>\n&#8211; N\u00edvel 05: 110 a 135 kg<\/p>\n<p>Aten\u00e7\u00e3o: Observe a pele do paciente. Se houver marcas ou vermelhid\u00e3o, o n\u00edvel de press\u00e3o pode estar muito alto. Nesse caso, reduza o n\u00edvel gradualmente at\u00e9 encontrar o ajuste ideal para o conforto e seguran\u00e7a do paciente.<\/p>","protected":false},"excerpt":{"rendered":"<h5>O Colch\u00e3o Pneum\u00e1tico Air Plus da Dellamed \u00e9 uma solu\u00e7\u00e3o avan\u00e7ada para a preven\u00e7\u00e3o e tratamento de les\u00f5es por press\u00e3o e escaras em pacientes acamados. Seu moderno sistema de al\u00edvio de press\u00e3o alternada sobre as \u00e1reas do corpo proporciona um cuidado superior. A tecnologia do colch\u00e3o pneum\u00e1tico Air Plus permite que diferentes \u00e1reas do corpo estejam em contato com c\u00e9lulas variadas do colch\u00e3o, alternando os graus de press\u00e3o e minimizando os picos de press\u00e3o, protegendo assim as zonas de risco nos pacientes.<\/h5>","protected":false},"featured_media":1487,"comment_status":"open","ping_status":"closed","template":"","meta":{"site-sidebar-layout":"default","site-content-layout":"","ast-site-content-layout":"default","site-content-style":"default","site-sidebar-style":"default","ast-global-header-display":"","ast-banner-title-visibility":"","ast-main-header-display":"","ast-hfb-above-header-display":"","ast-hfb-below-header-display":"","ast-hfb-mobile-header-display":"","site-post-title":"","ast-breadcrumbs-content":"","ast-featured-img":"","footer-sml-layout":"","ast-disable-related-posts":"","theme-transparent-header-meta":"default","adv-header-id-meta":"","stick-header-meta":"","header-above-stick-meta":"","header-main-stick-meta":"","header-below-stick-meta":"","astra-migrate-meta-layouts":"set","ast-page-background-enabled":"default","ast-page-background-meta":{"desktop":{"background-color":"var(--ast-global-color-4)","background-image":"","background-repeat":"repeat","background-position":"center center","background-size":"auto","background-attachment":"scroll","background-type":"","background-media":"","overlay-type":"","overlay-color":"","overlay-opacity":"","overlay-gradient":""},"tablet":{"background-color":"","background-image":"","background-repeat":"repeat","background-position":"center center","background-size":"auto","background-attachment":"scroll","background-type":"","background-media":"","overlay-type":"","overlay-color":"","overlay-opacity":"","overlay-gradient":""},"mobile":{"background-color":"","background-image":"","background-repeat":"repeat","background-position":"center center","background-size":"auto","background-attachment":"scroll","background-type":"","background-media":"","overlay-type":"","overlay-color":"","overlay-opacity":"","overlay-gradient":""}},"ast-content-background-meta":{"desktop":{"background-color":"var(--ast-global-color-5)","background-image":"","background-repeat":"repeat","background-position":"center center","background-size":"auto","background-attachment":"scroll","background-type":"","background-media":"","overlay-type":"","overlay-color":"","overlay-opacity":"","overlay-gradient":""},"tablet":{"background-color":"var(--ast-global-color-5)","background-image":"","background-repeat":"repeat","background-position":"center center","background-size":"auto","background-attachment":"scroll","background-type":"","background-media":"","overlay-type":"","overlay-color":"","overlay-opacity":"","overlay-gradient":""},"mobile":{"background-color":"var(--ast-global-color-5)","background-image":"","background-repeat":"repeat","background-position":"center center","background-size":"auto","background-attachment":"scroll","background-type":"","background-media":"","overlay-type":"","overlay-color":"","overlay-opacity":"","overlay-gradient":""}}},"product_brand":[],"product_cat":[155,121],"product_tag":[],"class_list":{"0":"post-1483","1":"product","2":"type-product","3":"status-publish","4":"has-post-thumbnail","6":"product_cat-anti-escaras","7":"product_cat-conforto","8":"desktop-align-left","9":"tablet-align-left","10":"mobile-align-left","12":"first","13":"instock","14":"taxable","15":"shipping-taxable","16":"product-type-simple"},"_links":{"self":[{"href":"https:\/\/www.medcoll.com.br\/en\/wp-json\/wp\/v2\/product\/1483","targetHints":{"allow":["GET"]}}],"collection":[{"href":"https:\/\/www.medcoll.com.br\/en\/wp-json\/wp\/v2\/product"}],"about":[{"href":"https:\/\/www.medcoll.com.br\/en\/wp-json\/wp\/v2\/types\/product"}],"replies":[{"embeddable":true,"href":"https:\/\/www.medcoll.com.br\/en\/wp-json\/wp\/v2\/comments?post=1483"}],"version-history":[{"count":1,"href":"https:\/\/www.medcoll.com.br\/en\/wp-json\/wp\/v2\/product\/1483\/revisions"}],"predecessor-version":[{"id":1488,"href":"https:\/\/www.medcoll.com.br\/en\/wp-json\/wp\/v2\/product\/1483\/revisions\/1488"}],"wp:featuredmedia":[{"embeddable":true,"href":"https:\/\/www.medcoll.com.br\/en\/wp-json\/wp\/v2\/media\/1487"}],"wp:attachment":[{"href":"https:\/\/www.medcoll.com.br\/en\/wp-json\/wp\/v2\/media?parent=1483"}],"wp:term":[{"taxonomy":"product_brand","embeddable":true,"href":"https:\/\/www.medcoll.com.br\/en\/wp-json\/wp\/v2\/product_brand?post=1483"},{"taxonomy":"product_cat","embeddable":true,"href":"https:\/\/www.medcoll.com.br\/en\/wp-json\/wp\/v2\/product_cat?post=1483"},{"taxonomy":"product_tag","embeddable":true,"href":"https:\/\/www.medcoll.com.br\/en\/wp-json\/wp\/v2\/product_tag?post=1483"}],"curies":[{"name":"wp","href":"https:\/\/api.w.org\/{rel}","templated":true}]}}