{"id":1489,"date":"2026-02-07T21:47:08","date_gmt":"2026-02-08T00:47:08","guid":{"rendered":"https:\/\/www.medcoll.com.br\/?post_type=product&#038;p=1489"},"modified":"2026-02-07T21:47:44","modified_gmt":"2026-02-08T00:47:44","slug":"cama-hospitalar-dx2-2-movimentos-ate-180-kg-dellamed","status":"publish","type":"product","link":"https:\/\/www.medcoll.com.br\/en\/product\/cama-hospitalar-dx2-2-movimentos-ate-180-kg-dellamed\/","title":{"rendered":"Cama Hospitalar DX2 2 Movimentos at\u00e9 180 Kg Dellamed"},"content":{"rendered":"<section id=\"ProdBlock\" class=\"product-tabs product-tabs--abas\">\n<div id=\"descricao\" class=\"prodBox product__description\">\n<div class=\"product__board\">\n<h2><strong>Confort\u00e1vel, 5 posi\u00e7\u00f5es e melhor custo benef\u00edcio.<\/strong><\/h2>\n<h2>A Cama de 2 Movimentos Dellamed \u00e9 uma escolha ideal para pessoas que est\u00e3o acamadas ou que necessitam passar longos per\u00edodos deitadas. Equipada com grade de prote\u00e7\u00e3o para garantir a seguran\u00e7a do paciente, a cama DX oferece durabilidade e estabilidade. Seu sistema deslizante silencioso, acionado por duas manivelas manuais, permite ajustar confortavelmente a posi\u00e7\u00e3o da cama conforme as necessidades do usu\u00e1rio, oferecendo at\u00e9 5 posi\u00e7\u00f5es diferentes. Essa cama \u00e9 especialmente projetada para facilitar a circula\u00e7\u00e3o sangu\u00ednea, sendo uma op\u00e7\u00e3o recomendada para uso domiciliar e em ambientes hospitalares.<\/h2>\n<p>&nbsp;<\/p>\n<p>&nbsp;<\/p>\n<h3><strong>Diferenciais<\/strong><\/h3>\n<p>&nbsp;<\/p>\n<ul>\n<li>Capacidade: Suporte at\u00e9 180 kg<\/li>\n<li>Giro de 360\u00ba sobre o pr\u00f3prio eixo<\/li>\n<li>Peso inferior a 45 Kg<\/li>\n<li>Melhor custo benef\u00edcio<\/li>\n<li>Eixos com capa protetora que preserva a lubrifica\u00e7\u00e3o<\/li>\n<li>Pintura eletrost\u00e1tica ep\u00f3xi garante alta durabilidade e resist\u00eancia \u00e0 corros\u00e3o<\/li>\n<\/ul>\n<p>&nbsp;<\/p>\n<p>&nbsp;<\/p>\n<h3><strong>Caracter\u00edsticas<\/strong><\/h3>\n<p>&nbsp;<\/p>\n<ul>\n<li>Tem como objetivo fornecer um conforto maior para pacientes e profissionais.<\/li>\n<li>O equipamento conta com rodas para maior mobilidade em curtas dist\u00e2ncias para posicionamento do paciente.<\/li>\n<li>A pintura ep\u00f3xi garante maior durabilidade contra ferrugem e tem for finalidade aumentar a vida \u00fatil do produto.<\/li>\n<li>Composi\u00e7\u00e3o:\u00a0A\u00e7o carbono | pintura ep\u00f3xi \u2013 polipropileno<\/li>\n<li>Cor:\u00a0Estrutura: branca | Acabamentos: Azul<\/li>\n<\/ul>\n<p>&nbsp;<\/p>\n<h3><strong>Especifica\u00e7\u00f5es T\u00e9cnicas<\/strong><\/h3>\n<p>&nbsp;<\/p>\n<ul>\n<li>Comprimento Total: 190,5 cm<\/li>\n<li>Largura Total: 90 cm<\/li>\n<li>Altura Total: 64 cm<\/li>\n<li>Peso liquido: 45,1 kg<\/li>\n<li>Capacidade: Suporta at\u00e9 180 kg<\/li>\n<li>Altura da grade lateral erguida ao leito: 29,5 cm<\/li>\n<li>Largura e comprimento do leito (parte interna): 84 cm x 188 cm<\/li>\n<li>Medidas embalado C x L x A: 201 cm 94 cm 13 cm<\/li>\n<li>Peso bruto embalado: 47,3 kg<\/li>\n<\/ul>\n<p>&nbsp;<\/p>\n<h3><strong>Conte\u00fado da Embalagem<\/strong><\/h3>\n<p>&nbsp;<\/p>\n<ul>\n<li>1 cama DX2 Dellamed<\/li>\n<li>1 manual<\/li>\n<\/ul>\n<p>&nbsp;<\/p>\n<p>&nbsp;<\/p>\n<h3><strong>Garantia<\/strong><\/h3>\n<p>12 meses de garantia (incluso os 3 meses de garantia legal)<\/p>\n<p>&nbsp;<\/p>\n<\/div>\n<\/div>\n<\/section>\n<div id=\"prognoos_lsi\"><\/div>","protected":false},"excerpt":{"rendered":"<h6>A Cama de 2 Movimentos Dellamed \u00e9 uma escolha ideal para pessoas que est\u00e3o acamadas ou que necessitam passar longos per\u00edodos deitadas. Equipada com grade de prote\u00e7\u00e3o para garantir a seguran\u00e7a do paciente, a cama DX oferece durabilidade e estabilidade. Seu sistema deslizante silencioso, acionado por duas manivelas manuais, permite ajustar confortavelmente a posi\u00e7\u00e3o da cama conforme as necessidades do usu\u00e1rio, oferecendo at\u00e9 5 posi\u00e7\u00f5es diferentes. Essa cama \u00e9 especialmente projetada para facilitar a circula\u00e7\u00e3o sangu\u00ednea, sendo uma op\u00e7\u00e3o recomendada para uso domiciliar e em ambientes hospitalares.<\/h6>","protected":false},"featured_media":1492,"comment_status":"open","ping_status":"closed","template":"","meta":{"site-sidebar-layout":"default","site-content-layout":"","ast-site-content-layout":"default","site-content-style":"default","site-sidebar-style":"default","ast-global-header-display":"","ast-banner-title-visibility":"","ast-main-header-display":"","ast-hfb-above-header-display":"","ast-hfb-below-header-display":"","ast-hfb-mobile-header-display":"","site-post-title":"","ast-breadcrumbs-content":"","ast-featured-img":"","footer-sml-layout":"","ast-disable-related-posts":"","theme-transparent-header-meta":"default","adv-header-id-meta":"","stick-header-meta":"","header-above-stick-meta":"","header-main-stick-meta":"","header-below-stick-meta":"","astra-migrate-meta-layouts":"set","ast-page-background-enabled":"default","ast-page-background-meta":{"desktop":{"background-color":"var(--ast-global-color-4)","background-image":"","background-repeat":"repeat","background-position":"center center","background-size":"auto","background-attachment":"scroll","background-type":"","background-media":"","overlay-type":"","overlay-color":"","overlay-opacity":"","overlay-gradient":""},"tablet":{"background-color":"","background-image":"","background-repeat":"repeat","background-position":"center center","background-size":"auto","background-attachment":"scroll","background-type":"","background-media":"","overlay-type":"","overlay-color":"","overlay-opacity":"","overlay-gradient":""},"mobile":{"background-color":"","background-image":"","background-repeat":"repeat","background-position":"center center","background-size":"auto","background-attachment":"scroll","background-type":"","background-media":"","overlay-type":"","overlay-color":"","overlay-opacity":"","overlay-gradient":""}},"ast-content-background-meta":{"desktop":{"background-color":"var(--ast-global-color-5)","background-image":"","background-repeat":"repeat","background-position":"center center","background-size":"auto","background-attachment":"scroll","background-type":"","background-media":"","overlay-type":"","overlay-color":"","overlay-opacity":"","overlay-gradient":""},"tablet":{"background-color":"var(--ast-global-color-5)","background-image":"","background-repeat":"repeat","background-position":"center center","background-size":"auto","background-attachment":"scroll","background-type":"","background-media":"","overlay-type":"","overlay-color":"","overlay-opacity":"","overlay-gradient":""},"mobile":{"background-color":"var(--ast-global-color-5)","background-image":"","background-repeat":"repeat","background-position":"center center","background-size":"auto","background-attachment":"scroll","background-type":"","background-media":"","overlay-type":"","overlay-color":"","overlay-opacity":"","overlay-gradient":""}}},"product_brand":[],"product_cat":[168,137],"product_tag":[],"class_list":{"0":"post-1489","1":"product","2":"type-product","3":"status-publish","4":"has-post-thumbnail","6":"product_cat-camas","7":"product_cat-home-care","8":"desktop-align-left","9":"tablet-align-left","10":"mobile-align-left","12":"first","13":"instock","14":"taxable","15":"shipping-taxable","16":"product-type-simple"},"_links":{"self":[{"href":"https:\/\/www.medcoll.com.br\/en\/wp-json\/wp\/v2\/product\/1489","targetHints":{"allow":["GET"]}}],"collection":[{"href":"https:\/\/www.medcoll.com.br\/en\/wp-json\/wp\/v2\/product"}],"about":[{"href":"https:\/\/www.medcoll.com.br\/en\/wp-json\/wp\/v2\/types\/product"}],"replies":[{"embeddable":true,"href":"https:\/\/www.medcoll.com.br\/en\/wp-json\/wp\/v2\/comments?post=1489"}],"version-history":[{"count":1,"href":"https:\/\/www.medcoll.com.br\/en\/wp-json\/wp\/v2\/product\/1489\/revisions"}],"predecessor-version":[{"id":1498,"href":"https:\/\/www.medcoll.com.br\/en\/wp-json\/wp\/v2\/product\/1489\/revisions\/1498"}],"wp:featuredmedia":[{"embeddable":true,"href":"https:\/\/www.medcoll.com.br\/en\/wp-json\/wp\/v2\/media\/1492"}],"wp:attachment":[{"href":"https:\/\/www.medcoll.com.br\/en\/wp-json\/wp\/v2\/media?parent=1489"}],"wp:term":[{"taxonomy":"product_brand","embeddable":true,"href":"https:\/\/www.medcoll.com.br\/en\/wp-json\/wp\/v2\/product_brand?post=1489"},{"taxonomy":"product_cat","embeddable":true,"href":"https:\/\/www.medcoll.com.br\/en\/wp-json\/wp\/v2\/product_cat?post=1489"},{"taxonomy":"product_tag","embeddable":true,"href":"https:\/\/www.medcoll.com.br\/en\/wp-json\/wp\/v2\/product_tag?post=1489"}],"curies":[{"name":"wp","href":"https:\/\/api.w.org\/{rel}","templated":true}]}}