{"id":1500,"date":"2026-02-07T21:57:55","date_gmt":"2026-02-08T00:57:55","guid":{"rendered":"https:\/\/www.medcoll.com.br\/?post_type=product&#038;p=1500"},"modified":"2026-02-07T21:57:55","modified_gmt":"2026-02-08T00:57:55","slug":"cadeira-de-transferencia-multiuso-com-elevacao-eletronica-ate-135-kg-assento-485-cm-d80-dellamed","status":"publish","type":"product","link":"https:\/\/www.medcoll.com.br\/en\/product\/cadeira-de-transferencia-multiuso-com-elevacao-eletronica-ate-135-kg-assento-485-cm-d80-dellamed\/","title":{"rendered":"Cadeira de Transfer\u00eancia Multiuso com Eleva\u00e7\u00e3o Eletr\u00f4nica at\u00e9 135 Kg Assento 48,5 cm D80 Dellamed"},"content":{"rendered":"<section id=\"ProdBlock\" class=\"product-tabs product-tabs--abas\">\n<div id=\"descricao\" class=\"prodBox product__description\">\n<div class=\"product__board\">\n<h2><strong>3 em 1, Praticidade e Eletr\u00f4nica<\/strong><\/h2>\n<p>A Cadeira de Transfer\u00eancia D80 Dellamed \u00e9 uma solu\u00e7\u00e3o vers\u00e1til e resistente, especialmente projetada para atender \u00e0s necessidades de pessoas com mobilidade reduzida. Com capacidade para suportar at\u00e9 135 kg, esta cadeira apresenta um sistema de eleva\u00e7\u00e3o eletr\u00f4nica que facilita a transfer\u00eancia do usu\u00e1rio entre diferentes locais. Al\u00e9m disso, ela \u00e9 um verdadeiro 3\u00a0em 1, desempenhando as fun\u00e7\u00f5es de cadeira de transfer\u00eancia,\u00a0cadeira de transporte interno e sobre vaso, oferecendo praticidade e conforto em diversas situa\u00e7\u00f5es. Equipada com rodas com trava, proporciona seguran\u00e7a e estabilidade durante o uso, especialmente para acamados e cadeirantes. Este modelo de cadeira eletr\u00f4nica conta com a classifica\u00e7\u00e3o IP44, garantindo prote\u00e7\u00e3o contra respingos de \u00e1gua e assegurando durabilidade e seguran\u00e7a em ambientes \u00famidos.<\/p>\n<p>&nbsp;<\/p>\n<p>&nbsp;<\/p>\n<h3><strong>Diferenciais<\/strong><\/h3>\n<p>&nbsp;<\/p>\n<ul>\n<li>Capacidade: Suporta at\u00e9 135 kg<\/li>\n<li>Montagem r\u00e1pida e de f\u00e1cil transporte<\/li>\n<li>Conta com sistema el\u00e9trico que levanta\u00a0e abaixa a cadeira facilitando a rotina do cuidador<\/li>\n<li>Giro de 360\u00ba sobre o pr\u00f3prio eixo &#8211; maior acesso em locais pequenos<\/li>\n<li>3 em 1 : Cadeira de Transfer\u00eancia, transporte interno\u00a0e sobre vaso.<\/li>\n<li>Menor esfor\u00e7o f\u00edsico do cuidador<\/li>\n<li>Bateria de l\u00edtio com at\u00e9 180 ciclos entre cargas, maior durabilidade do mercado.<\/li>\n<\/ul>\n<p>&nbsp;<\/p>\n<p>&nbsp;<\/p>\n<h3><strong>Caracter\u00edsticas<\/strong><\/h3>\n<p>&nbsp;<\/p>\n<ul>\n<li>Composi\u00e7\u00e3o:\u00a0A\u00e7o carbono, pintura ep\u00f3xi, espuma r\u00edgida de poliuretano<\/li>\n<li>Cor:\u00a0Estrutura branca , assento e encosto em preto.<\/li>\n<li>Encosto para uso opcional.<\/li>\n<li>Menos esfor\u00e7o f\u00edsico do cuidador<\/li>\n<li>Conta com a IP44, que \u00e9 uma prote\u00e7\u00e3o contra respingos de \u00e1gua.<\/li>\n<li>O equipamento pode ser utilizado em ambientes pequenos, lugares aonde o nosso guincho D5000 n\u00e3o conseguiria acessar por exemplo.<\/li>\n<li>O produto mesmo parecendo complexo, cont\u00e9m apenas 12 pe\u00e7as para montagem.<\/li>\n<li>Montagem r\u00e1pida<\/li>\n<li>Bateria de l\u00edtio recarreg\u00e1vel<\/li>\n<li>4\u00a0rodas e\u00a0travas nas rodas traseiras<\/li>\n<\/ul>\n<p>&nbsp;<\/p>\n<p>&nbsp;<\/p>\n<h3><strong>Especifica\u00e7\u00f5es T\u00e9cnicas<\/strong><\/h3>\n<table border=\"1\" cellspacing=\"1\" cellpadding=\"1\">\n<tbody>\n<tr>\n<td><strong>Dimens\u00f5es (CxL)<\/strong><\/td>\n<td><strong>77 x\u00a054 cm<\/strong><\/td>\n<\/tr>\n<tr>\n<td><strong>Altura Cadeira M\u00edn\/Max<\/strong><\/td>\n<td><strong>99 \/\u00a0132 cm<\/strong><\/td>\n<\/tr>\n<tr>\n<td><strong>Altura Assento\u00a0M\u00edn\/Max<\/strong><\/td>\n<td><strong>40\u00a0\/ 73 cm<\/strong><\/td>\n<\/tr>\n<tr>\n<td><strong>Peso l\u00edquido da Cadeira<\/strong><\/td>\n<td><strong>26 kg<\/strong><\/td>\n<\/tr>\n<tr>\n<td><strong>Altura do ch\u00e3o a base inferior<\/strong><\/td>\n<td><strong>10 cm<\/strong><\/td>\n<\/tr>\n<tr>\n<td><strong>Capacidade de peso<\/strong><\/td>\n<td><strong>135 kg<\/strong><\/td>\n<\/tr>\n<tr>\n<td><strong>Dimens\u00f5es Caixa<\/strong><\/td>\n<td><strong>89 x 56 x 32 cm<\/strong><\/td>\n<\/tr>\n<tr>\n<td><strong>Peso Bruto da Caixa<\/strong><\/td>\n<td><strong>31 kg<\/strong><\/td>\n<\/tr>\n<\/tbody>\n<\/table>\n<p>&nbsp;<\/p>\n<h3><strong>Conte\u00fado da Embalagem<\/strong><\/h3>\n<p>&nbsp;<\/p>\n<ul>\n<li>1 cadeira de transfer\u00eancia D80 Dellamed<\/li>\n<li>1 manual<\/li>\n<\/ul>\n<p>&nbsp;<\/p>\n<p>&nbsp;<\/p>\n<h3><strong>Garantia<\/strong><\/h3>\n<p>&nbsp;<\/p>\n<p>12 meses de garantia para estrutura (incluso 3 meses de garantia legal)<\/p>\n<p>3 meses de garantia legal para demais componentes<\/p>\n<p>&nbsp;<\/p>\n<\/div>\n<\/div>\n<\/section>\n<div id=\"prognoos_lsi\"><\/div>","protected":false},"excerpt":{"rendered":"<p>A Cadeira de Transfer\u00eancia D80 Dellamed \u00e9 uma solu\u00e7\u00e3o vers\u00e1til e resistente, especialmente projetada para atender \u00e0s necessidades de pessoas com mobilidade reduzida. Com capacidade para suportar at\u00e9 135 kg, esta cadeira apresenta um sistema de eleva\u00e7\u00e3o eletr\u00f4nica que facilita a transfer\u00eancia do usu\u00e1rio entre diferentes locais. Al\u00e9m disso, ela \u00e9 um verdadeiro 3\u00a0em 1, desempenhando as fun\u00e7\u00f5es de cadeira de transfer\u00eancia,\u00a0cadeira de transporte interno e sobre vaso, oferecendo praticidade e conforto em diversas situa\u00e7\u00f5es. Equipada com rodas com trava, proporciona seguran\u00e7a e estabilidade durante o uso, especialmente para acamados e cadeirantes.<\/p>","protected":false},"featured_media":1501,"comment_status":"open","ping_status":"closed","template":"","meta":{"site-sidebar-layout":"default","site-content-layout":"","ast-site-content-layout":"default","site-content-style":"default","site-sidebar-style":"default","ast-global-header-display":"","ast-banner-title-visibility":"","ast-main-header-display":"","ast-hfb-above-header-display":"","ast-hfb-below-header-display":"","ast-hfb-mobile-header-display":"","site-post-title":"","ast-breadcrumbs-content":"","ast-featured-img":"","footer-sml-layout":"","ast-disable-related-posts":"","theme-transparent-header-meta":"default","adv-header-id-meta":"","stick-header-meta":"","header-above-stick-meta":"","header-main-stick-meta":"","header-below-stick-meta":"","astra-migrate-meta-layouts":"set","ast-page-background-enabled":"default","ast-page-background-meta":{"desktop":{"background-color":"var(--ast-global-color-4)","background-image":"","background-repeat":"repeat","background-position":"center center","background-size":"auto","background-attachment":"scroll","background-type":"","background-media":"","overlay-type":"","overlay-color":"","overlay-opacity":"","overlay-gradient":""},"tablet":{"background-color":"","background-image":"","background-repeat":"repeat","background-position":"center center","background-size":"auto","background-attachment":"scroll","background-type":"","background-media":"","overlay-type":"","overlay-color":"","overlay-opacity":"","overlay-gradient":""},"mobile":{"background-color":"","background-image":"","background-repeat":"repeat","background-position":"center center","background-size":"auto","background-attachment":"scroll","background-type":"","background-media":"","overlay-type":"","overlay-color":"","overlay-opacity":"","overlay-gradient":""}},"ast-content-background-meta":{"desktop":{"background-color":"var(--ast-global-color-5)","background-image":"","background-repeat":"repeat","background-position":"center center","background-size":"auto","background-attachment":"scroll","background-type":"","background-media":"","overlay-type":"","overlay-color":"","overlay-opacity":"","overlay-gradient":""},"tablet":{"background-color":"var(--ast-global-color-5)","background-image":"","background-repeat":"repeat","background-position":"center center","background-size":"auto","background-attachment":"scroll","background-type":"","background-media":"","overlay-type":"","overlay-color":"","overlay-opacity":"","overlay-gradient":""},"mobile":{"background-color":"var(--ast-global-color-5)","background-image":"","background-repeat":"repeat","background-position":"center center","background-size":"auto","background-attachment":"scroll","background-type":"","background-media":"","overlay-type":"","overlay-color":"","overlay-opacity":"","overlay-gradient":""}}},"product_brand":[],"product_cat":[137],"product_tag":[],"class_list":{"0":"post-1500","1":"product","2":"type-product","3":"status-publish","4":"has-post-thumbnail","6":"product_cat-home-care","7":"desktop-align-left","8":"tablet-align-left","9":"mobile-align-left","11":"first","12":"instock","13":"taxable","14":"shipping-taxable","15":"product-type-simple"},"_links":{"self":[{"href":"https:\/\/www.medcoll.com.br\/en\/wp-json\/wp\/v2\/product\/1500","targetHints":{"allow":["GET"]}}],"collection":[{"href":"https:\/\/www.medcoll.com.br\/en\/wp-json\/wp\/v2\/product"}],"about":[{"href":"https:\/\/www.medcoll.com.br\/en\/wp-json\/wp\/v2\/types\/product"}],"replies":[{"embeddable":true,"href":"https:\/\/www.medcoll.com.br\/en\/wp-json\/wp\/v2\/comments?post=1500"}],"version-history":[{"count":1,"href":"https:\/\/www.medcoll.com.br\/en\/wp-json\/wp\/v2\/product\/1500\/revisions"}],"predecessor-version":[{"id":1506,"href":"https:\/\/www.medcoll.com.br\/en\/wp-json\/wp\/v2\/product\/1500\/revisions\/1506"}],"wp:featuredmedia":[{"embeddable":true,"href":"https:\/\/www.medcoll.com.br\/en\/wp-json\/wp\/v2\/media\/1501"}],"wp:attachment":[{"href":"https:\/\/www.medcoll.com.br\/en\/wp-json\/wp\/v2\/media?parent=1500"}],"wp:term":[{"taxonomy":"product_brand","embeddable":true,"href":"https:\/\/www.medcoll.com.br\/en\/wp-json\/wp\/v2\/product_brand?post=1500"},{"taxonomy":"product_cat","embeddable":true,"href":"https:\/\/www.medcoll.com.br\/en\/wp-json\/wp\/v2\/product_cat?post=1500"},{"taxonomy":"product_tag","embeddable":true,"href":"https:\/\/www.medcoll.com.br\/en\/wp-json\/wp\/v2\/product_tag?post=1500"}],"curies":[{"name":"wp","href":"https:\/\/api.w.org\/{rel}","templated":true}]}}