{"id":1507,"date":"2026-02-07T22:03:29","date_gmt":"2026-02-08T01:03:29","guid":{"rendered":"https:\/\/www.medcoll.com.br\/?post_type=product&#038;p=1507"},"modified":"2026-02-07T22:24:05","modified_gmt":"2026-02-08T01:24:05","slug":"termometro-clinico-digital-rigido-dellamed","status":"publish","type":"product","link":"https:\/\/www.medcoll.com.br\/en\/product\/termometro-clinico-digital-rigido-dellamed\/","title":{"rendered":"Term\u00f4metro Cl\u00ednico Digital R\u00edgido Dellamed"},"content":{"rendered":"<p><strong>Aviso sonoro, desligamento autom\u00e1tico, medi\u00e7\u00e3o precisa em crian\u00e7as e adultos<\/strong><\/p>\n<p>Obtenha precis\u00e3o e praticidade com o Term\u00f4metro Cl\u00ednico Digital R\u00edgido Dellamed. Ideal para medir a temperatura em crian\u00e7as e adultos. Possui aviso sonoro ao finalizar a medi\u00e7\u00e3o e pode ser utilizado via oral e axilar. Com desligamento autom\u00e1tico, garante praticidade e seguran\u00e7a no uso di\u00e1rio. Confira a qualidade Dellamed em cada detalhe e cuide da sua sa\u00fade com confian\u00e7a!<\/p>\n<p>&nbsp;<\/p>\n<p>&nbsp;<\/p>\n<p>&nbsp;<\/p>\n<p><strong>Diferenciais<\/strong><\/p>\n<p>&nbsp;<\/p>\n<ul>\n<li>Desligamento autom\u00e1tico ap\u00f3s 10min<\/li>\n<li>Possui aviso sonoro assim que a aferi\u00e7\u00e3o se encerra<\/li>\n<li>Uso via oral e axilar<\/li>\n<li>Indicado para medir em crian\u00e7as e adultos<\/li>\n<\/ul>\n<p>&nbsp;<\/p>\n<p>&nbsp;<\/p>\n<p>&nbsp;<\/p>\n<p><strong>Caracter\u00edsticas<\/strong><\/p>\n<p>&nbsp;<\/p>\n<ul>\n<li>Armazena o \u00faltimo resultado<\/li>\n<li>Dispon\u00edvel em duas cores: azul e rosa<\/li>\n<li>Exibi\u00e7\u00e3o atrav\u00e9s de um visor de cristal<\/li>\n<li>Haste r\u00edgida<\/li>\n<\/ul>\n<p>&nbsp;<\/p>\n<p>&nbsp;<\/p>\n<p><strong>Especifica\u00e7\u00f5es t\u00e9cnicas<\/strong><\/p>\n<p>&nbsp;<\/p>\n<ul>\n<li>Tipo de medi\u00e7\u00e3o: Em graus celsius<\/li>\n<li>Bateria: 1,5V DC LR41<\/li>\n<li>Intervalo de medi\u00e7\u00e3o: 32,0\u00b0C ~ 42,9\u00b0C<\/li>\n<li>Medidas do produto: 12,4 cm de comprimento x 1,8 cm de largura<\/li>\n<li>Peso l\u00edquido: 10,5\u00a0g<\/li>\n<li>Medidas da caixa unit\u00e1ria: 6,0\u00a0cm de comprimento x 1,6\u00a0cm de largura x 16,2 cm de altura<\/li>\n<li>Peso bruto da caixa unit\u00e1ria: 35,8\u00a0g<\/li>\n<li>Para limpeza utilize \u00e1lcool etanol ou isoprop\u00edlico 75%<\/li>\n<\/ul>\n<p>&nbsp;<\/p>\n<p>&nbsp;<\/p>\n<p><strong>Conte\u00fado da embalagem<\/strong><\/p>\n<p>&nbsp;<\/p>\n<ul>\n<li>1 Term\u00f4metro Cl\u00ednico Digital R\u00edgido Dellamed<\/li>\n<li>1 manual<\/li>\n<\/ul>\n<p>&nbsp;<\/p>\n<p>&nbsp;<\/p>\n<p><strong>Garantia<\/strong><\/p>\n<p>&nbsp;<\/p>\n<p>12 meses de garantia (incluindo os 3 meses de garantia legal)<\/p>","protected":false},"excerpt":{"rendered":"<p>Obtenha precis\u00e3o e praticidade com o Term\u00f4metro Cl\u00ednico Digital R\u00edgido Dellamed. Ideal para medir a temperatura em crian\u00e7as e adultos. Possui aviso sonoro ao finalizar a medi\u00e7\u00e3o e pode ser utilizado via oral e axilar. Com desligamento autom\u00e1tico, garante praticidade e seguran\u00e7a no uso di\u00e1rio. Confira a qualidade Dellamed em cada detalhe e cuide da sua sa\u00fade com confian\u00e7a!<\/p>\n<p>&nbsp;<\/p>","protected":false},"featured_media":1510,"comment_status":"open","ping_status":"closed","template":"","meta":{"site-sidebar-layout":"default","site-content-layout":"","ast-site-content-layout":"default","site-content-style":"default","site-sidebar-style":"default","ast-global-header-display":"","ast-banner-title-visibility":"","ast-main-header-display":"","ast-hfb-above-header-display":"","ast-hfb-below-header-display":"","ast-hfb-mobile-header-display":"","site-post-title":"","ast-breadcrumbs-content":"","ast-featured-img":"","footer-sml-layout":"","ast-disable-related-posts":"","theme-transparent-header-meta":"default","adv-header-id-meta":"","stick-header-meta":"","header-above-stick-meta":"","header-main-stick-meta":"","header-below-stick-meta":"","astra-migrate-meta-layouts":"set","ast-page-background-enabled":"default","ast-page-background-meta":{"desktop":{"background-color":"var(--ast-global-color-4)","background-image":"","background-repeat":"repeat","background-position":"center center","background-size":"auto","background-attachment":"scroll","background-type":"","background-media":"","overlay-type":"","overlay-color":"","overlay-opacity":"","overlay-gradient":""},"tablet":{"background-color":"","background-image":"","background-repeat":"repeat","background-position":"center center","background-size":"auto","background-attachment":"scroll","background-type":"","background-media":"","overlay-type":"","overlay-color":"","overlay-opacity":"","overlay-gradient":""},"mobile":{"background-color":"","background-image":"","background-repeat":"repeat","background-position":"center center","background-size":"auto","background-attachment":"scroll","background-type":"","background-media":"","overlay-type":"","overlay-color":"","overlay-opacity":"","overlay-gradient":""}},"ast-content-background-meta":{"desktop":{"background-color":"var(--ast-global-color-5)","background-image":"","background-repeat":"repeat","background-position":"center center","background-size":"auto","background-attachment":"scroll","background-type":"","background-media":"","overlay-type":"","overlay-color":"","overlay-opacity":"","overlay-gradient":""},"tablet":{"background-color":"var(--ast-global-color-5)","background-image":"","background-repeat":"repeat","background-position":"center center","background-size":"auto","background-attachment":"scroll","background-type":"","background-media":"","overlay-type":"","overlay-color":"","overlay-opacity":"","overlay-gradient":""},"mobile":{"background-color":"var(--ast-global-color-5)","background-image":"","background-repeat":"repeat","background-position":"center center","background-size":"auto","background-attachment":"scroll","background-type":"","background-media":"","overlay-type":"","overlay-color":"","overlay-opacity":"","overlay-gradient":""}}},"product_brand":[],"product_cat":[120],"product_tag":[],"class_list":{"0":"post-1507","1":"product","2":"type-product","3":"status-publish","4":"has-post-thumbnail","6":"product_cat-aparelho","7":"desktop-align-left","8":"tablet-align-left","9":"mobile-align-left","11":"first","12":"instock","13":"taxable","14":"shipping-taxable","15":"product-type-simple"},"_links":{"self":[{"href":"https:\/\/www.medcoll.com.br\/en\/wp-json\/wp\/v2\/product\/1507","targetHints":{"allow":["GET"]}}],"collection":[{"href":"https:\/\/www.medcoll.com.br\/en\/wp-json\/wp\/v2\/product"}],"about":[{"href":"https:\/\/www.medcoll.com.br\/en\/wp-json\/wp\/v2\/types\/product"}],"replies":[{"embeddable":true,"href":"https:\/\/www.medcoll.com.br\/en\/wp-json\/wp\/v2\/comments?post=1507"}],"version-history":[{"count":1,"href":"https:\/\/www.medcoll.com.br\/en\/wp-json\/wp\/v2\/product\/1507\/revisions"}],"predecessor-version":[{"id":1511,"href":"https:\/\/www.medcoll.com.br\/en\/wp-json\/wp\/v2\/product\/1507\/revisions\/1511"}],"wp:featuredmedia":[{"embeddable":true,"href":"https:\/\/www.medcoll.com.br\/en\/wp-json\/wp\/v2\/media\/1510"}],"wp:attachment":[{"href":"https:\/\/www.medcoll.com.br\/en\/wp-json\/wp\/v2\/media?parent=1507"}],"wp:term":[{"taxonomy":"product_brand","embeddable":true,"href":"https:\/\/www.medcoll.com.br\/en\/wp-json\/wp\/v2\/product_brand?post=1507"},{"taxonomy":"product_cat","embeddable":true,"href":"https:\/\/www.medcoll.com.br\/en\/wp-json\/wp\/v2\/product_cat?post=1507"},{"taxonomy":"product_tag","embeddable":true,"href":"https:\/\/www.medcoll.com.br\/en\/wp-json\/wp\/v2\/product_tag?post=1507"}],"curies":[{"name":"wp","href":"https:\/\/api.w.org\/{rel}","templated":true}]}}