{"id":1512,"date":"2026-02-07T22:08:51","date_gmt":"2026-02-08T01:08:51","guid":{"rendered":"https:\/\/www.medcoll.com.br\/?post_type=product&#038;p=1512"},"modified":"2026-02-07T22:08:51","modified_gmt":"2026-02-08T01:08:51","slug":"aspirador-de-fluidos-e-secrecoes-maxmed-dellamed","status":"publish","type":"product","link":"https:\/\/www.medcoll.com.br\/en\/product\/aspirador-de-fluidos-e-secrecoes-maxmed-dellamed\/","title":{"rendered":"Aspirador de Flu\u00eddos e Secre\u00e7\u00f5es Maxmed Dellamed"},"content":{"rendered":"<h2><strong>Cir\u00fargico, odontol\u00f3gico, e veterin\u00e1rio<\/strong><\/h2>\n<h2>O Aspirador de Flu\u00eddos e Secre\u00e7\u00f5es Dellamed \u00e9 um equipamento indispens\u00e1vel para cl\u00ednicas, hospitais e ambientes m\u00e9dicos que necessitam de remo\u00e7\u00e3o eficiente de l\u00edquidos e secre\u00e7\u00f5es durante procedimentos m\u00e9dicos. Com uma capacidade de suc\u00e7\u00e3o de at\u00e9 16 litros, esse aspirador oferece pot\u00eancia e desempenho excepcionais. Ideal para uso cir\u00fargico, odontol\u00f3gico, e veterin\u00e1rio, garanta uma remo\u00e7\u00e3o de flu\u00eddos e secre\u00e7\u00f5es mais \u00e1gil e precisa em seu ambiente cl\u00ednico.<\/h2>\n<p>&nbsp;<\/p>\n<p>&nbsp;<\/p>\n<h3><strong>Diferenciais<\/strong><\/h3>\n<p>&nbsp;<\/p>\n<ul>\n<li>3 em 1:\u00a0Uso cl\u00ednico, domiciliar e veterin\u00e1rio<\/li>\n<li>Mais silencioso da categoria, apenas 65dB<\/li>\n<li>Com al\u00e7a rebat\u00edvel para maior ergonomia<\/li>\n<li>Super leve, pesa apenas 2,5kg<\/li>\n<li>2x mais suc\u00e7\u00e3o:\u00a0Sistema Turbo-Suction: Aspira 16 litros por minuto, o mais eficiente da categoria;<\/li>\n<li>O sistema overflow evita que o l\u00edquido transborde quando o reservat\u00f3rio atinge o n\u00edvel m\u00e1ximo;<\/li>\n<li>Cabo de alimenta\u00e7\u00e3o remov\u00edvel<\/li>\n<\/ul>\n<p>&nbsp;<\/p>\n<p>&nbsp;<\/p>\n<h3><strong>Caracter\u00edsticas<\/strong><\/h3>\n<p>&nbsp;<\/p>\n<ul>\n<li>Composi\u00e7\u00e3o de material:\u00a0Motor compressor de cobre, alum\u00ednio e polipropileno, corpo de polipropileno, reservat\u00f3rio de acr\u00edlico e mangueiras e tubos de silicone translucido.<\/li>\n<li>Capacidade reservat\u00f3rio: 1 litro<\/li>\n<li>Cor: Branco com logo em azul<\/li>\n<li>Fonte de energia:\u00a0Bivolt com chave seletora 110\/220V<\/li>\n<li>Sistema de trabalho:\u00a0funcionamento por curtos per\u00edodos.<\/li>\n<li>Requisitos de seguran\u00e7a el\u00e9trica:\u00a0Equipamento tipo BF, classe II.<\/li>\n<\/ul>\n<p>&nbsp;<\/p>\n<p>&nbsp;<\/p>\n<h3><strong>Especifica\u00e7\u00f5es T\u00e9cnicas<\/strong><\/h3>\n<p>&nbsp;<\/p>\n<ul>\n<li>Comprimento: 32 cm<\/li>\n<li>largura: 13,5 cm<\/li>\n<li>Altura: 21 cm<\/li>\n<li>Peso: 3 kg<\/li>\n<li>Dimens\u00e3o da Mangueira: 1,5 cm<\/li>\n<li>Limite de press\u00e3o negativa:\u00a0\u22650.075Mpa<\/li>\n<li>Alcance de regulagem da press\u00e3o negativa:\u00a00.02MPa~limite de press\u00e3o negativa<\/li>\n<li>Taxa de bombeamento:\u00a0\u226515L\/min<\/li>\n<li>Ru\u00eddo: \u226465dB(A)<\/li>\n<li>Pot\u00eancia de entrada:\u00a0\u226490VA<\/li>\n<li>Capacidade do reservat\u00f3rio:\u00a01000ml\/pcs<\/li>\n<li>Medidas embalado C x L x A: 19 x 26 x 36 cm<\/li>\n<li>Peso embalado: 3,3 kg<\/li>\n<\/ul>\n<p>&nbsp;<\/p>\n<p>&nbsp;<\/p>\n<h3><strong>Conte\u00fado da Embalagem<\/strong><\/h3>\n<p>&nbsp;<\/p>\n<ul>\n<li>1 Aspirador Cir\u00fargico<\/li>\n<li>1 Mangueira de Paciente<\/li>\n<li>1 Entrada de Compressor<\/li>\n<li>2 Filtros<\/li>\n<li>1 Sonda Redutora<\/li>\n<li>1 Fus\u00edvel<\/li>\n<li>1 Manual<\/li>\n<\/ul>\n<p>&nbsp;<\/p>\n<p>&nbsp;<\/p>\n<h3><strong>Garantia<\/strong><\/h3>\n<p>24 meses de garantia. (Incluso os 3 meses de garantia legal)<\/p>","protected":false},"excerpt":{"rendered":"<h6>O Aspirador de Flu\u00eddos e Secre\u00e7\u00f5es Dellamed \u00e9 um equipamento indispens\u00e1vel para cl\u00ednicas, hospitais e ambientes m\u00e9dicos que necessitam de remo\u00e7\u00e3o eficiente de l\u00edquidos e secre\u00e7\u00f5es durante procedimentos m\u00e9dicos. Com uma capacidade de suc\u00e7\u00e3o de at\u00e9 16 litros, esse aspirador oferece pot\u00eancia e desempenho excepcionais. Ideal para uso cir\u00fargico, odontol\u00f3gico, e veterin\u00e1rio, garanta uma remo\u00e7\u00e3o de flu\u00eddos e secre\u00e7\u00f5es mais \u00e1gil e precisa em seu ambiente cl\u00ednico.<\/h6>","protected":false},"featured_media":1516,"comment_status":"open","ping_status":"closed","template":"","meta":{"site-sidebar-layout":"default","site-content-layout":"","ast-site-content-layout":"default","site-content-style":"default","site-sidebar-style":"default","ast-global-header-display":"","ast-banner-title-visibility":"","ast-main-header-display":"","ast-hfb-above-header-display":"","ast-hfb-below-header-display":"","ast-hfb-mobile-header-display":"","site-post-title":"","ast-breadcrumbs-content":"","ast-featured-img":"","footer-sml-layout":"","ast-disable-related-posts":"","theme-transparent-header-meta":"default","adv-header-id-meta":"","stick-header-meta":"","header-above-stick-meta":"","header-main-stick-meta":"","header-below-stick-meta":"","astra-migrate-meta-layouts":"set","ast-page-background-enabled":"default","ast-page-background-meta":{"desktop":{"background-color":"var(--ast-global-color-4)","background-image":"","background-repeat":"repeat","background-position":"center center","background-size":"auto","background-attachment":"scroll","background-type":"","background-media":"","overlay-type":"","overlay-color":"","overlay-opacity":"","overlay-gradient":""},"tablet":{"background-color":"","background-image":"","background-repeat":"repeat","background-position":"center center","background-size":"auto","background-attachment":"scroll","background-type":"","background-media":"","overlay-type":"","overlay-color":"","overlay-opacity":"","overlay-gradient":""},"mobile":{"background-color":"","background-image":"","background-repeat":"repeat","background-position":"center center","background-size":"auto","background-attachment":"scroll","background-type":"","background-media":"","overlay-type":"","overlay-color":"","overlay-opacity":"","overlay-gradient":""}},"ast-content-background-meta":{"desktop":{"background-color":"var(--ast-global-color-5)","background-image":"","background-repeat":"repeat","background-position":"center center","background-size":"auto","background-attachment":"scroll","background-type":"","background-media":"","overlay-type":"","overlay-color":"","overlay-opacity":"","overlay-gradient":""},"tablet":{"background-color":"var(--ast-global-color-5)","background-image":"","background-repeat":"repeat","background-position":"center center","background-size":"auto","background-attachment":"scroll","background-type":"","background-media":"","overlay-type":"","overlay-color":"","overlay-opacity":"","overlay-gradient":""},"mobile":{"background-color":"var(--ast-global-color-5)","background-image":"","background-repeat":"repeat","background-position":"center center","background-size":"auto","background-attachment":"scroll","background-type":"","background-media":"","overlay-type":"","overlay-color":"","overlay-opacity":"","overlay-gradient":""}}},"product_brand":[],"product_cat":[120,147],"product_tag":[],"class_list":{"0":"post-1512","1":"product","2":"type-product","3":"status-publish","4":"has-post-thumbnail","6":"product_cat-aparelho","7":"product_cat-aspiradores","8":"desktop-align-left","9":"tablet-align-left","10":"mobile-align-left","12":"first","13":"instock","14":"taxable","15":"shipping-taxable","16":"product-type-simple"},"_links":{"self":[{"href":"https:\/\/www.medcoll.com.br\/en\/wp-json\/wp\/v2\/product\/1512","targetHints":{"allow":["GET"]}}],"collection":[{"href":"https:\/\/www.medcoll.com.br\/en\/wp-json\/wp\/v2\/product"}],"about":[{"href":"https:\/\/www.medcoll.com.br\/en\/wp-json\/wp\/v2\/types\/product"}],"replies":[{"embeddable":true,"href":"https:\/\/www.medcoll.com.br\/en\/wp-json\/wp\/v2\/comments?post=1512"}],"version-history":[{"count":1,"href":"https:\/\/www.medcoll.com.br\/en\/wp-json\/wp\/v2\/product\/1512\/revisions"}],"predecessor-version":[{"id":1517,"href":"https:\/\/www.medcoll.com.br\/en\/wp-json\/wp\/v2\/product\/1512\/revisions\/1517"}],"wp:featuredmedia":[{"embeddable":true,"href":"https:\/\/www.medcoll.com.br\/en\/wp-json\/wp\/v2\/media\/1516"}],"wp:attachment":[{"href":"https:\/\/www.medcoll.com.br\/en\/wp-json\/wp\/v2\/media?parent=1512"}],"wp:term":[{"taxonomy":"product_brand","embeddable":true,"href":"https:\/\/www.medcoll.com.br\/en\/wp-json\/wp\/v2\/product_brand?post=1512"},{"taxonomy":"product_cat","embeddable":true,"href":"https:\/\/www.medcoll.com.br\/en\/wp-json\/wp\/v2\/product_cat?post=1512"},{"taxonomy":"product_tag","embeddable":true,"href":"https:\/\/www.medcoll.com.br\/en\/wp-json\/wp\/v2\/product_tag?post=1512"}],"curies":[{"name":"wp","href":"https:\/\/api.w.org\/{rel}","templated":true}]}}