{"id":1518,"date":"2026-02-07T22:14:28","date_gmt":"2026-02-08T01:14:28","guid":{"rendered":"https:\/\/www.medcoll.com.br\/?post_type=product&#038;p=1518"},"modified":"2026-02-07T22:14:28","modified_gmt":"2026-02-08T01:14:28","slug":"monitor-de-pressao-digital-de-braco-com-voz-ultra-max-dbp-6177-dellamed","status":"publish","type":"product","link":"https:\/\/www.medcoll.com.br\/en\/product\/monitor-de-pressao-digital-de-braco-com-voz-ultra-max-dbp-6177-dellamed\/","title":{"rendered":"Monitor de Press\u00e3o Digital de Bra\u00e7o Com Voz Ultra Max DBP-6177 Dellamed"},"content":{"rendered":"<section id=\"ProdBlock\" class=\"product-tabs product-tabs--abas\">\n<div id=\"descricao\" class=\"prodBox product__description\">\n<div class=\"product__board\">\n<h2><b>Resultado em menos de 1 minuto, mede\u00a0press\u00e3o e pulsa\u00e7\u00e3o, bra\u00e7adeira ajust\u00e1vel<\/b><\/h2>\n<h2>Monitor de Press\u00e3o Digital de Bra\u00e7o Com Voz Ultra Max DBP-6177 Dellamed \u2013 Seu aliado na sa\u00fade!<br \/>\nEste monitor de press\u00e3o 2 em 1 mede pulsa\u00e7\u00e3o e press\u00e3o com precis\u00e3o em menos de 1 minuto. A bra\u00e7adeira ajust\u00e1vel (22 a 36 cm) \u00e9 confort\u00e1vel e f\u00e1cil de usar. Armazena at\u00e9 150 medi\u00e7\u00f5es para dois usu\u00e1rios e salva automaticamente os \u00faltimos 3 resultados. O produto ideal para monitoramento di\u00e1rio da sua sa\u00fade.<\/h2>\n<h2><\/h2>\n<p>&nbsp;<\/p>\n<p><strong>Diferenciais<\/strong><\/p>\n<p>&nbsp;<\/p>\n<ul>\n<li>2 em 1: Mede press\u00e3o e pulsa\u00e7\u00e3o<\/li>\n<li>Bra\u00e7adeira ajust\u00e1vel entre 22 cm \u00e0\u00a036 cm<\/li>\n<li>Armazena 2 usu\u00e1rios de 150 medi\u00e7\u00f5es<\/li>\n<li>Resultados em menos de 1 minuto<\/li>\n<li>Detector de Arritmia<\/li>\n<li>Com voz.<\/li>\n<\/ul>\n<p>&nbsp;<\/p>\n<p>&nbsp;<\/p>\n<h2><strong>Caracter\u00edsticas<\/strong><\/h2>\n<p>&nbsp;<\/p>\n<ul>\n<li>Desligamento autom\u00e1tico ap\u00f3s 5 minutos<\/li>\n<li>Data e hora<\/li>\n<li>Indicador de press\u00e3o de risco<\/li>\n<li>Fonte de alimenta\u00e7\u00e3o com 3 pilhas AAA<\/li>\n<li>Efetua a m\u00e9dia dos \u00faltimos 3 resultados automaticamente<\/li>\n<li>Possui um \u00edcone no visor que indica a posi\u00e7\u00e3o do bra\u00e7o<\/li>\n<\/ul>\n<p>&nbsp;<\/p>\n<p>&nbsp;<\/p>\n<h2><strong>Especifica\u00e7\u00f5es T\u00e9cnicas<\/strong><\/h2>\n<p>&nbsp;<\/p>\n<ul>\n<li>Medidas do produto:\u00a015 cm de comprimento x 8 cm de largura x 6 cm de altura<\/li>\n<li>Peso l\u00edquido 150 g (sem pilha)<\/li>\n<li>Bra\u00e7adeira: 22 cm a 36 cm<\/li>\n<li>Bra\u00e7adeira em nylon com velcro<\/li>\n<li>Monitor branco e bra\u00e7adeira preta<\/li>\n<li>Medidas da caixa unit\u00e1ria: 13,1 cm\u00a0 comprimento x 8,5 cm largura x 19,4 cm altura<\/li>\n<li>Peso da caixa unit\u00e1ria: 388 g<\/li>\n<li>Faixa de opera\u00e7\u00e3o: +5~40\u00b0C<\/li>\n<\/ul>\n<p>&nbsp;<\/p>\n<h2><strong>Garantia<\/strong><\/h2>\n<p>&nbsp;<\/p>\n<ul>\n<li>\n<h3>5 anos de garantia (incluindo os 3 meses de garantia legal)<\/h3>\n<\/li>\n<\/ul>\n<p>&nbsp;<\/p>\n<h3><strong>Conte\u00fado da Embalagem<\/strong><\/h3>\n<p>&nbsp;<\/p>\n<ul>\n<li>1 unidade do\u00a0Monitor de Press\u00e3o Digital de Bra\u00e7o Com Voz Ultra Max DBP-6177<\/li>\n<li>3 pilhas AAA<\/li>\n<li>Manual de instru\u00e7\u00f5es<\/li>\n<\/ul>\n<\/div>\n<\/div>\n<\/section>\n<div id=\"prognoos_lsi\"><\/div>","protected":false},"excerpt":{"rendered":"<h6>Monitor de Press\u00e3o Digital de Bra\u00e7o Com Voz Ultra Max DBP-6177 Dellamed \u2013 Seu aliado na sa\u00fade!<br \/>\nEste monitor de press\u00e3o 2 em 1 mede pulsa\u00e7\u00e3o e press\u00e3o com precis\u00e3o em menos de 1 minuto. A bra\u00e7adeira ajust\u00e1vel (22 a 36 cm) \u00e9 confort\u00e1vel e f\u00e1cil de usar. Armazena at\u00e9 150 medi\u00e7\u00f5es para dois usu\u00e1rios e salva automaticamente os \u00faltimos 3 resultados. O produto ideal para monitoramento di\u00e1rio da sua sa\u00fade.<\/h6>\n<h2><\/h2>","protected":false},"featured_media":1523,"comment_status":"open","ping_status":"closed","template":"","meta":{"site-sidebar-layout":"default","site-content-layout":"","ast-site-content-layout":"default","site-content-style":"default","site-sidebar-style":"default","ast-global-header-display":"","ast-banner-title-visibility":"","ast-main-header-display":"","ast-hfb-above-header-display":"","ast-hfb-below-header-display":"","ast-hfb-mobile-header-display":"","site-post-title":"","ast-breadcrumbs-content":"","ast-featured-img":"","footer-sml-layout":"","ast-disable-related-posts":"","theme-transparent-header-meta":"default","adv-header-id-meta":"","stick-header-meta":"","header-above-stick-meta":"","header-main-stick-meta":"","header-below-stick-meta":"","astra-migrate-meta-layouts":"set","ast-page-background-enabled":"default","ast-page-background-meta":{"desktop":{"background-color":"var(--ast-global-color-4)","background-image":"","background-repeat":"repeat","background-position":"center center","background-size":"auto","background-attachment":"scroll","background-type":"","background-media":"","overlay-type":"","overlay-color":"","overlay-opacity":"","overlay-gradient":""},"tablet":{"background-color":"","background-image":"","background-repeat":"repeat","background-position":"center center","background-size":"auto","background-attachment":"scroll","background-type":"","background-media":"","overlay-type":"","overlay-color":"","overlay-opacity":"","overlay-gradient":""},"mobile":{"background-color":"","background-image":"","background-repeat":"repeat","background-position":"center center","background-size":"auto","background-attachment":"scroll","background-type":"","background-media":"","overlay-type":"","overlay-color":"","overlay-opacity":"","overlay-gradient":""}},"ast-content-background-meta":{"desktop":{"background-color":"var(--ast-global-color-5)","background-image":"","background-repeat":"repeat","background-position":"center center","background-size":"auto","background-attachment":"scroll","background-type":"","background-media":"","overlay-type":"","overlay-color":"","overlay-opacity":"","overlay-gradient":""},"tablet":{"background-color":"var(--ast-global-color-5)","background-image":"","background-repeat":"repeat","background-position":"center center","background-size":"auto","background-attachment":"scroll","background-type":"","background-media":"","overlay-type":"","overlay-color":"","overlay-opacity":"","overlay-gradient":""},"mobile":{"background-color":"var(--ast-global-color-5)","background-image":"","background-repeat":"repeat","background-position":"center center","background-size":"auto","background-attachment":"scroll","background-type":"","background-media":"","overlay-type":"","overlay-color":"","overlay-opacity":"","overlay-gradient":""}}},"product_brand":[],"product_cat":[120,156],"product_tag":[],"class_list":{"0":"post-1518","1":"product","2":"type-product","3":"status-publish","4":"has-post-thumbnail","6":"product_cat-aparelho","7":"product_cat-medidor-de-pressao","8":"desktop-align-left","9":"tablet-align-left","10":"mobile-align-left","12":"first","13":"instock","14":"taxable","15":"shipping-taxable","16":"product-type-simple"},"_links":{"self":[{"href":"https:\/\/www.medcoll.com.br\/en\/wp-json\/wp\/v2\/product\/1518","targetHints":{"allow":["GET"]}}],"collection":[{"href":"https:\/\/www.medcoll.com.br\/en\/wp-json\/wp\/v2\/product"}],"about":[{"href":"https:\/\/www.medcoll.com.br\/en\/wp-json\/wp\/v2\/types\/product"}],"replies":[{"embeddable":true,"href":"https:\/\/www.medcoll.com.br\/en\/wp-json\/wp\/v2\/comments?post=1518"}],"version-history":[{"count":1,"href":"https:\/\/www.medcoll.com.br\/en\/wp-json\/wp\/v2\/product\/1518\/revisions"}],"predecessor-version":[{"id":1524,"href":"https:\/\/www.medcoll.com.br\/en\/wp-json\/wp\/v2\/product\/1518\/revisions\/1524"}],"wp:featuredmedia":[{"embeddable":true,"href":"https:\/\/www.medcoll.com.br\/en\/wp-json\/wp\/v2\/media\/1523"}],"wp:attachment":[{"href":"https:\/\/www.medcoll.com.br\/en\/wp-json\/wp\/v2\/media?parent=1518"}],"wp:term":[{"taxonomy":"product_brand","embeddable":true,"href":"https:\/\/www.medcoll.com.br\/en\/wp-json\/wp\/v2\/product_brand?post=1518"},{"taxonomy":"product_cat","embeddable":true,"href":"https:\/\/www.medcoll.com.br\/en\/wp-json\/wp\/v2\/product_cat?post=1518"},{"taxonomy":"product_tag","embeddable":true,"href":"https:\/\/www.medcoll.com.br\/en\/wp-json\/wp\/v2\/product_tag?post=1518"}],"curies":[{"name":"wp","href":"https:\/\/api.w.org\/{rel}","templated":true}]}}