{"id":1525,"date":"2026-02-07T22:19:48","date_gmt":"2026-02-08T01:19:48","guid":{"rendered":"https:\/\/www.medcoll.com.br\/?post_type=product&#038;p=1525"},"modified":"2026-02-07T22:19:48","modified_gmt":"2026-02-08T01:19:48","slug":"termometro-3-em-1-kf-hw-005-infravermelho-dellamed","status":"publish","type":"product","link":"https:\/\/www.medcoll.com.br\/en\/product\/termometro-3-em-1-kf-hw-005-infravermelho-dellamed\/","title":{"rendered":"Term\u00f4metro 3 em 1 KF-HW-005 Infravermelho Dellamed"},"content":{"rendered":"<h2><strong>3 em 1, desligamento autom\u00e1tico e armazenamento de 50 mem\u00f3rias<\/strong><\/h2>\n<h2>Apresentando o Term\u00f4metro Infravermelho Multifuncional, uma ferramenta indispens\u00e1vel para medi\u00e7\u00f5es r\u00e1pidas e precisas em uma variedade de aplica\u00e7\u00f5es, como medir a temperatura em pessoas, objetos e l\u00edquidos. Com alt\u00edssima precis\u00e3o, proporciona resultados confi\u00e1veis em apenas 1 segundo, permitindo uma resposta r\u00e1pida em qualquer situa\u00e7\u00e3o. Equipado com uma tela de LCD de alto contraste e n\u00fameros grandes para f\u00e1cil visualiza\u00e7\u00e3o, e um sistema de identifica\u00e7\u00e3o visual da temperatura com 3 cores distintas (verde, amarelo e vermelho), este term\u00f4metro garante uma interpreta\u00e7\u00e3o clara e r\u00e1pida dos dados. Sua funcionalidade 3 em 1 permite medir a temperatura de pessoas, l\u00edquidos e superf\u00edcies, tornando-o uma ferramenta vers\u00e1til para diversas necessidades. Al\u00e9m disso, possui recursos como desligamento autom\u00e1tico, design arrojado e anat\u00f4mico, op\u00e7\u00e3o de medi\u00e7\u00e3o em graus Celsius ou Fahrenheit, armazenamento de at\u00e9 50 mem\u00f3rias, indicador de status de bateria e pilhas AAA inclusas, oferecendo conveni\u00eancia e praticidade em cada uso. Equipado com um sensor infravermelho de alta precis\u00e3o, o Term\u00f4metro Infravermelho Multifuncional garante resultados precisos sempre que precisar, sendo um medidor de temperatura essencial para medi\u00e7\u00f5es de febre e muito mais<\/h2>\n<div><\/div>\n<div><\/div>\n<p>&nbsp;<\/p>\n<h3><strong>Diferencias<\/strong><\/h3>\n<p>&nbsp;<\/p>\n<ul>\n<li>3 x 1\u00a0Mede a temperatura de pessoas, objetos e l\u00edquidos<\/li>\n<li>Armazena 50 mem\u00f3rias<\/li>\n<li>Visor LED iluminado de f\u00e1cil visualiza\u00e7\u00e3o<\/li>\n<li>Pilhas AAA inclusas<\/li>\n<li>Desligamento autom\u00e1tico<\/li>\n<li>Resultados em apenas 1 segundo<\/li>\n<\/ul>\n<p>&nbsp;<\/p>\n<p>&nbsp;<\/p>\n<p>&nbsp;<\/p>\n<h3><strong>Caracter\u00edsticas<\/strong><\/h3>\n<p>&nbsp;<\/p>\n<ul>\n<li>Composi\u00e7\u00e3o:\u00a0ABS \u2013 LCD \u2013 Circuito Eletr\u00f4nico \u2013 Sensor \u00d3ptico<\/li>\n<li>Cor: Branco<\/li>\n<li>Alertas sonoros:\u00a0Sim (1,2 e 3 bips)<\/li>\n<li>Alertas visuais:\u00a0Sim ( Verde \u2013 Amarelo \u2013 Vermelho)<\/li>\n<li>Capacidade mem\u00f3ria:\u00a050 medi\u00e7\u00f5es<\/li>\n<li>Unidade de medi\u00e7\u00e3o:\u00a0C\u00b0 ou F\u00b0<\/li>\n<li>Faixa de medi\u00e7\u00e3o em superf\u00edcies (C\u00b0) (\u00b0F):\u00a00 \u2013 100\u00b0C | 33,8 \u2013 212 \u00b0F<\/li>\n<li>Faixa de medi\u00e7\u00e3o corporal (C\u00b0) (\u00b0F):\u00a032 \u2013 43\u00b0C | 89,6 \u2013 119,4 \u00b0F<\/li>\n<li>Desligamento:\u00a0Autom\u00e1tico ap\u00f3s 30s inativo<\/li>\n<\/ul>\n<p>&nbsp;<\/p>\n<p>&nbsp;<\/p>\n<h3><strong>Especifica\u00e7\u00f5es T\u00e9cnicas<\/strong><\/h3>\n<p>&nbsp;<\/p>\n<ul>\n<li>Comprimento: 4 cm<\/li>\n<li>Largura: 3,8 cm<\/li>\n<li>Altura: 14,5 cm<\/li>\n<li>Peso: 81 gramas<\/li>\n<li>Medidas embalado C x L x A: 4,9 cm x 7,1 cm x 16,2 cm<\/li>\n<li>Peso bruto embalado: 118 gramas<\/li>\n<\/ul>\n<p>&nbsp;<\/p>\n<p>&nbsp;<\/p>\n<h3><strong>Conte\u00fado da Embalagem<\/strong><\/h3>\n<p>&nbsp;<\/p>\n<ul>\n<li>1 term\u00f4metro<\/li>\n<li>2 Pilhas AAA<\/li>\n<li>1 Manual<\/li>\n<\/ul>\n<p>&nbsp;<\/p>\n<p>&nbsp;<\/p>\n<h3><strong>Garantia<\/strong><\/h3>\n<p>&nbsp;<\/p>\n<p>24 meses de garantia (incluso os 3 meses de garantia legal)<\/p>","protected":false},"excerpt":{"rendered":"<h6>Apresentando o Term\u00f4metro Infravermelho Multifuncional, uma ferramenta indispens\u00e1vel para medi\u00e7\u00f5es r\u00e1pidas e precisas em uma variedade de aplica\u00e7\u00f5es, como medir a temperatura em pessoas, objetos e l\u00edquidos. Com alt\u00edssima precis\u00e3o, proporciona resultados confi\u00e1veis em apenas 1 segundo, permitindo uma resposta r\u00e1pida em qualquer situa\u00e7\u00e3o. Equipado com uma tela de LCD de alto contraste e n\u00fameros grandes para f\u00e1cil visualiza\u00e7\u00e3o, e um sistema de identifica\u00e7\u00e3o visual da temperatura com 3 cores distintas (verde, amarelo e vermelho), este term\u00f4metro garante uma interpreta\u00e7\u00e3o clara e r\u00e1pida dos dados.<\/h6>","protected":false},"featured_media":1529,"comment_status":"open","ping_status":"closed","template":"","meta":{"site-sidebar-layout":"default","site-content-layout":"","ast-site-content-layout":"default","site-content-style":"default","site-sidebar-style":"default","ast-global-header-display":"","ast-banner-title-visibility":"","ast-main-header-display":"","ast-hfb-above-header-display":"","ast-hfb-below-header-display":"","ast-hfb-mobile-header-display":"","site-post-title":"","ast-breadcrumbs-content":"","ast-featured-img":"","footer-sml-layout":"","ast-disable-related-posts":"","theme-transparent-header-meta":"default","adv-header-id-meta":"","stick-header-meta":"","header-above-stick-meta":"","header-main-stick-meta":"","header-below-stick-meta":"","astra-migrate-meta-layouts":"set","ast-page-background-enabled":"default","ast-page-background-meta":{"desktop":{"background-color":"var(--ast-global-color-4)","background-image":"","background-repeat":"repeat","background-position":"center center","background-size":"auto","background-attachment":"scroll","background-type":"","background-media":"","overlay-type":"","overlay-color":"","overlay-opacity":"","overlay-gradient":""},"tablet":{"background-color":"","background-image":"","background-repeat":"repeat","background-position":"center center","background-size":"auto","background-attachment":"scroll","background-type":"","background-media":"","overlay-type":"","overlay-color":"","overlay-opacity":"","overlay-gradient":""},"mobile":{"background-color":"","background-image":"","background-repeat":"repeat","background-position":"center center","background-size":"auto","background-attachment":"scroll","background-type":"","background-media":"","overlay-type":"","overlay-color":"","overlay-opacity":"","overlay-gradient":""}},"ast-content-background-meta":{"desktop":{"background-color":"var(--ast-global-color-5)","background-image":"","background-repeat":"repeat","background-position":"center center","background-size":"auto","background-attachment":"scroll","background-type":"","background-media":"","overlay-type":"","overlay-color":"","overlay-opacity":"","overlay-gradient":""},"tablet":{"background-color":"var(--ast-global-color-5)","background-image":"","background-repeat":"repeat","background-position":"center center","background-size":"auto","background-attachment":"scroll","background-type":"","background-media":"","overlay-type":"","overlay-color":"","overlay-opacity":"","overlay-gradient":""},"mobile":{"background-color":"var(--ast-global-color-5)","background-image":"","background-repeat":"repeat","background-position":"center center","background-size":"auto","background-attachment":"scroll","background-type":"","background-media":"","overlay-type":"","overlay-color":"","overlay-opacity":"","overlay-gradient":""}}},"product_brand":[],"product_cat":[120],"product_tag":[],"class_list":{"0":"post-1525","1":"product","2":"type-product","3":"status-publish","4":"has-post-thumbnail","6":"product_cat-aparelho","7":"desktop-align-left","8":"tablet-align-left","9":"mobile-align-left","11":"first","12":"instock","13":"taxable","14":"shipping-taxable","15":"product-type-simple"},"_links":{"self":[{"href":"https:\/\/www.medcoll.com.br\/en\/wp-json\/wp\/v2\/product\/1525","targetHints":{"allow":["GET"]}}],"collection":[{"href":"https:\/\/www.medcoll.com.br\/en\/wp-json\/wp\/v2\/product"}],"about":[{"href":"https:\/\/www.medcoll.com.br\/en\/wp-json\/wp\/v2\/types\/product"}],"replies":[{"embeddable":true,"href":"https:\/\/www.medcoll.com.br\/en\/wp-json\/wp\/v2\/comments?post=1525"}],"version-history":[{"count":1,"href":"https:\/\/www.medcoll.com.br\/en\/wp-json\/wp\/v2\/product\/1525\/revisions"}],"predecessor-version":[{"id":1530,"href":"https:\/\/www.medcoll.com.br\/en\/wp-json\/wp\/v2\/product\/1525\/revisions\/1530"}],"wp:featuredmedia":[{"embeddable":true,"href":"https:\/\/www.medcoll.com.br\/en\/wp-json\/wp\/v2\/media\/1529"}],"wp:attachment":[{"href":"https:\/\/www.medcoll.com.br\/en\/wp-json\/wp\/v2\/media?parent=1525"}],"wp:term":[{"taxonomy":"product_brand","embeddable":true,"href":"https:\/\/www.medcoll.com.br\/en\/wp-json\/wp\/v2\/product_brand?post=1525"},{"taxonomy":"product_cat","embeddable":true,"href":"https:\/\/www.medcoll.com.br\/en\/wp-json\/wp\/v2\/product_cat?post=1525"},{"taxonomy":"product_tag","embeddable":true,"href":"https:\/\/www.medcoll.com.br\/en\/wp-json\/wp\/v2\/product_tag?post=1525"}],"curies":[{"name":"wp","href":"https:\/\/api.w.org\/{rel}","templated":true}]}}