{"id":1532,"date":"2026-02-07T22:30:38","date_gmt":"2026-02-08T01:30:38","guid":{"rendered":"https:\/\/www.medcoll.com.br\/?post_type=product&#038;p=1532"},"modified":"2026-02-07T22:48:17","modified_gmt":"2026-02-08T01:48:17","slug":"estetoscopio-rappaport-premium-dellamed","status":"publish","type":"product","link":"https:\/\/www.medcoll.com.br\/en\/product\/estetoscopio-rappaport-premium-dellamed\/","title":{"rendered":"Estetosc\u00f3pio Rappaport Premium Dellamed"},"content":{"rendered":"<h2><strong>Buscando por conforto e durabilidade?<\/strong><\/h2>\n<p>O Estetosc\u00f3pio Rappaport Dellamed \u00e9 a escolha perfeita para profissionais exigentes. Possui olivas premium para maior conforto, 3 acess\u00f3rios para diferentes tipos de auscultas, diversas cores dispon\u00edveis, e garantia de at\u00e9 12 meses. Ideal para profissionais de sa\u00fade que buscam precis\u00e3o e qualidade. Adquira o seu e tenha um produto confi\u00e1vel e duradouro.<\/p>\n<p>&nbsp;<\/p>\n<p>&nbsp;<\/p>\n<h3><strong>Diferenciais<\/strong><\/h3>\n<ul>\n<li>Diafragma em alum\u00ednio<\/li>\n<li>Olivas premium, com maior conforto<\/li>\n<li>Possui 3 acess\u00f3rios para diferentes tipos de auscultas<\/li>\n<\/ul>\n<p>&nbsp;<\/p>\n<p>&nbsp;<\/p>\n<h3><strong>Caracter\u00edsticas<\/strong><\/h3>\n<ul>\n<li>Tubo em silicone e cano em a\u00e7o<\/li>\n<li>Cores dispon\u00edveis: preto, vinho, azul, rosa, roxo e verde<\/li>\n<li>Indicado para ausculta da press\u00e3o e batimentos do cora\u00e7\u00e3o<\/li>\n<li>Possui uma cabe\u00e7a de sino e uma\u00a0cabe\u00e7a de diafragma em\u00a0cada extremidade do\u00a0auscultador<\/li>\n<li>Indicado para press\u00e3o sangu\u00ednea, sons\u00a0card\u00edacos e pulmonares e o sino \u00e9\u00a0indicado para ru\u00eddos intestinais<\/li>\n<\/ul>\n<p>&nbsp;<\/p>\n<p>&nbsp;<\/p>\n<h3><strong>Especifica\u00e7\u00f5es T\u00e9cnicas<\/strong><\/h3>\n<ul>\n<li>Dimens\u00f5es: Largura 12 cm x Comprimento 76 cm<\/li>\n<li>Peso l\u00edquido: 195 g<\/li>\n<li>Medidas do produto embalado:\u00a0Largura 12,3 cm x Comprimento 25\u00a0cm x Altura 4,3 cm<\/li>\n<li>Peso bruto do produto embalado: 275 g<\/li>\n<\/ul>\n<p>&nbsp;<\/p>\n<p>&nbsp;<\/p>\n<h3><strong>Conte\u00fado da Embalagem<\/strong><\/h3>\n<ul>\n<li>Estetosc\u00f3pio Rappaport<\/li>\n<\/ul>\n<p>&nbsp;<\/p>\n<p>&nbsp;<\/p>\n<h3><strong>Garantia<\/strong><\/h3>\n<ul>\n<li>12 meses de garantia para estrutura (incluso 3 meses de garantia legal)<\/li>\n<\/ul>","protected":false},"excerpt":{"rendered":"<p>O Estetosc\u00f3pio Rappaport Dellamed \u00e9 a escolha perfeita para profissionais exigentes. Possui olivas premium para maior conforto, 3 acess\u00f3rios para diferentes tipos de auscultas, diversas cores dispon\u00edveis, e garantia de at\u00e9 12 meses. Ideal para profissionais de sa\u00fade que buscam precis\u00e3o e qualidade. Adquira o seu e tenha um produto confi\u00e1vel e duradouro.<\/p>","protected":false},"featured_media":1537,"comment_status":"open","ping_status":"closed","template":"","meta":{"site-sidebar-layout":"default","site-content-layout":"","ast-site-content-layout":"default","site-content-style":"default","site-sidebar-style":"default","ast-global-header-display":"","ast-banner-title-visibility":"","ast-main-header-display":"","ast-hfb-above-header-display":"","ast-hfb-below-header-display":"","ast-hfb-mobile-header-display":"","site-post-title":"","ast-breadcrumbs-content":"","ast-featured-img":"","footer-sml-layout":"","ast-disable-related-posts":"","theme-transparent-header-meta":"default","adv-header-id-meta":"","stick-header-meta":"","header-above-stick-meta":"","header-main-stick-meta":"","header-below-stick-meta":"","astra-migrate-meta-layouts":"set","ast-page-background-enabled":"default","ast-page-background-meta":{"desktop":{"background-color":"var(--ast-global-color-4)","background-image":"","background-repeat":"repeat","background-position":"center center","background-size":"auto","background-attachment":"scroll","background-type":"","background-media":"","overlay-type":"","overlay-color":"","overlay-opacity":"","overlay-gradient":""},"tablet":{"background-color":"","background-image":"","background-repeat":"repeat","background-position":"center center","background-size":"auto","background-attachment":"scroll","background-type":"","background-media":"","overlay-type":"","overlay-color":"","overlay-opacity":"","overlay-gradient":""},"mobile":{"background-color":"","background-image":"","background-repeat":"repeat","background-position":"center center","background-size":"auto","background-attachment":"scroll","background-type":"","background-media":"","overlay-type":"","overlay-color":"","overlay-opacity":"","overlay-gradient":""}},"ast-content-background-meta":{"desktop":{"background-color":"var(--ast-global-color-5)","background-image":"","background-repeat":"repeat","background-position":"center center","background-size":"auto","background-attachment":"scroll","background-type":"","background-media":"","overlay-type":"","overlay-color":"","overlay-opacity":"","overlay-gradient":""},"tablet":{"background-color":"var(--ast-global-color-5)","background-image":"","background-repeat":"repeat","background-position":"center center","background-size":"auto","background-attachment":"scroll","background-type":"","background-media":"","overlay-type":"","overlay-color":"","overlay-opacity":"","overlay-gradient":""},"mobile":{"background-color":"var(--ast-global-color-5)","background-image":"","background-repeat":"repeat","background-position":"center center","background-size":"auto","background-attachment":"scroll","background-type":"","background-media":"","overlay-type":"","overlay-color":"","overlay-opacity":"","overlay-gradient":""}}},"product_brand":[],"product_cat":[170,17,150],"product_tag":[],"class_list":{"0":"post-1532","1":"product","2":"type-product","3":"status-publish","4":"has-post-thumbnail","6":"product_cat-estetoscopios","7":"product_cat-home","8":"product_cat-produtos-medicos","9":"desktop-align-left","10":"tablet-align-left","11":"mobile-align-left","13":"first","14":"instock","15":"taxable","16":"shipping-taxable","17":"product-type-simple"},"_links":{"self":[{"href":"https:\/\/www.medcoll.com.br\/en\/wp-json\/wp\/v2\/product\/1532","targetHints":{"allow":["GET"]}}],"collection":[{"href":"https:\/\/www.medcoll.com.br\/en\/wp-json\/wp\/v2\/product"}],"about":[{"href":"https:\/\/www.medcoll.com.br\/en\/wp-json\/wp\/v2\/types\/product"}],"replies":[{"embeddable":true,"href":"https:\/\/www.medcoll.com.br\/en\/wp-json\/wp\/v2\/comments?post=1532"}],"version-history":[{"count":1,"href":"https:\/\/www.medcoll.com.br\/en\/wp-json\/wp\/v2\/product\/1532\/revisions"}],"predecessor-version":[{"id":1538,"href":"https:\/\/www.medcoll.com.br\/en\/wp-json\/wp\/v2\/product\/1532\/revisions\/1538"}],"wp:featuredmedia":[{"embeddable":true,"href":"https:\/\/www.medcoll.com.br\/en\/wp-json\/wp\/v2\/media\/1537"}],"wp:attachment":[{"href":"https:\/\/www.medcoll.com.br\/en\/wp-json\/wp\/v2\/media?parent=1532"}],"wp:term":[{"taxonomy":"product_brand","embeddable":true,"href":"https:\/\/www.medcoll.com.br\/en\/wp-json\/wp\/v2\/product_brand?post=1532"},{"taxonomy":"product_cat","embeddable":true,"href":"https:\/\/www.medcoll.com.br\/en\/wp-json\/wp\/v2\/product_cat?post=1532"},{"taxonomy":"product_tag","embeddable":true,"href":"https:\/\/www.medcoll.com.br\/en\/wp-json\/wp\/v2\/product_tag?post=1532"}],"curies":[{"name":"wp","href":"https:\/\/api.w.org\/{rel}","templated":true}]}}