{"id":1553,"date":"2026-02-08T16:02:18","date_gmt":"2026-02-08T19:02:18","guid":{"rendered":"https:\/\/www.medcoll.com.br\/?post_type=product&#038;p=1553"},"modified":"2026-02-08T16:02:18","modified_gmt":"2026-02-08T19:02:18","slug":"cadeira-de-rodas-pratica-com-elevacao-macico","status":"publish","type":"product","link":"https:\/\/www.medcoll.com.br\/en\/product\/cadeira-de-rodas-pratica-com-elevacao-macico\/","title":{"rendered":"Cadeira de Rodas Pr\u00e1tica com Eleva\u00e7\u00e3o Maci\u00e7o"},"content":{"rendered":"<section id=\"produto\" class=\"container-fluid py-5 cd-section\">\n<div class=\"container\">\n<div class=\"row bloco__registros text-left\">\n<div class=\"registro r__10589 col-12 mb-4 revela\" data-sr-id=\"3\">\n<div class=\"row\">\n<div class=\"col-12 col-md-6 registro__direita media-body\">\n<p><strong>CARACTER\u00cdSTICAS<\/strong><\/p>\n<ol>\n<li>Assento de 44cm com almofada<\/li>\n<li>Apoio de bra\u00e7os escamote\u00e1vel<\/li>\n<li>Suporte para panturrilha<\/li>\n<li>Estrutura dobr\u00e1vel em X<\/li>\n<li>Apoio de p\u00e9s regul\u00e1vel<\/li>\n<li>Eleva\u00e7\u00e3o de pernas<\/li>\n<li>Protetor de Roupas<\/li>\n<li>Freios bilaterais<\/li>\n<\/ol>\n<p><strong>DIMENS\u00d5ES<\/strong><\/p>\n<ul>\n<li>Profundidade do assento \u2014\u00a0<strong>44cm<\/strong><\/li>\n<li>Altura do assento ao ch\u00e3o \u2014\u00a0<strong>50,5cm<\/strong><\/li>\n<li>Altura do encosto \u2014\u00a0<strong>35cm<\/strong><\/li>\n<li>Largura da cadeira \u2014\u00a0<strong>65,5cm<\/strong><\/li>\n<li>Largura da cadeira fechada \u2014\u00a0<strong>37cm<\/strong><\/li>\n<li>Largura do assento &#8211;<strong>\u00a044cm<\/strong><\/li>\n<\/ul>\n<p><strong>DETALHES<\/strong><\/p>\n<ul>\n<li>Suporta at\u00e9 \u2014\u00a0<strong>100kg<\/strong><\/li>\n<li>Peso da cadeira \u2014\u00a0<strong>17kg<\/strong><\/li>\n<\/ul>\n<p><strong>OPCIONAIS<\/strong><\/p>\n<ul>\n<li>Suporte para soro<\/li>\n<li>Cinto 4 pontos<\/li>\n<\/ul>\n<div class=\"btn__share\"><\/div>\n<\/div>\n<\/div>\n<\/div>\n<\/div>\n<\/div>\n<\/section>\n<section id=\"copyright\" class=\"container-fluid py-5 cd-section\">\n<div class=\"container\">\n<div class=\"row small\"><\/div>\n<\/div>\n<\/section>","protected":false},"excerpt":{"rendered":"<ol>\n<li>Assento de 44cm com almofada<\/li>\n<li>Apoio de bra\u00e7os escamote\u00e1vel<\/li>\n<li>Suporte para panturrilha<\/li>\n<li>Estrutura dobr\u00e1vel em X<\/li>\n<li>Apoio de p\u00e9s regul\u00e1vel<\/li>\n<li>Eleva\u00e7\u00e3o de pernas<\/li>\n<li>Protetor de Roupas<\/li>\n<li>Freios bilaterais<\/li>\n<\/ol>","protected":false},"featured_media":1557,"comment_status":"open","ping_status":"closed","template":"","meta":{"site-sidebar-layout":"default","site-content-layout":"","ast-site-content-layout":"default","site-content-style":"default","site-sidebar-style":"default","ast-global-header-display":"","ast-banner-title-visibility":"","ast-main-header-display":"","ast-hfb-above-header-display":"","ast-hfb-below-header-display":"","ast-hfb-mobile-header-display":"","site-post-title":"","ast-breadcrumbs-content":"","ast-featured-img":"","footer-sml-layout":"","ast-disable-related-posts":"","theme-transparent-header-meta":"default","adv-header-id-meta":"","stick-header-meta":"","header-above-stick-meta":"","header-main-stick-meta":"","header-below-stick-meta":"","astra-migrate-meta-layouts":"set","ast-page-background-enabled":"default","ast-page-background-meta":{"desktop":{"background-color":"var(--ast-global-color-4)","background-image":"","background-repeat":"repeat","background-position":"center center","background-size":"auto","background-attachment":"scroll","background-type":"","background-media":"","overlay-type":"","overlay-color":"","overlay-opacity":"","overlay-gradient":""},"tablet":{"background-color":"","background-image":"","background-repeat":"repeat","background-position":"center center","background-size":"auto","background-attachment":"scroll","background-type":"","background-media":"","overlay-type":"","overlay-color":"","overlay-opacity":"","overlay-gradient":""},"mobile":{"background-color":"","background-image":"","background-repeat":"repeat","background-position":"center center","background-size":"auto","background-attachment":"scroll","background-type":"","background-media":"","overlay-type":"","overlay-color":"","overlay-opacity":"","overlay-gradient":""}},"ast-content-background-meta":{"desktop":{"background-color":"var(--ast-global-color-5)","background-image":"","background-repeat":"repeat","background-position":"center center","background-size":"auto","background-attachment":"scroll","background-type":"","background-media":"","overlay-type":"","overlay-color":"","overlay-opacity":"","overlay-gradient":""},"tablet":{"background-color":"var(--ast-global-color-5)","background-image":"","background-repeat":"repeat","background-position":"center center","background-size":"auto","background-attachment":"scroll","background-type":"","background-media":"","overlay-type":"","overlay-color":"","overlay-opacity":"","overlay-gradient":""},"mobile":{"background-color":"var(--ast-global-color-5)","background-image":"","background-repeat":"repeat","background-position":"center center","background-size":"auto","background-attachment":"scroll","background-type":"","background-media":"","overlay-type":"","overlay-color":"","overlay-opacity":"","overlay-gradient":""}}},"product_brand":[],"product_cat":[143,164],"product_tag":[],"class_list":{"0":"post-1553","1":"product","2":"type-product","3":"status-publish","4":"has-post-thumbnail","6":"product_cat-cadeira-de-rodas","7":"product_cat-prolife-marca-cadeira-de-rodas","8":"desktop-align-left","9":"tablet-align-left","10":"mobile-align-left","12":"first","13":"instock","14":"taxable","15":"shipping-taxable","16":"product-type-simple"},"_links":{"self":[{"href":"https:\/\/www.medcoll.com.br\/en\/wp-json\/wp\/v2\/product\/1553","targetHints":{"allow":["GET"]}}],"collection":[{"href":"https:\/\/www.medcoll.com.br\/en\/wp-json\/wp\/v2\/product"}],"about":[{"href":"https:\/\/www.medcoll.com.br\/en\/wp-json\/wp\/v2\/types\/product"}],"replies":[{"embeddable":true,"href":"https:\/\/www.medcoll.com.br\/en\/wp-json\/wp\/v2\/comments?post=1553"}],"version-history":[{"count":1,"href":"https:\/\/www.medcoll.com.br\/en\/wp-json\/wp\/v2\/product\/1553\/revisions"}],"predecessor-version":[{"id":1558,"href":"https:\/\/www.medcoll.com.br\/en\/wp-json\/wp\/v2\/product\/1553\/revisions\/1558"}],"wp:featuredmedia":[{"embeddable":true,"href":"https:\/\/www.medcoll.com.br\/en\/wp-json\/wp\/v2\/media\/1557"}],"wp:attachment":[{"href":"https:\/\/www.medcoll.com.br\/en\/wp-json\/wp\/v2\/media?parent=1553"}],"wp:term":[{"taxonomy":"product_brand","embeddable":true,"href":"https:\/\/www.medcoll.com.br\/en\/wp-json\/wp\/v2\/product_brand?post=1553"},{"taxonomy":"product_cat","embeddable":true,"href":"https:\/\/www.medcoll.com.br\/en\/wp-json\/wp\/v2\/product_cat?post=1553"},{"taxonomy":"product_tag","embeddable":true,"href":"https:\/\/www.medcoll.com.br\/en\/wp-json\/wp\/v2\/product_tag?post=1553"}],"curies":[{"name":"wp","href":"https:\/\/api.w.org\/{rel}","templated":true}]}}