{"id":1569,"date":"2026-02-08T16:44:23","date_gmt":"2026-02-08T19:44:23","guid":{"rendered":"https:\/\/www.medcoll.com.br\/?post_type=product&#038;p=1569"},"modified":"2026-02-08T16:44:23","modified_gmt":"2026-02-08T19:44:23","slug":"cadeira-de-rodas-dobravel-em-aco-ate-120-kg-d100-dellamed","status":"publish","type":"product","link":"https:\/\/www.medcoll.com.br\/en\/product\/cadeira-de-rodas-dobravel-em-aco-ate-120-kg-d100-dellamed\/","title":{"rendered":"Cadeira de Rodas Dobr\u00e1vel em A\u00e7o at\u00e9 120 Kg D100 Dellamed"},"content":{"rendered":"<p><strong>Resistente, ergon\u00f4mica e segura<\/strong><\/p>\n<p>&nbsp;<\/p>\n<p>A Cadeira de Rodas D100 Dellamed foi especialmente projetada para atender \u00e0s necessidades de adultos e idosos que possuem restri\u00e7\u00f5es de mobilidade, garantindo conforto e durabilidade mesmo em terrenos irregulares. Aprovada em todos os rigorosos testes do Inmetro e Anvisa, esta cadeira oferece uma combina\u00e7\u00e3o perfeita de ergonomia e resist\u00eancia.<\/p>\n<p>Seu design apresenta um chassi tubular de a\u00e7o carbono com revestimento ep\u00f3xi, proporcionando uma estrutura robusta e altamente resistente \u00e0 umidade. Al\u00e9m disso, a cadeira de rodas D100 possui uma estrutura dobr\u00e1vel, equipada com o sistema em duplo X, garantindo praticidade no transporte e armazenamento.<\/p>\n<p>As rodas com pneus maci\u00e7os e os freios bilaterais, acionados por alavancas ergon\u00f4micas, asseguram n\u00e3o apenas uma condu\u00e7\u00e3o suave e confort\u00e1vel, mas tamb\u00e9m uma experi\u00eancia segura e controlada para o usu\u00e1rio.<\/p>\n<p>&nbsp;<\/p>\n<p>&nbsp;<\/p>\n<h3><strong>Diferenciais:<\/strong><\/h3>\n<p>&nbsp;<\/p>\n<ul>\n<li>Suporta at\u00e9 120 kg;<\/li>\n<li>Vai com voc\u00ea para todo lugar: cabe em qualquer porta-malas, inclusive de carros mais compactos<\/li>\n<li>Assento e encosto acolchoado;<\/li>\n<li>Aro de propuls\u00e3o em a\u00e7o carbono, ultraresistente;<\/li>\n<li>Duplo X em a\u00e7o carbono garante maior robustez;<\/li>\n<li>Possui registro na Anvisa e \u00e9 certificada pelo Inmetro.<\/li>\n<\/ul>\n<h3><\/h3>\n<p>&nbsp;<\/p>\n<h3><strong>Caracter\u00edsticas<\/strong><\/h3>\n<p>&nbsp;<\/p>\n<p>&nbsp;<\/p>\n<ul>\n<li>Cadeira dobr\u00e1vel com sistema em duplo X, de f\u00e1cil transporte;<\/li>\n<li>Pintura ep\u00f3xi martelada de alta resist\u00eancia;<\/li>\n<li>Chassi tubular robusto e resistente de a\u00e7o carbono;<\/li>\n<li>Estofamento em nylon acolchoado;<\/li>\n<li>Apoios de bra\u00e7os almofadados ergon\u00f4micos e confort\u00e1vel;<\/li>\n<li>Freios bilaterais regul\u00e1veis e ergon\u00f4micos;<\/li>\n<li>Possui tiras de panturrilha;<\/li>\n<li>Melhor custo-benef\u00edcio da categoria;<\/li>\n<li>Apoio para p\u00e9s rebat\u00edvel com regulagem de altura;<\/li>\n<li>Pneus frontais e traseiros anti-furo, maci\u00e7os e r\u00edgidos;<\/li>\n<li>Rodas frontais de 8 polegadas em ABS;<\/li>\n<li>Bols\u00e3o traseiro para guardar objetos\/prontu\u00e1rio;<\/li>\n<li>Protetor lateral de roupas integrado;<\/li>\n<li>Possui sistema tip Assist (aux\u00edlio de p\u00e9 para desn\u00edvel\/subidas);<\/li>\n<li>Encosto remov\u00edvel, trazendo maior praticidade\u00a0para seu usu\u00e1rio.<\/li>\n<\/ul>\n<h3><\/h3>\n<p>&nbsp;<\/p>\n<h3><strong>Especifica\u00e7\u00f5es T\u00e9cnicas<\/strong><\/h3>\n<table border=\"1\" cellspacing=\"1\" cellpadding=\"1\">\n<caption>\u00a0<\/caption>\n<tbody>\n<tr>\n<td><strong>Dimens\u00f5es (CxLxA)<\/strong><\/td>\n<td><strong>99x59x89 cm<\/strong><\/td>\n<\/tr>\n<tr>\n<td><strong>Dimens\u00f5es da Cadeira Dobrada<\/strong><\/td>\n<td><strong>78x28x74,5 cm<\/strong><\/td>\n<\/tr>\n<tr>\n<td><strong>Altura do Ch\u00e3o at\u00e9 o Assento<\/strong><\/td>\n<td><strong>49 cm<\/strong><\/td>\n<\/tr>\n<tr>\n<td><strong>Altura do Encosto<\/strong><\/td>\n<td><strong>40 cm<\/strong><\/td>\n<\/tr>\n<tr>\n<td><strong>Peso L\u00edquido da Cadeira<\/strong><\/td>\n<td><strong>14,5 kg<\/strong><\/td>\n<\/tr>\n<tr>\n<td><strong>Capacidade<\/strong><\/td>\n<td><strong>120 kg<\/strong><\/td>\n<\/tr>\n<tr>\n<td><strong>Dist\u00e2ncia interna entre os bra\u00e7os<\/strong><\/td>\n<td><strong>45cm<\/strong><\/td>\n<\/tr>\n<tr>\n<td><strong>Largura x Profundidade do assento<\/strong><\/td>\n<td>40 x 46cm<\/td>\n<\/tr>\n<tr>\n<td><strong>Altura entre o apoio para os bra\u00e7os e o assento<\/strong><\/td>\n<td><strong>\u00a020cm<\/strong><\/td>\n<\/tr>\n<tr>\n<td><strong>Comprimento do apoio para os bra\u00e7os<\/strong><\/td>\n<td><strong>26cm<\/strong><\/td>\n<\/tr>\n<tr>\n<td><strong>Dimens\u00f5es Caixa<\/strong><\/td>\n<td><strong>78 x 29 x 75,5 cm<\/strong><\/td>\n<\/tr>\n<tr>\n<td><strong>Peso Caixa<\/strong><\/td>\n<td><strong>16,5 kg<\/strong><\/td>\n<\/tr>\n<\/tbody>\n<\/table>\n<p>&nbsp;<\/p>\n<h3><strong>Conte\u00fado da Embalagem:<\/strong><\/h3>\n<p>&nbsp;<\/p>\n<ul>\n<li>1 cadeira de rodas D100;<\/li>\n<li>1 manual de instru\u00e7\u00f5es.<\/li>\n<\/ul>\n<h3><\/h3>\n<p>&nbsp;<\/p>\n<h3><strong>Garantia:<\/strong><\/h3>\n<p>&nbsp;<\/p>\n<ul>\n<li>12 meses para estrutura (incluso os 3 meses de garantia legal);<\/li>\n<li>6 meses demais componentes\u00a0(incluso os 3 meses de garantia legal)<\/li>\n<\/ul>","protected":false},"excerpt":{"rendered":"<p>A Cadeira de Rodas D100 Dellamed foi especialmente projetada para atender \u00e0s necessidades de adultos e idosos que possuem restri\u00e7\u00f5es de mobilidade, garantindo conforto e durabilidade mesmo em terrenos irregulares. Aprovada em todos os rigorosos testes do Inmetro e Anvisa, esta cadeira oferece uma combina\u00e7\u00e3o perfeita de ergonomia e resist\u00eancia.<\/p>\n<p>Seu design apresenta um chassi tubular de a\u00e7o carbono com revestimento ep\u00f3xi, proporcionando uma estrutura robusta e altamente resistente \u00e0 umidade. Al\u00e9m disso, a cadeira de rodas D100 possui uma estrutura dobr\u00e1vel, equipada com o sistema em duplo X, garantindo praticidade no transporte e armazenamento.<\/p>","protected":false},"featured_media":1576,"comment_status":"open","ping_status":"closed","template":"","meta":{"site-sidebar-layout":"default","site-content-layout":"","ast-site-content-layout":"default","site-content-style":"default","site-sidebar-style":"default","ast-global-header-display":"","ast-banner-title-visibility":"","ast-main-header-display":"","ast-hfb-above-header-display":"","ast-hfb-below-header-display":"","ast-hfb-mobile-header-display":"","site-post-title":"","ast-breadcrumbs-content":"","ast-featured-img":"","footer-sml-layout":"","ast-disable-related-posts":"","theme-transparent-header-meta":"default","adv-header-id-meta":"","stick-header-meta":"","header-above-stick-meta":"","header-main-stick-meta":"","header-below-stick-meta":"","astra-migrate-meta-layouts":"set","ast-page-background-enabled":"default","ast-page-background-meta":{"desktop":{"background-color":"var(--ast-global-color-4)","background-image":"","background-repeat":"repeat","background-position":"center center","background-size":"auto","background-attachment":"scroll","background-type":"","background-media":"","overlay-type":"","overlay-color":"","overlay-opacity":"","overlay-gradient":""},"tablet":{"background-color":"","background-image":"","background-repeat":"repeat","background-position":"center center","background-size":"auto","background-attachment":"scroll","background-type":"","background-media":"","overlay-type":"","overlay-color":"","overlay-opacity":"","overlay-gradient":""},"mobile":{"background-color":"","background-image":"","background-repeat":"repeat","background-position":"center center","background-size":"auto","background-attachment":"scroll","background-type":"","background-media":"","overlay-type":"","overlay-color":"","overlay-opacity":"","overlay-gradient":""}},"ast-content-background-meta":{"desktop":{"background-color":"var(--ast-global-color-5)","background-image":"","background-repeat":"repeat","background-position":"center center","background-size":"auto","background-attachment":"scroll","background-type":"","background-media":"","overlay-type":"","overlay-color":"","overlay-opacity":"","overlay-gradient":""},"tablet":{"background-color":"var(--ast-global-color-5)","background-image":"","background-repeat":"repeat","background-position":"center center","background-size":"auto","background-attachment":"scroll","background-type":"","background-media":"","overlay-type":"","overlay-color":"","overlay-opacity":"","overlay-gradient":""},"mobile":{"background-color":"var(--ast-global-color-5)","background-image":"","background-repeat":"repeat","background-position":"center center","background-size":"auto","background-attachment":"scroll","background-type":"","background-media":"","overlay-type":"","overlay-color":"","overlay-opacity":"","overlay-gradient":""}}},"product_brand":[],"product_cat":[143,165],"product_tag":[],"class_list":{"0":"post-1569","1":"product","2":"type-product","3":"status-publish","4":"has-post-thumbnail","6":"product_cat-cadeira-de-rodas","7":"product_cat-dellamed-marca-cadeira-de-rodas","8":"desktop-align-left","9":"tablet-align-left","10":"mobile-align-left","12":"first","13":"instock","14":"taxable","15":"shipping-taxable","16":"product-type-simple"},"_links":{"self":[{"href":"https:\/\/www.medcoll.com.br\/en\/wp-json\/wp\/v2\/product\/1569","targetHints":{"allow":["GET"]}}],"collection":[{"href":"https:\/\/www.medcoll.com.br\/en\/wp-json\/wp\/v2\/product"}],"about":[{"href":"https:\/\/www.medcoll.com.br\/en\/wp-json\/wp\/v2\/types\/product"}],"replies":[{"embeddable":true,"href":"https:\/\/www.medcoll.com.br\/en\/wp-json\/wp\/v2\/comments?post=1569"}],"version-history":[{"count":1,"href":"https:\/\/www.medcoll.com.br\/en\/wp-json\/wp\/v2\/product\/1569\/revisions"}],"predecessor-version":[{"id":1577,"href":"https:\/\/www.medcoll.com.br\/en\/wp-json\/wp\/v2\/product\/1569\/revisions\/1577"}],"wp:featuredmedia":[{"embeddable":true,"href":"https:\/\/www.medcoll.com.br\/en\/wp-json\/wp\/v2\/media\/1576"}],"wp:attachment":[{"href":"https:\/\/www.medcoll.com.br\/en\/wp-json\/wp\/v2\/media?parent=1569"}],"wp:term":[{"taxonomy":"product_brand","embeddable":true,"href":"https:\/\/www.medcoll.com.br\/en\/wp-json\/wp\/v2\/product_brand?post=1569"},{"taxonomy":"product_cat","embeddable":true,"href":"https:\/\/www.medcoll.com.br\/en\/wp-json\/wp\/v2\/product_cat?post=1569"},{"taxonomy":"product_tag","embeddable":true,"href":"https:\/\/www.medcoll.com.br\/en\/wp-json\/wp\/v2\/product_tag?post=1569"}],"curies":[{"name":"wp","href":"https:\/\/api.w.org\/{rel}","templated":true}]}}