{"id":1611,"date":"2026-02-08T19:47:13","date_gmt":"2026-02-08T22:47:13","guid":{"rendered":"https:\/\/www.medcoll.com.br\/?post_type=product&#038;p=1611"},"modified":"2026-02-08T19:47:13","modified_gmt":"2026-02-08T22:47:13","slug":"meia-kendall-7-8-20-30-mmhg-sem-ponteira","status":"publish","type":"product","link":"https:\/\/www.medcoll.com.br\/en\/product\/meia-kendall-7-8-20-30-mmhg-sem-ponteira\/","title":{"rendered":"MEIA KENDALL 7\/8 20-30 MMHG SEM PONTEIRA"},"content":{"rendered":"<p lang=\"en-US\" align=\"JUSTIFY\"><span lang=\"pt-BR\">Para quem tem varizes ou incha\u00e7os nas pernas, em est\u00e1gio avan\u00e7ado.<\/span><\/p>\n<p class=\"western\" align=\"JUSTIFY\"><b>\u2013 Indica\u00e7\u00f5es de uso:<\/b><\/p>\n<p class=\"western\" align=\"JUSTIFY\">Casos Graves de:<\/p>\n<ul>\n<li>\n<p align=\"JUSTIFY\">Incha\u00e7o<\/p>\n<\/li>\n<li>\n<p align=\"JUSTIFY\">Dores<\/p>\n<\/li>\n<li>\n<p align=\"JUSTIFY\">Cansa\u00e7o<\/p>\n<\/li>\n<\/ul>\n<p class=\"western\" align=\"JUSTIFY\"><strong>Doen\u00e7as Venosas:<\/strong><\/p>\n<ul>\n<li>\n<p align=\"JUSTIFY\"><u>Elefant\u00edase<\/u><\/p>\n<\/li>\n<li>\n<p align=\"JUSTIFY\"><u>Tromboses<\/u><\/p>\n<\/li>\n<li>\n<p align=\"JUSTIFY\"><u>Flebites<\/u><\/p>\n<\/li>\n<li>\n<p align=\"JUSTIFY\">Ap\u00f3s cirurgia de varizes.<\/p>\n<\/li>\n<\/ul>\n<p class=\"western\" align=\"JUSTIFY\"><b>Contra Indica\u00e7\u00f5es:<\/b><\/p>\n<ul>\n<li>\n<p align=\"JUSTIFY\">Insufici\u00eancia arterial (dificuldade de circula\u00e7\u00e3o do sangue nas \u201cart\u00e9rias\u201d com conseq\u00fcente obstru\u00e7\u00e3o caracterizada no seu grau mais extremo pela gangrena).<\/p>\n<\/li>\n<li>\n<p align=\"JUSTIFY\">Gangrena (morte tecidual da extremidade com conseq\u00fcente mudan\u00e7a de colora\u00e7\u00e3o da pele, chegando a ficar negra e mal cheirosa).<\/p>\n<\/li>\n<li>\n<p align=\"JUSTIFY\">Infec\u00e7\u00f5es cut\u00e2neas (prolifera\u00e7\u00e3o de fungos ou bact\u00e9rias, causando altera\u00e7\u00f5es de colora\u00e7\u00e3o ou feridas com localiza\u00e7\u00e3o entre os dedos ou demais territ\u00f3rios das pernas. Exemplo: erisipela \u2013 fase aguda, frieiras e ferimentos purulentos \u2013 com presen\u00e7a de pus).<\/p>\n<\/li>\n<li>\n<p align=\"JUSTIFY\">Dermatoses \u00famidas (les\u00f5es da pele com secre\u00e7\u00e3o acentuada).<\/p>\n<\/li>\n<li>\n<p align=\"JUSTIFY\">Enxertia de pele em processo de cicatriza\u00e7\u00e3o nos membros inferiores (pacientes com queimaduras graves ou feridas que necessitam de cobertura de pele de outra regi\u00e3o, numa fase recente \u2013 at\u00e9 30 dias).<\/p>\n<\/li>\n<\/ul>\n<p class=\"western\" align=\"JUSTIFY\"><b>Tamanhos:<\/b>\u00a0M e G<\/p>\n<p class=\"western\" align=\"JUSTIFY\"><b>Cor:<\/b>\u00a0Mel<\/p>\n<p class=\"western\" align=\"JUSTIFY\"><b>Composi\u00e7\u00e3o:<\/b>\u00a080% Poliamida \/ 20% El\u00e1stano<\/p>\n<p class=\"western\" align=\"JUSTIFY\">A Meia 7\/8 sem ponteira<b>\u00a0<\/b>(20-30 mmHg)<b>\u00a0<\/b>tem compress\u00e3o graduada, o que significa que a maior compress\u00e3o est\u00e1 concentrada no tornozelo e vai decrescendo gradativamente at\u00e9 a altura da coxa. Essa compress\u00e3o facilita o retorno do sangue dos membros inferiores ao cora\u00e7\u00e3o.<\/p>\n<p class=\"western\" align=\"JUSTIFY\"><b>Como usar:\u00a0<\/b>Para escolher o tamanho adequado da meia Kendall, me\u00e7a a circunfer\u00eancia de seu tornozelo e meia coxa. Cruze as informa\u00e7\u00f5es com a tabela abaixo. O ajuste da meia ser\u00e1 ainda melhor se a altura estiver entre 1.45m e 1.75m.<\/p>","protected":false},"excerpt":{"rendered":"<p><span lang=\"pt-BR\">Para quem tem varizes ou incha\u00e7os nas pernas, em est\u00e1gio avan\u00e7ado.<\/span><\/p>","protected":false},"featured_media":1615,"comment_status":"open","ping_status":"closed","template":"","meta":{"site-sidebar-layout":"default","site-content-layout":"","ast-site-content-layout":"default","site-content-style":"default","site-sidebar-style":"default","ast-global-header-display":"","ast-banner-title-visibility":"","ast-main-header-display":"","ast-hfb-above-header-display":"","ast-hfb-below-header-display":"","ast-hfb-mobile-header-display":"","site-post-title":"","ast-breadcrumbs-content":"","ast-featured-img":"","footer-sml-layout":"","ast-disable-related-posts":"","theme-transparent-header-meta":"default","adv-header-id-meta":"","stick-header-meta":"","header-above-stick-meta":"","header-main-stick-meta":"","header-below-stick-meta":"","astra-migrate-meta-layouts":"set","ast-page-background-enabled":"default","ast-page-background-meta":{"desktop":{"background-color":"var(--ast-global-color-4)","background-image":"","background-repeat":"repeat","background-position":"center center","background-size":"auto","background-attachment":"scroll","background-type":"","background-media":"","overlay-type":"","overlay-color":"","overlay-opacity":"","overlay-gradient":""},"tablet":{"background-color":"","background-image":"","background-repeat":"repeat","background-position":"center center","background-size":"auto","background-attachment":"scroll","background-type":"","background-media":"","overlay-type":"","overlay-color":"","overlay-opacity":"","overlay-gradient":""},"mobile":{"background-color":"","background-image":"","background-repeat":"repeat","background-position":"center center","background-size":"auto","background-attachment":"scroll","background-type":"","background-media":"","overlay-type":"","overlay-color":"","overlay-opacity":"","overlay-gradient":""}},"ast-content-background-meta":{"desktop":{"background-color":"var(--ast-global-color-5)","background-image":"","background-repeat":"repeat","background-position":"center center","background-size":"auto","background-attachment":"scroll","background-type":"","background-media":"","overlay-type":"","overlay-color":"","overlay-opacity":"","overlay-gradient":""},"tablet":{"background-color":"var(--ast-global-color-5)","background-image":"","background-repeat":"repeat","background-position":"center center","background-size":"auto","background-attachment":"scroll","background-type":"","background-media":"","overlay-type":"","overlay-color":"","overlay-opacity":"","overlay-gradient":""},"mobile":{"background-color":"var(--ast-global-color-5)","background-image":"","background-repeat":"repeat","background-position":"center center","background-size":"auto","background-attachment":"scroll","background-type":"","background-media":"","overlay-type":"","overlay-color":"","overlay-opacity":"","overlay-gradient":""}}},"product_brand":[],"product_cat":[130,131],"product_tag":[],"class_list":{"0":"post-1611","1":"product","2":"type-product","3":"status-publish","4":"has-post-thumbnail","6":"product_cat-malhas-de-compressao","7":"product_cat-meia-de-compressao","8":"desktop-align-left","9":"tablet-align-left","10":"mobile-align-left","12":"first","13":"instock","14":"taxable","15":"shipping-taxable","16":"product-type-simple"},"_links":{"self":[{"href":"https:\/\/www.medcoll.com.br\/en\/wp-json\/wp\/v2\/product\/1611","targetHints":{"allow":["GET"]}}],"collection":[{"href":"https:\/\/www.medcoll.com.br\/en\/wp-json\/wp\/v2\/product"}],"about":[{"href":"https:\/\/www.medcoll.com.br\/en\/wp-json\/wp\/v2\/types\/product"}],"replies":[{"embeddable":true,"href":"https:\/\/www.medcoll.com.br\/en\/wp-json\/wp\/v2\/comments?post=1611"}],"version-history":[{"count":1,"href":"https:\/\/www.medcoll.com.br\/en\/wp-json\/wp\/v2\/product\/1611\/revisions"}],"predecessor-version":[{"id":1616,"href":"https:\/\/www.medcoll.com.br\/en\/wp-json\/wp\/v2\/product\/1611\/revisions\/1616"}],"wp:featuredmedia":[{"embeddable":true,"href":"https:\/\/www.medcoll.com.br\/en\/wp-json\/wp\/v2\/media\/1615"}],"wp:attachment":[{"href":"https:\/\/www.medcoll.com.br\/en\/wp-json\/wp\/v2\/media?parent=1611"}],"wp:term":[{"taxonomy":"product_brand","embeddable":true,"href":"https:\/\/www.medcoll.com.br\/en\/wp-json\/wp\/v2\/product_brand?post=1611"},{"taxonomy":"product_cat","embeddable":true,"href":"https:\/\/www.medcoll.com.br\/en\/wp-json\/wp\/v2\/product_cat?post=1611"},{"taxonomy":"product_tag","embeddable":true,"href":"https:\/\/www.medcoll.com.br\/en\/wp-json\/wp\/v2\/product_tag?post=1611"}],"curies":[{"name":"wp","href":"https:\/\/api.w.org\/{rel}","templated":true}]}}