{"id":1635,"date":"2026-02-08T20:53:12","date_gmt":"2026-02-08T23:53:12","guid":{"rendered":"https:\/\/www.medcoll.com.br\/?post_type=product&#038;p=1635"},"modified":"2026-02-16T12:08:59","modified_gmt":"2026-02-16T15:08:59","slug":"faixa-mentoneira-lipo-de-papada-lifting-bichectomia-new-form","status":"publish","type":"product","link":"https:\/\/www.medcoll.com.br\/en\/product\/faixa-mentoneira-lipo-de-papada-lifting-bichectomia-new-form\/","title":{"rendered":"Faixa Mentoneira Lipo De Papada Lifting Bichectomia New Form"},"content":{"rendered":"<p>A m\u00e1scara facial \u00e9 indicada no p\u00f3s-cir\u00fargico de cirurgia facial, lipoaspira\u00e7\u00e3o de mento e lifting.Ajuda a reduzir o incha\u00e7o e previne a forma\u00e7\u00e3o de queloide e fibrose. Tabela de tamanhos: (Para medir a cabe\u00e7a passe a fita ao redor da cabe\u00e7a sem apertar a fita come\u00e7ando embaixo do queixo dando a volta at\u00e9 o topo da cabe\u00e7a) Tamanho: P \/ Medida da cabe\u00e7a: 53 a 57 Tamanho: M \/ Medida da cabe\u00e7a: 58 a 62 Tamanho: G \/ Medida da cabe\u00e7a: 63 a 67 Composi\u00e7\u00e3o: 88% de poliamida e 12% de elastano Indica\u00e7\u00f5es: cirurgia facial, lipoaspira\u00e7\u00e3o de mento (papada), bichectomia e lifting G\u00eanero: Unissex Registro ANVISA: 81547300001 Marca: New Form<\/p>","protected":false},"excerpt":{"rendered":"<p>A m\u00e1scara facial \u00e9 indicada no p\u00f3s-cir\u00fargico de cirurgia facial, lipoaspira\u00e7\u00e3o de mento e lifting. Ajuda a reduzir o incha\u00e7o e previne a forma\u00e7\u00e3o de queloide e fibrose.<\/p>","protected":false},"featured_media":1964,"comment_status":"open","ping_status":"closed","template":"","meta":{"site-sidebar-layout":"default","site-content-layout":"","ast-site-content-layout":"default","site-content-style":"default","site-sidebar-style":"default","ast-global-header-display":"","ast-banner-title-visibility":"","ast-main-header-display":"","ast-hfb-above-header-display":"","ast-hfb-below-header-display":"","ast-hfb-mobile-header-display":"","site-post-title":"","ast-breadcrumbs-content":"","ast-featured-img":"","footer-sml-layout":"","ast-disable-related-posts":"","theme-transparent-header-meta":"default","adv-header-id-meta":"","stick-header-meta":"","header-above-stick-meta":"","header-main-stick-meta":"","header-below-stick-meta":"","astra-migrate-meta-layouts":"set","ast-page-background-enabled":"default","ast-page-background-meta":{"desktop":{"background-color":"var(--ast-global-color-4)","background-image":"","background-repeat":"repeat","background-position":"center center","background-size":"auto","background-attachment":"scroll","background-type":"","background-media":"","overlay-type":"","overlay-color":"","overlay-opacity":"","overlay-gradient":""},"tablet":{"background-color":"","background-image":"","background-repeat":"repeat","background-position":"center center","background-size":"auto","background-attachment":"scroll","background-type":"","background-media":"","overlay-type":"","overlay-color":"","overlay-opacity":"","overlay-gradient":""},"mobile":{"background-color":"","background-image":"","background-repeat":"repeat","background-position":"center center","background-size":"auto","background-attachment":"scroll","background-type":"","background-media":"","overlay-type":"","overlay-color":"","overlay-opacity":"","overlay-gradient":""}},"ast-content-background-meta":{"desktop":{"background-color":"var(--ast-global-color-5)","background-image":"","background-repeat":"repeat","background-position":"center center","background-size":"auto","background-attachment":"scroll","background-type":"","background-media":"","overlay-type":"","overlay-color":"","overlay-opacity":"","overlay-gradient":""},"tablet":{"background-color":"var(--ast-global-color-5)","background-image":"","background-repeat":"repeat","background-position":"center center","background-size":"auto","background-attachment":"scroll","background-type":"","background-media":"","overlay-type":"","overlay-color":"","overlay-opacity":"","overlay-gradient":""},"mobile":{"background-color":"var(--ast-global-color-5)","background-image":"","background-repeat":"repeat","background-position":"center center","background-size":"auto","background-attachment":"scroll","background-type":"","background-media":"","overlay-type":"","overlay-color":"","overlay-opacity":"","overlay-gradient":""}}},"product_brand":[],"product_cat":[133,130],"product_tag":[],"class_list":{"0":"post-1635","1":"product","2":"type-product","3":"status-publish","4":"has-post-thumbnail","6":"product_cat-faixa-cirurgica","7":"product_cat-malhas-de-compressao","8":"desktop-align-left","9":"tablet-align-left","10":"mobile-align-left","12":"first","13":"instock","14":"taxable","15":"shipping-taxable","16":"product-type-simple"},"_links":{"self":[{"href":"https:\/\/www.medcoll.com.br\/en\/wp-json\/wp\/v2\/product\/1635","targetHints":{"allow":["GET"]}}],"collection":[{"href":"https:\/\/www.medcoll.com.br\/en\/wp-json\/wp\/v2\/product"}],"about":[{"href":"https:\/\/www.medcoll.com.br\/en\/wp-json\/wp\/v2\/types\/product"}],"replies":[{"embeddable":true,"href":"https:\/\/www.medcoll.com.br\/en\/wp-json\/wp\/v2\/comments?post=1635"}],"version-history":[{"count":2,"href":"https:\/\/www.medcoll.com.br\/en\/wp-json\/wp\/v2\/product\/1635\/revisions"}],"predecessor-version":[{"id":1965,"href":"https:\/\/www.medcoll.com.br\/en\/wp-json\/wp\/v2\/product\/1635\/revisions\/1965"}],"wp:featuredmedia":[{"embeddable":true,"href":"https:\/\/www.medcoll.com.br\/en\/wp-json\/wp\/v2\/media\/1964"}],"wp:attachment":[{"href":"https:\/\/www.medcoll.com.br\/en\/wp-json\/wp\/v2\/media?parent=1635"}],"wp:term":[{"taxonomy":"product_brand","embeddable":true,"href":"https:\/\/www.medcoll.com.br\/en\/wp-json\/wp\/v2\/product_brand?post=1635"},{"taxonomy":"product_cat","embeddable":true,"href":"https:\/\/www.medcoll.com.br\/en\/wp-json\/wp\/v2\/product_cat?post=1635"},{"taxonomy":"product_tag","embeddable":true,"href":"https:\/\/www.medcoll.com.br\/en\/wp-json\/wp\/v2\/product_tag?post=1635"}],"curies":[{"name":"wp","href":"https:\/\/api.w.org\/{rel}","templated":true}]}}