{"id":1677,"date":"2026-02-14T21:02:36","date_gmt":"2026-02-15T00:02:36","guid":{"rendered":"https:\/\/www.medcoll.com.br\/?post_type=product&#038;p=1677"},"modified":"2026-02-14T21:55:53","modified_gmt":"2026-02-15T00:55:53","slug":"cinta-ortopedica-lombar-c-placa-de-sustentacao-atlet-brasil","status":"publish","type":"product","link":"https:\/\/www.medcoll.com.br\/en\/product\/cinta-ortopedica-lombar-c-placa-de-sustentacao-atlet-brasil\/","title":{"rendered":"Cinta Ortop\u00e9dica Lombar C\/ Placa De Sustenta\u00e7\u00e3o Atlet Brasil"},"content":{"rendered":"<div id=\"product-wrapper\" class=\"product-wrapper\">\n<div class=\"product-tabs\">\n<div class=\"tabs-content\">\n<div id=\"descricao\" class=\"tab rte description-ab active\">\n<p>A Cinta Lombar ATLET possui uma placa de sustenta\u00e7\u00e3o na regi\u00e3o lombar que proporciona estabilidade e suporte \u00e0 coluna lombar, sua faixa lateral extra intensifica a compress\u00e3o, evitando dores e tens\u00f5es na regi\u00e3o lombar proporcionando assim, conforto e seguran\u00e7a.<\/p>\n<p><strong>Indica\u00e7\u00e3o<\/strong><\/p>\n<p>Aux\u00edlio na preven\u00e7\u00e3o de les\u00f5es e tor\u00e7\u00f5es por sobrecargas lombares durante atividade f\u00edsica ou laboral. Aux\u00edlio no tratamento de contus\u00f5es tor\u00e1cicas e recupera\u00e7\u00e3o p\u00f3s-cir\u00fargica. Auxilia tamb\u00e9m na postura e no al\u00edvio das dores lombares.<\/p>\n<p><strong>Instru\u00e7\u00f5es de Uso<\/strong><\/p>\n<ol>\n<li>Abra completamente os fechos aderentes.<\/li>\n<li>Posicione a Cinta Lombar na parte inferior das costas<\/li>\n<li>Puxe as extremidades para frente e ajuste com o fecho aderente, adequando a press\u00e3o conforme o desejado.<\/li>\n<li>Puxe tamb\u00e9m as faixas laterais para frente e ajuste com o fecho aderente de acordo com a compress\u00e3o adequada.<\/li>\n<\/ol>\n<p><strong>Precau\u00e7\u00f5es:<\/strong><\/p>\n<p>Este produto n\u00e3o apresenta contraindica\u00e7\u00e3o, desde as orienta\u00e7\u00f5es de uso e indica\u00e7\u00e3o sejam mantidas. \u00c9 recomend\u00e1vel a orienta\u00e7\u00e3o de um profissional da sa\u00fade. N\u00e3o utilizar este produto sobre a pele lesionada.<\/p>\n<p><strong>Modo de lavar:<\/strong><\/p>\n<p>Para maior durabilidade do seu produto lavar somente a m\u00e3o com sab\u00e3o neutro e agua at\u00e9 40\u00b0C. Secar a sombra, na posi\u00e7\u00e3o vertical. N\u00e3o lavar e secar em m\u00e1quina e n\u00e3o utilizar o ferro de passar.<\/p>\n<p><strong>Garantia de Fabrica\u00e7\u00e3o:<\/strong><\/p>\n<p>A Cinta Lombar ATLET possui garantia de fabrica\u00e7\u00e3o de 90 dias de acordo com o c\u00f3digo de defesa do consumidor. Em caso de defeito de fabrica\u00e7\u00e3o retorne ao estabelecimento onde o produto foi adquirido com a respectiva nota fiscal de compra. N\u00e3o s\u00e3o pass\u00edveis de troca produtos utilizados de maneira incorreta ou inadequada.<\/p>\n<p><strong>Prazo de Validade:<\/strong><\/p>\n<p>Indeterminado.<\/p>\n<p><strong>Tamanho \u00danico<\/strong><\/p>\n<p><strong>Composi\u00e7\u00e3o<\/strong><\/p>\n<p>100% poliamida<\/p>\n<p>30% CR<\/p>\n<p>70% SBR<\/p>\n<p>Placa Interna:<\/p>\n<p>100% polipropileno<\/p>\n<p>&nbsp;<\/p>\n<p><strong>Anvisa:<\/strong>\u00a082613870005<\/p>\n<\/div>\n<\/div>\n<\/div>\n<\/div>\n<div class=\"section-product-related\">\n<div class=\"container\">\n<div class=\"section-header\"><\/div>\n<\/div>\n<\/div>","protected":false},"excerpt":{"rendered":"<p>A Cinta Lombar ATLET possui uma placa de sustenta\u00e7\u00e3o na regi\u00e3o lombar que proporciona estabilidade e suporte \u00e0 coluna lombar, sua faixa lateral extra intensifica a compress\u00e3o, evitando dores e tens\u00f5es na regi\u00e3o lombar proporcionando assim, conforto e seguran\u00e7a.<\/p>","protected":false},"featured_media":1681,"comment_status":"open","ping_status":"closed","template":"","meta":{"site-sidebar-layout":"default","site-content-layout":"","ast-site-content-layout":"default","site-content-style":"default","site-sidebar-style":"default","ast-global-header-display":"","ast-banner-title-visibility":"","ast-main-header-display":"","ast-hfb-above-header-display":"","ast-hfb-below-header-display":"","ast-hfb-mobile-header-display":"","site-post-title":"","ast-breadcrumbs-content":"","ast-featured-img":"","footer-sml-layout":"","ast-disable-related-posts":"","theme-transparent-header-meta":"default","adv-header-id-meta":"","stick-header-meta":"","header-above-stick-meta":"","header-main-stick-meta":"","header-below-stick-meta":"","astra-migrate-meta-layouts":"set","ast-page-background-enabled":"default","ast-page-background-meta":{"desktop":{"background-color":"var(--ast-global-color-4)","background-image":"","background-repeat":"repeat","background-position":"center center","background-size":"auto","background-attachment":"scroll","background-type":"","background-media":"","overlay-type":"","overlay-color":"","overlay-opacity":"","overlay-gradient":""},"tablet":{"background-color":"","background-image":"","background-repeat":"repeat","background-position":"center center","background-size":"auto","background-attachment":"scroll","background-type":"","background-media":"","overlay-type":"","overlay-color":"","overlay-opacity":"","overlay-gradient":""},"mobile":{"background-color":"","background-image":"","background-repeat":"repeat","background-position":"center center","background-size":"auto","background-attachment":"scroll","background-type":"","background-media":"","overlay-type":"","overlay-color":"","overlay-opacity":"","overlay-gradient":""}},"ast-content-background-meta":{"desktop":{"background-color":"var(--ast-global-color-5)","background-image":"","background-repeat":"repeat","background-position":"center center","background-size":"auto","background-attachment":"scroll","background-type":"","background-media":"","overlay-type":"","overlay-color":"","overlay-opacity":"","overlay-gradient":""},"tablet":{"background-color":"var(--ast-global-color-5)","background-image":"","background-repeat":"repeat","background-position":"center center","background-size":"auto","background-attachment":"scroll","background-type":"","background-media":"","overlay-type":"","overlay-color":"","overlay-opacity":"","overlay-gradient":""},"mobile":{"background-color":"var(--ast-global-color-5)","background-image":"","background-repeat":"repeat","background-position":"center center","background-size":"auto","background-attachment":"scroll","background-type":"","background-media":"","overlay-type":"","overlay-color":"","overlay-opacity":"","overlay-gradient":""}}},"product_brand":[],"product_cat":[136,151],"product_tag":[],"class_list":{"0":"post-1677","1":"product","2":"type-product","3":"status-publish","4":"has-post-thumbnail","6":"product_cat-ortopedicos","7":"product_cat-torax-lombar","8":"desktop-align-left","9":"tablet-align-left","10":"mobile-align-left","12":"first","13":"instock","14":"taxable","15":"shipping-taxable","16":"product-type-simple"},"_links":{"self":[{"href":"https:\/\/www.medcoll.com.br\/en\/wp-json\/wp\/v2\/product\/1677","targetHints":{"allow":["GET"]}}],"collection":[{"href":"https:\/\/www.medcoll.com.br\/en\/wp-json\/wp\/v2\/product"}],"about":[{"href":"https:\/\/www.medcoll.com.br\/en\/wp-json\/wp\/v2\/types\/product"}],"replies":[{"embeddable":true,"href":"https:\/\/www.medcoll.com.br\/en\/wp-json\/wp\/v2\/comments?post=1677"}],"version-history":[{"count":1,"href":"https:\/\/www.medcoll.com.br\/en\/wp-json\/wp\/v2\/product\/1677\/revisions"}],"predecessor-version":[{"id":1682,"href":"https:\/\/www.medcoll.com.br\/en\/wp-json\/wp\/v2\/product\/1677\/revisions\/1682"}],"wp:featuredmedia":[{"embeddable":true,"href":"https:\/\/www.medcoll.com.br\/en\/wp-json\/wp\/v2\/media\/1681"}],"wp:attachment":[{"href":"https:\/\/www.medcoll.com.br\/en\/wp-json\/wp\/v2\/media?parent=1677"}],"wp:term":[{"taxonomy":"product_brand","embeddable":true,"href":"https:\/\/www.medcoll.com.br\/en\/wp-json\/wp\/v2\/product_brand?post=1677"},{"taxonomy":"product_cat","embeddable":true,"href":"https:\/\/www.medcoll.com.br\/en\/wp-json\/wp\/v2\/product_cat?post=1677"},{"taxonomy":"product_tag","embeddable":true,"href":"https:\/\/www.medcoll.com.br\/en\/wp-json\/wp\/v2\/product_tag?post=1677"}],"curies":[{"name":"wp","href":"https:\/\/api.w.org\/{rel}","templated":true}]}}