{"id":1689,"date":"2026-02-14T22:11:24","date_gmt":"2026-02-15T01:11:24","guid":{"rendered":"https:\/\/www.medcoll.com.br\/?post_type=product&#038;p=1689"},"modified":"2026-02-14T22:11:24","modified_gmt":"2026-02-15T01:11:24","slug":"joelheira-com-orificio-reforcado-unissex-atlet","status":"publish","type":"product","link":"https:\/\/www.medcoll.com.br\/en\/product\/joelheira-com-orificio-reforcado-unissex-atlet\/","title":{"rendered":"Joelheira Com Orif\u00edcio Refor\u00e7ado Unissex Atlet"},"content":{"rendered":"<p>A Joelheira com Orif\u00edcio Refor\u00e7ado ATLET proporciona prote\u00e7\u00e3o adicional ao joelho por meio de compress\u00e3o centralizada na paleta, aumentando a estabilidade da articula\u00e7\u00e3o. O orif\u00edcio patelar ajuda a reduzir a tens\u00e3o sobre o tend\u00e3o patelar.<\/p>\n<p>Este recurso foi desenvolvido com uma abertura horizontal na parte posterior para proporcionar mais conforto durante o seu uso. Pode ser utilizada tanto no joelho direito quanto no esquerdo.<\/p>\n<p><strong>Indica\u00e7\u00e3o:<\/strong><\/p>\n<p>Preven\u00e7\u00e3o de les\u00f5es na pr\u00e1tica de atividades f\u00edsicas e auxilio no tratamento de contus\u00f5es, entorses, tendinites, condromal\u00e1cia, luxac\u0327\u00f5es e bursites. Uso ortop\u00e9dico ou para a pr\u00e1tica esportiva<\/p>\n<p><strong>Instru\u00e7\u00f5es de Uso:<\/strong><\/p>\n<ol>\n<li>Vestir a joelheira at\u00e9 a altura do joelho, de modo que fique confort\u00e1vel.<\/li>\n<li>O orif\u00edcio patelar deve ficar posicionado no centro do joelho.<\/li>\n<\/ol>\n<p><strong>Precau\u00e7\u00f5es:<\/strong><\/p>\n<p>Evite utilizar este produto sobre a pele lesionada. Caso ocorram irrita\u00e7\u00f5es na pele, suspenda o uso e consulte o seu m\u00e9dico. N\u00e3o aperte em demasia para n\u00e3o dificultar a circula\u00e7\u00e3o sangu\u00ednea. N\u00e3o use o produto enquanto estiver dormindo.<\/p>\n<p><strong>Modo de lavar:<\/strong><\/p>\n<p>Para maior durabilidade do seu produto lavar somente a m\u00e3o com sab\u00e3o neutro e agua at\u00e9 40 \u00b0C. Secar a sombra, na posi\u00e7\u00e3o vertical. N\u00e3o lavar e secar em m\u00e1quina e n\u00e3o utilizar o ferro de passar.<\/p>\n<p><strong>Garantia de Fabrica\u00e7\u00e3o:<\/strong><\/p>\n<p>A Joelheira com Orif\u00edcio Refor\u00e7ado Atlet possui garantia de fabrica\u00e7\u00e3o de 90 dias de acordo com o c\u00f3digo de defesa do consumidor. Em caso de defeito de fabrica\u00e7\u00e3o retorne ao estabelecimento onde o produto foi adquirido com a respectiva nota fiscal de compra. N\u00e3o s\u00e3o pass\u00edveis de troca produtos utilizados de maneira incorreta ou inadequada<\/p>\n<p><strong>Prazo de Validade:<\/strong><\/p>\n<p>Indeterminado<\/p>\n<p><strong>Tamanho:<\/strong><\/p>\n<p>Para escolher o tamanho ideal da sua Joelheira com Orif\u00edcio Refor\u00e7ado, a circunfer\u00eancia do seu joelho.<\/p>\n<ul>\n<li>Tamanho P: 32\u00a0a 35 cm<\/li>\n<li>Tamanho M: 35\u00a0a 39\u00a0cm<\/li>\n<li>Tamanho G: 39\u00a0a 44 cm<\/li>\n<\/ul>\n<p><strong>Composi\u00e7\u00e3o:<\/strong><\/p>\n<p>100% l\u00e1tex<\/p>\n<p>100% poli\u00e9ster<\/p>\n<p><strong>CONT\u00c9M L\u00c1TEX NATURAL. PODE CAUSAR ALERGIA.<\/strong><\/p>\n<p>&nbsp;<\/p>\n<p><strong>ANVISA:<\/strong>\u00a082613870002<\/p>","protected":false},"excerpt":{"rendered":"<p>A Joelheira com Orif\u00edcio Refor\u00e7ado ATLET proporciona prote\u00e7\u00e3o adicional ao joelho por meio de compress\u00e3o centralizada na paleta, aumentando a estabilidade da articula\u00e7\u00e3o. O orif\u00edcio patelar ajuda a reduzir a tens\u00e3o sobre o tend\u00e3o patelar.<\/p>","protected":false},"featured_media":1693,"comment_status":"open","ping_status":"closed","template":"","meta":{"site-sidebar-layout":"default","site-content-layout":"","ast-site-content-layout":"default","site-content-style":"default","site-sidebar-style":"default","ast-global-header-display":"","ast-banner-title-visibility":"","ast-main-header-display":"","ast-hfb-above-header-display":"","ast-hfb-below-header-display":"","ast-hfb-mobile-header-display":"","site-post-title":"","ast-breadcrumbs-content":"","ast-featured-img":"","footer-sml-layout":"","ast-disable-related-posts":"","theme-transparent-header-meta":"default","adv-header-id-meta":"","stick-header-meta":"","header-above-stick-meta":"","header-main-stick-meta":"","header-below-stick-meta":"","astra-migrate-meta-layouts":"set","ast-page-background-enabled":"default","ast-page-background-meta":{"desktop":{"background-color":"var(--ast-global-color-4)","background-image":"","background-repeat":"repeat","background-position":"center center","background-size":"auto","background-attachment":"scroll","background-type":"","background-media":"","overlay-type":"","overlay-color":"","overlay-opacity":"","overlay-gradient":""},"tablet":{"background-color":"","background-image":"","background-repeat":"repeat","background-position":"center center","background-size":"auto","background-attachment":"scroll","background-type":"","background-media":"","overlay-type":"","overlay-color":"","overlay-opacity":"","overlay-gradient":""},"mobile":{"background-color":"","background-image":"","background-repeat":"repeat","background-position":"center center","background-size":"auto","background-attachment":"scroll","background-type":"","background-media":"","overlay-type":"","overlay-color":"","overlay-opacity":"","overlay-gradient":""}},"ast-content-background-meta":{"desktop":{"background-color":"var(--ast-global-color-5)","background-image":"","background-repeat":"repeat","background-position":"center center","background-size":"auto","background-attachment":"scroll","background-type":"","background-media":"","overlay-type":"","overlay-color":"","overlay-opacity":"","overlay-gradient":""},"tablet":{"background-color":"var(--ast-global-color-5)","background-image":"","background-repeat":"repeat","background-position":"center center","background-size":"auto","background-attachment":"scroll","background-type":"","background-media":"","overlay-type":"","overlay-color":"","overlay-opacity":"","overlay-gradient":""},"mobile":{"background-color":"var(--ast-global-color-5)","background-image":"","background-repeat":"repeat","background-position":"center center","background-size":"auto","background-attachment":"scroll","background-type":"","background-media":"","overlay-type":"","overlay-color":"","overlay-opacity":"","overlay-gradient":""}}},"product_brand":[],"product_cat":[153,136],"product_tag":[],"class_list":{"0":"post-1689","1":"product","2":"type-product","3":"status-publish","4":"has-post-thumbnail","6":"product_cat-membros-inferiores","7":"product_cat-ortopedicos","8":"desktop-align-left","9":"tablet-align-left","10":"mobile-align-left","12":"first","13":"instock","14":"taxable","15":"shipping-taxable","16":"product-type-simple"},"_links":{"self":[{"href":"https:\/\/www.medcoll.com.br\/en\/wp-json\/wp\/v2\/product\/1689","targetHints":{"allow":["GET"]}}],"collection":[{"href":"https:\/\/www.medcoll.com.br\/en\/wp-json\/wp\/v2\/product"}],"about":[{"href":"https:\/\/www.medcoll.com.br\/en\/wp-json\/wp\/v2\/types\/product"}],"replies":[{"embeddable":true,"href":"https:\/\/www.medcoll.com.br\/en\/wp-json\/wp\/v2\/comments?post=1689"}],"version-history":[{"count":1,"href":"https:\/\/www.medcoll.com.br\/en\/wp-json\/wp\/v2\/product\/1689\/revisions"}],"predecessor-version":[{"id":1694,"href":"https:\/\/www.medcoll.com.br\/en\/wp-json\/wp\/v2\/product\/1689\/revisions\/1694"}],"wp:featuredmedia":[{"embeddable":true,"href":"https:\/\/www.medcoll.com.br\/en\/wp-json\/wp\/v2\/media\/1693"}],"wp:attachment":[{"href":"https:\/\/www.medcoll.com.br\/en\/wp-json\/wp\/v2\/media?parent=1689"}],"wp:term":[{"taxonomy":"product_brand","embeddable":true,"href":"https:\/\/www.medcoll.com.br\/en\/wp-json\/wp\/v2\/product_brand?post=1689"},{"taxonomy":"product_cat","embeddable":true,"href":"https:\/\/www.medcoll.com.br\/en\/wp-json\/wp\/v2\/product_cat?post=1689"},{"taxonomy":"product_tag","embeddable":true,"href":"https:\/\/www.medcoll.com.br\/en\/wp-json\/wp\/v2\/product_tag?post=1689"}],"curies":[{"name":"wp","href":"https:\/\/api.w.org\/{rel}","templated":true}]}}