{"id":1695,"date":"2026-02-14T22:15:57","date_gmt":"2026-02-15T01:15:57","guid":{"rendered":"https:\/\/www.medcoll.com.br\/?post_type=product&#038;p=1695"},"modified":"2026-02-14T22:16:39","modified_gmt":"2026-02-15T01:16:39","slug":"ornozeleira-ajustavel-unissex-atlet","status":"publish","type":"product","link":"https:\/\/www.medcoll.com.br\/en\/product\/ornozeleira-ajustavel-unissex-atlet\/","title":{"rendered":"Tornozeleira Ajust\u00e1vel Unissex Atlet"},"content":{"rendered":"<div id=\"product-wrapper\" class=\"product-wrapper\">\n<div class=\"product-tabs\">\n<div class=\"tabs-content\">\n<div id=\"descricao\" class=\"tab rte description-ab active\">\n<p>A Tornozeleira Ajust\u00e1vel Atlet oferece suporte ao tornozelo por meio de compress\u00e3o. Promove a estabilidade da articula\u00e7\u00e3o dando firmeza aos movimentos prevenindo e auxiliando no tratamento de les\u00f5es.\u00a0Pode ser usada tanto no tornozelo direito quanto no esquerdo.<\/p>\n<p><strong>Indica\u00e7\u00e3o:<\/strong><\/p>\n<p>Traumatismos, entorses, tendinites e outras afec\u00e7\u00f5es do tornozelo. Preven\u00e7\u00e3o de les\u00f5es durante a pr\u00e1tica de atividades f\u00edsicas bem como atividades do dia a dia.<\/p>\n<p><strong>Instru\u00e7\u00f5es de Uso:<\/strong><\/p>\n<ol>\n<li>Puxar a tornozeleira pelo p\u00e9 at\u00e9 a jun\u00e7\u00e3o do tornozelo.<\/li>\n<li>Encaixar o calcanhar na abertura.<\/li>\n<li>Ajustar o fecho aderente de acordo com a compress\u00e3o adequada.<\/li>\n<\/ol>\n<p><strong>Precau\u00e7\u00f5es:<\/strong><\/p>\n<p>Evite utilizar este produto sobre a pele lesionada. Caso ocorram irrita\u00e7\u00f5es na pele, suspenda o uso e consulte o seu m\u00e9dico. N\u00e3o aperte em demasia para n\u00e3o dificultar a circula\u00e7\u00e3o sangu\u00ednea. N\u00e3o use o produto enquanto estiver dormindo.<\/p>\n<p><strong>Modo de lavar:<\/strong><\/p>\n<p>Para maior durabilidade do seu produto lavar somente a m\u00e3o com sab\u00e3o neutro e agua at\u00e9 40 \u00b0C. Secar a sombra, na posi\u00e7\u00e3o vertical. N\u00e3o lavar e secar em m\u00e1quina e n\u00e3o utilizar o ferro de passar.<\/p>\n<p><strong>Garantia de Fabrica\u00e7\u00e3o:<\/strong><\/p>\n<p>A Tornozeleira Ajust\u00e1vel Atlet possui garantia de fabrica\u00e7\u00e3o de 90 dias de acordo com o c\u00f3digo de defesa do consumidor. Em caso de defeito de fabrica\u00e7\u00e3o retorne ao estabelecimento onde o produto foi adquirido com a respectiva nota fiscal de compra. N\u00e3o s\u00e3o pass\u00edveis de troca produtos utilizados de maneira incorreta ou inadequada.<\/p>\n<p><strong>Prazo de Validade:<\/strong><\/p>\n<p>Indeterminado.<\/p>\n<p><strong>Tamanho:<\/strong><\/p>\n<p>Para identificar o tamanho adequado, me\u00e7a a circunfer\u00eancia do tornozelo conforme a imagem.<\/p>\n<ul>\n<li>Tamanho PP: 19\u00a0a 21\u00a0cm<\/li>\n<li>Tamanho P: 21 a 23 cm<\/li>\n<li>Tamanho M: 23\u00a0a 25\u00a0cm<\/li>\n<li>Tamanho G: 25 a 28 cm<\/li>\n<li>Tamanho GG: 28 a 31 cm<\/li>\n<\/ul>\n<p><strong>Composi\u00e7\u00e3o:<\/strong><\/p>\n<p>100% Poli\u00e9ster<\/p>\n<p>100 % L\u00e1tex<\/p>\n<p><strong>CONT\u00c9M L\u00c1TEX NATURAL. PODE CAUSAR ALERGIA.<\/strong><\/p>\n<p>&nbsp;<\/p>\n<p><strong>ANVISA:<\/strong>\u00a082613870002<\/p>\n<\/div>\n<\/div>\n<\/div>\n<\/div>\n<div class=\"section-product-related\">\n<div class=\"container\">\n<div class=\"section-header\"><\/div>\n<\/div>\n<\/div>","protected":false},"excerpt":{"rendered":"<p>A Tornozeleira Ajust\u00e1vel Atlet oferece suporte ao tornozelo por meio de compress\u00e3o. Promove a estabilidade da articula\u00e7\u00e3o dando firmeza aos movimentos prevenindo e auxiliando no tratamento de les\u00f5es.\u00a0Pode ser usada tanto no tornozelo direito quanto no esquerdo.<\/p>","protected":false},"featured_media":1697,"comment_status":"open","ping_status":"closed","template":"","meta":{"site-sidebar-layout":"default","site-content-layout":"","ast-site-content-layout":"default","site-content-style":"default","site-sidebar-style":"default","ast-global-header-display":"","ast-banner-title-visibility":"","ast-main-header-display":"","ast-hfb-above-header-display":"","ast-hfb-below-header-display":"","ast-hfb-mobile-header-display":"","site-post-title":"","ast-breadcrumbs-content":"","ast-featured-img":"","footer-sml-layout":"","ast-disable-related-posts":"","theme-transparent-header-meta":"default","adv-header-id-meta":"","stick-header-meta":"","header-above-stick-meta":"","header-main-stick-meta":"","header-below-stick-meta":"","astra-migrate-meta-layouts":"set","ast-page-background-enabled":"default","ast-page-background-meta":{"desktop":{"background-color":"var(--ast-global-color-4)","background-image":"","background-repeat":"repeat","background-position":"center center","background-size":"auto","background-attachment":"scroll","background-type":"","background-media":"","overlay-type":"","overlay-color":"","overlay-opacity":"","overlay-gradient":""},"tablet":{"background-color":"","background-image":"","background-repeat":"repeat","background-position":"center center","background-size":"auto","background-attachment":"scroll","background-type":"","background-media":"","overlay-type":"","overlay-color":"","overlay-opacity":"","overlay-gradient":""},"mobile":{"background-color":"","background-image":"","background-repeat":"repeat","background-position":"center center","background-size":"auto","background-attachment":"scroll","background-type":"","background-media":"","overlay-type":"","overlay-color":"","overlay-opacity":"","overlay-gradient":""}},"ast-content-background-meta":{"desktop":{"background-color":"var(--ast-global-color-5)","background-image":"","background-repeat":"repeat","background-position":"center center","background-size":"auto","background-attachment":"scroll","background-type":"","background-media":"","overlay-type":"","overlay-color":"","overlay-opacity":"","overlay-gradient":""},"tablet":{"background-color":"var(--ast-global-color-5)","background-image":"","background-repeat":"repeat","background-position":"center center","background-size":"auto","background-attachment":"scroll","background-type":"","background-media":"","overlay-type":"","overlay-color":"","overlay-opacity":"","overlay-gradient":""},"mobile":{"background-color":"var(--ast-global-color-5)","background-image":"","background-repeat":"repeat","background-position":"center center","background-size":"auto","background-attachment":"scroll","background-type":"","background-media":"","overlay-type":"","overlay-color":"","overlay-opacity":"","overlay-gradient":""}}},"product_brand":[],"product_cat":[153,136],"product_tag":[],"class_list":{"0":"post-1695","1":"product","2":"type-product","3":"status-publish","4":"has-post-thumbnail","6":"product_cat-membros-inferiores","7":"product_cat-ortopedicos","8":"desktop-align-left","9":"tablet-align-left","10":"mobile-align-left","12":"first","13":"instock","14":"taxable","15":"shipping-taxable","16":"product-type-simple"},"_links":{"self":[{"href":"https:\/\/www.medcoll.com.br\/en\/wp-json\/wp\/v2\/product\/1695","targetHints":{"allow":["GET"]}}],"collection":[{"href":"https:\/\/www.medcoll.com.br\/en\/wp-json\/wp\/v2\/product"}],"about":[{"href":"https:\/\/www.medcoll.com.br\/en\/wp-json\/wp\/v2\/types\/product"}],"replies":[{"embeddable":true,"href":"https:\/\/www.medcoll.com.br\/en\/wp-json\/wp\/v2\/comments?post=1695"}],"version-history":[{"count":2,"href":"https:\/\/www.medcoll.com.br\/en\/wp-json\/wp\/v2\/product\/1695\/revisions"}],"predecessor-version":[{"id":1699,"href":"https:\/\/www.medcoll.com.br\/en\/wp-json\/wp\/v2\/product\/1695\/revisions\/1699"}],"wp:featuredmedia":[{"embeddable":true,"href":"https:\/\/www.medcoll.com.br\/en\/wp-json\/wp\/v2\/media\/1697"}],"wp:attachment":[{"href":"https:\/\/www.medcoll.com.br\/en\/wp-json\/wp\/v2\/media?parent=1695"}],"wp:term":[{"taxonomy":"product_brand","embeddable":true,"href":"https:\/\/www.medcoll.com.br\/en\/wp-json\/wp\/v2\/product_brand?post=1695"},{"taxonomy":"product_cat","embeddable":true,"href":"https:\/\/www.medcoll.com.br\/en\/wp-json\/wp\/v2\/product_cat?post=1695"},{"taxonomy":"product_tag","embeddable":true,"href":"https:\/\/www.medcoll.com.br\/en\/wp-json\/wp\/v2\/product_tag?post=1695"}],"curies":[{"name":"wp","href":"https:\/\/api.w.org\/{rel}","templated":true}]}}