{"id":1707,"date":"2026-02-14T22:29:02","date_gmt":"2026-02-15T01:29:02","guid":{"rendered":"https:\/\/www.medcoll.com.br\/?post_type=product&#038;p=1707"},"modified":"2026-02-14T22:29:02","modified_gmt":"2026-02-15T01:29:02","slug":"faixa-abdominal-elastica-unissex-atlet","status":"publish","type":"product","link":"https:\/\/www.medcoll.com.br\/en\/product\/faixa-abdominal-elastica-unissex-atlet\/","title":{"rendered":"Faixa Abdominal El\u00e1stica Unissex Atlet"},"content":{"rendered":"<p>A Faixa Abdominal El\u00e1stica ATLET \u00e9 confeccionada com faixas el\u00e1sticas macias e resistentes que comprimem e protegem a regi\u00e3o abdominal no p\u00f3s cir\u00fargico proporcionando seguran\u00e7a e suporte para a musculatura da regi\u00e3o.<\/p>\n<p>Seu fecho aderente a torna ajust\u00e1vel permitindo que a compress\u00e3o seja adequada conforme a necessidade.<\/p>\n<p><strong>Indica\u00e7\u00e3o:<\/strong><\/p>\n<p>Uso p\u00f3s operat\u00f3rio de cirurgias abdominais (ces\u00e1rea, rins, h\u00e9rnias, ves\u00edcula, cirurgias pl\u00e1sticas e cirurgias em geral do abd\u00f4men ou t\u00f3rax); flacidez abdominal p\u00f3s-parto e p\u00f3s-cirurgia; apoio compressivo e estabiliza\u00e7\u00e3o da regi\u00e3o lombar.<\/p>\n<p><strong>Instru\u00e7\u00f5es de Uso:<\/strong><\/p>\n<ol>\n<li>Abra completamente os fechos aderentes.<\/li>\n<li>Posicione a Faixa El\u00e1stica Abdominal na parte inferior das costas.<\/li>\n<li>Puxe as extremidades para frente e ajuste com o fecho aderente, adequando a press\u00e3o conforme o desejado.<\/li>\n<\/ol>\n<p><strong>Precau\u00e7\u00f5es:<\/strong><\/p>\n<p>Evite utilizar este produto sobre a pele lesionada. Caso ocorram irrita\u00e7\u00f5es na pele, suspenda o uso e consulte o seu m\u00e9dico. N\u00e3o aperte em demasia para n\u00e3o dificultar a circula\u00e7\u00e3o sangu\u00ednea. N\u00e3o use o produto enquanto estiver dormindo.<\/p>\n<p><strong>Modo de lavar:<\/strong><\/p>\n<p>Para maior durabilidade do seu produto lavar somente a m\u00e3o com sab\u00e3o neutro e agua at\u00e9 40 \u00b0C. Secar a sombra, na posi\u00e7\u00e3o vertical. N\u00e3o lavar e secar em m\u00e1quina e n\u00e3o utilizar o ferro de passar.<\/p>\n<p><strong>Garantia de Fabrica\u00e7\u00e3o:<\/strong><\/p>\n<p>A Faixa Abdominal El\u00e1stica ATLET possui garantia de fabrica\u00e7\u00e3o de 90 dias de acordo com o c\u00f3digo de defesa do consumidor. Em caso de defeito de fabrica\u00e7\u00e3o retorne ao estabelecimento onde o produto foi adquirido com a respectiva nota fiscal de compra. N\u00e3o s\u00e3o pass\u00edveis de troca produtos utilizados de maneira incorreta ou inadequada.<\/p>\n<p><strong>Prazo de Validade:<\/strong><\/p>\n<p>Indeterminado.<\/p>\n<p><strong>Tamanho:<\/strong><\/p>\n<p>30 x 140cm: Circunfer\u00eancia de at\u00e9 170cm<\/p>\n<p>22 x 120cm: Circunfer\u00eancia de at\u00e9 150cm<\/p>\n<p><strong>Composi\u00e7\u00e3o:<\/strong><\/p>\n<p>51 % Poli\u00e9ster<\/p>\n<p>31 % Elastodieno<\/p>","protected":false},"excerpt":{"rendered":"<p>A Faixa Abdominal El\u00e1stica ATLET \u00e9 confeccionada com faixas el\u00e1sticas macias e resistentes que comprimem e protegem a regi\u00e3o abdominal no p\u00f3s cir\u00fargico proporcionando seguran\u00e7a e suporte para a musculatura da regi\u00e3o.<\/p>","protected":false},"featured_media":1710,"comment_status":"open","ping_status":"closed","template":"","meta":{"site-sidebar-layout":"default","site-content-layout":"","ast-site-content-layout":"default","site-content-style":"default","site-sidebar-style":"default","ast-global-header-display":"","ast-banner-title-visibility":"","ast-main-header-display":"","ast-hfb-above-header-display":"","ast-hfb-below-header-display":"","ast-hfb-mobile-header-display":"","site-post-title":"","ast-breadcrumbs-content":"","ast-featured-img":"","footer-sml-layout":"","ast-disable-related-posts":"","theme-transparent-header-meta":"default","adv-header-id-meta":"","stick-header-meta":"","header-above-stick-meta":"","header-main-stick-meta":"","header-below-stick-meta":"","astra-migrate-meta-layouts":"set","ast-page-background-enabled":"default","ast-page-background-meta":{"desktop":{"background-color":"var(--ast-global-color-4)","background-image":"","background-repeat":"repeat","background-position":"center center","background-size":"auto","background-attachment":"scroll","background-type":"","background-media":"","overlay-type":"","overlay-color":"","overlay-opacity":"","overlay-gradient":""},"tablet":{"background-color":"","background-image":"","background-repeat":"repeat","background-position":"center center","background-size":"auto","background-attachment":"scroll","background-type":"","background-media":"","overlay-type":"","overlay-color":"","overlay-opacity":"","overlay-gradient":""},"mobile":{"background-color":"","background-image":"","background-repeat":"repeat","background-position":"center center","background-size":"auto","background-attachment":"scroll","background-type":"","background-media":"","overlay-type":"","overlay-color":"","overlay-opacity":"","overlay-gradient":""}},"ast-content-background-meta":{"desktop":{"background-color":"var(--ast-global-color-5)","background-image":"","background-repeat":"repeat","background-position":"center center","background-size":"auto","background-attachment":"scroll","background-type":"","background-media":"","overlay-type":"","overlay-color":"","overlay-opacity":"","overlay-gradient":""},"tablet":{"background-color":"var(--ast-global-color-5)","background-image":"","background-repeat":"repeat","background-position":"center center","background-size":"auto","background-attachment":"scroll","background-type":"","background-media":"","overlay-type":"","overlay-color":"","overlay-opacity":"","overlay-gradient":""},"mobile":{"background-color":"var(--ast-global-color-5)","background-image":"","background-repeat":"repeat","background-position":"center center","background-size":"auto","background-attachment":"scroll","background-type":"","background-media":"","overlay-type":"","overlay-color":"","overlay-opacity":"","overlay-gradient":""}}},"product_brand":[],"product_cat":[133,130,136,151],"product_tag":[],"class_list":{"0":"post-1707","1":"product","2":"type-product","3":"status-publish","4":"has-post-thumbnail","6":"product_cat-faixa-cirurgica","7":"product_cat-malhas-de-compressao","8":"product_cat-ortopedicos","9":"product_cat-torax-lombar","10":"desktop-align-left","11":"tablet-align-left","12":"mobile-align-left","14":"first","15":"instock","16":"taxable","17":"shipping-taxable","18":"product-type-simple"},"_links":{"self":[{"href":"https:\/\/www.medcoll.com.br\/en\/wp-json\/wp\/v2\/product\/1707","targetHints":{"allow":["GET"]}}],"collection":[{"href":"https:\/\/www.medcoll.com.br\/en\/wp-json\/wp\/v2\/product"}],"about":[{"href":"https:\/\/www.medcoll.com.br\/en\/wp-json\/wp\/v2\/types\/product"}],"replies":[{"embeddable":true,"href":"https:\/\/www.medcoll.com.br\/en\/wp-json\/wp\/v2\/comments?post=1707"}],"version-history":[{"count":1,"href":"https:\/\/www.medcoll.com.br\/en\/wp-json\/wp\/v2\/product\/1707\/revisions"}],"predecessor-version":[{"id":1711,"href":"https:\/\/www.medcoll.com.br\/en\/wp-json\/wp\/v2\/product\/1707\/revisions\/1711"}],"wp:featuredmedia":[{"embeddable":true,"href":"https:\/\/www.medcoll.com.br\/en\/wp-json\/wp\/v2\/media\/1710"}],"wp:attachment":[{"href":"https:\/\/www.medcoll.com.br\/en\/wp-json\/wp\/v2\/media?parent=1707"}],"wp:term":[{"taxonomy":"product_brand","embeddable":true,"href":"https:\/\/www.medcoll.com.br\/en\/wp-json\/wp\/v2\/product_brand?post=1707"},{"taxonomy":"product_cat","embeddable":true,"href":"https:\/\/www.medcoll.com.br\/en\/wp-json\/wp\/v2\/product_cat?post=1707"},{"taxonomy":"product_tag","embeddable":true,"href":"https:\/\/www.medcoll.com.br\/en\/wp-json\/wp\/v2\/product_tag?post=1707"}],"curies":[{"name":"wp","href":"https:\/\/api.w.org\/{rel}","templated":true}]}}