{"id":1719,"date":"2026-02-15T08:30:50","date_gmt":"2026-02-15T11:30:50","guid":{"rendered":"https:\/\/www.medcoll.com.br\/?post_type=product&#038;p=1719"},"modified":"2026-02-15T08:30:50","modified_gmt":"2026-02-15T11:30:50","slug":"munhequeira-elastica-ortopedica-unissex-atlet","status":"publish","type":"product","link":"https:\/\/www.medcoll.com.br\/en\/product\/munhequeira-elastica-ortopedica-unissex-atlet\/","title":{"rendered":"Munhequeira El\u00e1stica Ortop\u00e9dica Unissex Atlet"},"content":{"rendered":"<div id=\"product-wrapper\" class=\"product-wrapper\">\n<div class=\"product-tabs\">\n<div class=\"tabs-content\">\n<div id=\"descricao\" class=\"tab rte description-ab active\">\n<p>A Munhequeira El\u00e1stica Ajust\u00e1vel ATLET oferece estabilidade ao punho. Confeccionada em el\u00e1stico com fecho aderente, permite o ajuste da compress\u00e3o conforme a necessidade.<\/p>\n<p>Proporciona suporte e firmeza \u00e0 regi\u00e3o do punho, reduzindo tens\u00e3o, dor e rigidez nos m\u00fasculos e tend\u00f5es. Possui al\u00e7a el\u00e1stica para o polegar, para facilitar a sua coloca\u00e7\u00e3o.<\/p>\n<p><strong>Indica\u00e7\u00e3o:<\/strong><\/p>\n<p>Les\u00f5es traum\u00e1ticas, tendinites e outras afec\u00e7\u00f5es leves do punho. \u00c9 indicada tamb\u00e9m para o al\u00edvio da dor e prote\u00e7\u00e3o durante a pr\u00e1tica de esportes como te\u0302nis, beach tennis, frescobol, basquete entre outros bem como atividades do dia a dia.<\/p>\n<p><strong>Instru\u00e7\u00f5es de Uso:<\/strong><\/p>\n<ol>\n<li>Coloque o el\u00e1stico de aux\u00edlio no dedo polegar, para ajudar a vestir o produto.<\/li>\n<li>Com a m\u00e3o livre, passe a munhequeira ao redor do punho, envolvendo-o.<\/li>\n<li>Ajuste a compress\u00e3o com o fecho aderente, adequando conforme o desejado.<\/li>\n<li>Se preferir, retire o el\u00e1stico de aux\u00edlio do polegar.<\/li>\n<\/ol>\n<p><strong>Precau\u00e7\u00f5es:<\/strong><\/p>\n<p>Evite utilizar este produto sobre a pele lesionada. Caso ocorram irrita\u00e7\u00f5es na pele, suspenda o uso e consulte o seu m\u00e9dico. N\u00e3o aperte em demasia para n\u00e3o dificultar a circula\u00e7\u00e3o sangu\u00ednea. N\u00e3o use o produto enquanto estiver dormindo.<\/p>\n<p><strong>Modo de lavar:<\/strong><\/p>\n<p>Para maior durabilidade do seu produto lavar somente a m\u00e3o com sab\u00e3o neutro e agua at\u00e9 40 \u00b0C. Secar a sombra, na posi\u00e7\u00e3o vertical. N\u00e3o lavar e secar em m\u00e1quina e n\u00e3o utilizar o ferro de passar.<\/p>\n<p><strong>Garantia de Fabrica\u00e7\u00e3o:<\/strong><\/p>\n<p>A Munhequeira El\u00e1stica Ajust\u00e1vel ATLET possui garantia de fabrica\u00e7\u00e3o de 90 dias de acordo com o c\u00f3digo de defesa do consumidor. Em caso de defeito de fabrica\u00e7\u00e3o retorne ao estabelecimento onde o produto foi adquirido com a respectiva nota fiscal de compra. N\u00e3o s\u00e3o pass\u00edveis de troca produtos utilizados de maneira incorreta ou inadequada.<\/p>\n<p><strong>Prazo de Validade:<\/strong><\/p>\n<p>Indeterminado.<\/p>\n<p><strong>Tamanho \u00danico<\/strong><\/p>\n<p><strong>Composi\u00e7\u00e3o:<\/strong><\/p>\n<p>51 % Poli\u00e9ster<\/p>\n<p>35 % Elastodieno<\/p>\n<p>14 % Poliamida<\/p>\n<p>&nbsp;<\/p>\n<p><strong>ANVISA:<\/strong>\u00a082613870002<\/p>\n<\/div>\n<\/div>\n<\/div>\n<\/div>\n<div class=\"section-product-related\">\n<div class=\"container\">\n<div class=\"section-header\"><\/div>\n<\/div>\n<\/div>","protected":false},"excerpt":{"rendered":"<p>A Munhequeira El\u00e1stica Ajust\u00e1vel ATLET oferece estabilidade ao punho. Confeccionada em el\u00e1stico com fecho aderente, permite o ajuste da compress\u00e3o conforme a necessidade.<\/p>","protected":false},"featured_media":1722,"comment_status":"open","ping_status":"closed","template":"","meta":{"site-sidebar-layout":"default","site-content-layout":"","ast-site-content-layout":"default","site-content-style":"default","site-sidebar-style":"default","ast-global-header-display":"","ast-banner-title-visibility":"","ast-main-header-display":"","ast-hfb-above-header-display":"","ast-hfb-below-header-display":"","ast-hfb-mobile-header-display":"","site-post-title":"","ast-breadcrumbs-content":"","ast-featured-img":"","footer-sml-layout":"","ast-disable-related-posts":"","theme-transparent-header-meta":"default","adv-header-id-meta":"","stick-header-meta":"","header-above-stick-meta":"","header-main-stick-meta":"","header-below-stick-meta":"","astra-migrate-meta-layouts":"set","ast-page-background-enabled":"default","ast-page-background-meta":{"desktop":{"background-color":"var(--ast-global-color-4)","background-image":"","background-repeat":"repeat","background-position":"center center","background-size":"auto","background-attachment":"scroll","background-type":"","background-media":"","overlay-type":"","overlay-color":"","overlay-opacity":"","overlay-gradient":""},"tablet":{"background-color":"","background-image":"","background-repeat":"repeat","background-position":"center center","background-size":"auto","background-attachment":"scroll","background-type":"","background-media":"","overlay-type":"","overlay-color":"","overlay-opacity":"","overlay-gradient":""},"mobile":{"background-color":"","background-image":"","background-repeat":"repeat","background-position":"center center","background-size":"auto","background-attachment":"scroll","background-type":"","background-media":"","overlay-type":"","overlay-color":"","overlay-opacity":"","overlay-gradient":""}},"ast-content-background-meta":{"desktop":{"background-color":"var(--ast-global-color-5)","background-image":"","background-repeat":"repeat","background-position":"center center","background-size":"auto","background-attachment":"scroll","background-type":"","background-media":"","overlay-type":"","overlay-color":"","overlay-opacity":"","overlay-gradient":""},"tablet":{"background-color":"var(--ast-global-color-5)","background-image":"","background-repeat":"repeat","background-position":"center center","background-size":"auto","background-attachment":"scroll","background-type":"","background-media":"","overlay-type":"","overlay-color":"","overlay-opacity":"","overlay-gradient":""},"mobile":{"background-color":"var(--ast-global-color-5)","background-image":"","background-repeat":"repeat","background-position":"center center","background-size":"auto","background-attachment":"scroll","background-type":"","background-media":"","overlay-type":"","overlay-color":"","overlay-opacity":"","overlay-gradient":""}}},"product_brand":[],"product_cat":[153,136],"product_tag":[],"class_list":{"0":"post-1719","1":"product","2":"type-product","3":"status-publish","4":"has-post-thumbnail","6":"product_cat-membros-inferiores","7":"product_cat-ortopedicos","8":"desktop-align-left","9":"tablet-align-left","10":"mobile-align-left","12":"first","13":"instock","14":"taxable","15":"shipping-taxable","16":"product-type-simple"},"_links":{"self":[{"href":"https:\/\/www.medcoll.com.br\/en\/wp-json\/wp\/v2\/product\/1719","targetHints":{"allow":["GET"]}}],"collection":[{"href":"https:\/\/www.medcoll.com.br\/en\/wp-json\/wp\/v2\/product"}],"about":[{"href":"https:\/\/www.medcoll.com.br\/en\/wp-json\/wp\/v2\/types\/product"}],"replies":[{"embeddable":true,"href":"https:\/\/www.medcoll.com.br\/en\/wp-json\/wp\/v2\/comments?post=1719"}],"version-history":[{"count":1,"href":"https:\/\/www.medcoll.com.br\/en\/wp-json\/wp\/v2\/product\/1719\/revisions"}],"predecessor-version":[{"id":1723,"href":"https:\/\/www.medcoll.com.br\/en\/wp-json\/wp\/v2\/product\/1719\/revisions\/1723"}],"wp:featuredmedia":[{"embeddable":true,"href":"https:\/\/www.medcoll.com.br\/en\/wp-json\/wp\/v2\/media\/1722"}],"wp:attachment":[{"href":"https:\/\/www.medcoll.com.br\/en\/wp-json\/wp\/v2\/media?parent=1719"}],"wp:term":[{"taxonomy":"product_brand","embeddable":true,"href":"https:\/\/www.medcoll.com.br\/en\/wp-json\/wp\/v2\/product_brand?post=1719"},{"taxonomy":"product_cat","embeddable":true,"href":"https:\/\/www.medcoll.com.br\/en\/wp-json\/wp\/v2\/product_cat?post=1719"},{"taxonomy":"product_tag","embeddable":true,"href":"https:\/\/www.medcoll.com.br\/en\/wp-json\/wp\/v2\/product_tag?post=1719"}],"curies":[{"name":"wp","href":"https:\/\/api.w.org\/{rel}","templated":true}]}}