{"id":1730,"date":"2026-02-15T08:55:51","date_gmt":"2026-02-15T11:55:51","guid":{"rendered":"https:\/\/www.medcoll.com.br\/?post_type=product&#038;p=1730"},"modified":"2026-02-15T08:55:51","modified_gmt":"2026-02-15T11:55:51","slug":"ortese-de-punho-e-polegar-direito-unissex-atlet","status":"publish","type":"product","link":"https:\/\/www.medcoll.com.br\/en\/product\/ortese-de-punho-e-polegar-direito-unissex-atlet\/","title":{"rendered":"\u00d3rtese de Punho e Polegar Direito Unissex Atlet"},"content":{"rendered":"<p>A \u00d3rtese para Punho e Polegar Atlet \u00e9 confeccionada em um tecido macio e leve que proporciona mais conforto durante o seu uso.<\/p>\n<p>Desenvolvida para limitar o movimento de flex\u00e3o do punho e polegar possui tala anat\u00f4mica que garante maior estabiliza\u00e7\u00e3o e tiras aderentes que permitem melhor ajuste e compress\u00e3o.\u00a0Ao mesmo tempo em que oferece sustenta\u00e7\u00e3o para o punho e polegar deixa os demais dedos livres.<\/p>\n<p><strong>Indica\u00e7\u00e3o:<\/strong><\/p>\n<p>Indicada para restri\u00e7\u00e3o de movimentos do punho e polegar em casos de les\u00f5es por esfor\u00e7o repetitivo (LER), como tendinite, tenossinovite, s\u00edndrome de Quervain, rizartrose e s\u00edndrome do t\u00fanel do carpo. Les\u00f5es de ligamentos, m\u00fasculos e tend\u00f5es. Les\u00f5es traum\u00e1ticas como fraturas est\u00e1veis, luxa\u00e7\u00f5es ou tor\u00e7\u00f5es. Instabilidade cr\u00f4nica do punho. Pode ser usado tamb\u00e9m ap\u00f3s o uso do gesso.<\/p>\n<p><strong>Instru\u00e7\u00f5es de Uso:<\/strong><\/p>\n<p>1. Solte todas as faixas, abrindo completamente a \u00f3rtese.<\/p>\n<p>2. Posicione o polegar at\u00e9 a tala encaixar bem \u00e0 palma da m\u00e3o.<\/p>\n<p>3. Envolva o polegar ajustando o fecho aderente<\/p>\n<p>4. Apoie o bra\u00e7o em uma superf\u00edcie plana e acomode a \u00f3rtese em torno do punho.<\/p>\n<p>5. Envolva a faixa central no punho e ajuste fechando-a sobre si mesma.<\/p>\n<p>6. Passe as demais faixas atrav\u00e9s dos passantes e ajuste. Acerte a press\u00e3o conforme necess\u00e1rio, reajustando as faixas. Se as faixas ficarem muito longas, voc\u00ea pode corta-las.<\/p>\n<p><strong>Precau\u00e7\u00f5es:<\/strong><\/p>\n<p>Evite utilizar este produto sobre a pele lesionada. A utiliza\u00e7\u00e3o deste produto deve ser orientada por um profissional de sa\u00fade. O uso diferente dos mencionados nesta embalagem, bem como o uso enquanto estiver dormindo dever\u00e1 seguir as orienta\u00e7\u00f5es de um profissional de sa\u00fade. Caso ocorram irrita\u00e7\u00f5es na pele, suspenda o uso e consulte o seu m\u00e9dico. N\u00e3o aperte em demasia para n\u00e3o dificultar a circula\u00e7\u00e3o sangu\u00ednea.<\/p>\n<p><strong>Modo de lavar:<\/strong><\/p>\n<p>Para maior durabilidade do seu produto lavar somente a m\u00e3o com sab\u00e3o neutro e agua at\u00e9 40 \u00b0C. Secar a sombra, na posi\u00e7\u00e3o vertical. N\u00e3o lavar e secar em m\u00e1quina e n\u00e3o utilizar o ferro de passar.<\/p>\n<p><strong>Garantia de Fabrica\u00e7\u00e3o:<\/strong><\/p>\n<p>A \u00d3rtese para Punho e Polegar Atlet possui garantia de fabrica\u00e7\u00e3o de 90 dias de acordo com o c\u00f3digo de defesa do consumidor. Em caso de defeito de fabrica\u00e7\u00e3o retorne ao estabelecimento onde o produto foi adquirido com a respectiva nota fiscal de compra. N\u00e3o s\u00e3o pass\u00edveis de troca produtos utilizados de maneira incorreta ou inadequada<\/p>\n<p><strong>Validade:<\/strong><\/p>\n<p>Indeterminado<\/p>\n<p><strong>Composi\u00e7\u00e3o:<\/strong><\/p>\n<p>Tecido: 100% poli\u00e9ster<\/p>\n<p>Tala: 100% PP<\/p>\n<p>Fecho aderente: 100% poliamida<\/p>\n<p>Passadores: 100% poliamida<\/p>\n<p><strong>Tamanho:<\/strong><\/p>\n<p>Para escolher o tamanho ideal da sua \u00f3rtese, me\u00e7a a circunfer\u00eancia da palma da sua m\u00e3o.<\/p>\n<p><strong>P: de 17 a 19 cm<\/strong><\/p>\n<p><strong>M: de 19 a 21 cm<\/strong><\/p>\n<p><strong>G: de 21 a 23 cm<\/strong><\/p>\n<p><strong>GG: de 23 a 26 cm<\/strong><\/p>","protected":false},"excerpt":{"rendered":"<p>A \u00d3rtese para Punho e Polegar Atlet \u00e9 confeccionada em um tecido macio e leve que proporciona mais conforto durante o seu uso.<\/p>","protected":false},"featured_media":1734,"comment_status":"open","ping_status":"closed","template":"","meta":{"site-sidebar-layout":"default","site-content-layout":"","ast-site-content-layout":"default","site-content-style":"default","site-sidebar-style":"default","ast-global-header-display":"","ast-banner-title-visibility":"","ast-main-header-display":"","ast-hfb-above-header-display":"","ast-hfb-below-header-display":"","ast-hfb-mobile-header-display":"","site-post-title":"","ast-breadcrumbs-content":"","ast-featured-img":"","footer-sml-layout":"","ast-disable-related-posts":"","theme-transparent-header-meta":"default","adv-header-id-meta":"","stick-header-meta":"","header-above-stick-meta":"","header-main-stick-meta":"","header-below-stick-meta":"","astra-migrate-meta-layouts":"set","ast-page-background-enabled":"default","ast-page-background-meta":{"desktop":{"background-color":"var(--ast-global-color-4)","background-image":"","background-repeat":"repeat","background-position":"center center","background-size":"auto","background-attachment":"scroll","background-type":"","background-media":"","overlay-type":"","overlay-color":"","overlay-opacity":"","overlay-gradient":""},"tablet":{"background-color":"","background-image":"","background-repeat":"repeat","background-position":"center center","background-size":"auto","background-attachment":"scroll","background-type":"","background-media":"","overlay-type":"","overlay-color":"","overlay-opacity":"","overlay-gradient":""},"mobile":{"background-color":"","background-image":"","background-repeat":"repeat","background-position":"center center","background-size":"auto","background-attachment":"scroll","background-type":"","background-media":"","overlay-type":"","overlay-color":"","overlay-opacity":"","overlay-gradient":""}},"ast-content-background-meta":{"desktop":{"background-color":"var(--ast-global-color-5)","background-image":"","background-repeat":"repeat","background-position":"center center","background-size":"auto","background-attachment":"scroll","background-type":"","background-media":"","overlay-type":"","overlay-color":"","overlay-opacity":"","overlay-gradient":""},"tablet":{"background-color":"var(--ast-global-color-5)","background-image":"","background-repeat":"repeat","background-position":"center center","background-size":"auto","background-attachment":"scroll","background-type":"","background-media":"","overlay-type":"","overlay-color":"","overlay-opacity":"","overlay-gradient":""},"mobile":{"background-color":"var(--ast-global-color-5)","background-image":"","background-repeat":"repeat","background-position":"center center","background-size":"auto","background-attachment":"scroll","background-type":"","background-media":"","overlay-type":"","overlay-color":"","overlay-opacity":"","overlay-gradient":""}}},"product_brand":[],"product_cat":[152,136],"product_tag":[],"class_list":{"0":"post-1730","1":"product","2":"type-product","3":"status-publish","4":"has-post-thumbnail","6":"product_cat-membros-superiores","7":"product_cat-ortopedicos","8":"desktop-align-left","9":"tablet-align-left","10":"mobile-align-left","12":"first","13":"instock","14":"taxable","15":"shipping-taxable","16":"product-type-simple"},"_links":{"self":[{"href":"https:\/\/www.medcoll.com.br\/en\/wp-json\/wp\/v2\/product\/1730","targetHints":{"allow":["GET"]}}],"collection":[{"href":"https:\/\/www.medcoll.com.br\/en\/wp-json\/wp\/v2\/product"}],"about":[{"href":"https:\/\/www.medcoll.com.br\/en\/wp-json\/wp\/v2\/types\/product"}],"replies":[{"embeddable":true,"href":"https:\/\/www.medcoll.com.br\/en\/wp-json\/wp\/v2\/comments?post=1730"}],"version-history":[{"count":1,"href":"https:\/\/www.medcoll.com.br\/en\/wp-json\/wp\/v2\/product\/1730\/revisions"}],"predecessor-version":[{"id":1735,"href":"https:\/\/www.medcoll.com.br\/en\/wp-json\/wp\/v2\/product\/1730\/revisions\/1735"}],"wp:featuredmedia":[{"embeddable":true,"href":"https:\/\/www.medcoll.com.br\/en\/wp-json\/wp\/v2\/media\/1734"}],"wp:attachment":[{"href":"https:\/\/www.medcoll.com.br\/en\/wp-json\/wp\/v2\/media?parent=1730"}],"wp:term":[{"taxonomy":"product_brand","embeddable":true,"href":"https:\/\/www.medcoll.com.br\/en\/wp-json\/wp\/v2\/product_brand?post=1730"},{"taxonomy":"product_cat","embeddable":true,"href":"https:\/\/www.medcoll.com.br\/en\/wp-json\/wp\/v2\/product_cat?post=1730"},{"taxonomy":"product_tag","embeddable":true,"href":"https:\/\/www.medcoll.com.br\/en\/wp-json\/wp\/v2\/product_tag?post=1730"}],"curies":[{"name":"wp","href":"https:\/\/api.w.org\/{rel}","templated":true}]}}