{"id":1736,"date":"2026-02-15T09:06:09","date_gmt":"2026-02-15T12:06:09","guid":{"rendered":"https:\/\/www.medcoll.com.br\/?post_type=product&#038;p=1736"},"modified":"2026-02-15T09:06:09","modified_gmt":"2026-02-15T12:06:09","slug":"tipoia-velpeau-air-unissex-atlet","status":"publish","type":"product","link":"https:\/\/www.medcoll.com.br\/en\/product\/tipoia-velpeau-air-unissex-atlet\/","title":{"rendered":"Tipoia Velpeau Air Unissex Atlet"},"content":{"rendered":"<div id=\"product-wrapper\" class=\"product-wrapper\">\n<div class=\"product-tabs\">\n<div class=\"tabs-content\">\n<div id=\"descricao\" class=\"tab rte description-ab active\">\n<p>A Tipoia Velpeau Air ATLET foi desenvolvida para obten\u00e7\u00e3o de uma reabilita\u00e7\u00e3o segura e confort\u00e1vel no caso de necessidade de imobiliza\u00e7\u00e3o do membro superior (ombro, bra\u00e7o e antebra\u00e7o).<\/p>\n<p>Seu bolso \u00e9 confeccionado com uma malha leve e respir\u00e1vel que proporciona leveza e conforto t\u00e9rmico durante seu uso. A Tipoia Velpeau Air ATLET ainda conta com revestimento estofado em sua fita que a sustenta, o que proporciona menos atrito na regi\u00e3o em contato com a pele. Pode ser usada nos bra\u00e7os direito ou esquerdo e suas al\u00e7as s\u00e3o ajust\u00e1veis com apenas uma das m\u00e3os.<\/p>\n<p><strong>Indica\u00e7\u00e3o:<\/strong><\/p>\n<p>Estabiliza\u00e7\u00e3o e imobiliza\u00e7\u00e3o do membro superior (ombro, bra\u00e7o e antebra\u00e7o) nos casos de fraturas, luxa\u00e7\u00f5es, p\u00f3s-operat\u00f3rio, contus\u00f5es, bursites e sequelas de AVC. Pode ser utilizada como apoio para o gesso.<\/p>\n<p><strong>Instru\u00e7\u00f5es de Uso:<\/strong><\/p>\n<p>O uso deste produto deve ser sempre orientado por um profissional de sa\u00fade. Abaixo o passo a passo para auxiliar na coloca\u00e7\u00e3o da Tipoia:<\/p>\n<ol>\n<li>Vista a Tipoia, encaixando o cotovelo flexionado dentro da tipoia e apoie bem no fundo.<\/li>\n<li>Fixe o velcro aderente.<\/li>\n<li>Puxe a al\u00e7a superior pelas costas passando pelo ombro oposto.<\/li>\n<li>Prenda a al\u00e7a na fivela.<\/li>\n<li>Passe a al\u00e7a inferior pelas costas, envolvendo a cintura, e prenda na fivela que est\u00e1 pr\u00f3xima a m\u00e3o.<\/li>\n<li>Regule a altura da tipoia ajustando o comprimento da al\u00e7a superior at\u00e9 que o bra\u00e7o fique no \u00e2ngulo de 90\u00b0ou de acordo com a orienta\u00e7\u00e3o do profissional de sa\u00fade.<\/li>\n<\/ol>\n<p><strong>Precau\u00e7\u00f5es:<\/strong><\/p>\n<p>A utiliza\u00e7\u00e3o da Tipoia, assim como ajustes de altura, coloca\u00e7\u00e3o e retirada, mesmo que for para a higiene pessoal, necessitam da orienta\u00e7\u00e3o de um profissional de sa\u00fade. Evite o posicionamento inadequado da Tipoia.<\/p>\n<p><strong>Modo de lavar:<\/strong><\/p>\n<p>Para maior durabilidade do seu produto lavar somente a m\u00e3o com sab\u00e3o neutro e agua at\u00e9 40 \u00b0C. Secar a sombra, na posi\u00e7\u00e3o vertical. N\u00e3o lavar e secar em m\u00e1quina e n\u00e3o utilizar o ferro de passar.<\/p>\n<p><strong>Garantia de Fabrica\u00e7\u00e3o:<\/strong><\/p>\n<p>A Tipoia Velpeau Air ATLET possui garantia de fabrica\u00e7\u00e3o de 90 dias de acordo com o c\u00f3digo de defesa do consumidor. Em caso de defeito de fabrica\u00e7\u00e3o retorne ao estabelecimento onde o produto foi adquirido com a respectiva nota fiscal de compra. N\u00e3o s\u00e3o pass\u00edveis de troca produtos utilizados de maneira incorreta ou inadequada<\/p>\n<p><strong>Validade:<\/strong><\/p>\n<p>Indeterminado.<\/p>\n<p><strong>Composi\u00e7\u00e3o:<\/strong><\/p>\n<p>100% poli\u00e9ster<\/p>\n<p><strong>Tamanho:<\/strong><\/p>\n<p>Para escolher o tamanho ideal da sua Tipoia, me\u00e7a o comprimento do cotovelo at\u00e9 o in\u00edcio dos dedos.<\/p>\n<p><strong>I- 25 a 30cm<\/strong><\/p>\n<p><strong>P- 30 a 35cm<\/strong><\/p>\n<p><strong>M- 35 a 40cm<\/strong><\/p>\n<p><strong>G- 40 a 45cm<\/strong><\/p>\n<p><strong>GG- 45 a 50cm\u00a0<\/strong><\/p>\n<\/div>\n<\/div>\n<\/div>\n<\/div>\n<div class=\"section-product-related\">\n<div class=\"container\">\n<div class=\"section-header\"><\/div>\n<\/div>\n<\/div>","protected":false},"excerpt":{"rendered":"<p>A Tipoia Velpeau Air ATLET foi desenvolvida para obten\u00e7\u00e3o de uma reabilita\u00e7\u00e3o segura e confort\u00e1vel no caso de necessidade de imobiliza\u00e7\u00e3o do membro superior (ombro, bra\u00e7o e antebra\u00e7o).<\/p>","protected":false},"featured_media":1739,"comment_status":"open","ping_status":"closed","template":"","meta":{"site-sidebar-layout":"default","site-content-layout":"","ast-site-content-layout":"default","site-content-style":"default","site-sidebar-style":"default","ast-global-header-display":"","ast-banner-title-visibility":"","ast-main-header-display":"","ast-hfb-above-header-display":"","ast-hfb-below-header-display":"","ast-hfb-mobile-header-display":"","site-post-title":"","ast-breadcrumbs-content":"","ast-featured-img":"","footer-sml-layout":"","ast-disable-related-posts":"","theme-transparent-header-meta":"default","adv-header-id-meta":"","stick-header-meta":"","header-above-stick-meta":"","header-main-stick-meta":"","header-below-stick-meta":"","astra-migrate-meta-layouts":"set","ast-page-background-enabled":"default","ast-page-background-meta":{"desktop":{"background-color":"var(--ast-global-color-4)","background-image":"","background-repeat":"repeat","background-position":"center center","background-size":"auto","background-attachment":"scroll","background-type":"","background-media":"","overlay-type":"","overlay-color":"","overlay-opacity":"","overlay-gradient":""},"tablet":{"background-color":"","background-image":"","background-repeat":"repeat","background-position":"center center","background-size":"auto","background-attachment":"scroll","background-type":"","background-media":"","overlay-type":"","overlay-color":"","overlay-opacity":"","overlay-gradient":""},"mobile":{"background-color":"","background-image":"","background-repeat":"repeat","background-position":"center center","background-size":"auto","background-attachment":"scroll","background-type":"","background-media":"","overlay-type":"","overlay-color":"","overlay-opacity":"","overlay-gradient":""}},"ast-content-background-meta":{"desktop":{"background-color":"var(--ast-global-color-5)","background-image":"","background-repeat":"repeat","background-position":"center center","background-size":"auto","background-attachment":"scroll","background-type":"","background-media":"","overlay-type":"","overlay-color":"","overlay-opacity":"","overlay-gradient":""},"tablet":{"background-color":"var(--ast-global-color-5)","background-image":"","background-repeat":"repeat","background-position":"center center","background-size":"auto","background-attachment":"scroll","background-type":"","background-media":"","overlay-type":"","overlay-color":"","overlay-opacity":"","overlay-gradient":""},"mobile":{"background-color":"var(--ast-global-color-5)","background-image":"","background-repeat":"repeat","background-position":"center center","background-size":"auto","background-attachment":"scroll","background-type":"","background-media":"","overlay-type":"","overlay-color":"","overlay-opacity":"","overlay-gradient":""}}},"product_brand":[],"product_cat":[152,136],"product_tag":[],"class_list":{"0":"post-1736","1":"product","2":"type-product","3":"status-publish","4":"has-post-thumbnail","6":"product_cat-membros-superiores","7":"product_cat-ortopedicos","8":"desktop-align-left","9":"tablet-align-left","10":"mobile-align-left","12":"first","13":"instock","14":"taxable","15":"shipping-taxable","16":"product-type-simple"},"_links":{"self":[{"href":"https:\/\/www.medcoll.com.br\/en\/wp-json\/wp\/v2\/product\/1736","targetHints":{"allow":["GET"]}}],"collection":[{"href":"https:\/\/www.medcoll.com.br\/en\/wp-json\/wp\/v2\/product"}],"about":[{"href":"https:\/\/www.medcoll.com.br\/en\/wp-json\/wp\/v2\/types\/product"}],"replies":[{"embeddable":true,"href":"https:\/\/www.medcoll.com.br\/en\/wp-json\/wp\/v2\/comments?post=1736"}],"version-history":[{"count":1,"href":"https:\/\/www.medcoll.com.br\/en\/wp-json\/wp\/v2\/product\/1736\/revisions"}],"predecessor-version":[{"id":1740,"href":"https:\/\/www.medcoll.com.br\/en\/wp-json\/wp\/v2\/product\/1736\/revisions\/1740"}],"wp:featuredmedia":[{"embeddable":true,"href":"https:\/\/www.medcoll.com.br\/en\/wp-json\/wp\/v2\/media\/1739"}],"wp:attachment":[{"href":"https:\/\/www.medcoll.com.br\/en\/wp-json\/wp\/v2\/media?parent=1736"}],"wp:term":[{"taxonomy":"product_brand","embeddable":true,"href":"https:\/\/www.medcoll.com.br\/en\/wp-json\/wp\/v2\/product_brand?post=1736"},{"taxonomy":"product_cat","embeddable":true,"href":"https:\/\/www.medcoll.com.br\/en\/wp-json\/wp\/v2\/product_cat?post=1736"},{"taxonomy":"product_tag","embeddable":true,"href":"https:\/\/www.medcoll.com.br\/en\/wp-json\/wp\/v2\/product_tag?post=1736"}],"curies":[{"name":"wp","href":"https:\/\/api.w.org\/{rel}","templated":true}]}}