{"id":174,"date":"2023-07-30T20:31:11","date_gmt":"2023-07-30T23:31:11","guid":{"rendered":"https:\/\/www.medcoll.com.br\/?post_type=product&#038;p=174"},"modified":"2026-02-19T22:52:51","modified_gmt":"2026-02-20T01:52:51","slug":"g-tech-oximetro-de-pulso-portatil-modelo-oled-graph","status":"publish","type":"product","link":"https:\/\/www.medcoll.com.br\/en\/product\/g-tech-oximetro-de-pulso-portatil-modelo-oled-graph\/","title":{"rendered":"G-Tech Ox\u00edmetro De Pulso Port\u00e1til Modelo Oled Graph"},"content":{"rendered":"<h1 class=\"wp-block-heading\">Detalhes t\u00e9cnicos<\/h1>\r\n\r\n\r\n\r\n<h5 class=\"wp-block-heading\">Informa\u00e7\u00f5es gerais<\/h5>\r\n\r\n\r\n\r\n<figure class=\"wp-block-table\">\r\n<table>\r\n<tbody>\r\n<tr>\r\n<th>Nome do produto<\/th>\r\n<td>\u200eOx\u00edmetro de Pulso port\u00e1til G-Tech modelo Oled Graph<\/td>\r\n<\/tr>\r\n<tr>\r\n<th>Unidades<\/th>\r\n<td>\u200e1 Unidade<\/td>\r\n<\/tr>\r\n<tr>\r\n<th>Marca<\/th>\r\n<td>\u200eG-Tech<\/td>\r\n<\/tr>\r\n<tr>\r\n<th>Certifica\u00e7\u00e3o<\/th>\r\n<td>\u200eBRA16\/02124<\/td>\r\n<\/tr>\r\n<tr>\r\n<th>N\u00famero de unidades<\/th>\r\n<td>\u200e1<\/td>\r\n<\/tr>\r\n<tr>\r\n<th>Fabricante<\/th>\r\n<td>\u200eAccumed Produtos Medico Hospitalares Ltda<\/td>\r\n<\/tr>\r\n<tr>\r\n<th>N\u00famero do modelo<\/th>\r\n<td>\u200eAd-bm1-131320<\/td>\r\n<\/tr>\r\n<tr>\r\n<th>Dimens\u00f5es do produto<\/th>\r\n<td>\u200e3 x 6 x 3 cm; 0,06 g<\/td>\r\n<\/tr>\r\n<tr>\r\n<th>ASIN<\/th>\r\n<td>\u200eB07MRZ2R3V<\/td>\r\n<\/tr>\r\n<tr>\r\n<th>Funciona a bateria ou pilha?<\/th>\r\n<td>\u200eSim<\/td>\r\n<\/tr>\r\n<tr>\r\n<th>EAN<\/th>\r\n<td>\u200e7898301059895<\/td>\r\n<\/tr>\r\n<\/tbody>\r\n<\/table>\r\n<\/figure>","protected":false},"excerpt":{"rendered":"<p>O ox\u00edmetro g-tech led \u00e9 de alta precis\u00e3o e pode ser utilizado tanto por profissionais de sa\u00fade como por pacientes no ambiente dom\u00e9stico para monitoriza\u00e7\u00e3o da porcentagem de satura\u00e7\u00e3o de oxig\u00eanio no sangue (spo2) e dos batimentos card\u00edacos por minuto. Al\u00e9m de altamente preciso nas leituras, o ox\u00edmetro g-tech possui tempo de resposta quando comparado a outros similares no mercado. Em momentos de varia\u00e7\u00f5es abruptas de batimento card\u00edaco ou spo2, muitos ox\u00edmetros \u201ccongelam\u201d por v\u00e1rios segundos, podendo levar \u00e0 leituras incorretas. O avan\u00e7ado algoritmo do ox\u00edmetro g-tech consegue detectar e apresentar instantaneamente o resultado real da medi\u00e7\u00e3o mesmo durante essas varia\u00e7\u00f5es abruptas.<\/p>","protected":false},"featured_media":70,"comment_status":"open","ping_status":"closed","template":"","meta":{"site-sidebar-layout":"default","site-content-layout":"","ast-site-content-layout":"default","site-content-style":"default","site-sidebar-style":"default","ast-global-header-display":"","ast-banner-title-visibility":"","ast-main-header-display":"","ast-hfb-above-header-display":"","ast-hfb-below-header-display":"","ast-hfb-mobile-header-display":"","site-post-title":"","ast-breadcrumbs-content":"","ast-featured-img":"","footer-sml-layout":"","ast-disable-related-posts":"","theme-transparent-header-meta":"default","adv-header-id-meta":"","stick-header-meta":"","header-above-stick-meta":"","header-main-stick-meta":"","header-below-stick-meta":"","astra-migrate-meta-layouts":"set","ast-page-background-enabled":"default","ast-page-background-meta":{"desktop":{"background-color":"var(--ast-global-color-4)","background-image":"","background-repeat":"repeat","background-position":"center center","background-size":"auto","background-attachment":"scroll","background-type":"","background-media":"","overlay-type":"","overlay-color":"","overlay-opacity":"","overlay-gradient":""},"tablet":{"background-color":"","background-image":"","background-repeat":"repeat","background-position":"center center","background-size":"auto","background-attachment":"scroll","background-type":"","background-media":"","overlay-type":"","overlay-color":"","overlay-opacity":"","overlay-gradient":""},"mobile":{"background-color":"","background-image":"","background-repeat":"repeat","background-position":"center center","background-size":"auto","background-attachment":"scroll","background-type":"","background-media":"","overlay-type":"","overlay-color":"","overlay-opacity":"","overlay-gradient":""}},"ast-content-background-meta":{"desktop":{"background-color":"var(--ast-global-color-5)","background-image":"","background-repeat":"repeat","background-position":"center center","background-size":"auto","background-attachment":"scroll","background-type":"","background-media":"","overlay-type":"","overlay-color":"","overlay-opacity":"","overlay-gradient":""},"tablet":{"background-color":"var(--ast-global-color-5)","background-image":"","background-repeat":"repeat","background-position":"center center","background-size":"auto","background-attachment":"scroll","background-type":"","background-media":"","overlay-type":"","overlay-color":"","overlay-opacity":"","overlay-gradient":""},"mobile":{"background-color":"var(--ast-global-color-5)","background-image":"","background-repeat":"repeat","background-position":"center center","background-size":"auto","background-attachment":"scroll","background-type":"","background-media":"","overlay-type":"","overlay-color":"","overlay-opacity":"","overlay-gradient":""}}},"product_brand":[],"product_cat":[120,173,162],"product_tag":[],"class_list":{"0":"post-174","1":"product","2":"type-product","3":"status-publish","4":"has-post-thumbnail","6":"product_cat-aparelho","7":"product_cat-outros-produtos-medicos","8":"product_cat-oximetros","9":"product_shipping_class-minimo","10":"desktop-align-left","11":"tablet-align-left","12":"mobile-align-left","14":"first","15":"instock","16":"sale","17":"taxable","18":"shipping-taxable","19":"purchasable","20":"product-type-simple"},"_links":{"self":[{"href":"https:\/\/www.medcoll.com.br\/en\/wp-json\/wp\/v2\/product\/174","targetHints":{"allow":["GET"]}}],"collection":[{"href":"https:\/\/www.medcoll.com.br\/en\/wp-json\/wp\/v2\/product"}],"about":[{"href":"https:\/\/www.medcoll.com.br\/en\/wp-json\/wp\/v2\/types\/product"}],"replies":[{"embeddable":true,"href":"https:\/\/www.medcoll.com.br\/en\/wp-json\/wp\/v2\/comments?post=174"}],"version-history":[{"count":2,"href":"https:\/\/www.medcoll.com.br\/en\/wp-json\/wp\/v2\/product\/174\/revisions"}],"predecessor-version":[{"id":2138,"href":"https:\/\/www.medcoll.com.br\/en\/wp-json\/wp\/v2\/product\/174\/revisions\/2138"}],"wp:featuredmedia":[{"embeddable":true,"href":"https:\/\/www.medcoll.com.br\/en\/wp-json\/wp\/v2\/media\/70"}],"wp:attachment":[{"href":"https:\/\/www.medcoll.com.br\/en\/wp-json\/wp\/v2\/media?parent=174"}],"wp:term":[{"taxonomy":"product_brand","embeddable":true,"href":"https:\/\/www.medcoll.com.br\/en\/wp-json\/wp\/v2\/product_brand?post=174"},{"taxonomy":"product_cat","embeddable":true,"href":"https:\/\/www.medcoll.com.br\/en\/wp-json\/wp\/v2\/product_cat?post=174"},{"taxonomy":"product_tag","embeddable":true,"href":"https:\/\/www.medcoll.com.br\/en\/wp-json\/wp\/v2\/product_tag?post=174"}],"curies":[{"name":"wp","href":"https:\/\/api.w.org\/{rel}","templated":true}]}}