{"id":1746,"date":"2026-02-15T09:15:56","date_gmt":"2026-02-15T12:15:56","guid":{"rendered":"https:\/\/www.medcoll.com.br\/?post_type=product&#038;p=1746"},"modified":"2026-02-15T09:15:56","modified_gmt":"2026-02-15T12:15:56","slug":"panturrilheira-esporte-unissex-atlet","status":"publish","type":"product","link":"https:\/\/www.medcoll.com.br\/en\/product\/panturrilheira-esporte-unissex-atlet\/","title":{"rendered":"Panturrilheira Esporte Unissex Atlet"},"content":{"rendered":"<div id=\"product-wrapper\" class=\"product-wrapper\">\n<div class=\"product-tabs\">\n<div class=\"tabs-content\">\n<div id=\"descricao\" class=\"tab rte description-ab active\">\n<p>A Panturrilheira Atlet proporciona suporte e compress\u00e3o a panturrilha, auxiliando na preven\u00e7\u00e3o e tratamento de les\u00f5es.<\/p>\n<p>Seu formato anat\u00f4mico e sua borda inferior confeccionada em tecido macio garantem mais conforto durante o seu uso. Pode ser usada tanto na panturrilha direita quanto na esquerda.<\/p>\n<p><strong>Indica\u00e7\u00e3o:<\/strong><\/p>\n<p>&#8211; Preven\u00e7\u00e3o e tratamento de les\u00f5es musculares, como distens\u00f5es, contraturas e traumas locais.<\/p>\n<p>&#8211; Preven\u00e7\u00e3o de les\u00f5es durante a pr\u00e1tica de esportes.<\/p>\n<p>&#8211; Oferecer prote\u00e7\u00e3o e firmeza.<\/p>\n<p><strong>Instru\u00e7\u00f5es de Uso:<\/strong><\/p>\n<p>1. Vestir o produto pela perna at\u00e9 a altura da panturrilha;<\/p>\n<p>2. O logo Atlet deve ficar posicionado para frente. Se necess\u00e1rio, ajuste ocasionalmente durante o uso.<\/p>\n<p><strong>Precau\u00e7\u00f5es:<\/strong><\/p>\n<p>Evite utilizar este produto sobre a pele lesionada. Caso ocorram irrita\u00e7\u00f5es na pele, suspenda o uso e consulte o seu m\u00e9dico. N\u00e3o use o produto enquanto estiver dormindo.<\/p>\n<p><strong>Modo de lavar:<\/strong><\/p>\n<p>Para maior durabilidade do seu produto lavar somente a m\u00e3o com sab\u00e3o neutro e agua at\u00e9 40\u00b0C. Secar a sombra, na posi\u00e7\u00e3o vertical. N\u00e3o lavar e secar em m\u00e1quina e n\u00e3o utilizar o ferro de passar.<\/p>\n<p><strong>Garantia de Fabrica\u00e7\u00e3o:<\/strong><\/p>\n<p>A Panturrilheira Atlet possui garantia de fabrica\u00e7\u00e3o de 90 dias de acordo com o c\u00f3digo de defesa do consumidor. Em caso de defeito de fabrica\u00e7\u00e3o retorne ao estabelecimento onde o produto foi adquirido com a respectiva nota fiscal de compra. N\u00e3o s\u00e3o pass\u00edveis de troca produtos utilizados de maneira incorreta ou inadequada.<\/p>\n<p><strong>Validade:<\/strong><\/p>\n<p>Indeterminado.<\/p>\n<p><strong>Composi\u00e7\u00e3o:<\/strong><\/p>\n<p>100% SBR<\/p>\n<p>100% poli\u00e9ster<\/p>\n<p>LYCRA:\u00a0 84% POLIAMIDA\u00a0 16% ELASTANO<\/p>\n<p><strong>Tamanho:<\/strong><\/p>\n<p>Para escolher o tamanho ideal da sua Panturrilheira Atlet, me\u00e7a a circunfer\u00eancia da sua panturrilha.<\/p>\n<ul>\n<li>Tamanho P: 34 a 37cm<\/li>\n<li>Tamanho M: 37 a 40 cm<\/li>\n<li>Tamanho G: 40 a 44 cm<\/li>\n<li>Tamanho GG: 44 a 48 cm<\/li>\n<\/ul>\n<\/div>\n<\/div>\n<\/div>\n<\/div>\n<div class=\"section-product-related\">\n<div class=\"container\">\n<div class=\"section-header\"><\/div>\n<\/div>\n<\/div>","protected":false},"excerpt":{"rendered":"<p>A Panturrilheira Atlet proporciona suporte e compress\u00e3o a panturrilha, auxiliando na preven\u00e7\u00e3o e tratamento de les\u00f5es.<\/p>","protected":false},"featured_media":1747,"comment_status":"open","ping_status":"closed","template":"","meta":{"site-sidebar-layout":"default","site-content-layout":"","ast-site-content-layout":"default","site-content-style":"default","site-sidebar-style":"default","ast-global-header-display":"","ast-banner-title-visibility":"","ast-main-header-display":"","ast-hfb-above-header-display":"","ast-hfb-below-header-display":"","ast-hfb-mobile-header-display":"","site-post-title":"","ast-breadcrumbs-content":"","ast-featured-img":"","footer-sml-layout":"","ast-disable-related-posts":"","theme-transparent-header-meta":"default","adv-header-id-meta":"","stick-header-meta":"","header-above-stick-meta":"","header-main-stick-meta":"","header-below-stick-meta":"","astra-migrate-meta-layouts":"set","ast-page-background-enabled":"default","ast-page-background-meta":{"desktop":{"background-color":"var(--ast-global-color-4)","background-image":"","background-repeat":"repeat","background-position":"center center","background-size":"auto","background-attachment":"scroll","background-type":"","background-media":"","overlay-type":"","overlay-color":"","overlay-opacity":"","overlay-gradient":""},"tablet":{"background-color":"","background-image":"","background-repeat":"repeat","background-position":"center center","background-size":"auto","background-attachment":"scroll","background-type":"","background-media":"","overlay-type":"","overlay-color":"","overlay-opacity":"","overlay-gradient":""},"mobile":{"background-color":"","background-image":"","background-repeat":"repeat","background-position":"center center","background-size":"auto","background-attachment":"scroll","background-type":"","background-media":"","overlay-type":"","overlay-color":"","overlay-opacity":"","overlay-gradient":""}},"ast-content-background-meta":{"desktop":{"background-color":"var(--ast-global-color-5)","background-image":"","background-repeat":"repeat","background-position":"center center","background-size":"auto","background-attachment":"scroll","background-type":"","background-media":"","overlay-type":"","overlay-color":"","overlay-opacity":"","overlay-gradient":""},"tablet":{"background-color":"var(--ast-global-color-5)","background-image":"","background-repeat":"repeat","background-position":"center center","background-size":"auto","background-attachment":"scroll","background-type":"","background-media":"","overlay-type":"","overlay-color":"","overlay-opacity":"","overlay-gradient":""},"mobile":{"background-color":"var(--ast-global-color-5)","background-image":"","background-repeat":"repeat","background-position":"center center","background-size":"auto","background-attachment":"scroll","background-type":"","background-media":"","overlay-type":"","overlay-color":"","overlay-opacity":"","overlay-gradient":""}}},"product_brand":[],"product_cat":[153,136],"product_tag":[],"class_list":{"0":"post-1746","1":"product","2":"type-product","3":"status-publish","4":"has-post-thumbnail","6":"product_cat-membros-inferiores","7":"product_cat-ortopedicos","8":"desktop-align-left","9":"tablet-align-left","10":"mobile-align-left","12":"first","13":"instock","14":"taxable","15":"shipping-taxable","16":"product-type-simple"},"_links":{"self":[{"href":"https:\/\/www.medcoll.com.br\/en\/wp-json\/wp\/v2\/product\/1746","targetHints":{"allow":["GET"]}}],"collection":[{"href":"https:\/\/www.medcoll.com.br\/en\/wp-json\/wp\/v2\/product"}],"about":[{"href":"https:\/\/www.medcoll.com.br\/en\/wp-json\/wp\/v2\/types\/product"}],"replies":[{"embeddable":true,"href":"https:\/\/www.medcoll.com.br\/en\/wp-json\/wp\/v2\/comments?post=1746"}],"version-history":[{"count":1,"href":"https:\/\/www.medcoll.com.br\/en\/wp-json\/wp\/v2\/product\/1746\/revisions"}],"predecessor-version":[{"id":1748,"href":"https:\/\/www.medcoll.com.br\/en\/wp-json\/wp\/v2\/product\/1746\/revisions\/1748"}],"wp:featuredmedia":[{"embeddable":true,"href":"https:\/\/www.medcoll.com.br\/en\/wp-json\/wp\/v2\/media\/1747"}],"wp:attachment":[{"href":"https:\/\/www.medcoll.com.br\/en\/wp-json\/wp\/v2\/media?parent=1746"}],"wp:term":[{"taxonomy":"product_brand","embeddable":true,"href":"https:\/\/www.medcoll.com.br\/en\/wp-json\/wp\/v2\/product_brand?post=1746"},{"taxonomy":"product_cat","embeddable":true,"href":"https:\/\/www.medcoll.com.br\/en\/wp-json\/wp\/v2\/product_cat?post=1746"},{"taxonomy":"product_tag","embeddable":true,"href":"https:\/\/www.medcoll.com.br\/en\/wp-json\/wp\/v2\/product_tag?post=1746"}],"curies":[{"name":"wp","href":"https:\/\/api.w.org\/{rel}","templated":true}]}}