{"id":1765,"date":"2026-02-15T09:55:31","date_gmt":"2026-02-15T12:55:31","guid":{"rendered":"https:\/\/www.medcoll.com.br\/?post_type=product&#038;p=1765"},"modified":"2026-02-15T09:55:31","modified_gmt":"2026-02-15T12:55:31","slug":"ortese-de-ombro-unissex-atlet","status":"publish","type":"product","link":"https:\/\/www.medcoll.com.br\/en\/product\/ortese-de-ombro-unissex-atlet\/","title":{"rendered":"\u00d3rtese de Ombro Unissex Atlet"},"content":{"rendered":"<p>A \u00d3rtese de Ombro ATLET foi desenvolvida para amenizar o desconforto e a instabilidade causada por les\u00f5es e condi\u00e7\u00f5es cr\u00f4nicas. Aumenta a estabilidade da articula\u00e7\u00e3o, proporcionando mais firmeza e seguran\u00e7a ao movimento. Pode ser utilizada tanto no ombro direito quanto no esquerdo.<\/p>\n<p><strong>Indica\u00e7\u00e3o:<\/strong><\/p>\n<p>Auxilio no tratamento de dores e instabilidades provocadas por patologias como luxa\u00e7\u00f5es, bursites, tendinite, artrites e outras les\u00f5es do ombro.<\/p>\n<p><strong>Instru\u00e7\u00f5es de Uso:<\/strong><\/p>\n<ol>\n<li>Abra o fecho aderente.<\/li>\n<li>Deslize a\u00a0\u00f3rtese\u00a0pelo punho e bra\u00e7o at\u00e9 a regi\u00e3o do ombro.<\/li>\n<li>Puxe a faixa da parte posterior e fixe-a no fecho aderente da faixa dianteira, adequando a compress\u00e3o de acordo com o n\u00edvel desejado<\/li>\n<\/ol>\n<p><strong>Precau\u00e7\u00f5es:<\/strong><\/p>\n<p>Evite utilizar este produto sobre a pele lesionada. Caso ocorram irrita\u00e7\u00f5es na pele, suspenda o uso e consulte o seu m\u00e9dico. N\u00e3o aperte em demasia para n\u00e3o dificultar a circula\u00e7\u00e3o sangu\u00ednea. N\u00e3o use o produto enquanto estiver dormindo.<\/p>\n<p><strong>Modo de lavar:<\/strong><\/p>\n<p>Para maior durabilidade do seu produto lavar somente a m\u00e3o com sab\u00e3o neutro e agua at\u00e9 40 \u00b0C. Secar a sombra, na posi\u00e7\u00e3o vertical. N\u00e3o lavar e secar em m\u00e1quina e n\u00e3o utilizar o ferro de passar.<\/p>\n<p><strong>Garantia de Fabrica\u00e7\u00e3o:<\/strong><\/p>\n<p>A \u00d3rtese de Ombro Atlet possui garantia de fabrica\u00e7\u00e3o de 90 dias de acordo com o c\u00f3digo de defesa do consumidor. Em caso de defeito de fabrica\u00e7\u00e3o retorne ao estabelecimento onde o produto foi adquirido com a respectiva nota fiscal de compra. N\u00e3o s\u00e3o pass\u00edveis de troca produtos utilizados de maneira incorreta ou inadequada.<\/p>\n<p><strong>Prazo de Validade:<\/strong><\/p>\n<p>Indeterminado.<\/p>\n<p><strong>Tamanho:<\/strong><\/p>\n<p>Para escolher o tamanho ideal da sua \u00d3rtese de Ombro, me\u00e7a a circunfer\u00eancia do seu t\u00f3rax.<\/p>\n<ul>\n<li>Tamanho P: 67\u00a0a 83 cm<\/li>\n<li>Tamanho M: 81\u00a0a 96\u00a0cm<\/li>\n<li>Tamanho G: 94\u00a0a 110\u00a0cm<\/li>\n<li>Tamanho GG: 108\u00a0a 126\u00a0cm<\/li>\n<\/ul>\n<p><strong>Composi\u00e7\u00e3o:<\/strong><\/p>\n<p>100% l\u00e1tex<\/p>\n<p>100% poli\u00e9ster<\/p>\n<p><strong>CONT\u00c9M L\u00c1TEX NATURAL. PODE CAUSAR ALERGIA.<\/strong><\/p>\n<p>&nbsp;<\/p>\n<p><strong>ANVISA:<\/strong>\u00a082613870008<\/p>","protected":false},"excerpt":{"rendered":"<p>A \u00d3rtese de Ombro ATLET foi desenvolvida para amenizar o desconforto e a instabilidade causada por les\u00f5es e condi\u00e7\u00f5es cr\u00f4nicas. Aumenta a estabilidade da articula\u00e7\u00e3o, proporcionando mais firmeza e seguran\u00e7a ao movimento. Pode ser utilizada tanto no ombro direito quanto no esquerdo.<\/p>","protected":false},"featured_media":1768,"comment_status":"open","ping_status":"closed","template":"","meta":{"site-sidebar-layout":"default","site-content-layout":"","ast-site-content-layout":"default","site-content-style":"default","site-sidebar-style":"default","ast-global-header-display":"","ast-banner-title-visibility":"","ast-main-header-display":"","ast-hfb-above-header-display":"","ast-hfb-below-header-display":"","ast-hfb-mobile-header-display":"","site-post-title":"","ast-breadcrumbs-content":"","ast-featured-img":"","footer-sml-layout":"","ast-disable-related-posts":"","theme-transparent-header-meta":"default","adv-header-id-meta":"","stick-header-meta":"","header-above-stick-meta":"","header-main-stick-meta":"","header-below-stick-meta":"","astra-migrate-meta-layouts":"set","ast-page-background-enabled":"default","ast-page-background-meta":{"desktop":{"background-color":"var(--ast-global-color-4)","background-image":"","background-repeat":"repeat","background-position":"center center","background-size":"auto","background-attachment":"scroll","background-type":"","background-media":"","overlay-type":"","overlay-color":"","overlay-opacity":"","overlay-gradient":""},"tablet":{"background-color":"","background-image":"","background-repeat":"repeat","background-position":"center center","background-size":"auto","background-attachment":"scroll","background-type":"","background-media":"","overlay-type":"","overlay-color":"","overlay-opacity":"","overlay-gradient":""},"mobile":{"background-color":"","background-image":"","background-repeat":"repeat","background-position":"center center","background-size":"auto","background-attachment":"scroll","background-type":"","background-media":"","overlay-type":"","overlay-color":"","overlay-opacity":"","overlay-gradient":""}},"ast-content-background-meta":{"desktop":{"background-color":"var(--ast-global-color-5)","background-image":"","background-repeat":"repeat","background-position":"center center","background-size":"auto","background-attachment":"scroll","background-type":"","background-media":"","overlay-type":"","overlay-color":"","overlay-opacity":"","overlay-gradient":""},"tablet":{"background-color":"var(--ast-global-color-5)","background-image":"","background-repeat":"repeat","background-position":"center center","background-size":"auto","background-attachment":"scroll","background-type":"","background-media":"","overlay-type":"","overlay-color":"","overlay-opacity":"","overlay-gradient":""},"mobile":{"background-color":"var(--ast-global-color-5)","background-image":"","background-repeat":"repeat","background-position":"center center","background-size":"auto","background-attachment":"scroll","background-type":"","background-media":"","overlay-type":"","overlay-color":"","overlay-opacity":"","overlay-gradient":""}}},"product_brand":[],"product_cat":[152,136],"product_tag":[],"class_list":{"0":"post-1765","1":"product","2":"type-product","3":"status-publish","4":"has-post-thumbnail","6":"product_cat-membros-superiores","7":"product_cat-ortopedicos","8":"desktop-align-left","9":"tablet-align-left","10":"mobile-align-left","12":"first","13":"instock","14":"taxable","15":"shipping-taxable","16":"product-type-simple"},"_links":{"self":[{"href":"https:\/\/www.medcoll.com.br\/en\/wp-json\/wp\/v2\/product\/1765","targetHints":{"allow":["GET"]}}],"collection":[{"href":"https:\/\/www.medcoll.com.br\/en\/wp-json\/wp\/v2\/product"}],"about":[{"href":"https:\/\/www.medcoll.com.br\/en\/wp-json\/wp\/v2\/types\/product"}],"replies":[{"embeddable":true,"href":"https:\/\/www.medcoll.com.br\/en\/wp-json\/wp\/v2\/comments?post=1765"}],"version-history":[{"count":1,"href":"https:\/\/www.medcoll.com.br\/en\/wp-json\/wp\/v2\/product\/1765\/revisions"}],"predecessor-version":[{"id":1769,"href":"https:\/\/www.medcoll.com.br\/en\/wp-json\/wp\/v2\/product\/1765\/revisions\/1769"}],"wp:featuredmedia":[{"embeddable":true,"href":"https:\/\/www.medcoll.com.br\/en\/wp-json\/wp\/v2\/media\/1768"}],"wp:attachment":[{"href":"https:\/\/www.medcoll.com.br\/en\/wp-json\/wp\/v2\/media?parent=1765"}],"wp:term":[{"taxonomy":"product_brand","embeddable":true,"href":"https:\/\/www.medcoll.com.br\/en\/wp-json\/wp\/v2\/product_brand?post=1765"},{"taxonomy":"product_cat","embeddable":true,"href":"https:\/\/www.medcoll.com.br\/en\/wp-json\/wp\/v2\/product_cat?post=1765"},{"taxonomy":"product_tag","embeddable":true,"href":"https:\/\/www.medcoll.com.br\/en\/wp-json\/wp\/v2\/product_tag?post=1765"}],"curies":[{"name":"wp","href":"https:\/\/api.w.org\/{rel}","templated":true}]}}