{"id":1788,"date":"2026-02-15T10:17:39","date_gmt":"2026-02-15T13:17:39","guid":{"rendered":"https:\/\/www.medcoll.com.br\/?post_type=product&#038;p=1788"},"modified":"2026-02-15T10:17:39","modified_gmt":"2026-02-15T13:17:39","slug":"colar-cervical-ortopedico-unissex-atlet","status":"publish","type":"product","link":"https:\/\/www.medcoll.com.br\/en\/product\/colar-cervical-ortopedico-unissex-atlet\/","title":{"rendered":"Colar Cervical Ortop\u00e9dico Unissex Atlet"},"content":{"rendered":"<p style=\"font-weight: 400;\">O Colar Cervical Atlet \u00e9 confeccionado em espuma leve de alta qualidade, com formato anat\u00f4mico e fecho aderente proporciona respectivamente mais conforto e um melhor ajuste durante o uso.<\/p>\n<p style=\"font-weight: 400;\">Mant\u00e9m a coluna cervical em posi\u00e7\u00e3o neutra, faz uma leve imobiliza\u00e7\u00e3o auxiliando na recupera\u00e7\u00e3o de traumatismos e dores relacionadas a torcicolos.<\/p>\n<p style=\"font-weight: 400;\"><strong>\u00a0<\/strong><strong>Indica\u00e7\u00e3o:<\/strong><\/p>\n<p style=\"font-weight: 400;\">Auxilio nos cuidados especiais em traumatismos, torcicolos, artrites, estabiliza\u00e7\u00e3o da coluna, artrose e outras afec\u00e7\u00f5es da coluna cervical.<\/p>\n<p style=\"font-weight: 400;\"><strong>Instru\u00e7\u00f5es de Uso:<\/strong><\/p>\n<ol>\n<li style=\"font-weight: 400;\">Posicione a curva central do colar sob o queixo;<\/li>\n<li style=\"font-weight: 400;\">Envolva o pesco\u00e7o como o colar, ajustando o fecho aderente na extremidade.<\/li>\n<\/ol>\n<p style=\"font-weight: 400;\"><strong>Precau\u00e7\u00f5es:<\/strong><\/p>\n<p style=\"font-weight: 400;\">Este produto n\u00e3o apresenta contraindica\u00e7\u00e3o. \u00c9 recomend\u00e1vel seguir a orienta\u00e7\u00e3o de um profissional da sa\u00fade. N\u00e3o utilizar este produto sobre a pele lesionada.<\/p>\n<p style=\"font-weight: 400;\"><strong>Modo de lavar:<\/strong><\/p>\n<p style=\"font-weight: 400;\">Para maior durabilidade do seu produto lavar somente a m\u00e3o com sab\u00e3o neutro e agua at\u00e9 40\u00b0C. Secar a sombra, na posi\u00e7\u00e3o vertical, sem torcer. N\u00e3o lavar e secar em m\u00e1quina e n\u00e3o utilizar o ferro de passar.<\/p>\n<p style=\"font-weight: 400;\"><strong>Garantia de Fabrica\u00e7\u00e3o:<\/strong><\/p>\n<p style=\"font-weight: 400;\">O Colar Cervical ATLET possui garantia de fabrica\u00e7\u00e3o de 90 dias de acordo com o c\u00f3digo de defesa do consumidor. Em caso de defeito de fabrica\u00e7\u00e3o retorne ao estabelecimento onde o produto foi adquirido com a respectiva nota fiscal de compra. N\u00e3o s\u00e3o pass\u00edveis de troca produtos utilizados de maneira incorreta ou inadequada.<\/p>\n<p style=\"font-weight: 400;\"><strong>Prazo de Validade:<\/strong><\/p>\n<p style=\"font-weight: 400;\">Indeterminado.<\/p>\n<p style=\"font-weight: 400;\"><strong>Tamanho:<\/strong><\/p>\n<p style=\"font-weight: 400;\">Para saber o tamanho adequado, me\u00e7a a altura do pesco\u00e7o.<\/p>\n<p style=\"font-weight: 400;\">\n<p style=\"font-weight: 400;\"><strong>ANVISA:<\/strong>\u00a082613870007<\/p>","protected":false},"excerpt":{"rendered":"<p>O Colar Cervical Atlet \u00e9 confeccionado em espuma leve de alta qualidade, com formato anat\u00f4mico e fecho aderente proporciona respectivamente mais conforto e um melhor ajuste durante o uso.<\/p>","protected":false},"featured_media":1792,"comment_status":"open","ping_status":"closed","template":"","meta":{"site-sidebar-layout":"default","site-content-layout":"","ast-site-content-layout":"default","site-content-style":"default","site-sidebar-style":"default","ast-global-header-display":"","ast-banner-title-visibility":"","ast-main-header-display":"","ast-hfb-above-header-display":"","ast-hfb-below-header-display":"","ast-hfb-mobile-header-display":"","site-post-title":"","ast-breadcrumbs-content":"","ast-featured-img":"","footer-sml-layout":"","ast-disable-related-posts":"","theme-transparent-header-meta":"default","adv-header-id-meta":"","stick-header-meta":"","header-above-stick-meta":"","header-main-stick-meta":"","header-below-stick-meta":"","astra-migrate-meta-layouts":"set","ast-page-background-enabled":"default","ast-page-background-meta":{"desktop":{"background-color":"var(--ast-global-color-4)","background-image":"","background-repeat":"repeat","background-position":"center center","background-size":"auto","background-attachment":"scroll","background-type":"","background-media":"","overlay-type":"","overlay-color":"","overlay-opacity":"","overlay-gradient":""},"tablet":{"background-color":"","background-image":"","background-repeat":"repeat","background-position":"center center","background-size":"auto","background-attachment":"scroll","background-type":"","background-media":"","overlay-type":"","overlay-color":"","overlay-opacity":"","overlay-gradient":""},"mobile":{"background-color":"","background-image":"","background-repeat":"repeat","background-position":"center center","background-size":"auto","background-attachment":"scroll","background-type":"","background-media":"","overlay-type":"","overlay-color":"","overlay-opacity":"","overlay-gradient":""}},"ast-content-background-meta":{"desktop":{"background-color":"var(--ast-global-color-5)","background-image":"","background-repeat":"repeat","background-position":"center center","background-size":"auto","background-attachment":"scroll","background-type":"","background-media":"","overlay-type":"","overlay-color":"","overlay-opacity":"","overlay-gradient":""},"tablet":{"background-color":"var(--ast-global-color-5)","background-image":"","background-repeat":"repeat","background-position":"center center","background-size":"auto","background-attachment":"scroll","background-type":"","background-media":"","overlay-type":"","overlay-color":"","overlay-opacity":"","overlay-gradient":""},"mobile":{"background-color":"var(--ast-global-color-5)","background-image":"","background-repeat":"repeat","background-position":"center center","background-size":"auto","background-attachment":"scroll","background-type":"","background-media":"","overlay-type":"","overlay-color":"","overlay-opacity":"","overlay-gradient":""}}},"product_brand":[],"product_cat":[154,136],"product_tag":[],"class_list":{"0":"post-1788","1":"product","2":"type-product","3":"status-publish","4":"has-post-thumbnail","6":"product_cat-cabeca","7":"product_cat-ortopedicos","8":"desktop-align-left","9":"tablet-align-left","10":"mobile-align-left","12":"first","13":"instock","14":"taxable","15":"shipping-taxable","16":"product-type-simple"},"_links":{"self":[{"href":"https:\/\/www.medcoll.com.br\/en\/wp-json\/wp\/v2\/product\/1788","targetHints":{"allow":["GET"]}}],"collection":[{"href":"https:\/\/www.medcoll.com.br\/en\/wp-json\/wp\/v2\/product"}],"about":[{"href":"https:\/\/www.medcoll.com.br\/en\/wp-json\/wp\/v2\/types\/product"}],"replies":[{"embeddable":true,"href":"https:\/\/www.medcoll.com.br\/en\/wp-json\/wp\/v2\/comments?post=1788"}],"version-history":[{"count":1,"href":"https:\/\/www.medcoll.com.br\/en\/wp-json\/wp\/v2\/product\/1788\/revisions"}],"predecessor-version":[{"id":1793,"href":"https:\/\/www.medcoll.com.br\/en\/wp-json\/wp\/v2\/product\/1788\/revisions\/1793"}],"wp:featuredmedia":[{"embeddable":true,"href":"https:\/\/www.medcoll.com.br\/en\/wp-json\/wp\/v2\/media\/1792"}],"wp:attachment":[{"href":"https:\/\/www.medcoll.com.br\/en\/wp-json\/wp\/v2\/media?parent=1788"}],"wp:term":[{"taxonomy":"product_brand","embeddable":true,"href":"https:\/\/www.medcoll.com.br\/en\/wp-json\/wp\/v2\/product_brand?post=1788"},{"taxonomy":"product_cat","embeddable":true,"href":"https:\/\/www.medcoll.com.br\/en\/wp-json\/wp\/v2\/product_cat?post=1788"},{"taxonomy":"product_tag","embeddable":true,"href":"https:\/\/www.medcoll.com.br\/en\/wp-json\/wp\/v2\/product_tag?post=1788"}],"curies":[{"name":"wp","href":"https:\/\/api.w.org\/{rel}","templated":true}]}}