{"id":1800,"date":"2026-02-15T10:29:33","date_gmt":"2026-02-15T13:29:33","guid":{"rendered":"https:\/\/www.medcoll.com.br\/?post_type=product&#038;p=1800"},"modified":"2026-02-15T10:29:33","modified_gmt":"2026-02-15T13:29:33","slug":"tipoia-ortopedica-estofada-unissex-atlet","status":"publish","type":"product","link":"https:\/\/www.medcoll.com.br\/en\/product\/tipoia-ortopedica-estofada-unissex-atlet\/","title":{"rendered":"Tipoia Ortop\u00e9dica Estofada Unissex Atlet"},"content":{"rendered":"<div id=\"product-wrapper\" class=\"product-wrapper\">\n<div class=\"product-tabs\">\n<div class=\"tabs-content\">\n<div id=\"descricao\" class=\"tab rte description-ab active\">\n<p>A Tipoia Ortop\u00e9dica Estofada ATLET oferece estabilidade e conforto na recupera\u00e7\u00e3o de les\u00f5es do bra\u00e7o e antebra\u00e7o. Pode ser usada tanto no bra\u00e7o esquerdo quanto no direito.<\/p>\n<p>Seu formato n\u00e3o restringe o movimento do ombro.<\/p>\n<p><strong>Indica\u00e7\u00e3o:<\/strong><\/p>\n<p>Estabiliza\u00e7\u00e3o e sustenta\u00e7\u00e3o do membro superior (bra\u00e7o, antebra\u00e7o e cotovelo) em casos de contus\u00f5es, luxa\u00e7\u00f5es, fraturas e instabilidades e p\u00f3s-operat\u00f3rio. Pode ser utilizada como apoio para o gesso.<\/p>\n<p><strong>Instru\u00e7\u00f5es de Uso:<\/strong><\/p>\n<ol>\n<li>Encaixe o cotovelo flexionado dentro da tipoia e apoie bem no fundo.<\/li>\n<li>Passe a faixa ao redor do pesco\u00e7o e prenda a mesma no fecho.<\/li>\n<li>Regule a altura da tipoia ajustando o regulador at\u00e9 que o bra\u00e7o fique no \u00e2ngulo de 90\u00b0.<\/li>\n<\/ol>\n<p><strong>Precau\u00e7\u00f5es:<\/strong><\/p>\n<p>Este produto n\u00e3o apresenta contraindica\u00e7\u00e3o, desde as orienta\u00e7\u00f5es de uso e indica\u00e7\u00e3o sejam seguidas. \u00c9 recomend\u00e1vel a orienta\u00e7\u00e3o de um profissional da sa\u00fade. N\u00e3o utilizar este produto sobre a pele lesionada.<\/p>\n<p><strong>Modo de lavar:<\/strong><\/p>\n<p>Para maior durabilidade do seu produto lavar somente a m\u00e3o com sab\u00e3o neutro e agua at\u00e9 40 \u00b0C. Secar a sombra, na posi\u00e7\u00e3o vertical. N\u00e3o lavar e secar em m\u00e1quina e n\u00e3o utilizar o ferro de passar.<\/p>\n<p><strong>Garantia de Fabrica\u00e7\u00e3o:<\/strong><\/p>\n<p>A Tipoia Ortop\u00e9dica Estofada Atlet possui garantia de fabrica\u00e7\u00e3o de 90 dias de acordo com o c\u00f3digo de defesa do consumidor. Em caso de defeito de fabrica\u00e7\u00e3o retorne ao estabelecimento onde o produto foi adquirido com a respectiva nota fiscal de compra. N\u00e3o s\u00e3o pass\u00edveis de troca produtos utilizados de maneira incorreta ou inadequada.<\/p>\n<p><strong>Prazo de Validade:<\/strong><\/p>\n<p>Indeterminado.<\/p>\n<p><strong>Tamanho:<\/strong><\/p>\n<p>Para escolher o tamanho ideal da sua Tipoia, me\u00e7a o comprimento do cotovelo at\u00e9 o in\u00edcio dos dedos.<\/p>\n<ul>\n<li>Tamanho I: 25\u00a0a 30\u00a0cm<\/li>\n<li>Tamanho P: 30\u00a0a 35\u00a0cm<\/li>\n<li>Tamanho M: 35\u00a0a 40\u00a0cm<\/li>\n<li>Tamanho G: 40\u00a0a 45\u00a0cm<\/li>\n<li>Tamanho GG: 45\u00a0a 50\u00a0cm<\/li>\n<\/ul>\n<p>&nbsp;<\/p>\n<p><strong>ANVISA:<\/strong>\u00a082613870003<\/p>\n<\/div>\n<\/div>\n<\/div>\n<\/div>\n<div class=\"section-product-related\">\n<div class=\"container\">\n<div class=\"section-header\"><\/div>\n<\/div>\n<\/div>","protected":false},"excerpt":{"rendered":"<p>A Tipoia Ortop\u00e9dica Estofada ATLET oferece estabilidade e conforto na recupera\u00e7\u00e3o de les\u00f5es do bra\u00e7o e antebra\u00e7o. Pode ser usada tanto no bra\u00e7o esquerdo quanto no direito.<\/p>\n<p>Seu formato n\u00e3o restringe o movimento do ombro.<\/p>","protected":false},"featured_media":1804,"comment_status":"open","ping_status":"closed","template":"","meta":{"site-sidebar-layout":"default","site-content-layout":"","ast-site-content-layout":"default","site-content-style":"default","site-sidebar-style":"default","ast-global-header-display":"","ast-banner-title-visibility":"","ast-main-header-display":"","ast-hfb-above-header-display":"","ast-hfb-below-header-display":"","ast-hfb-mobile-header-display":"","site-post-title":"","ast-breadcrumbs-content":"","ast-featured-img":"","footer-sml-layout":"","ast-disable-related-posts":"","theme-transparent-header-meta":"default","adv-header-id-meta":"","stick-header-meta":"","header-above-stick-meta":"","header-main-stick-meta":"","header-below-stick-meta":"","astra-migrate-meta-layouts":"set","ast-page-background-enabled":"default","ast-page-background-meta":{"desktop":{"background-color":"var(--ast-global-color-4)","background-image":"","background-repeat":"repeat","background-position":"center center","background-size":"auto","background-attachment":"scroll","background-type":"","background-media":"","overlay-type":"","overlay-color":"","overlay-opacity":"","overlay-gradient":""},"tablet":{"background-color":"","background-image":"","background-repeat":"repeat","background-position":"center center","background-size":"auto","background-attachment":"scroll","background-type":"","background-media":"","overlay-type":"","overlay-color":"","overlay-opacity":"","overlay-gradient":""},"mobile":{"background-color":"","background-image":"","background-repeat":"repeat","background-position":"center center","background-size":"auto","background-attachment":"scroll","background-type":"","background-media":"","overlay-type":"","overlay-color":"","overlay-opacity":"","overlay-gradient":""}},"ast-content-background-meta":{"desktop":{"background-color":"var(--ast-global-color-5)","background-image":"","background-repeat":"repeat","background-position":"center center","background-size":"auto","background-attachment":"scroll","background-type":"","background-media":"","overlay-type":"","overlay-color":"","overlay-opacity":"","overlay-gradient":""},"tablet":{"background-color":"var(--ast-global-color-5)","background-image":"","background-repeat":"repeat","background-position":"center center","background-size":"auto","background-attachment":"scroll","background-type":"","background-media":"","overlay-type":"","overlay-color":"","overlay-opacity":"","overlay-gradient":""},"mobile":{"background-color":"var(--ast-global-color-5)","background-image":"","background-repeat":"repeat","background-position":"center center","background-size":"auto","background-attachment":"scroll","background-type":"","background-media":"","overlay-type":"","overlay-color":"","overlay-opacity":"","overlay-gradient":""}}},"product_brand":[],"product_cat":[152,136],"product_tag":[],"class_list":{"0":"post-1800","1":"product","2":"type-product","3":"status-publish","4":"has-post-thumbnail","6":"product_cat-membros-superiores","7":"product_cat-ortopedicos","8":"desktop-align-left","9":"tablet-align-left","10":"mobile-align-left","12":"first","13":"instock","14":"taxable","15":"shipping-taxable","16":"product-type-simple"},"_links":{"self":[{"href":"https:\/\/www.medcoll.com.br\/en\/wp-json\/wp\/v2\/product\/1800","targetHints":{"allow":["GET"]}}],"collection":[{"href":"https:\/\/www.medcoll.com.br\/en\/wp-json\/wp\/v2\/product"}],"about":[{"href":"https:\/\/www.medcoll.com.br\/en\/wp-json\/wp\/v2\/types\/product"}],"replies":[{"embeddable":true,"href":"https:\/\/www.medcoll.com.br\/en\/wp-json\/wp\/v2\/comments?post=1800"}],"version-history":[{"count":1,"href":"https:\/\/www.medcoll.com.br\/en\/wp-json\/wp\/v2\/product\/1800\/revisions"}],"predecessor-version":[{"id":1805,"href":"https:\/\/www.medcoll.com.br\/en\/wp-json\/wp\/v2\/product\/1800\/revisions\/1805"}],"wp:featuredmedia":[{"embeddable":true,"href":"https:\/\/www.medcoll.com.br\/en\/wp-json\/wp\/v2\/media\/1804"}],"wp:attachment":[{"href":"https:\/\/www.medcoll.com.br\/en\/wp-json\/wp\/v2\/media?parent=1800"}],"wp:term":[{"taxonomy":"product_brand","embeddable":true,"href":"https:\/\/www.medcoll.com.br\/en\/wp-json\/wp\/v2\/product_brand?post=1800"},{"taxonomy":"product_cat","embeddable":true,"href":"https:\/\/www.medcoll.com.br\/en\/wp-json\/wp\/v2\/product_cat?post=1800"},{"taxonomy":"product_tag","embeddable":true,"href":"https:\/\/www.medcoll.com.br\/en\/wp-json\/wp\/v2\/product_tag?post=1800"}],"curies":[{"name":"wp","href":"https:\/\/api.w.org\/{rel}","templated":true}]}}