{"id":1812,"date":"2026-02-15T10:44:07","date_gmt":"2026-02-15T13:44:07","guid":{"rendered":"https:\/\/www.medcoll.com.br\/?post_type=product&#038;p=1812"},"modified":"2026-02-15T10:44:07","modified_gmt":"2026-02-15T13:44:07","slug":"munhequeira-elastica-unissex-atlet","status":"publish","type":"product","link":"https:\/\/www.medcoll.com.br\/en\/product\/munhequeira-elastica-unissex-atlet\/","title":{"rendered":"Munhequeira El\u00e1stica Unissex Atlet"},"content":{"rendered":"<div id=\"product-wrapper\" class=\"product-wrapper\">\n<div class=\"product-tabs\">\n<div class=\"tabs-content\">\n<div id=\"descricao\" class=\"tab rte description-ab active\">\n<p>A Munhequeira El\u00e1stica Atlet Cross Training \u00e9 confeccionada em material el\u00e1stico resistente. Proporciona estabilidade e firmeza ao punho, auxiliando na execu\u00e7\u00e3o de exerc\u00edcios que sobrecarregam esta articula\u00e7\u00e3o.<\/p>\n<p>Possui Loop de polegar e fechamento em velcro que permitem o melhor posicionamento, fechamento e ajuste da compress\u00e3o.<\/p>\n<p><strong>Porque usar este produto:<\/strong><\/p>\n<ul>\n<li>Design \u00fanico, feito para melhorar sua performance.<\/li>\n<li>Produzida com material de alta qualidade, proporciona conforto e suporte para qualquer esporte.<\/li>\n<li>Tire o m\u00e1ximo dos seus treinos. Constru\u00edda para dar suporte e sustenta\u00e7\u00e3o ao punho.<\/li>\n<\/ul>\n<p><strong>Indica\u00e7\u00e3o:<\/strong><\/p>\n<ul>\n<li>Pratica de exerc\u00edcios que fa\u00e7am press\u00e3o e exigem movimenta\u00e7\u00e3o do punho;<\/li>\n<li>Preven\u00e7\u00e3o e corre\u00e7\u00e3o dos padr\u00f5es de movimento do punho.<\/li>\n<\/ul>\n<p><strong>Caracter\u00edstica do produto:<\/strong><\/p>\n<p>Comprimento: 40 cm<\/p>\n<p><strong>Composi\u00e7\u00e3o:<\/strong><\/p>\n<p>Elastico: 62% poli\u00e9ster,<\/p>\n<p>Elastodieno: 38%<\/p>\n<p>Velcro: 100% poliamida<\/p>\n<\/div>\n<\/div>\n<\/div>\n<\/div>\n<div class=\"section-product-related\">\n<div class=\"container\">\n<div class=\"section-header\"><\/div>\n<\/div>\n<\/div>","protected":false},"excerpt":{"rendered":"<p>A Munhequeira El\u00e1stica Atlet Cross Training \u00e9 confeccionada em material el\u00e1stico resistente. Proporciona estabilidade e firmeza ao punho, auxiliando na execu\u00e7\u00e3o de exerc\u00edcios que sobrecarregam esta articula\u00e7\u00e3o.<\/p>","protected":false},"featured_media":1814,"comment_status":"open","ping_status":"closed","template":"","meta":{"site-sidebar-layout":"default","site-content-layout":"","ast-site-content-layout":"default","site-content-style":"default","site-sidebar-style":"default","ast-global-header-display":"","ast-banner-title-visibility":"","ast-main-header-display":"","ast-hfb-above-header-display":"","ast-hfb-below-header-display":"","ast-hfb-mobile-header-display":"","site-post-title":"","ast-breadcrumbs-content":"","ast-featured-img":"","footer-sml-layout":"","ast-disable-related-posts":"","theme-transparent-header-meta":"default","adv-header-id-meta":"","stick-header-meta":"","header-above-stick-meta":"","header-main-stick-meta":"","header-below-stick-meta":"","astra-migrate-meta-layouts":"set","ast-page-background-enabled":"default","ast-page-background-meta":{"desktop":{"background-color":"var(--ast-global-color-4)","background-image":"","background-repeat":"repeat","background-position":"center center","background-size":"auto","background-attachment":"scroll","background-type":"","background-media":"","overlay-type":"","overlay-color":"","overlay-opacity":"","overlay-gradient":""},"tablet":{"background-color":"","background-image":"","background-repeat":"repeat","background-position":"center center","background-size":"auto","background-attachment":"scroll","background-type":"","background-media":"","overlay-type":"","overlay-color":"","overlay-opacity":"","overlay-gradient":""},"mobile":{"background-color":"","background-image":"","background-repeat":"repeat","background-position":"center center","background-size":"auto","background-attachment":"scroll","background-type":"","background-media":"","overlay-type":"","overlay-color":"","overlay-opacity":"","overlay-gradient":""}},"ast-content-background-meta":{"desktop":{"background-color":"var(--ast-global-color-5)","background-image":"","background-repeat":"repeat","background-position":"center center","background-size":"auto","background-attachment":"scroll","background-type":"","background-media":"","overlay-type":"","overlay-color":"","overlay-opacity":"","overlay-gradient":""},"tablet":{"background-color":"var(--ast-global-color-5)","background-image":"","background-repeat":"repeat","background-position":"center center","background-size":"auto","background-attachment":"scroll","background-type":"","background-media":"","overlay-type":"","overlay-color":"","overlay-opacity":"","overlay-gradient":""},"mobile":{"background-color":"var(--ast-global-color-5)","background-image":"","background-repeat":"repeat","background-position":"center center","background-size":"auto","background-attachment":"scroll","background-type":"","background-media":"","overlay-type":"","overlay-color":"","overlay-opacity":"","overlay-gradient":""}}},"product_brand":[],"product_cat":[152,136],"product_tag":[],"class_list":{"0":"post-1812","1":"product","2":"type-product","3":"status-publish","4":"has-post-thumbnail","6":"product_cat-membros-superiores","7":"product_cat-ortopedicos","8":"desktop-align-left","9":"tablet-align-left","10":"mobile-align-left","12":"first","13":"instock","14":"taxable","15":"shipping-taxable","16":"product-type-simple"},"_links":{"self":[{"href":"https:\/\/www.medcoll.com.br\/en\/wp-json\/wp\/v2\/product\/1812","targetHints":{"allow":["GET"]}}],"collection":[{"href":"https:\/\/www.medcoll.com.br\/en\/wp-json\/wp\/v2\/product"}],"about":[{"href":"https:\/\/www.medcoll.com.br\/en\/wp-json\/wp\/v2\/types\/product"}],"replies":[{"embeddable":true,"href":"https:\/\/www.medcoll.com.br\/en\/wp-json\/wp\/v2\/comments?post=1812"}],"version-history":[{"count":1,"href":"https:\/\/www.medcoll.com.br\/en\/wp-json\/wp\/v2\/product\/1812\/revisions"}],"predecessor-version":[{"id":1818,"href":"https:\/\/www.medcoll.com.br\/en\/wp-json\/wp\/v2\/product\/1812\/revisions\/1818"}],"wp:featuredmedia":[{"embeddable":true,"href":"https:\/\/www.medcoll.com.br\/en\/wp-json\/wp\/v2\/media\/1814"}],"wp:attachment":[{"href":"https:\/\/www.medcoll.com.br\/en\/wp-json\/wp\/v2\/media?parent=1812"}],"wp:term":[{"taxonomy":"product_brand","embeddable":true,"href":"https:\/\/www.medcoll.com.br\/en\/wp-json\/wp\/v2\/product_brand?post=1812"},{"taxonomy":"product_cat","embeddable":true,"href":"https:\/\/www.medcoll.com.br\/en\/wp-json\/wp\/v2\/product_cat?post=1812"},{"taxonomy":"product_tag","embeddable":true,"href":"https:\/\/www.medcoll.com.br\/en\/wp-json\/wp\/v2\/product_tag?post=1812"}],"curies":[{"name":"wp","href":"https:\/\/api.w.org\/{rel}","templated":true}]}}