{"id":1830,"date":"2026-02-15T10:55:08","date_gmt":"2026-02-15T13:55:08","guid":{"rendered":"https:\/\/www.medcoll.com.br\/?post_type=product&#038;p=1830"},"modified":"2026-02-15T10:55:08","modified_gmt":"2026-02-15T13:55:08","slug":"luva-de-esportes-vies-reforcado-atlet","status":"publish","type":"product","link":"https:\/\/www.medcoll.com.br\/en\/product\/luva-de-esportes-vies-reforcado-atlet\/","title":{"rendered":"Luva De Esportes Vi\u00e9s Refor\u00e7ado Atlet"},"content":{"rendered":"<p>A Luva para Esportes Vi\u00e9s Refor\u00e7ado Atlet \u00e9 ideal para a pr\u00e1tica de exerc\u00edcios de for\u00e7a. Possui palmar aderente proporcionando mais conforto e seguran\u00e7a para a pr\u00e1tica de exerc\u00edcios. Evita a ocorr\u00eancia de calos e bolhas.<\/p>\n<p><strong><span style=\"font-family: verdana, geneva, sans-serif;\">Vendido em par.<\/span><\/strong><\/p>\n<p><strong>Instru\u00e7\u00f5es de Uso:<\/strong><\/p>\n<p>Abra completamente o velcro da sua Luva para Esportes Vi\u00e9s Refor\u00e7ado Atlet, vista encaixando os dedos devidamente, prenda o velcro. Se necess\u00e1rio, ajuste durante o uso.<\/p>\n<p><strong>Modo de Lavar:<\/strong><\/p>\n<p>Para maior durabilidade do seu produto lavar somente a m\u00e3o com sab\u00e3o neutro e agua at\u00e9 40 \u00b0C. Secar a sombra, na posi\u00e7\u00e3o vertical. N\u00e3o lavar e secar em m\u00e1quina e n\u00e3o utilizar o ferro de passar.<\/p>\n<p><strong>Validade:<\/strong><\/p>\n<p>Indeterminado.<\/p>\n<p><strong>Garantia de Fabrica\u00e7\u00e3o:<\/strong><\/p>\n<p>A Luva para Esportes Vi\u00e9s Refor\u00e7ado Atlet ATLET possui garantia de fabrica\u00e7\u00e3o de 90 dias de acordo com o c\u00f3digo de defesa do consumidor. Em caso de defeito de fabrica\u00e7\u00e3o retorne ao estabelecimento onde o produto foi adquirido com a respectiva nota fiscal de compra. N\u00e3o s\u00e3o pass\u00edveis de troca produtos utilizados de maneira incorreta ou inadequada<\/p>\n<p><strong>Composi\u00e7\u00e3o:<\/strong><\/p>\n<p>Borracha 100% SBR<\/p>\n<p>Revestimento da borracha 100% poli\u00e9ster<\/p>\n<p>Fecho e Vi\u00e9s 100% poliamida<\/p>\n<p><strong>Tamanho:<\/strong><\/p>\n<p>Para escolher o tamanho ideal da sua Luva para Esportes Vi\u00e9s Refor\u00e7ado Atlet, me\u00e7a a palma da sua m\u00e3o de um lado ao outro.<\/p>\n<ul>\n<li>Tamanho P:\u00a08 cm<\/li>\n<li>Tamanho M:\u00a09 cm<\/li>\n<li>Tamanho G:\u00a010 cm<\/li>\n<\/ul>\n<p>&nbsp;<\/p>","protected":false},"excerpt":{"rendered":"<p>A Luva para Esportes Vi\u00e9s Refor\u00e7ado Atlet \u00e9 ideal para a pr\u00e1tica de exerc\u00edcios de for\u00e7a. Possui palmar aderente proporcionando mais conforto e seguran\u00e7a para a pr\u00e1tica de exerc\u00edcios. Evita a ocorr\u00eancia de calos e bolhas.<\/p>","protected":false},"featured_media":1833,"comment_status":"open","ping_status":"closed","template":"","meta":{"site-sidebar-layout":"default","site-content-layout":"","ast-site-content-layout":"default","site-content-style":"default","site-sidebar-style":"default","ast-global-header-display":"","ast-banner-title-visibility":"","ast-main-header-display":"","ast-hfb-above-header-display":"","ast-hfb-below-header-display":"","ast-hfb-mobile-header-display":"","site-post-title":"","ast-breadcrumbs-content":"","ast-featured-img":"","footer-sml-layout":"","ast-disable-related-posts":"","theme-transparent-header-meta":"default","adv-header-id-meta":"","stick-header-meta":"","header-above-stick-meta":"","header-main-stick-meta":"","header-below-stick-meta":"","astra-migrate-meta-layouts":"set","ast-page-background-enabled":"default","ast-page-background-meta":{"desktop":{"background-color":"var(--ast-global-color-4)","background-image":"","background-repeat":"repeat","background-position":"center center","background-size":"auto","background-attachment":"scroll","background-type":"","background-media":"","overlay-type":"","overlay-color":"","overlay-opacity":"","overlay-gradient":""},"tablet":{"background-color":"","background-image":"","background-repeat":"repeat","background-position":"center center","background-size":"auto","background-attachment":"scroll","background-type":"","background-media":"","overlay-type":"","overlay-color":"","overlay-opacity":"","overlay-gradient":""},"mobile":{"background-color":"","background-image":"","background-repeat":"repeat","background-position":"center center","background-size":"auto","background-attachment":"scroll","background-type":"","background-media":"","overlay-type":"","overlay-color":"","overlay-opacity":"","overlay-gradient":""}},"ast-content-background-meta":{"desktop":{"background-color":"var(--ast-global-color-5)","background-image":"","background-repeat":"repeat","background-position":"center center","background-size":"auto","background-attachment":"scroll","background-type":"","background-media":"","overlay-type":"","overlay-color":"","overlay-opacity":"","overlay-gradient":""},"tablet":{"background-color":"var(--ast-global-color-5)","background-image":"","background-repeat":"repeat","background-position":"center center","background-size":"auto","background-attachment":"scroll","background-type":"","background-media":"","overlay-type":"","overlay-color":"","overlay-opacity":"","overlay-gradient":""},"mobile":{"background-color":"var(--ast-global-color-5)","background-image":"","background-repeat":"repeat","background-position":"center center","background-size":"auto","background-attachment":"scroll","background-type":"","background-media":"","overlay-type":"","overlay-color":"","overlay-opacity":"","overlay-gradient":""}}},"product_brand":[],"product_cat":[152,136],"product_tag":[],"class_list":{"0":"post-1830","1":"product","2":"type-product","3":"status-publish","4":"has-post-thumbnail","6":"product_cat-membros-superiores","7":"product_cat-ortopedicos","8":"desktop-align-left","9":"tablet-align-left","10":"mobile-align-left","12":"first","13":"instock","14":"taxable","15":"shipping-taxable","16":"product-type-simple"},"_links":{"self":[{"href":"https:\/\/www.medcoll.com.br\/en\/wp-json\/wp\/v2\/product\/1830","targetHints":{"allow":["GET"]}}],"collection":[{"href":"https:\/\/www.medcoll.com.br\/en\/wp-json\/wp\/v2\/product"}],"about":[{"href":"https:\/\/www.medcoll.com.br\/en\/wp-json\/wp\/v2\/types\/product"}],"replies":[{"embeddable":true,"href":"https:\/\/www.medcoll.com.br\/en\/wp-json\/wp\/v2\/comments?post=1830"}],"version-history":[{"count":1,"href":"https:\/\/www.medcoll.com.br\/en\/wp-json\/wp\/v2\/product\/1830\/revisions"}],"predecessor-version":[{"id":1834,"href":"https:\/\/www.medcoll.com.br\/en\/wp-json\/wp\/v2\/product\/1830\/revisions\/1834"}],"wp:featuredmedia":[{"embeddable":true,"href":"https:\/\/www.medcoll.com.br\/en\/wp-json\/wp\/v2\/media\/1833"}],"wp:attachment":[{"href":"https:\/\/www.medcoll.com.br\/en\/wp-json\/wp\/v2\/media?parent=1830"}],"wp:term":[{"taxonomy":"product_brand","embeddable":true,"href":"https:\/\/www.medcoll.com.br\/en\/wp-json\/wp\/v2\/product_brand?post=1830"},{"taxonomy":"product_cat","embeddable":true,"href":"https:\/\/www.medcoll.com.br\/en\/wp-json\/wp\/v2\/product_cat?post=1830"},{"taxonomy":"product_tag","embeddable":true,"href":"https:\/\/www.medcoll.com.br\/en\/wp-json\/wp\/v2\/product_tag?post=1830"}],"curies":[{"name":"wp","href":"https:\/\/api.w.org\/{rel}","templated":true}]}}