{"id":1900,"date":"2026-02-15T17:30:09","date_gmt":"2026-02-15T20:30:09","guid":{"rendered":"https:\/\/www.medcoll.com.br\/?post_type=product&#038;p=1900"},"modified":"2026-03-25T11:22:13","modified_gmt":"2026-03-25T14:22:13","slug":"tesoura-metzembaum-15cm-curva","status":"publish","type":"product","link":"https:\/\/www.medcoll.com.br\/en\/product\/tesoura-metzembaum-15cm-curva\/","title":{"rendered":"Tesoura Metzembaum 15cm Curva"},"content":{"rendered":"<div class=\"elementor-element elementor-element-a73d3da elementor-widget elementor-widget-woocommerce-product-short-description\" data-id=\"a73d3da\" data-element_type=\"widget\" data-widget_type=\"woocommerce-product-short-description.default\">\n<div class=\"elementor-widget-container\">\n<div class=\"woocommerce-product-details__short-description\">\n<p>As Tesouras Metzembaum ABC s\u00e3o indicadas para dissecar tecidos delicados em \u00e1reas de dif\u00edcil acesso. Apresentam l\u00e2minas estreitas, retas ou curvas com pontas finas ideias para cortar pele, tecido morto e tecidos internos delicados. Fabricadas em A\u00e7o Inoxid\u00e1vel Cir\u00fargico Premium com acabamento brilhante garantindo uma camada extra de prote\u00e7\u00e3o ao instrumental garantindo uma camada extra de prote\u00e7\u00e3o ao instrumental, possuem al\u00e7as em formato de anel fornecendo uma manipula\u00e7\u00e3o mais r\u00e1pida e precisa ao cirurgi\u00e3o.<\/p>\n<\/div>\n<\/div>\n<\/div>\n<div class=\"elementor-element elementor-element-2fb99f0 elementor-widget elementor-widget-heading\" data-id=\"2fb99f0\" data-element_type=\"widget\" data-widget_type=\"heading.default\">\n<div class=\"elementor-widget-container\">\n<h3 class=\"elementor-heading-title elementor-size-default\">Utilizado nas especialidades:<\/h3>\n<\/div>\n<\/div>\n<div class=\"elementor-element elementor-element-af35a57 elementor-widget__width-inherit elementor-widget elementor-widget-shortcode\" data-id=\"af35a57\" data-element_type=\"widget\" data-widget_type=\"shortcode.default\">\n<div class=\"elementor-widget-container\">\n<div class=\"elementor-shortcode\">\n<p>Buco Maxilo Facial,\u00a0Cardiovascular,\u00a0Cirurgia Geral,\u00a0Cirurgia Oral,\u00a0Cirurgia Pl\u00e1stica,\u00a0Gastrointestinal,\u00a0Ginecologia e Obstetr\u00edcia,\u00a0Neurocirurgia,\u00a0Odontologia,\u00a0Ortopedia,\u00a0Otorrinolaringologia<\/p>\n<\/div>\n<p><strong>REG. MS:\u00a0<\/strong>10304850053<\/p>\n<p><strong>Material:<\/strong>\u00a0Produto Confeccionado em A\u00e7o Inoxid\u00e1vel Cir\u00fargico.<\/p>\n<p><strong>Marca:<\/strong>\u00a0ABC Instrumentos Cir\u00fargicos<\/p>\n<p><strong>Fabricante<\/strong>: ABC Instrumentos Cir\u00fargicos<\/p>\n<p><strong>Garantia:<\/strong>\u00a010 anos contra defeitos de fabrica\u00e7\u00e3o.<\/p>\n<p><strong>Certifica\u00e7\u00f5es:<\/strong>Fabricado de acordo com Padr\u00f5es Internacionais de Qualidade, Normas da ABNT, CE.<\/p>\n<p><strong>Embalagem:<\/strong>\u00a0Pl\u00e1stica individual, constando os dados de identifica\u00e7\u00e3o, proced\u00eancia e rastreabilidade.<\/p>\n<div class=\"otQkpb\" role=\"heading\" aria-level=\"3\" data-animation-nesting=\"\" data-sfc-cp=\"\" data-sfc-root=\"c\" data-sfc-cb=\"\" data-processed=\"true\"><strong>Dicas de Preven\u00e7\u00e3o<\/strong><\/div>\n<ul class=\"KsbFXc U6u95\" data-sfc-root=\"c\" data-sfc-cb=\"\" data-processed=\"true\">\n<li class=\"dF3vjf\" data-sfc-root=\"c\" data-sfc-cb=\"\" data-hveid=\"CAgQAA\" data-processed=\"true\"><span class=\"T286Pc\" data-sfc-cp=\"\" data-sfc-root=\"c\" data-sfc-cb=\"\" data-processed=\"true\"><strong class=\"Yjhzub\" data-sfc-root=\"c\" data-sfc-cb=\"\" data-processed=\"true\">Limpeza Imediata:<\/strong>\u00a0N\u00e3o deixe o sangue secar no instrumento. Fa\u00e7a a pr\u00e9-lavagem logo ap\u00f3s o uso.<\/span><\/li>\n<li class=\"dF3vjf\" data-sfc-root=\"c\" data-sfc-cb=\"\" data-hveid=\"CAgQAQ\" data-processed=\"true\"><span class=\"T286Pc\" data-sfc-cp=\"\" data-sfc-root=\"c\" data-sfc-cb=\"\" data-processed=\"true\"><strong class=\"Yjhzub\" data-sfc-root=\"c\" data-sfc-cb=\"\" data-processed=\"true\">Detergente Neutro:<\/strong> <\/span>N\u00e3o utiliza \u00e1gua sanit\u00e1ria para limpeza. <span class=\"T286Pc\" data-sfc-cp=\"\" data-sfc-root=\"c\" data-sfc-cb=\"\" data-processed=\"true\">Utilize detergentes enzim\u00e1ticos ou neutros (pH pr\u00f3ximo a 7.0).\u00a0<\/span><\/li>\n<li><span class=\"T286Pc\" data-sfc-cp=\"\" data-sfc-root=\"c\" data-sfc-cb=\"\" data-processed=\"true\"><strong class=\"Yjhzub\" data-sfc-root=\"c\" data-sfc-cb=\"\" data-processed=\"true\">Palha de A\u00e7o:<\/strong> N\u00e3o lave os instrumentais com palhas de a\u00e7o ou semelhantes, esses materiais depositam part\u00edculas de ferro e causam ferrugem de transfer\u00eancia na superf\u00edcie.<\/span><\/li>\n<li><span class=\"T286Pc\" data-sfc-cp=\"\" data-sfc-root=\"c\" data-sfc-cb=\"\" data-processed=\"true\"><strong class=\"Yjhzub\" data-sfc-root=\"c\" data-sfc-cb=\"\" data-processed=\"true\">Produtos Abrasivos: <\/strong>Sapon\u00e1ceo em p\u00f3, pastas, esponjas e escovas abrasivas riscam a superf\u00edcie e removem a camada de prote\u00e7\u00e3o.<\/span><\/li>\n<li class=\"dF3vjf\" data-sfc-root=\"c\" data-sfc-cb=\"\" data-hveid=\"CAgQAg\" data-processed=\"true\"><span class=\"T286Pc\" data-sfc-cp=\"\" data-sfc-root=\"c\" data-sfc-cb=\"\" data-processed=\"true\"><strong class=\"Yjhzub\" data-sfc-root=\"c\" data-sfc-cb=\"\" data-processed=\"true\">Secagem Rigorosa:<\/strong>\u00a0O instrumental deve estar totalmente seco antes de ir para a embalagem e autoclave.<\/span><\/li>\n<li class=\"dF3vjf\" data-sfc-root=\"c\" data-sfc-cb=\"\" data-hveid=\"CAgQAw\" data-processed=\"true\"><span class=\"T286Pc\" data-sfc-cp=\"\" data-sfc-root=\"c\" data-sfc-cb=\"\" data-processed=\"true\"><strong class=\"Yjhzub\" data-sfc-root=\"c\" data-sfc-cb=\"\" data-processed=\"true\">Lubrifica\u00e7\u00e3o:<\/strong>\u00a0Use lubrificantes neutros (tipo leite instrumental) em pin\u00e7as articuladas para evitar que se tornem r\u00edgidas e para proteger contra a corros\u00e3o.<\/span><\/li>\n<\/ul>\n<\/div>\n<\/div>","protected":false},"excerpt":{"rendered":"<p>As Tesouras Metzembaum ABC s\u00e3o indicadas para dissecar tecidos delicados em \u00e1reas de dif\u00edcil acesso. Apresentam l\u00e2minas estreitas, retas ou curvas com pontas finas ideias para cortar pele, tecido morto e tecidos internos delicados.<\/p>","protected":false},"featured_media":1905,"comment_status":"open","ping_status":"closed","template":"","meta":{"site-sidebar-layout":"default","site-content-layout":"","ast-site-content-layout":"default","site-content-style":"default","site-sidebar-style":"default","ast-global-header-display":"","ast-banner-title-visibility":"","ast-main-header-display":"","ast-hfb-above-header-display":"","ast-hfb-below-header-display":"","ast-hfb-mobile-header-display":"","site-post-title":"","ast-breadcrumbs-content":"","ast-featured-img":"","footer-sml-layout":"","ast-disable-related-posts":"","theme-transparent-header-meta":"default","adv-header-id-meta":"","stick-header-meta":"","header-above-stick-meta":"","header-main-stick-meta":"","header-below-stick-meta":"","astra-migrate-meta-layouts":"set","ast-page-background-enabled":"default","ast-page-background-meta":{"desktop":{"background-color":"var(--ast-global-color-4)","background-image":"","background-repeat":"repeat","background-position":"center center","background-size":"auto","background-attachment":"scroll","background-type":"","background-media":"","overlay-type":"","overlay-color":"","overlay-opacity":"","overlay-gradient":""},"tablet":{"background-color":"","background-image":"","background-repeat":"repeat","background-position":"center center","background-size":"auto","background-attachment":"scroll","background-type":"","background-media":"","overlay-type":"","overlay-color":"","overlay-opacity":"","overlay-gradient":""},"mobile":{"background-color":"","background-image":"","background-repeat":"repeat","background-position":"center center","background-size":"auto","background-attachment":"scroll","background-type":"","background-media":"","overlay-type":"","overlay-color":"","overlay-opacity":"","overlay-gradient":""}},"ast-content-background-meta":{"desktop":{"background-color":"var(--ast-global-color-5)","background-image":"","background-repeat":"repeat","background-position":"center center","background-size":"auto","background-attachment":"scroll","background-type":"","background-media":"","overlay-type":"","overlay-color":"","overlay-opacity":"","overlay-gradient":""},"tablet":{"background-color":"var(--ast-global-color-5)","background-image":"","background-repeat":"repeat","background-position":"center center","background-size":"auto","background-attachment":"scroll","background-type":"","background-media":"","overlay-type":"","overlay-color":"","overlay-opacity":"","overlay-gradient":""},"mobile":{"background-color":"var(--ast-global-color-5)","background-image":"","background-repeat":"repeat","background-position":"center center","background-size":"auto","background-attachment":"scroll","background-type":"","background-media":"","overlay-type":"","overlay-color":"","overlay-opacity":"","overlay-gradient":""}}},"product_brand":[],"product_cat":[124],"product_tag":[],"class_list":{"0":"post-1900","1":"product","2":"type-product","3":"status-publish","4":"has-post-thumbnail","6":"product_cat-instrumentais","7":"desktop-align-left","8":"tablet-align-left","9":"mobile-align-left","11":"first","12":"instock","13":"taxable","14":"shipping-taxable","15":"product-type-simple"},"_links":{"self":[{"href":"https:\/\/www.medcoll.com.br\/en\/wp-json\/wp\/v2\/product\/1900","targetHints":{"allow":["GET"]}}],"collection":[{"href":"https:\/\/www.medcoll.com.br\/en\/wp-json\/wp\/v2\/product"}],"about":[{"href":"https:\/\/www.medcoll.com.br\/en\/wp-json\/wp\/v2\/types\/product"}],"replies":[{"embeddable":true,"href":"https:\/\/www.medcoll.com.br\/en\/wp-json\/wp\/v2\/comments?post=1900"}],"version-history":[{"count":4,"href":"https:\/\/www.medcoll.com.br\/en\/wp-json\/wp\/v2\/product\/1900\/revisions"}],"predecessor-version":[{"id":2440,"href":"https:\/\/www.medcoll.com.br\/en\/wp-json\/wp\/v2\/product\/1900\/revisions\/2440"}],"wp:featuredmedia":[{"embeddable":true,"href":"https:\/\/www.medcoll.com.br\/en\/wp-json\/wp\/v2\/media\/1905"}],"wp:attachment":[{"href":"https:\/\/www.medcoll.com.br\/en\/wp-json\/wp\/v2\/media?parent=1900"}],"wp:term":[{"taxonomy":"product_brand","embeddable":true,"href":"https:\/\/www.medcoll.com.br\/en\/wp-json\/wp\/v2\/product_brand?post=1900"},{"taxonomy":"product_cat","embeddable":true,"href":"https:\/\/www.medcoll.com.br\/en\/wp-json\/wp\/v2\/product_cat?post=1900"},{"taxonomy":"product_tag","embeddable":true,"href":"https:\/\/www.medcoll.com.br\/en\/wp-json\/wp\/v2\/product_tag?post=1900"}],"curies":[{"name":"wp","href":"https:\/\/api.w.org\/{rel}","templated":true}]}}