{"id":1955,"date":"2026-02-15T22:06:09","date_gmt":"2026-02-16T01:06:09","guid":{"rendered":"https:\/\/www.medcoll.com.br\/?post_type=product&#038;p=1955"},"modified":"2026-02-15T22:06:09","modified_gmt":"2026-02-16T01:06:09","slug":"meia-de-compressao-3-4-antitrombo-e-antiembolismo-15-21mmhg","status":"publish","type":"product","link":"https:\/\/www.medcoll.com.br\/en\/product\/meia-de-compressao-3-4-antitrombo-e-antiembolismo-15-21mmhg\/","title":{"rendered":"Meia de Compress\u00e3o 3\/4 Antitrombo e Antiembolismo. (15-21mmHg)"},"content":{"rendered":"<p><strong>INDICA\u00c7\u00d5ES:<\/strong>\u00a0PARA PREVEN\u00c7\u00c3O DE (T.V.P) TROMBOSE VENOSA PROFUNDA, PR\u00c9, INTRA E P\u00d3S OPERAT\u00d3RIA, EMBOLIA PULMONAR E CONDI\u00c7\u00d5ES CL\u00cdNICAS QUE REQUEREM REPOUSO PROLONGADO.<\/p>\n<p><strong>COMPOSI\u00c7\u00c3O: 70% POLIAMIDA | 30% ELASTANO<\/strong><\/p>\n<p><strong>GARANTIA:<\/strong>\u00a0A NEWFORM GARANTE A COMPRESS\u00c3O DESTE PRODUTO POR 6 MESES AP\u00d3S A EMISS\u00c3O DA NOTA FISCAL PARA O CONSUMIDOR.\u00a0<strong>OBS:\u00a0<\/strong>A COMPRESS\u00c3O DESTE PRODUTO PODE VARIAR, FAVOR OBSERVAR AS ORIENTA\u00c7\u00d5ES DE LAVAGEM E USO.<\/p>","protected":false},"excerpt":{"rendered":"<p><strong>INDICA\u00c7\u00d5ES:<\/strong>\u00a0PARA PREVEN\u00c7\u00c3O DE (T.V.P) TROMBOSE VENOSA PROFUNDA, PR\u00c9, INTRA E P\u00d3S OPERAT\u00d3RIA, EMBOLIA PULMONAR E CONDI\u00c7\u00d5ES CL\u00cdNICAS QUE REQUEREM REPOUSO PROLONGADO.<\/p>","protected":false},"featured_media":1958,"comment_status":"open","ping_status":"closed","template":"","meta":{"site-sidebar-layout":"default","site-content-layout":"","ast-site-content-layout":"default","site-content-style":"default","site-sidebar-style":"default","ast-global-header-display":"","ast-banner-title-visibility":"","ast-main-header-display":"","ast-hfb-above-header-display":"","ast-hfb-below-header-display":"","ast-hfb-mobile-header-display":"","site-post-title":"","ast-breadcrumbs-content":"","ast-featured-img":"","footer-sml-layout":"","ast-disable-related-posts":"","theme-transparent-header-meta":"default","adv-header-id-meta":"","stick-header-meta":"","header-above-stick-meta":"","header-main-stick-meta":"","header-below-stick-meta":"","astra-migrate-meta-layouts":"set","ast-page-background-enabled":"default","ast-page-background-meta":{"desktop":{"background-color":"var(--ast-global-color-4)","background-image":"","background-repeat":"repeat","background-position":"center center","background-size":"auto","background-attachment":"scroll","background-type":"","background-media":"","overlay-type":"","overlay-color":"","overlay-opacity":"","overlay-gradient":""},"tablet":{"background-color":"","background-image":"","background-repeat":"repeat","background-position":"center center","background-size":"auto","background-attachment":"scroll","background-type":"","background-media":"","overlay-type":"","overlay-color":"","overlay-opacity":"","overlay-gradient":""},"mobile":{"background-color":"","background-image":"","background-repeat":"repeat","background-position":"center center","background-size":"auto","background-attachment":"scroll","background-type":"","background-media":"","overlay-type":"","overlay-color":"","overlay-opacity":"","overlay-gradient":""}},"ast-content-background-meta":{"desktop":{"background-color":"var(--ast-global-color-5)","background-image":"","background-repeat":"repeat","background-position":"center center","background-size":"auto","background-attachment":"scroll","background-type":"","background-media":"","overlay-type":"","overlay-color":"","overlay-opacity":"","overlay-gradient":""},"tablet":{"background-color":"var(--ast-global-color-5)","background-image":"","background-repeat":"repeat","background-position":"center center","background-size":"auto","background-attachment":"scroll","background-type":"","background-media":"","overlay-type":"","overlay-color":"","overlay-opacity":"","overlay-gradient":""},"mobile":{"background-color":"var(--ast-global-color-5)","background-image":"","background-repeat":"repeat","background-position":"center center","background-size":"auto","background-attachment":"scroll","background-type":"","background-media":"","overlay-type":"","overlay-color":"","overlay-opacity":"","overlay-gradient":""}}},"product_brand":[],"product_cat":[130,131],"product_tag":[],"class_list":{"0":"post-1955","1":"product","2":"type-product","3":"status-publish","4":"has-post-thumbnail","6":"product_cat-malhas-de-compressao","7":"product_cat-meia-de-compressao","8":"desktop-align-left","9":"tablet-align-left","10":"mobile-align-left","12":"first","13":"instock","14":"taxable","15":"shipping-taxable","16":"product-type-simple"},"_links":{"self":[{"href":"https:\/\/www.medcoll.com.br\/en\/wp-json\/wp\/v2\/product\/1955","targetHints":{"allow":["GET"]}}],"collection":[{"href":"https:\/\/www.medcoll.com.br\/en\/wp-json\/wp\/v2\/product"}],"about":[{"href":"https:\/\/www.medcoll.com.br\/en\/wp-json\/wp\/v2\/types\/product"}],"replies":[{"embeddable":true,"href":"https:\/\/www.medcoll.com.br\/en\/wp-json\/wp\/v2\/comments?post=1955"}],"version-history":[{"count":1,"href":"https:\/\/www.medcoll.com.br\/en\/wp-json\/wp\/v2\/product\/1955\/revisions"}],"predecessor-version":[{"id":1962,"href":"https:\/\/www.medcoll.com.br\/en\/wp-json\/wp\/v2\/product\/1955\/revisions\/1962"}],"wp:featuredmedia":[{"embeddable":true,"href":"https:\/\/www.medcoll.com.br\/en\/wp-json\/wp\/v2\/media\/1958"}],"wp:attachment":[{"href":"https:\/\/www.medcoll.com.br\/en\/wp-json\/wp\/v2\/media?parent=1955"}],"wp:term":[{"taxonomy":"product_brand","embeddable":true,"href":"https:\/\/www.medcoll.com.br\/en\/wp-json\/wp\/v2\/product_brand?post=1955"},{"taxonomy":"product_cat","embeddable":true,"href":"https:\/\/www.medcoll.com.br\/en\/wp-json\/wp\/v2\/product_cat?post=1955"},{"taxonomy":"product_tag","embeddable":true,"href":"https:\/\/www.medcoll.com.br\/en\/wp-json\/wp\/v2\/product_tag?post=1955"}],"curies":[{"name":"wp","href":"https:\/\/api.w.org\/{rel}","templated":true}]}}