{"id":1966,"date":"2026-02-16T12:21:29","date_gmt":"2026-02-16T15:21:29","guid":{"rendered":"https:\/\/www.medcoll.com.br\/?post_type=product&#038;p=1966"},"modified":"2026-02-16T12:21:29","modified_gmt":"2026-02-16T15:21:29","slug":"cinta-bermuda-shorts-pos-cirurgica-plastica-new-form","status":"publish","type":"product","link":"https:\/\/www.medcoll.com.br\/en\/product\/cinta-bermuda-shorts-pos-cirurgica-plastica-new-form\/","title":{"rendered":"Cinta Bermuda Shorts P\u00f3s-cir\u00fargica Pl\u00e1stica New Form"},"content":{"rendered":"<p>A cinta p\u00f3s-cir\u00fargica bermuda shorts com colchetes, refor\u00e7o no culote e suspens\u00f3rio \u00e9 indicado para cirurgia pl\u00e1stica na regi\u00e3o abdominal, abdominoplastia, lipoaspira\u00e7\u00e3o e lipo de culotes e flancos.<\/p>\n<p>A cinta bermuda shorts com colchetes, refor\u00e7o no culote e suspens\u00f3rio reduz incha\u00e7o e melhora a circula\u00e7\u00e3o local auxiliando na cicatriza\u00e7\u00e3o apropriada da pele e ajudando a evitar os temidos furinhos.<\/p>\n<p>Ajuda a manter a postura correta evitando dobras no abd\u00f4men que podem deixar marcas no processo de cicatriza\u00e7\u00e3o.<\/p>\n<p>O tecido de dupla elasticidade, horizontal e vertical realiza uma massagem natural com seus pr\u00f3prios movimentos<\/p>\n<p>Marca: New Form<br \/>\nComposi\u00e7\u00e3o: 90% Poliamida e 10% elastano<br \/>\nCores: chocolate<br \/>\nTamanhos: PP-40, P-42, M-44, G-46 e GG-48 (Consulte a tabela de medidas nas fotos)<br \/>\nG\u00eanero: feminino<\/p>\n<p>Para tirar medidas: Contorne a cintura com a fita m\u00e9trica, altura do umbigo, sem apertar. Passe a fita m\u00e9trica ao redor da parte mais saliente dos quadris, na altura das n\u00e1degas, sem apertar.<\/p>\n<p>Modo de vestir: posicione a cinta corretamente nas pernas e feche os colchetes de baixo para cima para que a cinta cir\u00fargica fique na posi\u00e7\u00e3o adequada para n\u00e3o causar desconforto.<\/p>\n<p>Modo de lavar: Lave a cinta \u00e0 m\u00e3o. Utilize sab\u00e3o neutro. N\u00c3O use alvejante ou cloro. N\u00c3O torcer. Deixe secar \u00e0 sombra (n\u00e3o colocar em secadora). Ap\u00f3s secar, coloque a cinta por 30 minutos na geladeira para que o tecido conserve sua capacidade de compress\u00e3o.<\/p>","protected":false},"excerpt":{"rendered":"<p>A cinta p\u00f3s-cir\u00fargica bermuda shorts com colchetes, refor\u00e7o no culote e suspens\u00f3rio \u00e9 indicado para cirurgia pl\u00e1stica na regi\u00e3o abdominal, abdominoplastia, lipoaspira\u00e7\u00e3o e lipo de culotes e flancos.<\/p>","protected":false},"featured_media":1969,"comment_status":"open","ping_status":"closed","template":"","meta":{"site-sidebar-layout":"default","site-content-layout":"","ast-site-content-layout":"default","site-content-style":"default","site-sidebar-style":"default","ast-global-header-display":"","ast-banner-title-visibility":"","ast-main-header-display":"","ast-hfb-above-header-display":"","ast-hfb-below-header-display":"","ast-hfb-mobile-header-display":"","site-post-title":"","ast-breadcrumbs-content":"","ast-featured-img":"","footer-sml-layout":"","ast-disable-related-posts":"","theme-transparent-header-meta":"default","adv-header-id-meta":"","stick-header-meta":"","header-above-stick-meta":"","header-main-stick-meta":"","header-below-stick-meta":"","astra-migrate-meta-layouts":"set","ast-page-background-enabled":"default","ast-page-background-meta":{"desktop":{"background-color":"var(--ast-global-color-4)","background-image":"","background-repeat":"repeat","background-position":"center center","background-size":"auto","background-attachment":"scroll","background-type":"","background-media":"","overlay-type":"","overlay-color":"","overlay-opacity":"","overlay-gradient":""},"tablet":{"background-color":"","background-image":"","background-repeat":"repeat","background-position":"center center","background-size":"auto","background-attachment":"scroll","background-type":"","background-media":"","overlay-type":"","overlay-color":"","overlay-opacity":"","overlay-gradient":""},"mobile":{"background-color":"","background-image":"","background-repeat":"repeat","background-position":"center center","background-size":"auto","background-attachment":"scroll","background-type":"","background-media":"","overlay-type":"","overlay-color":"","overlay-opacity":"","overlay-gradient":""}},"ast-content-background-meta":{"desktop":{"background-color":"var(--ast-global-color-5)","background-image":"","background-repeat":"repeat","background-position":"center center","background-size":"auto","background-attachment":"scroll","background-type":"","background-media":"","overlay-type":"","overlay-color":"","overlay-opacity":"","overlay-gradient":""},"tablet":{"background-color":"var(--ast-global-color-5)","background-image":"","background-repeat":"repeat","background-position":"center center","background-size":"auto","background-attachment":"scroll","background-type":"","background-media":"","overlay-type":"","overlay-color":"","overlay-opacity":"","overlay-gradient":""},"mobile":{"background-color":"var(--ast-global-color-5)","background-image":"","background-repeat":"repeat","background-position":"center center","background-size":"auto","background-attachment":"scroll","background-type":"","background-media":"","overlay-type":"","overlay-color":"","overlay-opacity":"","overlay-gradient":""}}},"product_brand":[],"product_cat":[130,135],"product_tag":[],"class_list":{"0":"post-1966","1":"product","2":"type-product","3":"status-publish","4":"has-post-thumbnail","6":"product_cat-malhas-de-compressao","7":"product_cat-modelador-cirurgico","8":"desktop-align-left","9":"tablet-align-left","10":"mobile-align-left","12":"first","13":"instock","14":"taxable","15":"shipping-taxable","16":"product-type-simple"},"_links":{"self":[{"href":"https:\/\/www.medcoll.com.br\/en\/wp-json\/wp\/v2\/product\/1966","targetHints":{"allow":["GET"]}}],"collection":[{"href":"https:\/\/www.medcoll.com.br\/en\/wp-json\/wp\/v2\/product"}],"about":[{"href":"https:\/\/www.medcoll.com.br\/en\/wp-json\/wp\/v2\/types\/product"}],"replies":[{"embeddable":true,"href":"https:\/\/www.medcoll.com.br\/en\/wp-json\/wp\/v2\/comments?post=1966"}],"version-history":[{"count":1,"href":"https:\/\/www.medcoll.com.br\/en\/wp-json\/wp\/v2\/product\/1966\/revisions"}],"predecessor-version":[{"id":1970,"href":"https:\/\/www.medcoll.com.br\/en\/wp-json\/wp\/v2\/product\/1966\/revisions\/1970"}],"wp:featuredmedia":[{"embeddable":true,"href":"https:\/\/www.medcoll.com.br\/en\/wp-json\/wp\/v2\/media\/1969"}],"wp:attachment":[{"href":"https:\/\/www.medcoll.com.br\/en\/wp-json\/wp\/v2\/media?parent=1966"}],"wp:term":[{"taxonomy":"product_brand","embeddable":true,"href":"https:\/\/www.medcoll.com.br\/en\/wp-json\/wp\/v2\/product_brand?post=1966"},{"taxonomy":"product_cat","embeddable":true,"href":"https:\/\/www.medcoll.com.br\/en\/wp-json\/wp\/v2\/product_cat?post=1966"},{"taxonomy":"product_tag","embeddable":true,"href":"https:\/\/www.medcoll.com.br\/en\/wp-json\/wp\/v2\/product_tag?post=1966"}],"curies":[{"name":"wp","href":"https:\/\/api.w.org\/{rel}","templated":true}]}}