{"id":1984,"date":"2026-02-16T16:45:19","date_gmt":"2026-02-16T19:45:19","guid":{"rendered":"https:\/\/www.medcoll.com.br\/?post_type=product&#038;p=1984"},"modified":"2026-02-16T16:45:19","modified_gmt":"2026-02-16T19:45:19","slug":"sutia-pos-operatorio-mamoplastia-cirurgia-plastica-reforcado","status":"publish","type":"product","link":"https:\/\/www.medcoll.com.br\/en\/product\/sutia-pos-operatorio-mamoplastia-cirurgia-plastica-reforcado\/","title":{"rendered":"Suti\u00e3 P\u00f3s Operat\u00f3rio Mamoplastia Cirurgia Pl\u00e1stica Refor\u00e7ado"},"content":{"rendered":"<p>Suti\u00e3 P\u00f3s-Operat\u00f3rio Mamoplastia Cirurgia Pl\u00e1stica Refor\u00e7ado New Form \u2013 Modelo 107<\/p>\n<p>O suti\u00e3 p\u00f3s-cir\u00fargico com base refor\u00e7ada da New Form, vendido pela Loja da Pl\u00e1stica, ajuda a amenizar a dor no p\u00f3s-operat\u00f3rio de implante de silicone, porque comprime evitando o deslocamento da pr\u00f3tese.<\/p>\n<p>Ajuda a reduzir edema, flacidez p\u00f3s-cir\u00fargica, potencializa o processo de cicatriza\u00e7\u00e3o e previne a forma\u00e7\u00e3o de fibrose e queloide.<\/p>\n<p>Exerce uma compress\u00e3o suave e constante, estimulando a circula\u00e7\u00e3o de modo a compactar os tecidos traumatizados durante a cirurgia, ajudando na retra\u00e7\u00e3o da pele.<\/p>\n<p>Dessa forma, o espa\u00e7o intercelular tamb\u00e9m fica comprimido e os l\u00edquidos corporais n\u00e3o t\u00eam onde se acumular. Na pr\u00e1tica, isso significa menos incha\u00e7o. Al\u00e9m disso, a compress\u00e3o tamb\u00e9m inibe o sangramento de vasinhos, que contribui para diminuir a forma\u00e7\u00e3o de manchas roxas.<\/p>\n<p>Outra importante caracter\u00edstica \u00e9 ajudar na cicatriza\u00e7\u00e3o. Isso ocorre porque, \u00e0 medida que se diminui o excesso de l\u00edquido acumulado entre as c\u00e9lulas, elas ficam mais pr\u00f3ximas umas das outras, contribuindo para a forma\u00e7\u00e3o de uma cicatriz mais fina e uniforme, evitando o surgimento de queloides.<\/p>\n<p>Este modelo de suti\u00e3 p\u00f3s-cir\u00fargico com al\u00e7a regata da New Form, vendido pela Loja da Pl\u00e1stica, possui abertura frontal em colchetes com 02 op\u00e7\u00f5es de regulagens. As al\u00e7as tamb\u00e9m s\u00e3o regul\u00e1veis para maior conforto.<\/p>\n<p>N\u00e3o possui bojo de espuma ou aro, apenas costuras voltadas para o lado de fora, para n\u00e3o marcar a \u00e1rea operada.<\/p>\n<p>O tecido cetinete de alta compress\u00e3o possui 90% de poliamida e 10% de elastano, \u00e9 resistente e confort\u00e1vel, sendo essencial para o p\u00f3s-cir\u00fargico.<\/p>\n<p>BENEF\u00cdCIOS<br \/>\nContribui para redu\u00e7\u00e3o da dor p\u00f3s-operat\u00f3ria<br \/>\nAtiva a microcircula\u00e7\u00e3o sangu\u00ednea<br \/>\nRecupera\u00e7\u00e3o muscular mais r\u00e1pida<br \/>\nMaior conforto e bem-estar<br \/>\nMelhora a firmeza da pele<\/p>\n<p>Marca: New Form<br \/>\nComposi\u00e7\u00e3o: 90% Poliamida e 10% elastano.<br \/>\nCor: Chocolate<br \/>\nTamanho: P, M, G e GG (Consulte a tabela de medidas nas fotos)<\/p>\n<p>Modo de vestir: Toda malha de compress\u00e3o, independente do modelo, deve ser vestida delicadamente, n\u00e3o sendo necess\u00e1rio o uso de for\u00e7a. Vestir o suti\u00e3, passando os bra\u00e7os pelas al\u00e7as. Fechar os colchetes de baixo para cima.<\/p>\n<p>Vestir com cuidado, n\u00e3o utilizar as unhas para n\u00e3o causar nenhum tipo de dano.<\/p>\n<p>Modo de lavar: Lave o suti\u00e3 \u00e0 m\u00e3o. Utilize sab\u00e3o neutro. N\u00c3O use alvejante ou cloro. N\u00c3O torcer. Deixe secar \u00e0 sombra (n\u00e3o colocar em secadora).<\/p>\n<p>Para tirar medidas: Contorne o busto com a fita m\u00e9trica, na altura do bico do peito, sem apertar. Siga as instru\u00e7\u00f5es dispon\u00edveis nas fotos do an\u00fancio.<\/p>\n<p>Revenda autorizada New Form.<\/p>\n<p>Produto com nota fiscal.<\/p>\n<p>REGISTRO ANVISA 81547300001<\/p>","protected":false},"excerpt":{"rendered":"<p>Suti\u00e3 P\u00f3s-Operat\u00f3rio Mamoplastia Cirurgia Pl\u00e1stica Refor\u00e7ado New Form \u2013 Modelo 107 O suti\u00e3 p\u00f3s-cir\u00fargico com base refor\u00e7ada da New Form, vendido pela Loja da Pl\u00e1stica, ajuda a amenizar a dor no p\u00f3s-operat\u00f3rio de implante de silicone, porque comprime evitando o deslocamento da pr\u00f3tese. Ajuda a reduzir edema, flacidez p\u00f3s-cir\u00fargica, potencializa o processo de cicatriza\u00e7\u00e3o e [&hellip;]<\/p>\n","protected":false},"featured_media":1985,"comment_status":"open","ping_status":"closed","template":"","meta":{"site-sidebar-layout":"default","site-content-layout":"","ast-site-content-layout":"default","site-content-style":"default","site-sidebar-style":"default","ast-global-header-display":"","ast-banner-title-visibility":"","ast-main-header-display":"","ast-hfb-above-header-display":"","ast-hfb-below-header-display":"","ast-hfb-mobile-header-display":"","site-post-title":"","ast-breadcrumbs-content":"","ast-featured-img":"","footer-sml-layout":"","ast-disable-related-posts":"","theme-transparent-header-meta":"default","adv-header-id-meta":"","stick-header-meta":"","header-above-stick-meta":"","header-main-stick-meta":"","header-below-stick-meta":"","astra-migrate-meta-layouts":"set","ast-page-background-enabled":"default","ast-page-background-meta":{"desktop":{"background-color":"var(--ast-global-color-4)","background-image":"","background-repeat":"repeat","background-position":"center center","background-size":"auto","background-attachment":"scroll","background-type":"","background-media":"","overlay-type":"","overlay-color":"","overlay-opacity":"","overlay-gradient":""},"tablet":{"background-color":"","background-image":"","background-repeat":"repeat","background-position":"center center","background-size":"auto","background-attachment":"scroll","background-type":"","background-media":"","overlay-type":"","overlay-color":"","overlay-opacity":"","overlay-gradient":""},"mobile":{"background-color":"","background-image":"","background-repeat":"repeat","background-position":"center center","background-size":"auto","background-attachment":"scroll","background-type":"","background-media":"","overlay-type":"","overlay-color":"","overlay-opacity":"","overlay-gradient":""}},"ast-content-background-meta":{"desktop":{"background-color":"var(--ast-global-color-5)","background-image":"","background-repeat":"repeat","background-position":"center center","background-size":"auto","background-attachment":"scroll","background-type":"","background-media":"","overlay-type":"","overlay-color":"","overlay-opacity":"","overlay-gradient":""},"tablet":{"background-color":"var(--ast-global-color-5)","background-image":"","background-repeat":"repeat","background-position":"center center","background-size":"auto","background-attachment":"scroll","background-type":"","background-media":"","overlay-type":"","overlay-color":"","overlay-opacity":"","overlay-gradient":""},"mobile":{"background-color":"var(--ast-global-color-5)","background-image":"","background-repeat":"repeat","background-position":"center center","background-size":"auto","background-attachment":"scroll","background-type":"","background-media":"","overlay-type":"","overlay-color":"","overlay-opacity":"","overlay-gradient":""}}},"product_brand":[],"product_cat":[130,132],"product_tag":[],"class_list":{"0":"post-1984","1":"product","2":"type-product","3":"status-publish","4":"has-post-thumbnail","6":"product_cat-malhas-de-compressao","7":"product_cat-sutias","8":"desktop-align-left","9":"tablet-align-left","10":"mobile-align-left","12":"first","13":"instock","14":"taxable","15":"shipping-taxable","16":"product-type-simple"},"_links":{"self":[{"href":"https:\/\/www.medcoll.com.br\/en\/wp-json\/wp\/v2\/product\/1984","targetHints":{"allow":["GET"]}}],"collection":[{"href":"https:\/\/www.medcoll.com.br\/en\/wp-json\/wp\/v2\/product"}],"about":[{"href":"https:\/\/www.medcoll.com.br\/en\/wp-json\/wp\/v2\/types\/product"}],"replies":[{"embeddable":true,"href":"https:\/\/www.medcoll.com.br\/en\/wp-json\/wp\/v2\/comments?post=1984"}],"version-history":[{"count":1,"href":"https:\/\/www.medcoll.com.br\/en\/wp-json\/wp\/v2\/product\/1984\/revisions"}],"predecessor-version":[{"id":1986,"href":"https:\/\/www.medcoll.com.br\/en\/wp-json\/wp\/v2\/product\/1984\/revisions\/1986"}],"wp:featuredmedia":[{"embeddable":true,"href":"https:\/\/www.medcoll.com.br\/en\/wp-json\/wp\/v2\/media\/1985"}],"wp:attachment":[{"href":"https:\/\/www.medcoll.com.br\/en\/wp-json\/wp\/v2\/media?parent=1984"}],"wp:term":[{"taxonomy":"product_brand","embeddable":true,"href":"https:\/\/www.medcoll.com.br\/en\/wp-json\/wp\/v2\/product_brand?post=1984"},{"taxonomy":"product_cat","embeddable":true,"href":"https:\/\/www.medcoll.com.br\/en\/wp-json\/wp\/v2\/product_cat?post=1984"},{"taxonomy":"product_tag","embeddable":true,"href":"https:\/\/www.medcoll.com.br\/en\/wp-json\/wp\/v2\/product_tag?post=1984"}],"curies":[{"name":"wp","href":"https:\/\/api.w.org\/{rel}","templated":true}]}}