{"id":1989,"date":"2026-02-16T17:10:03","date_gmt":"2026-02-16T20:10:03","guid":{"rendered":"https:\/\/www.medcoll.com.br\/?post_type=product&#038;p=1989"},"modified":"2026-02-16T17:29:06","modified_gmt":"2026-02-16T20:29:06","slug":"sutia-pos-cirurgico-longo-com-base-reforcada-alca-regulavel-renda-mamoplastia-new-form","status":"publish","type":"product","link":"https:\/\/www.medcoll.com.br\/en\/product\/sutia-pos-cirurgico-longo-com-base-reforcada-alca-regulavel-renda-mamoplastia-new-form\/","title":{"rendered":"Suti\u00e3 P\u00f3s-Cir\u00fargico Longo com Base Refor\u00e7ada Al\u00e7a Regul\u00e1vel Renda Mamopl\u00e1stia New Form"},"content":{"rendered":"<p>O Suti\u00e3\u00a0<strong>P\u00f3s-Cir\u00fargico<\/strong>\u00a0Longo com\u00a0<strong>Refor\u00e7o<\/strong>\u00a0e Al\u00e7a Regul\u00e1vel foi desenvolvido com materiais de alta qualidade e dupla camada de tecidos nas \u00e1reas de maior necessidade para proporcionar conforto em sua recupera\u00e7\u00e3o\u00a0<strong>P\u00f3s-Cir\u00fargica<\/strong>.<br \/>\n\u00c9 um produto completo e ideal para ativar a\u00a0<strong>circula\u00e7\u00e3o sangu\u00ednea<\/strong>\u00a0de \u00e1reas do corpo em recupera\u00e7\u00e3o, reduzindo o incha\u00e7o e o desconforto, eliminando l\u00edquidos indesejados de\u00a0<strong>Cirurgias<\/strong>\u00a0como\u00a0<strong>Mamoplastia<\/strong>,\u00a0<strong>Pr\u00f3tese de Silicone<\/strong>\u00a0e\u00a0<strong>Mastectomia<\/strong>, entre outras.<\/p>\n<p><strong>\u00a0Benef\u00edcios:<\/strong><\/p>\n<ul>\n<li>Facilita a recupera\u00e7\u00e3o P\u00f3s-Cir\u00fargica;<\/li>\n<li>Reduz o incha\u00e7o e o desconforto;<\/li>\n<li>Ajuda a moldar e proporciona Sustenta\u00e7\u00e3o;<\/li>\n<li>Conforto e Suporte durante toda a recupera\u00e7\u00e3o.<\/li>\n<\/ul>\n<p><strong>Indica\u00e7\u00e3o:<\/strong><\/p>\n<ul>\n<li>Mamoplastia;<\/li>\n<li>Pr\u00f3tese de Silicone;<\/li>\n<li>Cirurgias Pl\u00e1sticas;<\/li>\n<li>Mastectomia;<\/li>\n<li>Sustenta\u00e7\u00e3o;<\/li>\n<li>Uso di\u00e1rio;<\/li>\n<li>Modela e firma os mamilos.<\/li>\n<\/ul>\n<p><strong>\u00a0Caracter\u00edsticas Especiais:<\/strong><\/p>\n<ul>\n<li>Dupla fileira de colchetes para um ajuste perfeito;<\/li>\n<li>Dupla camada de sustenta\u00e7\u00e3o para conforto e melhor resultado;<\/li>\n<li>Al\u00e7a Regul\u00e1vel;<\/li>\n<li>Base Refor\u00e7ada;<\/li>\n<li>Design discreto para uso embaixo de roupas;<\/li>\n<li>Fabricado com materiais de alta qualidade para durabilidade.<\/li>\n<\/ul>\n<p><strong>\u00a0Composi\u00e7\u00e3o Material:<\/strong><\/p>\n<p><strong>* Alta Compress\u00e3o<\/strong><\/p>\n<ul>\n<li>90% Poliamida;<\/li>\n<li>10% Elastano.<\/li>\n<\/ul>\n<p><strong>\u00a0Instru\u00e7\u00f5es de lavagem:<\/strong><\/p>\n<ul>\n<li>Somente lavagem manual;<\/li>\n<li>Temperatura m\u00e1xima de 30\u00bac;<\/li>\n<li>N\u00e3o alvejar com cloro;<\/li>\n<li>N\u00e3o centrifugar;<\/li>\n<li>N\u00e3o passar a ferro e \/ ou tratar a vapor;<\/li>\n<li>N\u00e3o limpar a seco, nem remover manchas com solventes.<br \/>\n<strong style=\"font-size: 16px;\">Especifica\u00e7\u00f5es do produto:<\/strong><\/li>\n<\/ul>\n<ul>\n<li><strong>Validade:\u00a0<\/strong>Indeterminada;<\/li>\n<li><strong>Fabricante:\u00a0<\/strong>New Form;<\/li>\n<li><strong>Garantia:\u00a0<\/strong>1 m\u00eas;<\/li>\n<li><strong>Modelo:<\/strong>\u00a060152;<\/li>\n<li><strong>Tamanhos:<\/strong>\u00a0PP, P, M, G, GG;<\/li>\n<li><strong>Cor:<\/strong>\u00a0Bege.<\/li>\n<\/ul>","protected":false},"excerpt":{"rendered":"<p>Desenvolvido com materiais de excelente qualidade, o Suti\u00e3 P\u00f3s-Cir\u00fargico Longo com Refor\u00e7o e Al\u00e7a Regul\u00e1vel proporciona uma jornada de recupera\u00e7\u00e3o P\u00f3s-Cir\u00fargica confort\u00e1vel e segura.<\/p>","protected":false},"featured_media":1992,"comment_status":"open","ping_status":"closed","template":"","meta":{"site-sidebar-layout":"default","site-content-layout":"","ast-site-content-layout":"default","site-content-style":"default","site-sidebar-style":"default","ast-global-header-display":"","ast-banner-title-visibility":"","ast-main-header-display":"","ast-hfb-above-header-display":"","ast-hfb-below-header-display":"","ast-hfb-mobile-header-display":"","site-post-title":"","ast-breadcrumbs-content":"","ast-featured-img":"","footer-sml-layout":"","ast-disable-related-posts":"","theme-transparent-header-meta":"default","adv-header-id-meta":"","stick-header-meta":"","header-above-stick-meta":"","header-main-stick-meta":"","header-below-stick-meta":"","astra-migrate-meta-layouts":"set","ast-page-background-enabled":"default","ast-page-background-meta":{"desktop":{"background-color":"var(--ast-global-color-4)","background-image":"","background-repeat":"repeat","background-position":"center center","background-size":"auto","background-attachment":"scroll","background-type":"","background-media":"","overlay-type":"","overlay-color":"","overlay-opacity":"","overlay-gradient":""},"tablet":{"background-color":"","background-image":"","background-repeat":"repeat","background-position":"center center","background-size":"auto","background-attachment":"scroll","background-type":"","background-media":"","overlay-type":"","overlay-color":"","overlay-opacity":"","overlay-gradient":""},"mobile":{"background-color":"","background-image":"","background-repeat":"repeat","background-position":"center center","background-size":"auto","background-attachment":"scroll","background-type":"","background-media":"","overlay-type":"","overlay-color":"","overlay-opacity":"","overlay-gradient":""}},"ast-content-background-meta":{"desktop":{"background-color":"var(--ast-global-color-5)","background-image":"","background-repeat":"repeat","background-position":"center center","background-size":"auto","background-attachment":"scroll","background-type":"","background-media":"","overlay-type":"","overlay-color":"","overlay-opacity":"","overlay-gradient":""},"tablet":{"background-color":"var(--ast-global-color-5)","background-image":"","background-repeat":"repeat","background-position":"center center","background-size":"auto","background-attachment":"scroll","background-type":"","background-media":"","overlay-type":"","overlay-color":"","overlay-opacity":"","overlay-gradient":""},"mobile":{"background-color":"var(--ast-global-color-5)","background-image":"","background-repeat":"repeat","background-position":"center center","background-size":"auto","background-attachment":"scroll","background-type":"","background-media":"","overlay-type":"","overlay-color":"","overlay-opacity":"","overlay-gradient":""}}},"product_brand":[],"product_cat":[130,132],"product_tag":[],"class_list":{"0":"post-1989","1":"product","2":"type-product","3":"status-publish","4":"has-post-thumbnail","6":"product_cat-malhas-de-compressao","7":"product_cat-sutias","8":"desktop-align-left","9":"tablet-align-left","10":"mobile-align-left","12":"first","13":"instock","14":"taxable","15":"shipping-taxable","16":"product-type-simple"},"_links":{"self":[{"href":"https:\/\/www.medcoll.com.br\/en\/wp-json\/wp\/v2\/product\/1989","targetHints":{"allow":["GET"]}}],"collection":[{"href":"https:\/\/www.medcoll.com.br\/en\/wp-json\/wp\/v2\/product"}],"about":[{"href":"https:\/\/www.medcoll.com.br\/en\/wp-json\/wp\/v2\/types\/product"}],"replies":[{"embeddable":true,"href":"https:\/\/www.medcoll.com.br\/en\/wp-json\/wp\/v2\/comments?post=1989"}],"version-history":[{"count":1,"href":"https:\/\/www.medcoll.com.br\/en\/wp-json\/wp\/v2\/product\/1989\/revisions"}],"predecessor-version":[{"id":1993,"href":"https:\/\/www.medcoll.com.br\/en\/wp-json\/wp\/v2\/product\/1989\/revisions\/1993"}],"wp:featuredmedia":[{"embeddable":true,"href":"https:\/\/www.medcoll.com.br\/en\/wp-json\/wp\/v2\/media\/1992"}],"wp:attachment":[{"href":"https:\/\/www.medcoll.com.br\/en\/wp-json\/wp\/v2\/media?parent=1989"}],"wp:term":[{"taxonomy":"product_brand","embeddable":true,"href":"https:\/\/www.medcoll.com.br\/en\/wp-json\/wp\/v2\/product_brand?post=1989"},{"taxonomy":"product_cat","embeddable":true,"href":"https:\/\/www.medcoll.com.br\/en\/wp-json\/wp\/v2\/product_cat?post=1989"},{"taxonomy":"product_tag","embeddable":true,"href":"https:\/\/www.medcoll.com.br\/en\/wp-json\/wp\/v2\/product_tag?post=1989"}],"curies":[{"name":"wp","href":"https:\/\/api.w.org\/{rel}","templated":true}]}}