{"id":2018,"date":"2026-02-16T18:38:01","date_gmt":"2026-02-16T21:38:01","guid":{"rendered":"https:\/\/www.medcoll.com.br\/?post_type=product&#038;p=2018"},"modified":"2026-02-17T22:09:42","modified_gmt":"2026-02-18T01:09:42","slug":"faixa-pos-cirurgica-para-protese-de-mama-cirurgia-plastica","status":"publish","type":"product","link":"https:\/\/www.medcoll.com.br\/en\/product\/faixa-pos-cirurgica-para-protese-de-mama-cirurgia-plastica\/","title":{"rendered":"Faixa P\u00f3s Cir\u00fargica Para Pr\u00f3tese De Mama Cirurgia Pl\u00e1stica"},"content":{"rendered":"<p>A faixa auxilia na conten\u00e7\u00e3o das mamas, para que a pr\u00f3tese n\u00e3o descole, o que tamb\u00e9m ajuda a amenizar a dor no p\u00f3s-operat\u00f3rio de implante de silicone.<\/p>\n<p>&nbsp;<\/p>\n<p>A faixa para pr\u00f3tese de mama deve ser colocada acima das mamas para que a pr\u00f3tese n\u00e3o se mova nos primeiros dias de p\u00f3s-operat\u00f3rio.<\/p>\n<p>&nbsp;<\/p>\n<p>Dispon\u00edvel nos tamanhos P, M e G, a faixa para pr\u00f3tese de mama possui fechamento regul\u00e1vel.<\/p>\n<p>&nbsp;<\/p>\n<p>Siga sempre a orienta\u00e7\u00e3o do seu m\u00e9dico.<\/p>\n<p>&nbsp;<\/p>\n<p>Caracter\u00edsticas:<\/p>\n<p>Marca: New Form<\/p>\n<p>Tecido: 88% Poliamida e 12% Elastano<\/p>\n<p>Cor: Marrom<\/p>\n<p>&nbsp;<\/p>\n<p>Modo de lavar: Lave a faixa \u00e0 m\u00e3o. Utilize sab\u00e3o neutro. N\u00c3O use alvejante ou cloro. N\u00c3O torcer. Deixe secar \u00e0 sombra (n\u00e3o colocar em secadora).<\/p>\n<p>&nbsp;<\/p>\n<p>Revenda autorizada New Form.<\/p>\n<p>&nbsp;<\/p>\n<p>Produto com nota fiscal.<\/p>\n<p>&nbsp;<\/p>\n<p>REGISTRO ANVISA 81547300001<\/p>","protected":false},"excerpt":{"rendered":"<p>A faixa auxilia na conten\u00e7\u00e3o das mamas, para que a pr\u00f3tese n\u00e3o descole, o que tamb\u00e9m ajuda a amenizar a dor no p\u00f3s-operat\u00f3rio de implante de silicone.<\/p>\n<p>&nbsp;<\/p>","protected":false},"featured_media":2021,"comment_status":"open","ping_status":"closed","template":"","meta":{"site-sidebar-layout":"default","site-content-layout":"","ast-site-content-layout":"default","site-content-style":"default","site-sidebar-style":"default","ast-global-header-display":"","ast-banner-title-visibility":"","ast-main-header-display":"","ast-hfb-above-header-display":"","ast-hfb-below-header-display":"","ast-hfb-mobile-header-display":"","site-post-title":"","ast-breadcrumbs-content":"","ast-featured-img":"","footer-sml-layout":"","ast-disable-related-posts":"","theme-transparent-header-meta":"default","adv-header-id-meta":"","stick-header-meta":"","header-above-stick-meta":"","header-main-stick-meta":"","header-below-stick-meta":"","astra-migrate-meta-layouts":"set","ast-page-background-enabled":"default","ast-page-background-meta":{"desktop":{"background-color":"var(--ast-global-color-4)","background-image":"","background-repeat":"repeat","background-position":"center center","background-size":"auto","background-attachment":"scroll","background-type":"","background-media":"","overlay-type":"","overlay-color":"","overlay-opacity":"","overlay-gradient":""},"tablet":{"background-color":"","background-image":"","background-repeat":"repeat","background-position":"center center","background-size":"auto","background-attachment":"scroll","background-type":"","background-media":"","overlay-type":"","overlay-color":"","overlay-opacity":"","overlay-gradient":""},"mobile":{"background-color":"","background-image":"","background-repeat":"repeat","background-position":"center center","background-size":"auto","background-attachment":"scroll","background-type":"","background-media":"","overlay-type":"","overlay-color":"","overlay-opacity":"","overlay-gradient":""}},"ast-content-background-meta":{"desktop":{"background-color":"var(--ast-global-color-5)","background-image":"","background-repeat":"repeat","background-position":"center center","background-size":"auto","background-attachment":"scroll","background-type":"","background-media":"","overlay-type":"","overlay-color":"","overlay-opacity":"","overlay-gradient":""},"tablet":{"background-color":"var(--ast-global-color-5)","background-image":"","background-repeat":"repeat","background-position":"center center","background-size":"auto","background-attachment":"scroll","background-type":"","background-media":"","overlay-type":"","overlay-color":"","overlay-opacity":"","overlay-gradient":""},"mobile":{"background-color":"var(--ast-global-color-5)","background-image":"","background-repeat":"repeat","background-position":"center center","background-size":"auto","background-attachment":"scroll","background-type":"","background-media":"","overlay-type":"","overlay-color":"","overlay-opacity":"","overlay-gradient":""}}},"product_brand":[],"product_cat":[133,130,132],"product_tag":[],"class_list":{"0":"post-2018","1":"product","2":"type-product","3":"status-publish","4":"has-post-thumbnail","6":"product_cat-faixa-cirurgica","7":"product_cat-malhas-de-compressao","8":"product_cat-sutias","9":"desktop-align-left","10":"tablet-align-left","11":"mobile-align-left","13":"first","14":"instock","15":"featured","16":"taxable","17":"shipping-taxable","18":"product-type-simple"},"_links":{"self":[{"href":"https:\/\/www.medcoll.com.br\/en\/wp-json\/wp\/v2\/product\/2018","targetHints":{"allow":["GET"]}}],"collection":[{"href":"https:\/\/www.medcoll.com.br\/en\/wp-json\/wp\/v2\/product"}],"about":[{"href":"https:\/\/www.medcoll.com.br\/en\/wp-json\/wp\/v2\/types\/product"}],"replies":[{"embeddable":true,"href":"https:\/\/www.medcoll.com.br\/en\/wp-json\/wp\/v2\/comments?post=2018"}],"version-history":[{"count":1,"href":"https:\/\/www.medcoll.com.br\/en\/wp-json\/wp\/v2\/product\/2018\/revisions"}],"predecessor-version":[{"id":2022,"href":"https:\/\/www.medcoll.com.br\/en\/wp-json\/wp\/v2\/product\/2018\/revisions\/2022"}],"wp:featuredmedia":[{"embeddable":true,"href":"https:\/\/www.medcoll.com.br\/en\/wp-json\/wp\/v2\/media\/2021"}],"wp:attachment":[{"href":"https:\/\/www.medcoll.com.br\/en\/wp-json\/wp\/v2\/media?parent=2018"}],"wp:term":[{"taxonomy":"product_brand","embeddable":true,"href":"https:\/\/www.medcoll.com.br\/en\/wp-json\/wp\/v2\/product_brand?post=2018"},{"taxonomy":"product_cat","embeddable":true,"href":"https:\/\/www.medcoll.com.br\/en\/wp-json\/wp\/v2\/product_cat?post=2018"},{"taxonomy":"product_tag","embeddable":true,"href":"https:\/\/www.medcoll.com.br\/en\/wp-json\/wp\/v2\/product_tag?post=2018"}],"curies":[{"name":"wp","href":"https:\/\/api.w.org\/{rel}","templated":true}]}}