{"id":2085,"date":"2026-02-19T13:04:05","date_gmt":"2026-02-19T16:04:05","guid":{"rendered":"https:\/\/www.medcoll.com.br\/?post_type=product&#038;p=2085"},"modified":"2026-02-19T13:04:05","modified_gmt":"2026-02-19T16:04:05","slug":"ponteira-3-4-articulada-para-muletas","status":"publish","type":"product","link":"https:\/\/www.medcoll.com.br\/en\/product\/ponteira-3-4-articulada-para-muletas\/","title":{"rendered":"Ponteira 3\/4&#8243; Articulada para Muletas"},"content":{"rendered":"<p>A tecnologia de articula\u00e7\u00e3o aumenta o contato da ponteira com o solo durante o movimento da muleta, possibilitando um apoio uniforme e reduzindo o desgaste do acess\u00f3rio. A ponteira possui ranhuras transversais na base, respons\u00e1veis por melhorar a ader\u00eancia com a superf\u00edcie, reduzindo o risco de o usu\u00e1rio escorregar em pisos com ac\u00famulo de l\u00edquido e facilitando sua higieniza\u00e7\u00e3o. Al\u00e9m disso, o dispositivo cont\u00e9m sinalizador de desgaste na base, que orienta o momento de substitui\u00e7\u00e3o da ponteira. Compat\u00edvel com tubos de 3\/4&#8243; (19mm de di\u00e2metro).<\/p>\n<p>&nbsp;<\/p>\n<p>Compat\u00edvel com tubos de 3\/4&#8243; (19mm de di\u00e2metro).<\/p>\n<p>COMPOSI\u00c7\u00c3O: 100% borracha PRAZO DE VALIDADE: 5 anos ANVISA: N\u00e3o \u00e9 considerado produto para a Sa\u00fade pela ANVISA.<\/p>\n<p>A Ponteira Articulada \u00e9 um acess\u00f3rio desenvolvido para proporcionar mais seguran\u00e7a e estabilidade ao usu\u00e1rio durante a caminhada com muletas. A pe\u00e7a possui design com sistema de articula\u00e7\u00e3o e base ampliada, que permitem maior flexibilidade, simulando o caminhar e tornando o movimento mais natural. Quando a ponteira de borracha apresentar sinais de desgaste, dever\u00e1 ser substitu\u00edda por uma nova, para evitar acidentes provocados pela falta de ader\u00eancia. Indicada para ser ser utilizada na Muleta Canadense Fixa e Bengala Mercur.<\/p>\n<p>N\u00e3o utilize a muleta sem a ponteira de borracha Mercur adequada. Cuidado com pisos molhados, portas, m\u00f3veis e outros objetos no ch\u00e3o. Quando n\u00e3o estiver em uso, conserve ao abrigo do calor, da luz e da umidade. Cont\u00e9m l\u00e1tex natural. Pode causar alergia.<\/p>","protected":false},"excerpt":{"rendered":"<p>A tecnologia de articula\u00e7\u00e3o aumenta o contato da ponteira com o solo durante o movimento da muleta, possibilitando um apoio uniforme e reduzindo o desgaste do acess\u00f3rio. A ponteira possui ranhuras transversais na base, respons\u00e1veis por melhorar a ader\u00eancia com a superf\u00edcie, reduzindo o risco de o usu\u00e1rio escorregar em pisos com ac\u00famulo de l\u00edquido e facilitando sua higieniza\u00e7\u00e3o. Al\u00e9m disso, o dispositivo cont\u00e9m sinalizador de desgaste na base, que orienta o momento de substitui\u00e7\u00e3o da ponteira. Compat\u00edvel com tubos de 3\/4&#8243; (19mm de di\u00e2metro).<\/p>","protected":false},"featured_media":2090,"comment_status":"open","ping_status":"closed","template":"","meta":{"site-sidebar-layout":"default","site-content-layout":"","ast-site-content-layout":"default","site-content-style":"default","site-sidebar-style":"default","ast-global-header-display":"","ast-banner-title-visibility":"","ast-main-header-display":"","ast-hfb-above-header-display":"","ast-hfb-below-header-display":"","ast-hfb-mobile-header-display":"","site-post-title":"","ast-breadcrumbs-content":"","ast-featured-img":"","footer-sml-layout":"","ast-disable-related-posts":"","theme-transparent-header-meta":"default","adv-header-id-meta":"","stick-header-meta":"","header-above-stick-meta":"","header-main-stick-meta":"","header-below-stick-meta":"","astra-migrate-meta-layouts":"set","ast-page-background-enabled":"default","ast-page-background-meta":{"desktop":{"background-color":"var(--ast-global-color-4)","background-image":"","background-repeat":"repeat","background-position":"center center","background-size":"auto","background-attachment":"scroll","background-type":"","background-media":"","overlay-type":"","overlay-color":"","overlay-opacity":"","overlay-gradient":""},"tablet":{"background-color":"","background-image":"","background-repeat":"repeat","background-position":"center center","background-size":"auto","background-attachment":"scroll","background-type":"","background-media":"","overlay-type":"","overlay-color":"","overlay-opacity":"","overlay-gradient":""},"mobile":{"background-color":"","background-image":"","background-repeat":"repeat","background-position":"center center","background-size":"auto","background-attachment":"scroll","background-type":"","background-media":"","overlay-type":"","overlay-color":"","overlay-opacity":"","overlay-gradient":""}},"ast-content-background-meta":{"desktop":{"background-color":"var(--ast-global-color-5)","background-image":"","background-repeat":"repeat","background-position":"center center","background-size":"auto","background-attachment":"scroll","background-type":"","background-media":"","overlay-type":"","overlay-color":"","overlay-opacity":"","overlay-gradient":""},"tablet":{"background-color":"var(--ast-global-color-5)","background-image":"","background-repeat":"repeat","background-position":"center center","background-size":"auto","background-attachment":"scroll","background-type":"","background-media":"","overlay-type":"","overlay-color":"","overlay-opacity":"","overlay-gradient":""},"mobile":{"background-color":"var(--ast-global-color-5)","background-image":"","background-repeat":"repeat","background-position":"center center","background-size":"auto","background-attachment":"scroll","background-type":"","background-media":"","overlay-type":"","overlay-color":"","overlay-opacity":"","overlay-gradient":""}}},"product_brand":[],"product_cat":[149,158],"product_tag":[],"class_list":{"0":"post-2085","1":"product","2":"type-product","3":"status-publish","4":"has-post-thumbnail","6":"product_cat-acessorios","7":"product_cat-outros","8":"desktop-align-left","9":"tablet-align-left","10":"mobile-align-left","12":"first","13":"instock","14":"taxable","15":"shipping-taxable","16":"product-type-simple"},"_links":{"self":[{"href":"https:\/\/www.medcoll.com.br\/en\/wp-json\/wp\/v2\/product\/2085","targetHints":{"allow":["GET"]}}],"collection":[{"href":"https:\/\/www.medcoll.com.br\/en\/wp-json\/wp\/v2\/product"}],"about":[{"href":"https:\/\/www.medcoll.com.br\/en\/wp-json\/wp\/v2\/types\/product"}],"replies":[{"embeddable":true,"href":"https:\/\/www.medcoll.com.br\/en\/wp-json\/wp\/v2\/comments?post=2085"}],"version-history":[{"count":1,"href":"https:\/\/www.medcoll.com.br\/en\/wp-json\/wp\/v2\/product\/2085\/revisions"}],"predecessor-version":[{"id":2091,"href":"https:\/\/www.medcoll.com.br\/en\/wp-json\/wp\/v2\/product\/2085\/revisions\/2091"}],"wp:featuredmedia":[{"embeddable":true,"href":"https:\/\/www.medcoll.com.br\/en\/wp-json\/wp\/v2\/media\/2090"}],"wp:attachment":[{"href":"https:\/\/www.medcoll.com.br\/en\/wp-json\/wp\/v2\/media?parent=2085"}],"wp:term":[{"taxonomy":"product_brand","embeddable":true,"href":"https:\/\/www.medcoll.com.br\/en\/wp-json\/wp\/v2\/product_brand?post=2085"},{"taxonomy":"product_cat","embeddable":true,"href":"https:\/\/www.medcoll.com.br\/en\/wp-json\/wp\/v2\/product_cat?post=2085"},{"taxonomy":"product_tag","embeddable":true,"href":"https:\/\/www.medcoll.com.br\/en\/wp-json\/wp\/v2\/product_tag?post=2085"}],"curies":[{"name":"wp","href":"https:\/\/api.w.org\/{rel}","templated":true}]}}