{"id":2096,"date":"2026-02-19T17:49:32","date_gmt":"2026-02-19T20:49:32","guid":{"rendered":"https:\/\/www.medcoll.com.br\/?post_type=product&#038;p=2096"},"modified":"2026-02-19T21:49:03","modified_gmt":"2026-02-20T00:49:03","slug":"sapato-babuche-de-eva-com-solado-antiderrapante-branco-bb60-soft-works","status":"publish","type":"product","link":"https:\/\/www.medcoll.com.br\/en\/product\/sapato-babuche-de-eva-com-solado-antiderrapante-branco-bb60-soft-works\/","title":{"rendered":"Sapato Babuche de EVA com Solado Antiderrapante Branco BB60 &#8211; Soft Works"},"content":{"rendered":"<p><strong>Sapato Babuche de EVA com Solado Antiderrapante Branco BB60 &#8211; Soft Works<\/strong>, a escolha perfeita para quem busca uma combina\u00e7\u00e3o de estilo e seguran\u00e7a. Este cal\u00e7ado foi projetado pensando nas necessidades dos profissionais que valorizam tanto a prote\u00e7\u00e3o quanto o conforto em suas atividades di\u00e1rias.<\/p>\n<ul>\n<li style=\"list-style-type: none;\">\n<ul>\n<li><strong>CA:<\/strong>\u00a027921<\/li>\n<li><strong>Material:<\/strong> EVA de alta qualidade<\/li>\n<li><strong>Cor:<\/strong> Branco<\/li>\n<li><strong>Solado:<\/strong> Antiderrapante<\/li>\n<li><strong>Modelo:<\/strong> BB60<\/li>\n<li><strong>Marca:<\/strong>\u00a0Soft Works<\/li>\n<\/ul>\n<\/li>\n<\/ul>\n<ul>\n<li style=\"list-style-type: none;\"><\/li>\n<\/ul>\n<h2>Caracter\u00edsticas e Benef\u00edcios<\/h2>\n<p>&nbsp;<\/p>\n<p>Este babuche, confeccionado em EVA, destaca-se pelo seu design moderno na cor Branco, oferecendo uma est\u00e9tica sofisticada sem comprometer a seguran\u00e7a. O solado antiderrapante garante estabilidade em diferentes superf\u00edcies, enquanto o material em EVA proporciona leveza e conforto durante o uso prolongado. Al\u00e9m disso, sua estrutura foi pensada para facilitar a higieniza\u00e7\u00e3o, tornando-o ideal para ambientes que exigem cuidados com a limpeza.<\/p>\n<p>&nbsp;<\/p>\n<h2>Vantagens<\/h2>\n<p>&nbsp;<\/p>\n<p>Al\u00e9m de seu visual atraente, o Babuche Branco BB60 da Soft Works oferece diversas vantagens, como resist\u00eancia a deslizamentos, durabilidade e facilidade de manuten\u00e7\u00e3o. Sua versatilidade o torna adequado para diversos setores, desde a \u00e1rea da sa\u00fade at\u00e9 ambientes industriais. A reutiliza\u00e7\u00e3o e a longa vida \u00fatil do produto tamb\u00e9m representam uma economia significativa para os usu\u00e1rios.<\/p>\n<p>&nbsp;<\/p>\n<p>O Certificado de Aprova\u00e7\u00e3o (CA) 27921 refor\u00e7a o compromisso da Soft Works com a qualidade e seguran\u00e7a de seus produtos, garantindo que este babuche atenda aos mais altos padr\u00f5es de prote\u00e7\u00e3o.<\/p>","protected":false},"excerpt":{"rendered":"<p><strong>Sapato Babuche de EVA com Solado Antiderrapante Branco BB60 &#8211; Soft Works<\/strong>, a escolha perfeita para quem busca uma combina\u00e7\u00e3o de estilo e seguran\u00e7a. Este cal\u00e7ado foi projetado pensando nas necessidades dos profissionais que valorizam tanto a prote\u00e7\u00e3o quanto o conforto em suas atividades di\u00e1rias.<\/p>","protected":false},"featured_media":2101,"comment_status":"open","ping_status":"closed","template":"","meta":{"site-sidebar-layout":"default","site-content-layout":"","ast-site-content-layout":"default","site-content-style":"default","site-sidebar-style":"default","ast-global-header-display":"","ast-banner-title-visibility":"","ast-main-header-display":"","ast-hfb-above-header-display":"","ast-hfb-below-header-display":"","ast-hfb-mobile-header-display":"","site-post-title":"","ast-breadcrumbs-content":"","ast-featured-img":"","footer-sml-layout":"","ast-disable-related-posts":"","theme-transparent-header-meta":"default","adv-header-id-meta":"","stick-header-meta":"","header-above-stick-meta":"","header-main-stick-meta":"","header-below-stick-meta":"","astra-migrate-meta-layouts":"set","ast-page-background-enabled":"default","ast-page-background-meta":{"desktop":{"background-color":"var(--ast-global-color-4)","background-image":"","background-repeat":"repeat","background-position":"center center","background-size":"auto","background-attachment":"scroll","background-type":"","background-media":"","overlay-type":"","overlay-color":"","overlay-opacity":"","overlay-gradient":""},"tablet":{"background-color":"","background-image":"","background-repeat":"repeat","background-position":"center center","background-size":"auto","background-attachment":"scroll","background-type":"","background-media":"","overlay-type":"","overlay-color":"","overlay-opacity":"","overlay-gradient":""},"mobile":{"background-color":"","background-image":"","background-repeat":"repeat","background-position":"center center","background-size":"auto","background-attachment":"scroll","background-type":"","background-media":"","overlay-type":"","overlay-color":"","overlay-opacity":"","overlay-gradient":""}},"ast-content-background-meta":{"desktop":{"background-color":"var(--ast-global-color-5)","background-image":"","background-repeat":"repeat","background-position":"center center","background-size":"auto","background-attachment":"scroll","background-type":"","background-media":"","overlay-type":"","overlay-color":"","overlay-opacity":"","overlay-gradient":""},"tablet":{"background-color":"var(--ast-global-color-5)","background-image":"","background-repeat":"repeat","background-position":"center center","background-size":"auto","background-attachment":"scroll","background-type":"","background-media":"","overlay-type":"","overlay-color":"","overlay-opacity":"","overlay-gradient":""},"mobile":{"background-color":"var(--ast-global-color-5)","background-image":"","background-repeat":"repeat","background-position":"center center","background-size":"auto","background-attachment":"scroll","background-type":"","background-media":"","overlay-type":"","overlay-color":"","overlay-opacity":"","overlay-gradient":""}}},"product_brand":[],"product_cat":[182],"product_tag":[],"class_list":{"0":"post-2096","1":"product","2":"type-product","3":"status-publish","4":"has-post-thumbnail","6":"product_cat-calcados","7":"desktop-align-left","8":"tablet-align-left","9":"mobile-align-left","11":"first","12":"instock","13":"taxable","14":"shipping-taxable","15":"product-type-simple"},"_links":{"self":[{"href":"https:\/\/www.medcoll.com.br\/en\/wp-json\/wp\/v2\/product\/2096","targetHints":{"allow":["GET"]}}],"collection":[{"href":"https:\/\/www.medcoll.com.br\/en\/wp-json\/wp\/v2\/product"}],"about":[{"href":"https:\/\/www.medcoll.com.br\/en\/wp-json\/wp\/v2\/types\/product"}],"replies":[{"embeddable":true,"href":"https:\/\/www.medcoll.com.br\/en\/wp-json\/wp\/v2\/comments?post=2096"}],"version-history":[{"count":1,"href":"https:\/\/www.medcoll.com.br\/en\/wp-json\/wp\/v2\/product\/2096\/revisions"}],"predecessor-version":[{"id":2102,"href":"https:\/\/www.medcoll.com.br\/en\/wp-json\/wp\/v2\/product\/2096\/revisions\/2102"}],"wp:featuredmedia":[{"embeddable":true,"href":"https:\/\/www.medcoll.com.br\/en\/wp-json\/wp\/v2\/media\/2101"}],"wp:attachment":[{"href":"https:\/\/www.medcoll.com.br\/en\/wp-json\/wp\/v2\/media?parent=2096"}],"wp:term":[{"taxonomy":"product_brand","embeddable":true,"href":"https:\/\/www.medcoll.com.br\/en\/wp-json\/wp\/v2\/product_brand?post=2096"},{"taxonomy":"product_cat","embeddable":true,"href":"https:\/\/www.medcoll.com.br\/en\/wp-json\/wp\/v2\/product_cat?post=2096"},{"taxonomy":"product_tag","embeddable":true,"href":"https:\/\/www.medcoll.com.br\/en\/wp-json\/wp\/v2\/product_tag?post=2096"}],"curies":[{"name":"wp","href":"https:\/\/api.w.org\/{rel}","templated":true}]}}