{"id":2103,"date":"2026-02-19T17:53:43","date_gmt":"2026-02-19T20:53:43","guid":{"rendered":"https:\/\/www.medcoll.com.br\/?post_type=product&#038;p=2103"},"modified":"2026-02-19T21:48:07","modified_gmt":"2026-02-20T00:48:07","slug":"sapato-de-eva-com-solado-antiderrapante-branco-bb65-soft-works-ca-31898","status":"publish","type":"product","link":"https:\/\/www.medcoll.com.br\/en\/product\/sapato-de-eva-com-solado-antiderrapante-branco-bb65-soft-works-ca-31898\/","title":{"rendered":"Sapato de EVA com Solado Antiderrapante Branco BB65 &#8211; Soft Works | CA &#8211; 31898"},"content":{"rendered":"<h2 dir=\"ltr\">Um equipamento com caracter\u00edsticas de qualidade<\/h2>\n<p>&nbsp;<\/p>\n<p dir=\"ltr\">O Cabedal do Soft Works \u00e9 confeccionado em EVA (Etil Vinil Acetato), um material super leve, que permite extremo conforto e alta absor\u00e7\u00e3o de impacto. \u00c9 um modelo fechado na parte superior e no calcanhar, o que garante seguran\u00e7a aos p\u00e9s, al\u00e9m de possuir solado antiderrapante, palmilha tamb\u00e9m em EVA e contar com agente antimicrobiano que atenua o odor nos p\u00e9s.<\/p>\n<h2 dir=\"ltr\">Onde usar o Sapato BB65 Soft Works?<\/h2>\n<p>&nbsp;<\/p>\n<p dir=\"ltr\">Devido \u00e0s suas caracter\u00edsticas, o sapato est\u00e1 de acordo com a Norma Regulamentadora NR-32, referente \u00e0 Seguran\u00e7a e sa\u00fade no trabalho em Servi\u00e7os de Sa\u00fade, atestando, assim, sua aplica\u00e7\u00e3o nos seguintes ambientes de trabalho:<\/p>\n<p dir=\"ltr\">&#8211; Restaurantes;<\/p>\n<p dir=\"ltr\">&#8211; Cl\u00ednicas;<\/p>\n<p dir=\"ltr\">&#8211; Laborat\u00f3rios;<\/p>\n<p dir=\"ltr\">&#8211; Servi\u00e7os de Limpezas;<\/p>\n<p dir=\"ltr\">&#8211; Hot\u00e9is;<\/p>\n<p dir=\"ltr\">&#8211; Hospitais.<\/p>\n<h2 dir=\"ltr\">Qual prote\u00e7\u00e3o o Sapato BB65 oferece?<\/h2>\n<p>&nbsp;<\/p>\n<p dir=\"ltr\">O Certificado de Aprova\u00e7\u00e3o 31898 esclarece que o equipamento \u00e9 para proteger os p\u00e9s do usu\u00e1rio contra riscos de natureza leve, contra agentes abrasivos e escoriantes e contra umidade proveniente de opera\u00e7\u00f5es com uso de \u00e1gua.<\/p>\n<p>Este CA aponta tamb\u00e9m que o item \u00e9 resistente ao escorregamento em piso de cer\u00e2mica contaminado com lauril sulfato de s\u00f3dio (detergente), piso de a\u00e7o contaminado com glicerol (SRC) e ao \u00f3leo combust\u00edvel (FO).<\/p>","protected":false},"excerpt":{"rendered":"<p>O Cabedal do Soft Works \u00e9 confeccionado em EVA (Etil Vinil Acetato), um material super leve, que permite extremo conforto e alta absor\u00e7\u00e3o de impacto. \u00c9 um modelo fechado na parte superior e no calcanhar, o que garante seguran\u00e7a aos p\u00e9s, al\u00e9m de possuir solado antiderrapante, palmilha tamb\u00e9m em EVA e contar com agente antimicrobiano que atenua o odor nos p\u00e9s.<\/p>","protected":false},"featured_media":2104,"comment_status":"open","ping_status":"closed","template":"","meta":{"site-sidebar-layout":"default","site-content-layout":"","ast-site-content-layout":"default","site-content-style":"default","site-sidebar-style":"default","ast-global-header-display":"","ast-banner-title-visibility":"","ast-main-header-display":"","ast-hfb-above-header-display":"","ast-hfb-below-header-display":"","ast-hfb-mobile-header-display":"","site-post-title":"","ast-breadcrumbs-content":"","ast-featured-img":"","footer-sml-layout":"","ast-disable-related-posts":"","theme-transparent-header-meta":"default","adv-header-id-meta":"","stick-header-meta":"","header-above-stick-meta":"","header-main-stick-meta":"","header-below-stick-meta":"","astra-migrate-meta-layouts":"set","ast-page-background-enabled":"default","ast-page-background-meta":{"desktop":{"background-color":"var(--ast-global-color-4)","background-image":"","background-repeat":"repeat","background-position":"center center","background-size":"auto","background-attachment":"scroll","background-type":"","background-media":"","overlay-type":"","overlay-color":"","overlay-opacity":"","overlay-gradient":""},"tablet":{"background-color":"","background-image":"","background-repeat":"repeat","background-position":"center center","background-size":"auto","background-attachment":"scroll","background-type":"","background-media":"","overlay-type":"","overlay-color":"","overlay-opacity":"","overlay-gradient":""},"mobile":{"background-color":"","background-image":"","background-repeat":"repeat","background-position":"center center","background-size":"auto","background-attachment":"scroll","background-type":"","background-media":"","overlay-type":"","overlay-color":"","overlay-opacity":"","overlay-gradient":""}},"ast-content-background-meta":{"desktop":{"background-color":"var(--ast-global-color-5)","background-image":"","background-repeat":"repeat","background-position":"center center","background-size":"auto","background-attachment":"scroll","background-type":"","background-media":"","overlay-type":"","overlay-color":"","overlay-opacity":"","overlay-gradient":""},"tablet":{"background-color":"var(--ast-global-color-5)","background-image":"","background-repeat":"repeat","background-position":"center center","background-size":"auto","background-attachment":"scroll","background-type":"","background-media":"","overlay-type":"","overlay-color":"","overlay-opacity":"","overlay-gradient":""},"mobile":{"background-color":"var(--ast-global-color-5)","background-image":"","background-repeat":"repeat","background-position":"center center","background-size":"auto","background-attachment":"scroll","background-type":"","background-media":"","overlay-type":"","overlay-color":"","overlay-opacity":"","overlay-gradient":""}}},"product_brand":[],"product_cat":[182],"product_tag":[],"class_list":{"0":"post-2103","1":"product","2":"type-product","3":"status-publish","4":"has-post-thumbnail","6":"product_cat-calcados","7":"desktop-align-left","8":"tablet-align-left","9":"mobile-align-left","11":"first","12":"instock","13":"taxable","14":"shipping-taxable","15":"product-type-simple"},"_links":{"self":[{"href":"https:\/\/www.medcoll.com.br\/en\/wp-json\/wp\/v2\/product\/2103","targetHints":{"allow":["GET"]}}],"collection":[{"href":"https:\/\/www.medcoll.com.br\/en\/wp-json\/wp\/v2\/product"}],"about":[{"href":"https:\/\/www.medcoll.com.br\/en\/wp-json\/wp\/v2\/types\/product"}],"replies":[{"embeddable":true,"href":"https:\/\/www.medcoll.com.br\/en\/wp-json\/wp\/v2\/comments?post=2103"}],"version-history":[{"count":1,"href":"https:\/\/www.medcoll.com.br\/en\/wp-json\/wp\/v2\/product\/2103\/revisions"}],"predecessor-version":[{"id":2105,"href":"https:\/\/www.medcoll.com.br\/en\/wp-json\/wp\/v2\/product\/2103\/revisions\/2105"}],"wp:featuredmedia":[{"embeddable":true,"href":"https:\/\/www.medcoll.com.br\/en\/wp-json\/wp\/v2\/media\/2104"}],"wp:attachment":[{"href":"https:\/\/www.medcoll.com.br\/en\/wp-json\/wp\/v2\/media?parent=2103"}],"wp:term":[{"taxonomy":"product_brand","embeddable":true,"href":"https:\/\/www.medcoll.com.br\/en\/wp-json\/wp\/v2\/product_brand?post=2103"},{"taxonomy":"product_cat","embeddable":true,"href":"https:\/\/www.medcoll.com.br\/en\/wp-json\/wp\/v2\/product_cat?post=2103"},{"taxonomy":"product_tag","embeddable":true,"href":"https:\/\/www.medcoll.com.br\/en\/wp-json\/wp\/v2\/product_tag?post=2103"}],"curies":[{"name":"wp","href":"https:\/\/api.w.org\/{rel}","templated":true}]}}