{"id":2106,"date":"2026-02-19T18:01:52","date_gmt":"2026-02-19T21:01:52","guid":{"rendered":"https:\/\/www.medcoll.com.br\/?post_type=product&#038;p=2106"},"modified":"2026-02-19T21:43:06","modified_gmt":"2026-02-20T00:43:06","slug":"tenis-de-eva-com-solado-antiderrapante-branco-bb80-soft-works-ca-37212","status":"publish","type":"product","link":"https:\/\/www.medcoll.com.br\/en\/product\/tenis-de-eva-com-solado-antiderrapante-branco-bb80-soft-works-ca-37212\/","title":{"rendered":"T\u00eanis de EVA com Solado Antiderrapante Branco BB80 &#8211; Soft Works | CA &#8211; 37212"},"content":{"rendered":"<p dir=\"ltr\">Sapato T\u00eanis Soft Works BB80 Para \u00c1rea Hospitalar, Cozinha, Hospitais, Cl\u00ednicas, Laborat\u00f3rios, Restaurantes E Supermercados, Com Faixas Claras CA 37212<\/p>\n<p>&nbsp;<\/p>\n<p dir=\"ltr\">Antes de tudo, lembre-se que a escolha errada do cal\u00e7ado pode acarretar em colocar o trabalhador em risco direto. Por isso, atente-se \u00e0s especificidades deste equipamento:<\/p>\n<p dir=\"ltr\">&#8211; Cabedal confeccionado em EVA (Etil Vinil Acetato);<\/p>\n<p dir=\"ltr\">&#8211; Cor branca;<\/p>\n<p dir=\"ltr\">&#8211; Modelo totalmente fechado;<\/p>\n<p dir=\"ltr\">&#8211; Palmilha em EVA com tecido na parte superior;<\/p>\n<p dir=\"ltr\">&#8211; Cont\u00e9m antimicrobiano que atenua o odor nos p\u00e9s;<\/p>\n<p dir=\"ltr\">&#8211; Atende \u00e0s exig\u00eancias da NR-32;<\/p>\n<p dir=\"ltr\">&#8211; Solado de Borracha com \u00f3tima capacidade antiderrapante;<\/p>\n<p dir=\"ltr\">&#8211; Prote\u00e7\u00e3o contra umidade proveniente do trabalho com \u00e1gua;<\/p>\n<p dir=\"ltr\">&#8211; Prote\u00e7\u00e3o contra riscos de natureza leve;<\/p>\n<p dir=\"ltr\">&#8211; Prote\u00e7\u00e3o contra agentes abrasivos e escoriantes;<\/p>\n<p dir=\"ltr\">&#8211; Resist\u00eancia ao escorregamento em piso de cer\u00e2mica contaminado com lauril sulfato de s\u00f3dio (detergente) e piso de a\u00e7o contaminado com glicerol (SRC);<\/p>\n<p dir=\"ltr\">&#8211; Resistente ao \u00f3leo combust\u00edvel (FO).<\/p>\n<p dir=\"ltr\">Considere todas essas informa\u00e7\u00f5es para que a escolha seja feita de maneira respons\u00e1vel!<\/p>\n<p>&nbsp;<\/p>\n<h2 dir=\"ltr\">Cuidados com o equipamento em EVA:<\/h2>\n<p>&nbsp;<\/p>\n<p dir=\"ltr\">Para preservar o\u00a0<a href=\"https:\/\/www.astrodistribuidora.com\/calcados-de-seguranca\/tenis-de-seguranca\">cal\u00e7ado de EVA<\/a>, \u00e9 necess\u00e1rio seguir alguns cuidados:<\/p>\n<p dir=\"ltr\">&#8211; Antes de limpar, remova o p\u00f3 e as sujidades menos impregnadas com a ajuda de uma escova com cerdas macias;<\/p>\n<p dir=\"ltr\">&#8211; Para fazer a limpeza utilize \u00e1gua, escova macia e sab\u00e3o ou detergente neutro;<\/p>\n<p dir=\"ltr\">&#8211; Depois de lavar, deixe secar em temperatura ambiente, preferivelmente em um \u00e1rea interna ou em um local com sombra.<\/p>\n<p dir=\"ltr\">&#8211; Mantenha a palmilha seca e limpa;<\/p>\n<p dir=\"ltr\">&#8211; Evite a utiliza\u00e7\u00e3o do cal\u00e7ado, caso ele esteja com seu interior \u00famido.<\/p>","protected":false},"excerpt":{"rendered":"<p>Sapato T\u00eanis Soft Works BB80 Para \u00c1rea Hospitalar, Cozinha, Hospitais, Cl\u00ednicas, Laborat\u00f3rios, Restaurantes E Supermercados, Com Faixas Claras CA 37212<\/p>","protected":false},"featured_media":2109,"comment_status":"open","ping_status":"closed","template":"","meta":{"site-sidebar-layout":"default","site-content-layout":"","ast-site-content-layout":"default","site-content-style":"default","site-sidebar-style":"default","ast-global-header-display":"","ast-banner-title-visibility":"","ast-main-header-display":"","ast-hfb-above-header-display":"","ast-hfb-below-header-display":"","ast-hfb-mobile-header-display":"","site-post-title":"","ast-breadcrumbs-content":"","ast-featured-img":"","footer-sml-layout":"","ast-disable-related-posts":"","theme-transparent-header-meta":"default","adv-header-id-meta":"","stick-header-meta":"","header-above-stick-meta":"","header-main-stick-meta":"","header-below-stick-meta":"","astra-migrate-meta-layouts":"set","ast-page-background-enabled":"default","ast-page-background-meta":{"desktop":{"background-color":"var(--ast-global-color-4)","background-image":"","background-repeat":"repeat","background-position":"center center","background-size":"auto","background-attachment":"scroll","background-type":"","background-media":"","overlay-type":"","overlay-color":"","overlay-opacity":"","overlay-gradient":""},"tablet":{"background-color":"","background-image":"","background-repeat":"repeat","background-position":"center center","background-size":"auto","background-attachment":"scroll","background-type":"","background-media":"","overlay-type":"","overlay-color":"","overlay-opacity":"","overlay-gradient":""},"mobile":{"background-color":"","background-image":"","background-repeat":"repeat","background-position":"center center","background-size":"auto","background-attachment":"scroll","background-type":"","background-media":"","overlay-type":"","overlay-color":"","overlay-opacity":"","overlay-gradient":""}},"ast-content-background-meta":{"desktop":{"background-color":"var(--ast-global-color-5)","background-image":"","background-repeat":"repeat","background-position":"center center","background-size":"auto","background-attachment":"scroll","background-type":"","background-media":"","overlay-type":"","overlay-color":"","overlay-opacity":"","overlay-gradient":""},"tablet":{"background-color":"var(--ast-global-color-5)","background-image":"","background-repeat":"repeat","background-position":"center center","background-size":"auto","background-attachment":"scroll","background-type":"","background-media":"","overlay-type":"","overlay-color":"","overlay-opacity":"","overlay-gradient":""},"mobile":{"background-color":"var(--ast-global-color-5)","background-image":"","background-repeat":"repeat","background-position":"center center","background-size":"auto","background-attachment":"scroll","background-type":"","background-media":"","overlay-type":"","overlay-color":"","overlay-opacity":"","overlay-gradient":""}}},"product_brand":[],"product_cat":[182],"product_tag":[],"class_list":{"0":"post-2106","1":"product","2":"type-product","3":"status-publish","4":"has-post-thumbnail","6":"product_cat-calcados","7":"desktop-align-left","8":"tablet-align-left","9":"mobile-align-left","11":"first","12":"instock","13":"taxable","14":"shipping-taxable","15":"product-type-simple"},"_links":{"self":[{"href":"https:\/\/www.medcoll.com.br\/en\/wp-json\/wp\/v2\/product\/2106","targetHints":{"allow":["GET"]}}],"collection":[{"href":"https:\/\/www.medcoll.com.br\/en\/wp-json\/wp\/v2\/product"}],"about":[{"href":"https:\/\/www.medcoll.com.br\/en\/wp-json\/wp\/v2\/types\/product"}],"replies":[{"embeddable":true,"href":"https:\/\/www.medcoll.com.br\/en\/wp-json\/wp\/v2\/comments?post=2106"}],"version-history":[{"count":1,"href":"https:\/\/www.medcoll.com.br\/en\/wp-json\/wp\/v2\/product\/2106\/revisions"}],"predecessor-version":[{"id":2110,"href":"https:\/\/www.medcoll.com.br\/en\/wp-json\/wp\/v2\/product\/2106\/revisions\/2110"}],"wp:featuredmedia":[{"embeddable":true,"href":"https:\/\/www.medcoll.com.br\/en\/wp-json\/wp\/v2\/media\/2109"}],"wp:attachment":[{"href":"https:\/\/www.medcoll.com.br\/en\/wp-json\/wp\/v2\/media?parent=2106"}],"wp:term":[{"taxonomy":"product_brand","embeddable":true,"href":"https:\/\/www.medcoll.com.br\/en\/wp-json\/wp\/v2\/product_brand?post=2106"},{"taxonomy":"product_cat","embeddable":true,"href":"https:\/\/www.medcoll.com.br\/en\/wp-json\/wp\/v2\/product_cat?post=2106"},{"taxonomy":"product_tag","embeddable":true,"href":"https:\/\/www.medcoll.com.br\/en\/wp-json\/wp\/v2\/product_tag?post=2106"}],"curies":[{"name":"wp","href":"https:\/\/api.w.org\/{rel}","templated":true}]}}