{"id":2150,"date":"2026-02-21T20:37:39","date_gmt":"2026-02-21T23:37:39","guid":{"rendered":"https:\/\/www.medcoll.com.br\/?post_type=product&#038;p=2150"},"modified":"2026-02-21T20:37:39","modified_gmt":"2026-02-21T23:37:39","slug":"cinta-modeladora-standard","status":"publish","type":"product","link":"https:\/\/www.medcoll.com.br\/en\/product\/cinta-modeladora-standard\/","title":{"rendered":"Cinta Modeladora Standard"},"content":{"rendered":"<p><strong>Caracter\u00edsticas:<\/strong><br \/>\n&#8211; Reduz Medidas Instantaneamente;<br \/>\n&#8211; Afina a cintura valorizando a Silhueta;<br \/>\n&#8211; Estimula o Aquecimento na Regi\u00e3o Abdominal e colabora com a queima de gordura;<br \/>\n&#8211; Efeito Invis\u00edvel: pode ser usada por baixo da roupa, sem ser notada.;<br \/>\n&#8211; Modela o tecido adiposo;<br \/>\n&#8211; Auxilia na Corre\u00e7\u00e3o da Postura;<br \/>\n&#8211; Ajuda a Aliviar Dores Lombares.<\/p>\n<p>Abra as abas do el\u00e1stico externo e as abas da cinta. Posicione-a na regi\u00e3o lombar e puxe suas abas e feche-as em torno do abd\u00f4men. Caso ache necess\u00e1rio, use o el\u00e1stico externo a fim de garantir maior compress\u00e3o.<\/p>\n<p>80% borracha de policloropreno, 10% el\u00e1stico, 8% nylon e 2% PVC.<\/p>\n<p>O produto n\u00e3o apresenta contraindica\u00e7\u00e3o, desde que sejam respeitadas as instru\u00e7\u00f5es de utiliza\u00e7\u00e3o e finalidade ao qual se destina. Consulte um especialista. N\u00e3o utilize sobre a pele lesionada, ferida, al\u00e9rgica e durante o sono. Caso ocorra alguma irrita\u00e7\u00e3o, suspenda imediatamente o uso e contate um m\u00e9dico.<\/p>\n<p>Lavar somente \u00e0 m\u00e3o; N\u00e3o usar alvejante \u00e0 base de cloro; N\u00e3o secar em tambor rotativo; Secagem \u00e0 sombra; N\u00e3o passar; N\u00e3o lavar a seco.<\/p>\n<p>3 (tr\u00eas) meses ap\u00f3s a compra, com a apresenta\u00e7\u00e3o da nota fiscal de venda no local em que foi adquirido, excluindo-se casos de uso inadequado do produto.<\/p>","protected":false},"excerpt":{"rendered":"<p>&#8211; Reduz Medidas Instantaneamente;<br \/>\n&#8211; Afina a cintura valorizando a Silhueta;<br \/>\n&#8211; Estimula o Aquecimento na Regi\u00e3o Abdominal e colabora com a queima de gordura;<br \/>\n&#8211; Efeito Invis\u00edvel: pode ser usada por baixo da roupa, sem ser notada.;<br \/>\n&#8211; Modela o tecido adiposo;<br \/>\n&#8211; Auxilia na Corre\u00e7\u00e3o da Postura;<br \/>\n&#8211; Ajuda a Aliviar Dores Lombares.<\/p>","protected":false},"featured_media":2153,"comment_status":"open","ping_status":"closed","template":"","meta":{"site-sidebar-layout":"default","site-content-layout":"","ast-site-content-layout":"default","site-content-style":"default","site-sidebar-style":"default","ast-global-header-display":"","ast-banner-title-visibility":"","ast-main-header-display":"","ast-hfb-above-header-display":"","ast-hfb-below-header-display":"","ast-hfb-mobile-header-display":"","site-post-title":"","ast-breadcrumbs-content":"","ast-featured-img":"","footer-sml-layout":"","ast-disable-related-posts":"","theme-transparent-header-meta":"default","adv-header-id-meta":"","stick-header-meta":"","header-above-stick-meta":"","header-main-stick-meta":"","header-below-stick-meta":"","astra-migrate-meta-layouts":"set","ast-page-background-enabled":"default","ast-page-background-meta":{"desktop":{"background-color":"var(--ast-global-color-4)","background-image":"","background-repeat":"repeat","background-position":"center center","background-size":"auto","background-attachment":"scroll","background-type":"","background-media":"","overlay-type":"","overlay-color":"","overlay-opacity":"","overlay-gradient":""},"tablet":{"background-color":"","background-image":"","background-repeat":"repeat","background-position":"center center","background-size":"auto","background-attachment":"scroll","background-type":"","background-media":"","overlay-type":"","overlay-color":"","overlay-opacity":"","overlay-gradient":""},"mobile":{"background-color":"","background-image":"","background-repeat":"repeat","background-position":"center center","background-size":"auto","background-attachment":"scroll","background-type":"","background-media":"","overlay-type":"","overlay-color":"","overlay-opacity":"","overlay-gradient":""}},"ast-content-background-meta":{"desktop":{"background-color":"var(--ast-global-color-5)","background-image":"","background-repeat":"repeat","background-position":"center center","background-size":"auto","background-attachment":"scroll","background-type":"","background-media":"","overlay-type":"","overlay-color":"","overlay-opacity":"","overlay-gradient":""},"tablet":{"background-color":"var(--ast-global-color-5)","background-image":"","background-repeat":"repeat","background-position":"center center","background-size":"auto","background-attachment":"scroll","background-type":"","background-media":"","overlay-type":"","overlay-color":"","overlay-opacity":"","overlay-gradient":""},"mobile":{"background-color":"var(--ast-global-color-5)","background-image":"","background-repeat":"repeat","background-position":"center center","background-size":"auto","background-attachment":"scroll","background-type":"","background-media":"","overlay-type":"","overlay-color":"","overlay-opacity":"","overlay-gradient":""}}},"product_brand":[],"product_cat":[151],"product_tag":[],"class_list":{"0":"post-2150","1":"product","2":"type-product","3":"status-publish","4":"has-post-thumbnail","6":"product_cat-torax-lombar","7":"desktop-align-left","8":"tablet-align-left","9":"mobile-align-left","11":"first","12":"instock","13":"taxable","14":"shipping-taxable","15":"product-type-simple"},"_links":{"self":[{"href":"https:\/\/www.medcoll.com.br\/en\/wp-json\/wp\/v2\/product\/2150","targetHints":{"allow":["GET"]}}],"collection":[{"href":"https:\/\/www.medcoll.com.br\/en\/wp-json\/wp\/v2\/product"}],"about":[{"href":"https:\/\/www.medcoll.com.br\/en\/wp-json\/wp\/v2\/types\/product"}],"replies":[{"embeddable":true,"href":"https:\/\/www.medcoll.com.br\/en\/wp-json\/wp\/v2\/comments?post=2150"}],"version-history":[{"count":1,"href":"https:\/\/www.medcoll.com.br\/en\/wp-json\/wp\/v2\/product\/2150\/revisions"}],"predecessor-version":[{"id":2156,"href":"https:\/\/www.medcoll.com.br\/en\/wp-json\/wp\/v2\/product\/2150\/revisions\/2156"}],"wp:featuredmedia":[{"embeddable":true,"href":"https:\/\/www.medcoll.com.br\/en\/wp-json\/wp\/v2\/media\/2153"}],"wp:attachment":[{"href":"https:\/\/www.medcoll.com.br\/en\/wp-json\/wp\/v2\/media?parent=2150"}],"wp:term":[{"taxonomy":"product_brand","embeddable":true,"href":"https:\/\/www.medcoll.com.br\/en\/wp-json\/wp\/v2\/product_brand?post=2150"},{"taxonomy":"product_cat","embeddable":true,"href":"https:\/\/www.medcoll.com.br\/en\/wp-json\/wp\/v2\/product_cat?post=2150"},{"taxonomy":"product_tag","embeddable":true,"href":"https:\/\/www.medcoll.com.br\/en\/wp-json\/wp\/v2\/product_tag?post=2150"}],"curies":[{"name":"wp","href":"https:\/\/api.w.org\/{rel}","templated":true}]}}