{"id":2157,"date":"2026-02-21T21:15:33","date_gmt":"2026-02-22T00:15:33","guid":{"rendered":"https:\/\/www.medcoll.com.br\/?post_type=product&#038;p=2157"},"modified":"2026-03-01T16:16:43","modified_gmt":"2026-03-01T19:16:43","slug":"travesseiro-contra-ronco","status":"publish","type":"product","link":"https:\/\/www.medcoll.com.br\/en\/product\/travesseiro-contra-ronco\/","title":{"rendered":"Travesseiro Contra Ronco"},"content":{"rendered":"<p>Desenvolvido e fabricado no R.S. desde 2001, recomendado por especialistas.<\/p>\n<p>O travesseiro Biologic Contra Ronco inibe a &#8220;posi\u00e7\u00e3o barriga para cima&#8221; e mant\u00e9m a boca mais fechada quando se dorme de lado.<\/p>\n<p>\u00c9 estimado que o ronco afete mais de 40% dos homens e mais de 25% das mulheres. No entanto, algumas simples mudan\u00e7as podem melhorar essa adversidade.<\/p>\n<p>A posi\u00e7\u00e3o correta ou mais confort\u00e1vel \u00e9 aquela que alinha o corpo e o pesco\u00e7o, mantendo na mesmo linha horizontal do resto do corpo ou com as costas apoiadas no colch\u00e3o. Quando voc\u00ea dorme de barriga para cima a l\u00edngua e o palato mole s\u00e3o empurrados contra a garganta, isso leva a uma maior press\u00e3o sobre as vias respirat\u00f3rias, o que pode causar o\u00a0<strong>ronco<\/strong>.<\/p>\n<p>Com o Travesseiro Biologic Contra Ronco \u00e9 o\u00a0fim da guerra noturna: noites de paz para voc\u00ea e para quem dorme ao seu lado.<\/p>\n<p>&#8211; Cont\u00e9m cilindros internos;<\/p>\n<p>&#8211; Sistema anti-press\u00e3o<\/p>\n<p>&nbsp;<\/p>","protected":false},"excerpt":{"rendered":"<p>Desenvolvido e fabricado no R.S. desde 2001, recomendado por especialistas. O travesseiro Biologic Contra Ronco inibe a &#8220;posi\u00e7\u00e3o barriga para cima&#8221; e mant\u00e9m a boca mais fechada quando se dorme de lado. \u00c9 estimado que o ronco afete mais de 40% dos homens e mais de 25% das mulheres. No entanto, algumas simples mudan\u00e7as podem [&hellip;]<\/p>\n","protected":false},"featured_media":2161,"comment_status":"open","ping_status":"closed","template":"","meta":{"site-sidebar-layout":"default","site-content-layout":"","ast-site-content-layout":"default","site-content-style":"default","site-sidebar-style":"default","ast-global-header-display":"","ast-banner-title-visibility":"","ast-main-header-display":"","ast-hfb-above-header-display":"","ast-hfb-below-header-display":"","ast-hfb-mobile-header-display":"","site-post-title":"","ast-breadcrumbs-content":"","ast-featured-img":"","footer-sml-layout":"","ast-disable-related-posts":"","theme-transparent-header-meta":"default","adv-header-id-meta":"","stick-header-meta":"","header-above-stick-meta":"","header-main-stick-meta":"","header-below-stick-meta":"","astra-migrate-meta-layouts":"set","ast-page-background-enabled":"default","ast-page-background-meta":{"desktop":{"background-color":"var(--ast-global-color-4)","background-image":"","background-repeat":"repeat","background-position":"center center","background-size":"auto","background-attachment":"scroll","background-type":"","background-media":"","overlay-type":"","overlay-color":"","overlay-opacity":"","overlay-gradient":""},"tablet":{"background-color":"","background-image":"","background-repeat":"repeat","background-position":"center center","background-size":"auto","background-attachment":"scroll","background-type":"","background-media":"","overlay-type":"","overlay-color":"","overlay-opacity":"","overlay-gradient":""},"mobile":{"background-color":"","background-image":"","background-repeat":"repeat","background-position":"center center","background-size":"auto","background-attachment":"scroll","background-type":"","background-media":"","overlay-type":"","overlay-color":"","overlay-opacity":"","overlay-gradient":""}},"ast-content-background-meta":{"desktop":{"background-color":"var(--ast-global-color-5)","background-image":"","background-repeat":"repeat","background-position":"center center","background-size":"auto","background-attachment":"scroll","background-type":"","background-media":"","overlay-type":"","overlay-color":"","overlay-opacity":"","overlay-gradient":""},"tablet":{"background-color":"var(--ast-global-color-5)","background-image":"","background-repeat":"repeat","background-position":"center center","background-size":"auto","background-attachment":"scroll","background-type":"","background-media":"","overlay-type":"","overlay-color":"","overlay-opacity":"","overlay-gradient":""},"mobile":{"background-color":"var(--ast-global-color-5)","background-image":"","background-repeat":"repeat","background-position":"center center","background-size":"auto","background-attachment":"scroll","background-type":"","background-media":"","overlay-type":"","overlay-color":"","overlay-opacity":"","overlay-gradient":""}}},"product_brand":[],"product_cat":[17],"product_tag":[],"class_list":{"0":"post-2157","1":"product","2":"type-product","3":"status-publish","4":"has-post-thumbnail","6":"product_cat-home","7":"desktop-align-left","8":"tablet-align-left","9":"mobile-align-left","11":"first","12":"instock","13":"taxable","14":"shipping-taxable","15":"product-type-simple"},"_links":{"self":[{"href":"https:\/\/www.medcoll.com.br\/en\/wp-json\/wp\/v2\/product\/2157","targetHints":{"allow":["GET"]}}],"collection":[{"href":"https:\/\/www.medcoll.com.br\/en\/wp-json\/wp\/v2\/product"}],"about":[{"href":"https:\/\/www.medcoll.com.br\/en\/wp-json\/wp\/v2\/types\/product"}],"replies":[{"embeddable":true,"href":"https:\/\/www.medcoll.com.br\/en\/wp-json\/wp\/v2\/comments?post=2157"}],"version-history":[{"count":1,"href":"https:\/\/www.medcoll.com.br\/en\/wp-json\/wp\/v2\/product\/2157\/revisions"}],"predecessor-version":[{"id":2162,"href":"https:\/\/www.medcoll.com.br\/en\/wp-json\/wp\/v2\/product\/2157\/revisions\/2162"}],"wp:featuredmedia":[{"embeddable":true,"href":"https:\/\/www.medcoll.com.br\/en\/wp-json\/wp\/v2\/media\/2161"}],"wp:attachment":[{"href":"https:\/\/www.medcoll.com.br\/en\/wp-json\/wp\/v2\/media?parent=2157"}],"wp:term":[{"taxonomy":"product_brand","embeddable":true,"href":"https:\/\/www.medcoll.com.br\/en\/wp-json\/wp\/v2\/product_brand?post=2157"},{"taxonomy":"product_cat","embeddable":true,"href":"https:\/\/www.medcoll.com.br\/en\/wp-json\/wp\/v2\/product_cat?post=2157"},{"taxonomy":"product_tag","embeddable":true,"href":"https:\/\/www.medcoll.com.br\/en\/wp-json\/wp\/v2\/product_tag?post=2157"}],"curies":[{"name":"wp","href":"https:\/\/api.w.org\/{rel}","templated":true}]}}