{"id":2185,"date":"2026-02-22T20:30:33","date_gmt":"2026-02-22T23:30:33","guid":{"rendered":"https:\/\/www.medcoll.com.br\/?post_type=product&#038;p=2185"},"modified":"2026-02-22T20:33:01","modified_gmt":"2026-02-22T23:33:01","slug":"scrub-pijama-hospitalar-100-algodao-azul-hospitalar","status":"publish","type":"product","link":"https:\/\/www.medcoll.com.br\/en\/product\/scrub-pijama-hospitalar-100-algodao-azul-hospitalar\/","title":{"rendered":"Scrub Pijama Hospitalar 100% Algod\u00e3o &#8211; Azul Hospitalar"},"content":{"rendered":"<p class=\"selectable-text copyable-text x15bjb6t x1n2onr6\" dir=\"ltr\"><span class=\"selectable-text copyable-text\">O Scrub \u00e9 a solu\u00e7\u00e3o ideal para profissionais que buscam conforto, praticidade e estilo no ambiente de trabalho. Confeccionado com aten\u00e7\u00e3o aos detalhes e funcionalidade, este scrub \u00e9 uma escolha excepcional para quem valoriza um uniforme que atende \u00e0s exig\u00eancias do dia a dia. <\/span><\/p>\n<p class=\"selectable-text copyable-text x15bjb6t x1n2onr6\" dir=\"ltr\"><span class=\"selectable-text copyable-text\">Este scrub conta com dois bolsos frontais estrategicamente posicionados, oferecendo espa\u00e7o para armazenar e acessar os itens essenciais. A cal\u00e7a, equipada com el\u00e1stico e cord\u00e3o ajust\u00e1vel na cintura, garante um ajuste personalizado e confort\u00e1vel, adaptando-se perfeitamente a diferentes tipos de corpo e proporcionando liberdade de movimento. Al\u00e9m de sua praticidade, o scrub \u00e9 confeccionado em tecido 100% algod\u00e3o, podendo ser higienizado em autoclave, garantindo uma limpeza eficaz e a manuten\u00e7\u00e3o de altos padr\u00f5es de higiene. Isso torna o produto ideal para ambientes que requerem constante esteriliza\u00e7\u00e3o e cuidados rigorosos com a limpeza.<\/span><\/p>\n<p><span class=\"selectable-text copyable-text\">Cada scrub \u00e9 produzido artesanalmente, podendo haver varia\u00e7\u00f5es de at\u00e9 1,5 cm para mais ou para menos em rela\u00e7\u00e3o \u00e0 nossa tabela de medidas.<\/span><\/p>","protected":false},"excerpt":{"rendered":"<p><span class=\"selectable-text copyable-text\">O Scrub \u00e9 a solu\u00e7\u00e3o ideal para profissionais que buscam conforto, praticidade e estilo no ambiente de trabalho. Confeccionado com aten\u00e7\u00e3o aos detalhes e funcionalidade, este scrub \u00e9 uma escolha excepcional para quem valoriza um uniforme que atende \u00e0s exig\u00eancias do dia a dia.<\/span><\/p>","protected":false},"featured_media":2169,"comment_status":"open","ping_status":"closed","template":"","meta":{"site-sidebar-layout":"default","site-content-layout":"","ast-site-content-layout":"default","site-content-style":"default","site-sidebar-style":"default","ast-global-header-display":"","ast-banner-title-visibility":"","ast-main-header-display":"","ast-hfb-above-header-display":"","ast-hfb-below-header-display":"","ast-hfb-mobile-header-display":"","site-post-title":"","ast-breadcrumbs-content":"","ast-featured-img":"","footer-sml-layout":"","ast-disable-related-posts":"","theme-transparent-header-meta":"default","adv-header-id-meta":"","stick-header-meta":"","header-above-stick-meta":"","header-main-stick-meta":"","header-below-stick-meta":"","astra-migrate-meta-layouts":"set","ast-page-background-enabled":"default","ast-page-background-meta":{"desktop":{"background-color":"var(--ast-global-color-4)","background-image":"","background-repeat":"repeat","background-position":"center center","background-size":"auto","background-attachment":"scroll","background-type":"","background-media":"","overlay-type":"","overlay-color":"","overlay-opacity":"","overlay-gradient":""},"tablet":{"background-color":"","background-image":"","background-repeat":"repeat","background-position":"center center","background-size":"auto","background-attachment":"scroll","background-type":"","background-media":"","overlay-type":"","overlay-color":"","overlay-opacity":"","overlay-gradient":""},"mobile":{"background-color":"","background-image":"","background-repeat":"repeat","background-position":"center center","background-size":"auto","background-attachment":"scroll","background-type":"","background-media":"","overlay-type":"","overlay-color":"","overlay-opacity":"","overlay-gradient":""}},"ast-content-background-meta":{"desktop":{"background-color":"var(--ast-global-color-5)","background-image":"","background-repeat":"repeat","background-position":"center center","background-size":"auto","background-attachment":"scroll","background-type":"","background-media":"","overlay-type":"","overlay-color":"","overlay-opacity":"","overlay-gradient":""},"tablet":{"background-color":"var(--ast-global-color-5)","background-image":"","background-repeat":"repeat","background-position":"center center","background-size":"auto","background-attachment":"scroll","background-type":"","background-media":"","overlay-type":"","overlay-color":"","overlay-opacity":"","overlay-gradient":""},"mobile":{"background-color":"var(--ast-global-color-5)","background-image":"","background-repeat":"repeat","background-position":"center center","background-size":"auto","background-attachment":"scroll","background-type":"","background-media":"","overlay-type":"","overlay-color":"","overlay-opacity":"","overlay-gradient":""}}},"product_brand":[],"product_cat":[127],"product_tag":[],"class_list":{"0":"post-2185","1":"product","2":"type-product","3":"status-publish","4":"has-post-thumbnail","6":"product_cat-scrub","7":"desktop-align-left","8":"tablet-align-left","9":"mobile-align-left","11":"first","12":"instock","13":"taxable","14":"shipping-taxable","15":"product-type-simple"},"_links":{"self":[{"href":"https:\/\/www.medcoll.com.br\/en\/wp-json\/wp\/v2\/product\/2185","targetHints":{"allow":["GET"]}}],"collection":[{"href":"https:\/\/www.medcoll.com.br\/en\/wp-json\/wp\/v2\/product"}],"about":[{"href":"https:\/\/www.medcoll.com.br\/en\/wp-json\/wp\/v2\/types\/product"}],"replies":[{"embeddable":true,"href":"https:\/\/www.medcoll.com.br\/en\/wp-json\/wp\/v2\/comments?post=2185"}],"version-history":[{"count":1,"href":"https:\/\/www.medcoll.com.br\/en\/wp-json\/wp\/v2\/product\/2185\/revisions"}],"predecessor-version":[{"id":2186,"href":"https:\/\/www.medcoll.com.br\/en\/wp-json\/wp\/v2\/product\/2185\/revisions\/2186"}],"wp:featuredmedia":[{"embeddable":true,"href":"https:\/\/www.medcoll.com.br\/en\/wp-json\/wp\/v2\/media\/2169"}],"wp:attachment":[{"href":"https:\/\/www.medcoll.com.br\/en\/wp-json\/wp\/v2\/media?parent=2185"}],"wp:term":[{"taxonomy":"product_brand","embeddable":true,"href":"https:\/\/www.medcoll.com.br\/en\/wp-json\/wp\/v2\/product_brand?post=2185"},{"taxonomy":"product_cat","embeddable":true,"href":"https:\/\/www.medcoll.com.br\/en\/wp-json\/wp\/v2\/product_cat?post=2185"},{"taxonomy":"product_tag","embeddable":true,"href":"https:\/\/www.medcoll.com.br\/en\/wp-json\/wp\/v2\/product_tag?post=2185"}],"curies":[{"name":"wp","href":"https:\/\/api.w.org\/{rel}","templated":true}]}}