{"id":2311,"date":"2026-03-22T17:25:54","date_gmt":"2026-03-22T20:25:54","guid":{"rendered":"https:\/\/www.medcoll.com.br\/?post_type=product&#038;p=2311"},"modified":"2026-03-22T17:25:54","modified_gmt":"2026-03-22T20:25:54","slug":"tala-polegar-ajustavel-bilateral-neosoft","status":"publish","type":"product","link":"https:\/\/www.medcoll.com.br\/en\/product\/tala-polegar-ajustavel-bilateral-neosoft\/","title":{"rendered":"Tala Polegar Ajust\u00e1vel Bilateral &#8211; Neosoft"},"content":{"rendered":"<p>A Tala Polegar Ajust\u00e1vel Bilateral NeoSoft proporciona prote\u00e7\u00e3o e estabilidade ao punho e ao polegar. A compress\u00e3o \u00e9 regul\u00e1vel para maior conforto. De f\u00e1cil coloca\u00e7\u00e3o, pode ser utilizada em ambas as m\u00e3os.<\/p>\n<p>Indicada para les\u00e3o e dores no punho e polegar. Preven\u00e7\u00e3o e tratamento de LER e DORT em casos de tendinite e tenossinovite. Consulte um especialista.<\/p>\n<p>Refer\u00eancia:<br \/>\nKSN072<\/p>\n<p>Tamanho<br \/>\n\u00danico &#8211; Ajust\u00e1vel<\/p>\n<p>Composi\u00e7\u00e3o:<br \/>\nBorracha de Butadieno Estireno (SBR) dublado com tecido 100% Poliamida.<\/p>","protected":false},"excerpt":{"rendered":"<p>A Tala Polegar Ajust\u00e1vel Bilateral NeoSoft proporciona prote\u00e7\u00e3o e estabilidade ao punho e ao polegar. A compress\u00e3o \u00e9 regul\u00e1vel para maior conforto. De f\u00e1cil coloca\u00e7\u00e3o, pode ser utilizada em ambas as m\u00e3os.<\/p>","protected":false},"featured_media":2317,"comment_status":"open","ping_status":"closed","template":"","meta":{"site-sidebar-layout":"default","site-content-layout":"","ast-site-content-layout":"default","site-content-style":"default","site-sidebar-style":"default","ast-global-header-display":"","ast-banner-title-visibility":"","ast-main-header-display":"","ast-hfb-above-header-display":"","ast-hfb-below-header-display":"","ast-hfb-mobile-header-display":"","site-post-title":"","ast-breadcrumbs-content":"","ast-featured-img":"","footer-sml-layout":"","ast-disable-related-posts":"","theme-transparent-header-meta":"default","adv-header-id-meta":"","stick-header-meta":"","header-above-stick-meta":"","header-main-stick-meta":"","header-below-stick-meta":"","astra-migrate-meta-layouts":"set","ast-page-background-enabled":"default","ast-page-background-meta":{"desktop":{"background-color":"var(--ast-global-color-4)","background-image":"","background-repeat":"repeat","background-position":"center center","background-size":"auto","background-attachment":"scroll","background-type":"","background-media":"","overlay-type":"","overlay-color":"","overlay-opacity":"","overlay-gradient":""},"tablet":{"background-color":"","background-image":"","background-repeat":"repeat","background-position":"center center","background-size":"auto","background-attachment":"scroll","background-type":"","background-media":"","overlay-type":"","overlay-color":"","overlay-opacity":"","overlay-gradient":""},"mobile":{"background-color":"","background-image":"","background-repeat":"repeat","background-position":"center center","background-size":"auto","background-attachment":"scroll","background-type":"","background-media":"","overlay-type":"","overlay-color":"","overlay-opacity":"","overlay-gradient":""}},"ast-content-background-meta":{"desktop":{"background-color":"var(--ast-global-color-5)","background-image":"","background-repeat":"repeat","background-position":"center center","background-size":"auto","background-attachment":"scroll","background-type":"","background-media":"","overlay-type":"","overlay-color":"","overlay-opacity":"","overlay-gradient":""},"tablet":{"background-color":"var(--ast-global-color-5)","background-image":"","background-repeat":"repeat","background-position":"center center","background-size":"auto","background-attachment":"scroll","background-type":"","background-media":"","overlay-type":"","overlay-color":"","overlay-opacity":"","overlay-gradient":""},"mobile":{"background-color":"var(--ast-global-color-5)","background-image":"","background-repeat":"repeat","background-position":"center center","background-size":"auto","background-attachment":"scroll","background-type":"","background-media":"","overlay-type":"","overlay-color":"","overlay-opacity":"","overlay-gradient":""}}},"product_brand":[],"product_cat":[152,136],"product_tag":[],"class_list":{"0":"post-2311","1":"product","2":"type-product","3":"status-publish","4":"has-post-thumbnail","6":"product_cat-membros-superiores","7":"product_cat-ortopedicos","8":"desktop-align-left","9":"tablet-align-left","10":"mobile-align-left","12":"first","13":"instock","14":"taxable","15":"shipping-taxable","16":"product-type-simple"},"_links":{"self":[{"href":"https:\/\/www.medcoll.com.br\/en\/wp-json\/wp\/v2\/product\/2311","targetHints":{"allow":["GET"]}}],"collection":[{"href":"https:\/\/www.medcoll.com.br\/en\/wp-json\/wp\/v2\/product"}],"about":[{"href":"https:\/\/www.medcoll.com.br\/en\/wp-json\/wp\/v2\/types\/product"}],"replies":[{"embeddable":true,"href":"https:\/\/www.medcoll.com.br\/en\/wp-json\/wp\/v2\/comments?post=2311"}],"version-history":[{"count":1,"href":"https:\/\/www.medcoll.com.br\/en\/wp-json\/wp\/v2\/product\/2311\/revisions"}],"predecessor-version":[{"id":2319,"href":"https:\/\/www.medcoll.com.br\/en\/wp-json\/wp\/v2\/product\/2311\/revisions\/2319"}],"wp:featuredmedia":[{"embeddable":true,"href":"https:\/\/www.medcoll.com.br\/en\/wp-json\/wp\/v2\/media\/2317"}],"wp:attachment":[{"href":"https:\/\/www.medcoll.com.br\/en\/wp-json\/wp\/v2\/media?parent=2311"}],"wp:term":[{"taxonomy":"product_brand","embeddable":true,"href":"https:\/\/www.medcoll.com.br\/en\/wp-json\/wp\/v2\/product_brand?post=2311"},{"taxonomy":"product_cat","embeddable":true,"href":"https:\/\/www.medcoll.com.br\/en\/wp-json\/wp\/v2\/product_cat?post=2311"},{"taxonomy":"product_tag","embeddable":true,"href":"https:\/\/www.medcoll.com.br\/en\/wp-json\/wp\/v2\/product_tag?post=2311"}],"curies":[{"name":"wp","href":"https:\/\/api.w.org\/{rel}","templated":true}]}}